{"id":15551,"date":"2020-01-03T15:27:22","date_gmt":"2020-01-03T15:27:22","guid":{"rendered":"https:\/\/e20.europeangayskiweek.com\/?page_id=15551"},"modified":"2020-01-03T15:27:22","modified_gmt":"2020-01-03T15:27:22","slug":"the-accommodation-2","status":"publish","type":"page","link":"https:\/\/2020.europeangayskiweek.com\/fr\/the-accommodation-2\/","title":{"rendered":"H\u00e9bergement"},"content":{"rendered":"<section class=\"kc-elm kc-css-866027 kc_row\"><div class=\"kc-row-container  kc-container\"><div class=\"kc-wrap-columns\"><div class=\"kc-elm kc-css-943048 kc_col-sm-12 kc_column kc_col-sm-12\"><div class=\"kc-col-container\"><div class=\"kc-elm kc-css-532675\" style=\"height: 60px; clear: both; width:100%;\"><\/div><div class=\"kc-elm kc-css-220314 kc_row kc_row_inner\"><div class=\"kc-elm kc-css-123239 kc_col-sm-4 kc_column_inner kc_col-sm-4\"><div class=\"kc_wrapper kc-col-inner-container\"><div class=\"kc-elm kc-css-873962 kc_shortcode kc_single_image\">\n\n        <img src=\"https:\/\/cdn.europeangayskiweek.com\/wp\/uploads\/2019\/06\/outline-1.png\" class=\"\" alt=\"\" \/>    <\/div>\n<\/div><\/div><div class=\"kc-elm kc-css-237852 kc_col-sm-8 kc_column_inner kc_col-sm-8\"><div class=\"kc_wrapper kc-col-inner-container\">\n<div class=\"kc-elm kc-css-101082 kc-title-wrap \">\n\n\t<h1 class=\"kc_title\">Bienvenue aux Arcs<\/h1>\n<\/div>\n<div class=\"kc-elm kc-css-318175\" style=\"height: 40px; clear: both; width:100%;\"><\/div><div class=\"kc-elm kc-css-974395 kc_text_block\"><\/p>\n<p>Entre Arcs 1950 \u2018Le Village\u2019 et Arc 2000, notre offre d\u2019h\u00e9bergement est plus vaste que jamais.<\/p>\n<p><span style=\"font-style: inherit;\">Arcs 1950 \u2018Le Village\u2019 et Arc 2000 ont pratiquement le m\u00eame acc\u00e8s \u00e0 la montagne et tous nos h\u00e9bergements sont soit skis aux pieds, soit \u00e0 moins de 100 m des pistes ou des remont\u00e9es m\u00e9caniques.<\/span><\/p>\n<p><span style=\"font-style: inherit;\">Pour ce qui est de nos \u00e9v\u00e9nements, certains auront lieu \u00e0 Arc 1950 \u2018Le Village\u2019 et d\u2019autres \u00e0 Arc 2000, du point de vue de l\u2019accessibilit\u00e9, cela ne fait aucune diff\u00e9rence o\u00fa vous restiez car tout est proche de tout.<\/span><\/p>\n<p>\n<\/div><div class=\"kc-elm kc-css-683965\" style=\"height: 40px; clear: both; width:100%;\"><\/div><div class=\"kc-elm kc-css-740486 kc_text_block\"><\/p>\n<p style=\"text-align: center;\"><img loading=\"lazy\" class=\"alignnone size-thumbnail\" src=\"https:\/\/cdn.europeangayskiweek.com\/wp\/uploads\/2019\/06\/Arc-2000.png\" alt=\"\" width=\"125\" height=\"86\" \/> <img loading=\"lazy\" class=\"alignnone size-thumbnail\" src=\"https:\/\/cdn.europeangayskiweek.com\/wp\/uploads\/2019\/06\/Arc-1950.png\" alt=\"\" width=\"125\" height=\"89\" \/><\/p>\n<p>\n<\/div><\/div><\/div><\/div><div class=\"kc-elm kc-css-957897\" style=\"height: 40px; clear: both; width:100%;\"><\/div><div class=\"kc-elm kc-css-516385 kc_row kc_row_inner\"><div class=\"kc-elm kc-css-364709 kc_col-sm-4 kc_column_inner kc_col-sm-4\"><div class=\"kc_wrapper kc-col-inner-container\"><div class=\"kc-elm kc-css-331416 kc_text_block\"><\/p>\n<h4 style=\"text-align: center;\">5-\u00c9TOILES?<\/h4>\n<p>Si vous souhaitez rester dans un h\u00e9bergement 5 \u00e9toiles tout au long de la semaine, choisissez la r\u00e9sidence haut de gamme <a href=\"https:\/\/e20.europeangayskiweek.com\/fr\/the-accommodation\/arc-1950-le-village-premium-residence\/\">Arc 1950 \u00abLe Village\u00bb.<\/a> Ce serait une station de ski plus parfaite si Walt Disney l&rsquo;avait con\u00e7ue lui-m\u00eame. Si vous opter pour le petit-d\u00e9jeuner, il sera disponible dans un restaurant situ\u00e9 \u00e0 Arc 1950, Le Village.<\/p>\n<p><span style=\"font-style: inherit;\">C\u00f4t\u00e9 Aarc 2000, pour le secret le mieux gard\u00e9 parmi les offres 5 \u00e9toiles, consultez <a href=\"https:\/\/e20.europeangayskiweek.com\/fr\/the-accommodation\/la-source-des-arcs\/\">La Sources des Arcs.<\/a> Et si vous Voulez vous faire choyer dans un h\u00f4tel haut-de-gamme, faites-vous plaisir au maximum au <a href=\"https:\/\/e20.europeangayskiweek.com\/fr\/the-accommodation\/taj-i-mah\/\">Taj-i Mah<\/a>.<\/span><\/p>\n<p>\n<\/div><\/div><\/div><div class=\"kc-elm kc-css-62293 kc_col-sm-4 kc_column_inner kc_col-sm-4\"><div class=\"kc_wrapper kc-col-inner-container\"><div class=\"kc-elm kc-css-868950 kc_text_block\"><\/p>\n<h4 style=\"text-align: center;\">4-\u00c9TOILES?<\/h4>\n<p>Si vous souhaitez \u00eatre au c\u0153ur de l&rsquo;\u00e9v\u00e9nement, choisissez l&rsquo;h\u00f4tel h\u00f4te EGSW,4 \u00e9toiles , r\u00e9cemment r\u00e9nov\u00e9 <a href=\"https:\/\/e20.europeangayskiweek.com\/fr\/the-accommodation\/nouvel-hotel-hote-les-melezes-egsw-2020\/\">Club MMV Les M\u00e9l\u00e8zes.<\/a><\/p>\n<p><span style=\"font-style: inherit;\">Pour les r\u00e9sidences 4 \u00e9toiles Nous avons le choix entre deux, <a href=\"https:\/\/e20.europeangayskiweek.com\/fr\/the-accommodation\/la-cime-des-arcs\/\">La Cime des Arcs<\/a> sur la Place Olympique et la <a href=\"https:\/\/e20.europeangayskiweek.com\/fr\/the-accommodation\/les-arolles\/\">R\u00e9sidence Arolles<\/a> adjacente \u00e0 l&rsquo;h\u00f4tel h\u00f4te EGSW.<\/span><\/p>\n<p><span style=\"font-style: inherit;\">Si vous optez pour un h\u00e9bergement ind\u00e9pendant et que vous prenez notre option \u00ab\u00a0petit-d\u00e9jeuner\u00a0\u00bb, celui-ci sera servi dans notre h\u00f4tel h\u00f4te. Votre meilleur choix sera donc la R\u00e9sidence Arolles.<\/span><\/p>\n<p>\n<\/div><\/div><\/div><div class=\"kc-elm kc-css-580547 kc_col-sm-4 kc_column_inner kc_col-sm-4\"><div class=\"kc_wrapper kc-col-inner-container\"><div class=\"kc-elm kc-css-414746 kc_text_block\"><\/p>\n<h4 style=\"text-align: center;\">3 or 2-\u00c9TOILES?<\/h4>\n<p>Tous nos <a href=\"https:\/\/e20.europeangayskiweek.com\/fr\/the-accommodation\/2-3-residences\/\">h\u00e9bergements 3 \u00e9toiles et 2 \u00e9toiles<\/a> seront dans des r\u00e9sidences entourant la Place Olympic \u00e0 Arc 2000, proches de tout et \u00e0 un prix raisonnable. Pour ceux qui le souhaitent, l\u2019option petit-d\u00e9jeuner sera disponible \u00e0 l\u2019h\u00f4tel EGSW Host.<\/p>\n<p>\n<\/div><\/div><\/div><\/div>\n<div class=\"kc-elm kc-css-205132 divider_line\">\n\t<div class=\"divider_inner divider_line1\">\n\t\t\t<\/div>\n<\/div>\n\n<div class=\"kc-elm kc-css-32127 kc-title-wrap \">\n\n\t<h2 class=\"kc_title\">Votre logement priv\u00e9 ou souhaitez-vous partager?<\/h2>\n<\/div>\n<div class=\"kc-elm kc-css-619650 kc_text_block\"><\/p>\n<p style=\"text-align: center;\"><a href=\"https:\/\/e20.europeangayskiweek.com\/fr\/the-accommodation\/\"><img loading=\"lazy\" class=\"alignnone size-medium\" src=\"https:\/\/cdn.europeangayskiweek.com\/wp\/uploads\/2019\/06\/Accommodation-Explained-private-fr.jpg\" alt=\"\" width=\"362\" height=\"384\" \/><\/a><img loading=\"lazy\" class=\"alignnone size-medium\" src=\"https:\/\/cdn.europeangayskiweek.com\/wp\/uploads\/2019\/06\/Accommodation-Explained-split-h-fr.jpg\" alt=\"\" width=\"143\" height=\"384\" \/><a href=\"https:\/\/e20.europeangayskiweek.com\/fr\/the-accommodation\/shared-accommodation\/\"><img loading=\"lazy\" class=\"alignnone size-medium\" src=\"https:\/\/cdn.europeangayskiweek.com\/wp\/uploads\/2019\/06\/Accommodation-Explained-shared-fr.jpg\" alt=\"\" width=\"361\" height=\"386\" \/><\/a><\/p>\n<p>\n<\/div><div class=\"kc-elm kc-css-887442\" style=\"height: 40px; clear: both; width:100%;\"><\/div><div class=\"kc-elm kc-css-429778 kc_row kc_row_inner\"><div class=\"kc-elm kc-css-451187 kc_col-sm-12 kc_column_inner kc_col-sm-12\"><div class=\"kc_wrapper kc-col-inner-container\"><div class=\"kc-elm kc-css-335152 kc_shortcode kc_single_image\">\n\n        <a  href=\"https:\/\/e20.europeangayskiweek.com\/fr\/the-accommodation\/\" title=\"H\u00e9bergement\" target=\"_self\">\n        <img src=\"https:\/\/cdn.europeangayskiweek.com\/wp\/uploads\/2019\/06\/Accommodation-Explained-private-fr.jpg\" class=\"\" alt=\"\" \/>    <\/a>\n    <\/div>\n<div class=\"kc-elm kc-css-873066 kc_shortcode kc_single_image\">\n\n        <img src=\"https:\/\/cdn.europeangayskiweek.com\/wp\/uploads\/2019\/06\/Accommodation-Explained-split-v-fr.jpg\" class=\"\" alt=\"\" \/>    <\/div>\n<div class=\"kc-elm kc-css-\u00bb395914&Prime; kc_row kc_row_inner\"><div class=\"kc-elm kc-css-\u00bb57521&Prime; kc_col-sm-1 kc_column_inner kc_col-sm-1\"><div class=\"kc_wrapper kc-col-inner-container\"><div class=\"kc-elm kc-css-841928 kc_shortcode kc_single_image\">\n\n        <a  href=\"https:\/\/e20.europeangayskiweek.com\/fr\/the-accommodation\/shared-accommodation\/\" title=\"H\u00e9bergement Partag\u00e9\" target=\"_self\">\n        <img src=\"https:\/\/cdn.europeangayskiweek.com\/wp\/uploads\/2019\/06\/Accommodation-Explained-shared-fr.jpg\" class=\"\" alt=\"\" \/>    <\/a>\n    <\/div>\n<\/div><\/div><\/div><\/div><\/div><\/div><div class=\"kc-elm kc-css-945323 kc_row kc_row_inner\"><div class=\"kc-elm kc-css-486830 kc_col-sm-2 kc_column_inner kc_col-sm-2\"><div class=\"kc_wrapper kc-col-inner-container\"><\/div><\/div><div class=\"kc-elm kc-css-672458 kc_col-sm-8 kc_column_inner kc_col-sm-8\"><div class=\"kc_wrapper kc-col-inner-container\"><div class=\"kc-elm kc-css-926224 kc_text_block\"><\/p>\n<h2 style=\"text-align: center;\"><span style=\"color: #ff6600;\">N&rsquo;oubliez pas notre promesse de prix!<\/span><\/h2>\n<p>Nous nous assurons que nous avons les prix les moins chers disponibles. Si vous trouvez moins cher, nous vous remboursons. Ceci est notre garantie de promesse de prix.<\/p>\n<p style=\"text-align: center;\"><a href=\"https:\/\/e20.europeangayskiweek.com\/fr\/accommodation-price-promise\/\"><img loading=\"lazy\" class=\"alignnone size-medium\" src=\"https:\/\/cdn.europeangayskiweek.com\/wp\/uploads\/2019\/06\/BTN-pricepromise-50-fr.png\" alt=\"\" width=\"250\" height=\"100\" \/><\/a><\/p>\n<p>\n<\/div><\/div><\/div><div class=\"kc-elm kc-css-510692 kc_col-sm-2 kc_column_inner kc_col-sm-2\"><div class=\"kc_wrapper kc-col-inner-container\"><\/div><\/div><\/div><\/div><\/div><\/div><\/div><\/section>\n","protected":false},"excerpt":{"rendered":"<p> [&#8230;]<\/p>\n<p><a class=\"btn btn-secondary understrap-read-more-link\" href=\"https:\/\/2020.europeangayskiweek.com\/fr\/the-accommodation-2\/\">Lire la suite&#8230;<\/a><\/p>\n","protected":false},"author":10,"featured_media":0,"parent":0,"menu_order":3,"comment_status":"closed","ping_status":"closed","template":"page-templates\/fullwidthpage-upto1440.php","meta":[],"yoast_head":"<!-- This site is optimized with the Yoast SEO plugin v19.6 - https:\/\/yoast.com\/wordpress\/plugins\/seo\/ -->\n<title>H\u00e9bergement - European Gay Ski Week - Les Arcs Paradiski - 21-28 March 2020<\/title>\n<meta name=\"description\" content=\"Europe&#039;s No1 Gay Ski Week | Best Accommodation | Arc 1950 &amp; 2000 | Car Free, Ski-in Ski-out Locations, Short Distance to All Events &amp; Parties | BOOK NOW!\" \/>\n<meta name=\"robots\" content=\"index, follow, max-snippet:-1, max-image-preview:large, max-video-preview:-1\" \/>\n<link rel=\"canonical\" href=\"https:\/\/2020.europeangayskiweek.com\/fr\/the-accommodation-2\/\" \/>\n<meta property=\"og:locale\" content=\"fr_FR\" \/>\n<meta property=\"og:type\" content=\"article\" \/>\n<meta property=\"og:title\" content=\"H\u00e9bergement - European Gay Ski Week - Les Arcs Paradiski - 21-28 March 2020\" \/>\n<meta property=\"og:description\" content=\"Europe&#039;s No1 Gay Ski Week | Best Accommodation | Arc 1950 &amp; 2000 | Car Free, Ski-in Ski-out Locations, Short Distance to All Events &amp; Parties | BOOK NOW!\" \/>\n<meta property=\"og:url\" content=\"https:\/\/2020.europeangayskiweek.com\/fr\/the-accommodation-2\/\" \/>\n<meta property=\"og:site_name\" content=\"European Gay Ski Week - Les Arcs Paradiski - 21-28 March 2020\" \/>\n<meta property=\"article:publisher\" content=\"https:\/\/www.facebook.com\/EuropeanGaySkiWeek\/\" \/>\n<meta property=\"og:image\" content=\"https:\/\/cdn.europeangayskiweek.com\/wp\/uploads\/2019\/12\/facebook_og.jpg\" \/>\n<meta name=\"twitter:card\" content=\"summary_large_image\" \/>\n<meta name=\"twitter:site\" content=\"@EuropeanGaySkiW\" \/>\n<meta name=\"twitter:label1\" content=\"Dur\u00e9e de lecture estim\u00e9e\" \/>\n\t<meta name=\"twitter:data1\" content=\"2 minutes\" \/>\n<script type=\"application\/ld+json\" class=\"yoast-schema-graph\">{\"@context\":\"https:\/\/schema.org\",\"@graph\":[{\"@type\":\"WebPage\",\"@id\":\"https:\/\/2020.europeangayskiweek.com\/fr\/the-accommodation-2\/\",\"url\":\"https:\/\/2020.europeangayskiweek.com\/fr\/the-accommodation-2\/\",\"name\":\"H\u00e9bergement - European Gay Ski Week - Les Arcs Paradiski - 21-28 March 2020\",\"isPartOf\":{\"@id\":\"https:\/\/2020.europeangayskiweek.com\/#website\"},\"datePublished\":\"2020-01-03T15:27:22+00:00\",\"dateModified\":\"2020-01-03T15:27:22+00:00\",\"description\":\"Europe's No1 Gay Ski Week | Best Accommodation | Arc 1950 & 2000 | Car Free, Ski-in Ski-out Locations, Short Distance to All Events & Parties | BOOK NOW!\",\"breadcrumb\":{\"@id\":\"https:\/\/2020.europeangayskiweek.com\/fr\/the-accommodation-2\/#breadcrumb\"},\"inLanguage\":\"fr-FR\",\"potentialAction\":[{\"@type\":\"ReadAction\",\"target\":[\"https:\/\/2020.europeangayskiweek.com\/fr\/the-accommodation-2\/\"]}]},{\"@type\":\"BreadcrumbList\",\"@id\":\"https:\/\/2020.europeangayskiweek.com\/fr\/the-accommodation-2\/#breadcrumb\",\"itemListElement\":[{\"@type\":\"ListItem\",\"position\":1,\"name\":\"Home\",\"item\":\"https:\/\/2020.europeangayskiweek.com\/fr\/\"},{\"@type\":\"ListItem\",\"position\":2,\"name\":\"H\u00e9bergement\"}]},{\"@type\":\"WebSite\",\"@id\":\"https:\/\/2020.europeangayskiweek.com\/#website\",\"url\":\"https:\/\/2020.europeangayskiweek.com\/\",\"name\":\"European Gay Ski Week | The Biggest Gay Winter Sports and Music Festival | Les Arcs Paradiski | 21-28 March 2020\",\"description\":\"Europe&#039;s N\u00b01 Gay Winter Sports &amp; Music Festival | Les Arcs - Arc 1950 &amp; Arc 2000 - Paradiski | European Gay Ski Week with International DJs &amp; Artists | BOOK NOW!\",\"publisher\":{\"@id\":\"https:\/\/2020.europeangayskiweek.com\/#organization\"},\"potentialAction\":[{\"@type\":\"SearchAction\",\"target\":{\"@type\":\"EntryPoint\",\"urlTemplate\":\"https:\/\/2020.europeangayskiweek.com\/?s={search_term_string}\"},\"query-input\":\"required name=search_term_string\"}],\"inLanguage\":\"fr-FR\"},{\"@type\":\"Organization\",\"@id\":\"https:\/\/2020.europeangayskiweek.com\/#organization\",\"name\":\"European Gay Ski Week\",\"url\":\"https:\/\/2020.europeangayskiweek.com\/\",\"sameAs\":[\"https:\/\/www.instagram.com\/europeangayskiweek\/\",\"https:\/\/www.youtube.com\/user\/JonHuntEGSW\",\"https:\/\/www.facebook.com\/EuropeanGaySkiWeek\/\",\"https:\/\/twitter.com\/EuropeanGaySkiW\"],\"logo\":{\"@type\":\"ImageObject\",\"inLanguage\":\"fr-FR\",\"@id\":\"https:\/\/2020.europeangayskiweek.com\/#\/schema\/logo\/image\/\",\"url\":\"https:\/\/cdn.europeangayskiweek.com\/wp\/uploads\/2019\/06\/EGSW-Dateless-Black-02b.png\",\"contentUrl\":\"https:\/\/cdn.europeangayskiweek.com\/wp\/uploads\/2019\/06\/EGSW-Dateless-Black-02b.png\",\"width\":1346,\"height\":442,\"caption\":\"European Gay Ski Week\"},\"image\":{\"@id\":\"https:\/\/2020.europeangayskiweek.com\/#\/schema\/logo\/image\/\"}}]}<\/script>\n<!-- \/ Yoast SEO plugin. -->","yoast_head_json":{"title":"H\u00e9bergement - European Gay Ski Week - Les Arcs Paradiski - 21-28 March 2020","description":"Europe's No1 Gay Ski Week | Best Accommodation | Arc 1950 & 2000 | Car Free, Ski-in Ski-out Locations, Short Distance to All Events & Parties | BOOK NOW!","robots":{"index":"index","follow":"follow","max-snippet":"max-snippet:-1","max-image-preview":"max-image-preview:large","max-video-preview":"max-video-preview:-1"},"canonical":"https:\/\/2020.europeangayskiweek.com\/fr\/the-accommodation-2\/","og_locale":"fr_FR","og_type":"article","og_title":"H\u00e9bergement - European Gay Ski Week - Les Arcs Paradiski - 21-28 March 2020","og_description":"Europe's No1 Gay Ski Week | Best Accommodation | Arc 1950 & 2000 | Car Free, Ski-in Ski-out Locations, Short Distance to All Events & Parties | BOOK NOW!","og_url":"https:\/\/2020.europeangayskiweek.com\/fr\/the-accommodation-2\/","og_site_name":"European Gay Ski Week - Les Arcs Paradiski - 21-28 March 2020","article_publisher":"https:\/\/www.facebook.com\/EuropeanGaySkiWeek\/","og_image":[{"url":"https:\/\/cdn.europeangayskiweek.com\/wp\/uploads\/2019\/12\/facebook_og.jpg"}],"twitter_card":"summary_large_image","twitter_site":"@EuropeanGaySkiW","twitter_misc":{"Dur\u00e9e de lecture estim\u00e9e":"2 minutes"},"schema":{"@context":"https:\/\/schema.org","@graph":[{"@type":"WebPage","@id":"https:\/\/2020.europeangayskiweek.com\/fr\/the-accommodation-2\/","url":"https:\/\/2020.europeangayskiweek.com\/fr\/the-accommodation-2\/","name":"H\u00e9bergement - European Gay Ski Week - Les Arcs Paradiski - 21-28 March 2020","isPartOf":{"@id":"https:\/\/2020.europeangayskiweek.com\/#website"},"datePublished":"2020-01-03T15:27:22+00:00","dateModified":"2020-01-03T15:27:22+00:00","description":"Europe's No1 Gay Ski Week | Best Accommodation | Arc 1950 & 2000 | Car Free, Ski-in Ski-out Locations, Short Distance to All Events & Parties | BOOK NOW!","breadcrumb":{"@id":"https:\/\/2020.europeangayskiweek.com\/fr\/the-accommodation-2\/#breadcrumb"},"inLanguage":"fr-FR","potentialAction":[{"@type":"ReadAction","target":["https:\/\/2020.europeangayskiweek.com\/fr\/the-accommodation-2\/"]}]},{"@type":"BreadcrumbList","@id":"https:\/\/2020.europeangayskiweek.com\/fr\/the-accommodation-2\/#breadcrumb","itemListElement":[{"@type":"ListItem","position":1,"name":"Home","item":"https:\/\/2020.europeangayskiweek.com\/fr\/"},{"@type":"ListItem","position":2,"name":"H\u00e9bergement"}]},{"@type":"WebSite","@id":"https:\/\/2020.europeangayskiweek.com\/#website","url":"https:\/\/2020.europeangayskiweek.com\/","name":"European Gay Ski Week | The Biggest Gay Winter Sports and Music Festival | Les Arcs Paradiski | 21-28 March 2020","description":"Europe&#039;s N\u00b01 Gay Winter Sports &amp; Music Festival | Les Arcs - Arc 1950 &amp; Arc 2000 - Paradiski | European Gay Ski Week with International DJs &amp; Artists | BOOK NOW!","publisher":{"@id":"https:\/\/2020.europeangayskiweek.com\/#organization"},"potentialAction":[{"@type":"SearchAction","target":{"@type":"EntryPoint","urlTemplate":"https:\/\/2020.europeangayskiweek.com\/?s={search_term_string}"},"query-input":"required name=search_term_string"}],"inLanguage":"fr-FR"},{"@type":"Organization","@id":"https:\/\/2020.europeangayskiweek.com\/#organization","name":"European Gay Ski Week","url":"https:\/\/2020.europeangayskiweek.com\/","sameAs":["https:\/\/www.instagram.com\/europeangayskiweek\/","https:\/\/www.youtube.com\/user\/JonHuntEGSW","https:\/\/www.facebook.com\/EuropeanGaySkiWeek\/","https:\/\/twitter.com\/EuropeanGaySkiW"],"logo":{"@type":"ImageObject","inLanguage":"fr-FR","@id":"https:\/\/2020.europeangayskiweek.com\/#\/schema\/logo\/image\/","url":"https:\/\/cdn.europeangayskiweek.com\/wp\/uploads\/2019\/06\/EGSW-Dateless-Black-02b.png","contentUrl":"https:\/\/cdn.europeangayskiweek.com\/wp\/uploads\/2019\/06\/EGSW-Dateless-Black-02b.png","width":1346,"height":442,"caption":"European Gay Ski Week"},"image":{"@id":"https:\/\/2020.europeangayskiweek.com\/#\/schema\/logo\/image\/"}}]}},"_links":{"self":[{"href":"https:\/\/2020.europeangayskiweek.com\/fr\/wp-json\/wp\/v2\/pages\/15551"}],"collection":[{"href":"https:\/\/2020.europeangayskiweek.com\/fr\/wp-json\/wp\/v2\/pages"}],"about":[{"href":"https:\/\/2020.europeangayskiweek.com\/fr\/wp-json\/wp\/v2\/types\/page"}],"author":[{"embeddable":true,"href":"https:\/\/2020.europeangayskiweek.com\/fr\/wp-json\/wp\/v2\/users\/10"}],"replies":[{"embeddable":true,"href":"https:\/\/2020.europeangayskiweek.com\/fr\/wp-json\/wp\/v2\/comments?post=15551"}],"version-history":[{"count":1,"href":"https:\/\/2020.europeangayskiweek.com\/fr\/wp-json\/wp\/v2\/pages\/15551\/revisions"}],"predecessor-version":[{"id":15552,"href":"https:\/\/2020.europeangayskiweek.com\/fr\/wp-json\/wp\/v2\/pages\/15551\/revisions\/15552"}],"wp:attachment":[{"href":"https:\/\/2020.europeangayskiweek.com\/fr\/wp-json\/wp\/v2\/media?parent=15551"}],"curies":[{"name":"wp","href":"https:\/\/api.w.org\/{rel}","templated":true}]}}