{"id":14791,"date":"2019-09-05T08:04:56","date_gmt":"2019-09-05T07:04:56","guid":{"rendered":"https:\/\/e20.europeangayskiweek.com\/?page_id=14791"},"modified":"2019-09-05T08:17:58","modified_gmt":"2019-09-05T07:17:58","slug":"offre-speciale-moins-de-24-ans","status":"publish","type":"page","link":"https:\/\/2020.europeangayskiweek.com\/fr\/offre-speciale-moins-de-24-ans\/","title":{"rendered":"Offre Sp\u00e9ciale Moins de 24 ans"},"content":{"rendered":"<section class=\"kc-elm kc-css-112483 kc_row\"><div class=\"kc-row-container  kc-container\"><div class=\"kc-wrap-columns\"><div class=\"kc-elm kc-css-742980 kc_column kc_col-sm-12\"><div class=\"kc-col-container\"><div class=\"kc-elm kc-css-139842 kc_text_block\"><\/p>\n<h1 style=\"text-align: center;\"><span style=\"color: #ff0000;\">Offre exclusive pour les moins de 24 ans<\/span><\/h1>\n<p>\n<\/div><div class=\"kc-elm kc-css-452076 kc_text_block\"><\/p>\n<p class=\"lead\" style=\"text-align: center;\"><em>Le package inclut<\/em><\/p>\n<p>\n<\/div><div class=\"kc-elm kc-css-659580 kc_row kc_row_inner\"><div class=\"kc-elm kc-css-111368 kc_col-sm-4 kc_column_inner kc_col-sm-4\"><div class=\"kc_wrapper kc-col-inner-container\"><div class=\"kc-elm kc-css-166776 kc_text_block\"><\/p>\n<h3 style=\"text-align: center;\">Pass \u00c9v\u00e9nement+<\/h3>\n<p>\n<\/div><div class=\"kc-elm kc-css-250235 kc_shortcode kc_single_image\">\n\n        <img src=\"https:\/\/cdn.europeangayskiweek.com\/wp\/uploads\/2019\/06\/icon-event-pass.png\" class=\"\" alt=\"\" \/>    <\/div>\n<\/div><\/div><div class=\"kc-elm kc-css-477110 kc_col-sm-4 kc_column_inner kc_col-sm-4\"><div class=\"kc_wrapper kc-col-inner-container\"><div class=\"kc-elm kc-css-508983 kc_text_block\"><\/p>\n<h3 style=\"text-align: center;\">Forfait remont\u00e9es m\u00e9caniques +<\/h3>\n<p>\n<\/div><div class=\"kc-elm kc-css-382740 kc_shortcode kc_single_image\">\n\n        <img src=\"https:\/\/cdn.europeangayskiweek.com\/wp\/uploads\/2019\/06\/icon-lift-pass.png\" class=\"\" alt=\"\" \/>    <\/div>\n<\/div><\/div><div class=\"kc-elm kc-css-400778 kc_col-sm-4 kc_column_inner kc_col-sm-4\"><div class=\"kc_wrapper kc-col-inner-container\"><div class=\"kc-elm kc-css-165132 kc_text_block\"><\/p>\n<h3 style=\"text-align: center;\">H\u00e9bergement partag\u00e9<\/h3>\n<p>\n<\/div><div class=\"kc-elm kc-css-742368 kc_shortcode kc_single_image\">\n\n        <img src=\"https:\/\/cdn.europeangayskiweek.com\/wp\/uploads\/2019\/09\/sharer-programme-icon-small.png\" class=\"\" alt=\"\" \/>    <\/div>\n<\/div><\/div><\/div><div class=\"kc-elm kc-css-323320 kc_row kc_row_inner\"><div class=\"kc-elm kc-css-597887 kc_col-sm-4 kc_column_inner kc_col-sm-4\"><div class=\"kc_wrapper kc-col-inner-container\"><div class=\"kc-elm kc-css-305315 kc_text_block\"><\/p>\n<p style=\"text-align: center;\"><em><small>Acc\u00e8s \u00e0 toutes les soir\u00e9es pendant la semaine, sauf soir\u00e9es d\u00eener avec suppl\u00e9ment, et Pool Party)<\/small><\/em><\/p>\n<p>\n<\/div><\/div><\/div><div class=\"kc-elm kc-css-35432 kc_col-sm-4 kc_column_inner kc_col-sm-4\"><div class=\"kc_wrapper kc-col-inner-container\"><div class=\"kc-elm kc-css-850336 kc_text_block\"><\/p>\n<p style=\"text-align: center;\"><small>Forfait Paradiski 6 jours<\/small><\/p>\n<p>\n<\/div><\/div><\/div><div class=\"kc-elm kc-css-820402 kc_col-sm-4 kc_column_inner kc_col-sm-4\"><div class=\"kc_wrapper kc-col-inner-container\"><div class=\"kc-elm kc-css-898440 kc_text_block\"><\/p>\n<p style=\"text-align: center;\"><small>Studio ou appartement 2* partag\u00e9 avec d&rsquo;autres clients EGSW (tous les lits sont occup\u00e9s)<\/small><\/p>\n<p>\n<\/div><\/div><\/div><\/div><div class=\"kc-elm kc-css-934698 kc_row kc_row_inner\"><div class=\"kc-elm kc-css-420780 kc_col-sm-6 kc_column_inner kc_col-sm-6\"><div class=\"kc_wrapper kc-col-inner-container\"><\/div><\/div><div class=\"kc-elm kc-css-822539 kc_col-sm-6 kc_column_inner kc_col-sm-6\"><div class=\"kc_wrapper kc-col-inner-container\"><\/div><\/div><\/div><div class=\"kc-elm kc-css-773316 kc_row kc_row_inner\"><div class=\"kc-elm kc-css-605836 kc_col-sm-4 kc_column_inner kc_col-sm-4\"><div class=\"kc_wrapper kc-col-inner-container\"><\/div><\/div><div class=\"kc-elm kc-css-246689 kc_col-sm-4 kc_column_inner kc_col-sm-4\"><div class=\"kc_wrapper kc-col-inner-container\"><div class=\"kc-elm kc-css-737494 kc_shortcode kc_single_image\">\n\n        <img src=\"https:\/\/cdn.europeangayskiweek.com\/wp\/uploads\/2019\/09\/price-tag-299.gif\" class=\"\" alt=\"\" \/>    <\/div>\n<div class=\"kc-elm kc-css-22084\" style=\"height: 20px; clear: both; width:100%;\"><\/div>\n<div class=\"kc-elm kc-css-416122 kc-pro-button kc-button-main\">\n\t<a href=\"https:\/\/booking.europeangayskiweek.com\/Booking.aspx?mode=1&#038;action=1\" title=\"Book Now With Accommodation\">\n\t\t<span class=\"creative_title\">R\u00e9server maintenant<\/span>\t<\/a>\n<\/div>\n<div class=\"kc-elm kc-css-87694\" style=\"height: 20px; clear: both; width:100%;\"><\/div><div class=\"kc-elm kc-css-638177 kc_text_block\"><\/p>\n<p style=\"text-align: center;\"><em><small>Offre exclusivement r\u00e9serv\u00e9e au moins de 24 ans le premier jour de l&rsquo;\u00e9v\u00e9nement (21 mars 2020). Une pi\u00e8ce d&rsquo;identit\u00e9 est demand\u00e9e pour preuve d&rsquo;\u00e2ge. Une seule personne par r\u00e9servation. Si vous souhaitez r\u00e9server avec des amis, faites des r\u00e9servations s\u00e9par\u00e9es, et notez les r\u00e9f\u00e9rences pour \u00eatre log\u00e9s ensemble.<\/small><\/em><\/p>\n<p>\n<\/div><\/div><\/div><div class=\"kc-elm kc-css-27534 kc_col-sm-4 kc_column_inner kc_col-sm-4\"><div class=\"kc_wrapper kc-col-inner-container\"><\/div><\/div><\/div><\/div><\/div><\/div><\/div><\/section>\n","protected":false},"excerpt":{"rendered":"<p> [&#8230;]<\/p>\n<p><a class=\"btn btn-secondary understrap-read-more-link\" href=\"https:\/\/2020.europeangayskiweek.com\/fr\/offre-speciale-moins-de-24-ans\/\">Lire la suite&#8230;<\/a><\/p>\n","protected":false},"author":10,"featured_media":0,"parent":0,"menu_order":0,"comment_status":"closed","ping_status":"closed","template":"page-templates\/fullwidthpage-upto1440.php","meta":[],"yoast_head":"<!-- This site is optimized with the Yoast SEO plugin v19.6 - https:\/\/yoast.com\/wordpress\/plugins\/seo\/ -->\n<title>Offre Sp\u00e9ciale Moins de 24 ans - European Gay Ski Week - Les Arcs Paradiski - 21-28 March 2020<\/title>\n<meta name=\"robots\" content=\"index, follow, max-snippet:-1, max-image-preview:large, max-video-preview:-1\" \/>\n<link rel=\"canonical\" href=\"https:\/\/2020.europeangayskiweek.com\/fr\/offre-speciale-moins-de-24-ans\/\" \/>\n<meta property=\"og:locale\" content=\"fr_FR\" \/>\n<meta property=\"og:type\" content=\"article\" \/>\n<meta property=\"og:title\" content=\"Offre Sp\u00e9ciale Moins de 24 ans - European Gay Ski Week - Les Arcs Paradiski - 21-28 March 2020\" \/>\n<meta property=\"og:description\" content=\"Offre exclusive pour les moins de 24 ans Le package inclut Pass \u00c9v\u00e9nement+ Forfait remont\u00e9es m\u00e9caniques + H\u00e9bergement partag\u00e9 Acc\u00e8s \u00e0 toutes les soir\u00e9es pendant la semaine, sauf soir\u00e9es d\u00eener avec suppl\u00e9ment, et Pool Party) Forfait Paradiski 6 jours Studio ou appartement 2* partag\u00e9 avec d&rsquo;autres clients EGSW (tous les lits sont occup\u00e9s) R\u00e9server maintenant [...]Lire la suite...\" \/>\n<meta property=\"og:url\" content=\"https:\/\/2020.europeangayskiweek.com\/fr\/offre-speciale-moins-de-24-ans\/\" \/>\n<meta property=\"og:site_name\" content=\"European Gay Ski Week - Les Arcs Paradiski - 21-28 March 2020\" \/>\n<meta property=\"article:publisher\" content=\"https:\/\/www.facebook.com\/EuropeanGaySkiWeek\/\" \/>\n<meta property=\"article:modified_time\" content=\"2019-09-05T07:17:58+00:00\" \/>\n<meta property=\"og:image\" content=\"https:\/\/cdn.europeangayskiweek.com\/wp\/uploads\/2019\/12\/facebook_og.jpg\" \/>\n<meta name=\"twitter:card\" content=\"summary_large_image\" \/>\n<meta name=\"twitter:site\" content=\"@EuropeanGaySkiW\" \/>\n<meta name=\"twitter:label1\" content=\"Dur\u00e9e de lecture estim\u00e9e\" \/>\n\t<meta name=\"twitter:data1\" content=\"1 minute\" \/>\n<script type=\"application\/ld+json\" class=\"yoast-schema-graph\">{\"@context\":\"https:\/\/schema.org\",\"@graph\":[{\"@type\":\"WebPage\",\"@id\":\"https:\/\/2020.europeangayskiweek.com\/fr\/offre-speciale-moins-de-24-ans\/\",\"url\":\"https:\/\/2020.europeangayskiweek.com\/fr\/offre-speciale-moins-de-24-ans\/\",\"name\":\"Offre Sp\u00e9ciale Moins de 24 ans - European Gay Ski Week - Les Arcs Paradiski - 21-28 March 2020\",\"isPartOf\":{\"@id\":\"https:\/\/2020.europeangayskiweek.com\/#website\"},\"datePublished\":\"2019-09-05T07:04:56+00:00\",\"dateModified\":\"2019-09-05T07:17:58+00:00\",\"breadcrumb\":{\"@id\":\"https:\/\/2020.europeangayskiweek.com\/fr\/offre-speciale-moins-de-24-ans\/#breadcrumb\"},\"inLanguage\":\"fr-FR\",\"potentialAction\":[{\"@type\":\"ReadAction\",\"target\":[\"https:\/\/2020.europeangayskiweek.com\/fr\/offre-speciale-moins-de-24-ans\/\"]}]},{\"@type\":\"BreadcrumbList\",\"@id\":\"https:\/\/2020.europeangayskiweek.com\/fr\/offre-speciale-moins-de-24-ans\/#breadcrumb\",\"itemListElement\":[{\"@type\":\"ListItem\",\"position\":1,\"name\":\"Home\",\"item\":\"https:\/\/2020.europeangayskiweek.com\/fr\/\"},{\"@type\":\"ListItem\",\"position\":2,\"name\":\"Offre Sp\u00e9ciale Moins de 24 ans\"}]},{\"@type\":\"WebSite\",\"@id\":\"https:\/\/2020.europeangayskiweek.com\/#website\",\"url\":\"https:\/\/2020.europeangayskiweek.com\/\",\"name\":\"European Gay Ski Week | The Biggest Gay Winter Sports and Music Festival | Les Arcs Paradiski | 21-28 March 2020\",\"description\":\"Europe&#039;s N\u00b01 Gay Winter Sports &amp; Music Festival | Les Arcs - Arc 1950 &amp; Arc 2000 - Paradiski | European Gay Ski Week with International DJs &amp; Artists | BOOK NOW!\",\"publisher\":{\"@id\":\"https:\/\/2020.europeangayskiweek.com\/#organization\"},\"potentialAction\":[{\"@type\":\"SearchAction\",\"target\":{\"@type\":\"EntryPoint\",\"urlTemplate\":\"https:\/\/2020.europeangayskiweek.com\/?s={search_term_string}\"},\"query-input\":\"required name=search_term_string\"}],\"inLanguage\":\"fr-FR\"},{\"@type\":\"Organization\",\"@id\":\"https:\/\/2020.europeangayskiweek.com\/#organization\",\"name\":\"European Gay Ski Week\",\"url\":\"https:\/\/2020.europeangayskiweek.com\/\",\"sameAs\":[\"https:\/\/www.instagram.com\/europeangayskiweek\/\",\"https:\/\/www.youtube.com\/user\/JonHuntEGSW\",\"https:\/\/www.facebook.com\/EuropeanGaySkiWeek\/\",\"https:\/\/twitter.com\/EuropeanGaySkiW\"],\"logo\":{\"@type\":\"ImageObject\",\"inLanguage\":\"fr-FR\",\"@id\":\"https:\/\/2020.europeangayskiweek.com\/#\/schema\/logo\/image\/\",\"url\":\"https:\/\/cdn.europeangayskiweek.com\/wp\/uploads\/2019\/06\/EGSW-Dateless-Black-02b.png\",\"contentUrl\":\"https:\/\/cdn.europeangayskiweek.com\/wp\/uploads\/2019\/06\/EGSW-Dateless-Black-02b.png\",\"width\":1346,\"height\":442,\"caption\":\"European Gay Ski Week\"},\"image\":{\"@id\":\"https:\/\/2020.europeangayskiweek.com\/#\/schema\/logo\/image\/\"}}]}<\/script>\n<!-- \/ Yoast SEO plugin. -->","yoast_head_json":{"title":"Offre Sp\u00e9ciale Moins de 24 ans - European Gay Ski Week - Les Arcs Paradiski - 21-28 March 2020","robots":{"index":"index","follow":"follow","max-snippet":"max-snippet:-1","max-image-preview":"max-image-preview:large","max-video-preview":"max-video-preview:-1"},"canonical":"https:\/\/2020.europeangayskiweek.com\/fr\/offre-speciale-moins-de-24-ans\/","og_locale":"fr_FR","og_type":"article","og_title":"Offre Sp\u00e9ciale Moins de 24 ans - European Gay Ski Week - Les Arcs Paradiski - 21-28 March 2020","og_description":"Offre exclusive pour les moins de 24 ans Le package inclut Pass \u00c9v\u00e9nement+ Forfait remont\u00e9es m\u00e9caniques + H\u00e9bergement partag\u00e9 Acc\u00e8s \u00e0 toutes les soir\u00e9es pendant la semaine, sauf soir\u00e9es d\u00eener avec suppl\u00e9ment, et Pool Party) Forfait Paradiski 6 jours Studio ou appartement 2* partag\u00e9 avec d&rsquo;autres clients EGSW (tous les lits sont occup\u00e9s) R\u00e9server maintenant [...]Lire la suite...","og_url":"https:\/\/2020.europeangayskiweek.com\/fr\/offre-speciale-moins-de-24-ans\/","og_site_name":"European Gay Ski Week - Les Arcs Paradiski - 21-28 March 2020","article_publisher":"https:\/\/www.facebook.com\/EuropeanGaySkiWeek\/","article_modified_time":"2019-09-05T07:17:58+00:00","og_image":[{"url":"https:\/\/cdn.europeangayskiweek.com\/wp\/uploads\/2019\/12\/facebook_og.jpg"}],"twitter_card":"summary_large_image","twitter_site":"@EuropeanGaySkiW","twitter_misc":{"Dur\u00e9e de lecture estim\u00e9e":"1 minute"},"schema":{"@context":"https:\/\/schema.org","@graph":[{"@type":"WebPage","@id":"https:\/\/2020.europeangayskiweek.com\/fr\/offre-speciale-moins-de-24-ans\/","url":"https:\/\/2020.europeangayskiweek.com\/fr\/offre-speciale-moins-de-24-ans\/","name":"Offre Sp\u00e9ciale Moins de 24 ans - European Gay Ski Week - Les Arcs Paradiski - 21-28 March 2020","isPartOf":{"@id":"https:\/\/2020.europeangayskiweek.com\/#website"},"datePublished":"2019-09-05T07:04:56+00:00","dateModified":"2019-09-05T07:17:58+00:00","breadcrumb":{"@id":"https:\/\/2020.europeangayskiweek.com\/fr\/offre-speciale-moins-de-24-ans\/#breadcrumb"},"inLanguage":"fr-FR","potentialAction":[{"@type":"ReadAction","target":["https:\/\/2020.europeangayskiweek.com\/fr\/offre-speciale-moins-de-24-ans\/"]}]},{"@type":"BreadcrumbList","@id":"https:\/\/2020.europeangayskiweek.com\/fr\/offre-speciale-moins-de-24-ans\/#breadcrumb","itemListElement":[{"@type":"ListItem","position":1,"name":"Home","item":"https:\/\/2020.europeangayskiweek.com\/fr\/"},{"@type":"ListItem","position":2,"name":"Offre Sp\u00e9ciale Moins de 24 ans"}]},{"@type":"WebSite","@id":"https:\/\/2020.europeangayskiweek.com\/#website","url":"https:\/\/2020.europeangayskiweek.com\/","name":"European Gay Ski Week | The Biggest Gay Winter Sports and Music Festival | Les Arcs Paradiski | 21-28 March 2020","description":"Europe&#039;s N\u00b01 Gay Winter Sports &amp; Music Festival | Les Arcs - Arc 1950 &amp; Arc 2000 - Paradiski | European Gay Ski Week with International DJs &amp; Artists | BOOK NOW!","publisher":{"@id":"https:\/\/2020.europeangayskiweek.com\/#organization"},"potentialAction":[{"@type":"SearchAction","target":{"@type":"EntryPoint","urlTemplate":"https:\/\/2020.europeangayskiweek.com\/?s={search_term_string}"},"query-input":"required name=search_term_string"}],"inLanguage":"fr-FR"},{"@type":"Organization","@id":"https:\/\/2020.europeangayskiweek.com\/#organization","name":"European Gay Ski Week","url":"https:\/\/2020.europeangayskiweek.com\/","sameAs":["https:\/\/www.instagram.com\/europeangayskiweek\/","https:\/\/www.youtube.com\/user\/JonHuntEGSW","https:\/\/www.facebook.com\/EuropeanGaySkiWeek\/","https:\/\/twitter.com\/EuropeanGaySkiW"],"logo":{"@type":"ImageObject","inLanguage":"fr-FR","@id":"https:\/\/2020.europeangayskiweek.com\/#\/schema\/logo\/image\/","url":"https:\/\/cdn.europeangayskiweek.com\/wp\/uploads\/2019\/06\/EGSW-Dateless-Black-02b.png","contentUrl":"https:\/\/cdn.europeangayskiweek.com\/wp\/uploads\/2019\/06\/EGSW-Dateless-Black-02b.png","width":1346,"height":442,"caption":"European Gay Ski Week"},"image":{"@id":"https:\/\/2020.europeangayskiweek.com\/#\/schema\/logo\/image\/"}}]}},"_links":{"self":[{"href":"https:\/\/2020.europeangayskiweek.com\/fr\/wp-json\/wp\/v2\/pages\/14791"}],"collection":[{"href":"https:\/\/2020.europeangayskiweek.com\/fr\/wp-json\/wp\/v2\/pages"}],"about":[{"href":"https:\/\/2020.europeangayskiweek.com\/fr\/wp-json\/wp\/v2\/types\/page"}],"author":[{"embeddable":true,"href":"https:\/\/2020.europeangayskiweek.com\/fr\/wp-json\/wp\/v2\/users\/10"}],"replies":[{"embeddable":true,"href":"https:\/\/2020.europeangayskiweek.com\/fr\/wp-json\/wp\/v2\/comments?post=14791"}],"version-history":[{"count":6,"href":"https:\/\/2020.europeangayskiweek.com\/fr\/wp-json\/wp\/v2\/pages\/14791\/revisions"}],"predecessor-version":[{"id":14801,"href":"https:\/\/2020.europeangayskiweek.com\/fr\/wp-json\/wp\/v2\/pages\/14791\/revisions\/14801"}],"wp:attachment":[{"href":"https:\/\/2020.europeangayskiweek.com\/fr\/wp-json\/wp\/v2\/media?parent=14791"}],"curies":[{"name":"wp","href":"https:\/\/api.w.org\/{rel}","templated":true}]}}