{"id":14751,"date":"2019-08-28T09:35:41","date_gmt":"2019-08-28T08:35:41","guid":{"rendered":"https:\/\/e20.europeangayskiweek.com\/?page_id=14751"},"modified":"2019-10-03T10:17:39","modified_gmt":"2019-10-03T09:17:39","slug":"a-propos","status":"publish","type":"page","link":"https:\/\/2020.europeangayskiweek.com\/fr\/a-propos\/","title":{"rendered":"A propos de EGSW"},"content":{"rendered":"<p><section class=\"kc-elm kc-css-60211 kc_row\"><div class=\"kc-row-container  kc-container\"><div class=\"kc-wrap-columns\"><div class=\"kc-elm kc-css-912673 kc_col-of-5 kc_column kc_col-of-5\"><div class=\"kc-col-container\"><\/div><\/div><div class=\"kc-elm kc-css-668021 kc_col-sm-7 kc_column kc_col-sm-7\"><div class=\"kc-col-container\"><div class=\"kc-elm kc-css-503651 kc_text_block\"><\/p>\n<h1 style=\"text-align: center;\"><span style=\"color: #ff0000;\">A propos de EGSW<\/span><\/h1>\n<p>\n<\/div><div class=\"kc-elm kc-css-131694\" style=\"height: 20px; clear: both; width:100%;\"><\/div><div class=\"kc-elm kc-css-72363 kc_text_block\"><\/p>\n<p>European Gay Ski Week est n\u00e9 de Man Mountain organis\u00e9 pour la premi\u00e8re fois \u00e0 Solden, Autriche, en 2007, cr\u00e9\u00e9 par Kevin Millins, ancien directeur du club Londonien \u00e0 la renomm\u00e9e mondiale Heaven, et directeur de Pure Organisation.<\/p>\n<p><img loading=\"lazy\" class=\"size-full alignleft\" src=\"https:\/\/cdn.europeangayskiweek.com\/wp\/uploads\/2019\/09\/PureOrganisation-logo.png\" alt=\"\" width=\"120\" height=\"72\" \/>Pure Organisation a organis\u00e9 des \u00e9v\u00e9nements et g\u00e9r\u00e9 des clubs depuis 40 ans \u00e0 Londres, Paris et New-York. C&rsquo;est le plus ancien organisateur de soir\u00e9es gay encore en activit\u00e9.<\/p>\n<p>D\u00e9sormais dans sa 14e ann\u00e9e, l&rsquo;\u00e9v\u00e9nement est le plus grand festival Queer itin\u00e9rant de sports d&rsquo;hiver et de musiques, riche en cabaret, com\u00e9die, f\u00eates avec une s\u00e9lection des plus grands clubs et DJs d&rsquo;Europe et du monde entier.<\/p>\n<p>D&rsquo;ann\u00e9e en ann\u00e9e, European Gay Ski Week a grandi constamment et r\u00e9unit maintenant plus d&rsquo;un millier d&rsquo;amateurs de sports d&rsquo;hiver du monde entier. Nous sommes fiers d&rsquo;accueillir tout le monde de la communaut\u00e9 LGBTQI+, leur amis et leur famille, m\u00e9langeant une tr\u00e8s vari\u00e9t\u00e9 de gens diff\u00e9rents.<\/p>\n<p>\n<\/div><\/div><\/div><div class=\"kc-elm kc-css-276268 kc_col-of-5 kc_column kc_col-of-5\"><div class=\"kc-col-container\"><\/div><\/div><\/div><\/div><\/section><section class=\"kc-elm kc-css-787831 kc_row\"><div class=\"kc-row-container  kc-container\"><div class=\"kc-wrap-columns\"><div class=\"kc-elm kc-css-679251 kc_col-sm-12 kc_column kc_col-sm-12\"><div class=\"kc-col-container\"><div class=\"kc-elm kc-css-400942\" style=\"height: 20px; clear: both; width:100%;\"><\/div><div class=\"kc-elm kc-css-862307 kc_row kc_row_inner\"><div class=\"kc-elm kc-css-123948 kc_col-sm-3 kc_column_inner kc_col-sm-3\"><div class=\"kc_wrapper kc-col-inner-container\"><div class=\"kc-elm kc-css-842003 kc_shortcode kc_single_image\">\n\n        <img src=\"https:\/\/cdn.europeangayskiweek.com\/wp\/uploads\/2019\/08\/Apres-Ski-9-Kevin-200x200.jpg\" class=\"\" alt=\"\" \/>    <\/div>\n<\/div><\/div><div class=\"kc-elm kc-css-471932 kc_col-sm-9 kc_column_inner kc_col-sm-9\"><div class=\"kc_wrapper kc-col-inner-container\"><div class=\"kc-elm kc-css-559524 kc_text_block\"><\/p>\n<blockquote class=\"blockquote\">\n<p>Pour beaucoup, skier ou surfer exalte des sensations de libert\u00e9 et pl\u00e9nitude. Pour la communaut\u00e9 LGBT, ces sensations ne sont pas au rendez-vous quotidiennement, et il y a une demande \u00e9norme de lieux accueillants, incluants, et o\u00f9 les LGBT peuvent se relaxer, \u00eatre eux-m\u00eames, et s&rsquo;amuser.<\/p>\n<p>European Gay Ski Week accueille plus d&rsquo;un millier de personnes chaque ann\u00e9e, venant de plus de 49 pays diff\u00e9rents, offrant une rare opportunit\u00e9 non seulement de jouir d&rsquo;un endroit non-sp\u00e9cifiquement queer que ce soit par nos groupes de skis guid\u00e9s, nos f\u00eates et soir\u00e9es clubbing, et offrant en plus une mani\u00e8re LGBT d&rsquo;\u00eatre actif, en ext\u00e9rieur, et de profiter des sports d&rsquo;hiver dans un cadre de montagne magnifique.<\/p>\n<\/blockquote>\n<p>\n<\/div><div class=\"kc-elm kc-css-463477 kc_text_block\"><\/p>\n<p style=\"text-align: right;\">Kevin Millins, Directeur, in <a href=\"https:\/\/www.qweerist.com\/travel\/european-gay-ski-week-queer-holidays\/\" target=\"_blank\" rel=\"noopener\">Qweerist, February 2019<\/a>.<\/p>\n<p>\n<\/div><\/div><\/div><\/div><\/div><\/div><\/div><\/div><\/section><section class=\"kc-elm kc-css-168343 kc_row\"><div class=\"kc-row-container  kc-container\"><div class=\"kc-wrap-columns\"><div class=\"kc-elm kc-css-277215 kc_col-of-5 kc_column kc_col-of-5\"><div class=\"kc-col-container\"><\/div><\/div><div class=\"kc-elm kc-css-226969 kc_col-sm-7 kc_column kc_col-sm-7\"><div class=\"kc-col-container\"><div class=\"kc-elm kc-css-501280 kc_text_block\"><\/p>\n<h1 style=\"text-align: center;\"><span style=\"color: #ff0000;\">Notre Histoire<\/span><\/h1>\n<p>\n<\/div><div class=\"kc-elm kc-css-199745\" style=\"height: 20px; clear: both; width:100%;\"><\/div><div class=\"kc-elm kc-css-896315 kc_row kc_row_inner\"><div class=\"kc-elm kc-css-479778 kc_col-sm-4 kc_column_inner kc_col-sm-4\"><div class=\"kc_wrapper kc-col-inner-container\"><div class=\"kc-elm kc-css-338368 kc_shortcode kc_single_image\">\n\n        <img src=\"https:\/\/cdn.europeangayskiweek.com\/wp\/uploads\/2019\/08\/EGSW-2019-logo.jpg\" class=\"\" alt=\"\" \/>    <\/div>\n<\/div><\/div><div class=\"kc-elm kc-css-806527 kc_col-sm-8 kc_column_inner kc_col-sm-8\"><div class=\"kc_wrapper kc-col-inner-container\"><div class=\"kc-elm kc-css-537821 kc_text_block\"><\/p>\n<h4>2019<\/h4>\n<p><strong>European Gay Ski Week<\/strong>, Les Arcs, France<\/p>\n<p>\n<\/div><\/div><\/div><\/div><div class=\"kc-elm kc-css-586332 kc_row kc_row_inner\"><div class=\"kc-elm kc-css-366780 kc_col-sm-4 kc_column_inner kc_col-sm-4\"><div class=\"kc_wrapper kc-col-inner-container\"><div class=\"kc-elm kc-css-661281 kc_shortcode kc_single_image\">\n\n        <img src=\"https:\/\/cdn.europeangayskiweek.com\/wp\/uploads\/2019\/08\/EGSW-2018.jpg\" class=\"\" alt=\"\" \/>    <\/div>\n<\/div><\/div><div class=\"kc-elm kc-css-918940 kc_col-sm-8 kc_column_inner kc_col-sm-8\"><div class=\"kc_wrapper kc-col-inner-container\"><div class=\"kc-elm kc-css-603241 kc_text_block\"><\/p>\n<h4>2018<\/h4>\n<p><strong>European Gay Ski Week<\/strong>, 10th Edition, Les Menuires, France<\/p>\n<p>\n<\/div><\/div><\/div><\/div><div class=\"kc-elm kc-css-958100 kc_row kc_row_inner\"><div class=\"kc-elm kc-css-506403 kc_col-sm-4 kc_column_inner kc_col-sm-4\"><div class=\"kc_wrapper kc-col-inner-container\"><div class=\"kc-elm kc-css-577275 kc_shortcode kc_single_image\">\n\n        <img src=\"https:\/\/cdn.europeangayskiweek.com\/wp\/uploads\/2019\/08\/EGSW-2015-log.jpg\" class=\"\" alt=\"\" \/>    <\/div>\n<\/div><\/div><div class=\"kc-elm kc-css-980807 kc_col-sm-8 kc_column_inner kc_col-sm-8\"><div class=\"kc_wrapper kc-col-inner-container\"><div class=\"kc-elm kc-css-85562 kc_text_block\"><\/p>\n<h4>2017<\/h4>\n<p><strong>European Gay Ski Week<\/strong>, Les Menuires, France<\/p>\n<p>\n<\/div><\/div><\/div><\/div><div class=\"kc-elm kc-css-177807 kc_row kc_row_inner\"><div class=\"kc-elm kc-css-888681 kc_col-sm-4 kc_column_inner kc_col-sm-4\"><div class=\"kc_wrapper kc-col-inner-container\"><div class=\"kc-elm kc-css-486416 kc_shortcode kc_single_image\">\n\n        <img src=\"https:\/\/cdn.europeangayskiweek.com\/wp\/uploads\/2019\/08\/EGSW-2015-log.jpg\" class=\"\" alt=\"\" \/>    <\/div>\n<\/div><\/div><div class=\"kc-elm kc-css-462133 kc_col-sm-8 kc_column_inner kc_col-sm-8\"><div class=\"kc_wrapper kc-col-inner-container\"><div class=\"kc-elm kc-css-72186 kc_text_block\"><\/p>\n<h4>2016<\/h4>\n<p><strong>European Gay Ski Week<\/strong>, Avoriaz, France<\/p>\n<p>\n<\/div><\/div><\/div><\/div><div class=\"kc-elm kc-css-530160 kc_row kc_row_inner\"><div class=\"kc-elm kc-css-469988 kc_col-sm-4 kc_column_inner kc_col-sm-4\"><div class=\"kc_wrapper kc-col-inner-container\"><div class=\"kc-elm kc-css-842562 kc_shortcode kc_single_image\">\n\n        <img src=\"https:\/\/cdn.europeangayskiweek.com\/wp\/uploads\/2019\/08\/EGSW-2015-log.jpg\" class=\"\" alt=\"\" \/>    <\/div>\n<\/div><\/div><div class=\"kc-elm kc-css-3773 kc_col-sm-8 kc_column_inner kc_col-sm-8\"><div class=\"kc_wrapper kc-col-inner-container\"><div class=\"kc-elm kc-css-42012 kc_text_block\"><\/p>\n<h4>2015<\/h4>\n<p><strong>European Gay Ski Week<\/strong>, Avoriaz, France<\/p>\n<p>\n<\/div><\/div><\/div><\/div><div class=\"kc-elm kc-css-865927 kc_row kc_row_inner\"><div class=\"kc-elm kc-css-193993 kc_col-sm-4 kc_column_inner kc_col-sm-4\"><div class=\"kc_wrapper kc-col-inner-container\"><div class=\"kc-elm kc-css-90847 kc_shortcode kc_single_image\">\n\n        <img src=\"https:\/\/cdn.europeangayskiweek.com\/wp\/uploads\/2019\/08\/EGSW-2014-logo.jpg\" class=\"\" alt=\"\" \/>    <\/div>\n<\/div><\/div><div class=\"kc-elm kc-css-984664 kc_col-sm-8 kc_column_inner kc_col-sm-8\"><div class=\"kc_wrapper kc-col-inner-container\"><div class=\"kc-elm kc-css-23479 kc_text_block\"><\/p>\n<h4>2014<\/h4>\n<p><strong>European Gay Ski Week<\/strong>,\u00a0<span style=\"font-style: inherit;\">Alpe d\u2019Huez<\/span><span style=\"font-style: inherit;\">, France<\/span><\/p>\n<p>\n<\/div><\/div><\/div><\/div><div class=\"kc-elm kc-css-381877 kc_row kc_row_inner\"><div class=\"kc-elm kc-css-557651 kc_col-sm-4 kc_column_inner kc_col-sm-4\"><div class=\"kc_wrapper kc-col-inner-container\"><div class=\"kc-elm kc-css-75836 kc_shortcode kc_single_image\">\n\n        <img src=\"https:\/\/cdn.europeangayskiweek.com\/wp\/uploads\/2019\/08\/EGSW-2013-logo.png\" class=\"\" alt=\"\" \/>    <\/div>\n<\/div><\/div><div class=\"kc-elm kc-css-42199 kc_col-sm-8 kc_column_inner kc_col-sm-8\"><div class=\"kc_wrapper kc-col-inner-container\"><div class=\"kc-elm kc-css-243221 kc_text_block\"><\/p>\n<h4>2013<\/h4>\n<p><strong>European Gay Ski Week<\/strong>,\u00a0<span style=\"font-style: inherit;\">Alpe d\u2019Huez<\/span><span style=\"font-style: inherit;\">, France<\/span><\/p>\n<p>\n<\/div><\/div><\/div><\/div><div class=\"kc-elm kc-css-376639 kc_row kc_row_inner\"><div class=\"kc-elm kc-css-295681 kc_col-sm-4 kc_column_inner kc_col-sm-4\"><div class=\"kc_wrapper kc-col-inner-container\"><div class=\"kc-elm kc-css-717760 kc_shortcode kc_single_image\">\n\n        <img src=\"https:\/\/cdn.europeangayskiweek.com\/wp\/uploads\/2019\/08\/EGSW-2010-logo.png\" class=\"\" alt=\"\" \/>    <\/div>\n<\/div><\/div><div class=\"kc-elm kc-css-102846 kc_col-sm-8 kc_column_inner kc_col-sm-8\"><div class=\"kc_wrapper kc-col-inner-container\"><div class=\"kc-elm kc-css-210525 kc_text_block\"><\/p>\n<h4>2012<\/h4>\n<p><strong>European Gay Ski Week<\/strong>,\u00a0<span style=\"font-style: inherit;\">Alpe d\u2019Huez<\/span><span style=\"font-style: inherit;\">, France<\/span><\/p>\n<p>\n<\/div><\/div><\/div><\/div><div class=\"kc-elm kc-css-508397 kc_row kc_row_inner\"><div class=\"kc-elm kc-css-589565 kc_col-sm-4 kc_column_inner kc_col-sm-4\"><div class=\"kc_wrapper kc-col-inner-container\"><div class=\"kc-elm kc-css-729364 kc_shortcode kc_single_image\">\n\n        <img src=\"https:\/\/cdn.europeangayskiweek.com\/wp\/uploads\/2019\/08\/EGSW-2010-logo.png\" class=\"\" alt=\"\" \/>    <\/div>\n<\/div><\/div><div class=\"kc-elm kc-css-94650 kc_col-sm-8 kc_column_inner kc_col-sm-8\"><div class=\"kc_wrapper kc-col-inner-container\"><div class=\"kc-elm kc-css-529075 kc_text_block\"><\/p>\n<h4>2011<\/h4>\n<p><strong>European Gay Ski Week<\/strong>, Tignes, France<\/p>\n<p>\n<\/div><\/div><\/div><\/div><div class=\"kc-elm kc-css-432792 kc_row kc_row_inner\"><div class=\"kc-elm kc-css-895493 kc_col-sm-4 kc_column_inner kc_col-sm-4\"><div class=\"kc_wrapper kc-col-inner-container\"><div class=\"kc-elm kc-css-139184 kc_shortcode kc_single_image\">\n\n        <img src=\"https:\/\/cdn.europeangayskiweek.com\/wp\/uploads\/2019\/08\/EGSW-2010-logo.png\" class=\"\" alt=\"\" \/>    <\/div>\n<\/div><\/div><div class=\"kc-elm kc-css-335620 kc_col-sm-8 kc_column_inner kc_col-sm-8\"><div class=\"kc_wrapper kc-col-inner-container\"><div class=\"kc-elm kc-css-31819 kc_text_block\"><\/p>\n<h4>2010<\/h4>\n<p><strong>European Gay Ski Week<\/strong>, Tignes, France<\/p>\n<p>\n<\/div><\/div><\/div><\/div><div class=\"kc-elm kc-css-73570 kc_row kc_row_inner\"><div class=\"kc-elm kc-css-333005 kc_col-sm-4 kc_column_inner kc_col-sm-4\"><div class=\"kc_wrapper kc-col-inner-container\"><div class=\"kc-elm kc-css-658811 kc_shortcode kc_single_image\">\n\n        <img src=\"https:\/\/cdn.europeangayskiweek.com\/wp\/uploads\/2019\/08\/EGSW-2010-logo.png\" class=\"\" alt=\"\" \/>    <\/div>\n<\/div><\/div><div class=\"kc-elm kc-css-814061 kc_col-sm-8 kc_column_inner kc_col-sm-8\"><div class=\"kc_wrapper kc-col-inner-container\"><div class=\"kc-elm kc-css-412624 kc_text_block\"><\/p>\n<h4>2009<\/h4>\n<p><strong>Premi\u00e8re \u00e9dition de European Gay Ski Week<\/strong>, Tignes, France<\/p>\n<p>\n<\/div><\/div><\/div><\/div><div class=\"kc-elm kc-css-426094 kc_row kc_row_inner\"><div class=\"kc-elm kc-css-141394 kc_col-sm-4 kc_column_inner kc_col-sm-4\"><div class=\"kc_wrapper kc-col-inner-container\"><div class=\"kc-elm kc-css-844420 kc_shortcode kc_single_image\">\n\n        <img src=\"https:\/\/cdn.europeangayskiweek.com\/wp\/uploads\/2019\/08\/manmountain.jpg\" class=\"\" alt=\"\" \/>    <\/div>\n<\/div><\/div><div class=\"kc-elm kc-css-677343 kc_col-sm-8 kc_column_inner kc_col-sm-8\"><div class=\"kc_wrapper kc-col-inner-container\"><div class=\"kc-elm kc-css-811734 kc_text_block\"><\/p>\n<h4>2008<\/h4>\n<p><strong>Man Mountain<\/strong>, Tignes, France<\/p>\n<p>\n<\/div><\/div><\/div><\/div><div class=\"kc-elm kc-css-18298 kc_row kc_row_inner\"><div class=\"kc-elm kc-css-899323 kc_col-sm-4 kc_column_inner kc_col-sm-4\"><div class=\"kc_wrapper kc-col-inner-container\"><div class=\"kc-elm kc-css-304687 kc_shortcode kc_single_image\">\n\n        <img src=\"https:\/\/cdn.europeangayskiweek.com\/wp\/uploads\/2019\/08\/manmountain.jpg\" class=\"\" alt=\"\" \/>    <\/div>\n<\/div><\/div><div class=\"kc-elm kc-css-364263 kc_col-sm-8 kc_column_inner kc_col-sm-8\"><div class=\"kc_wrapper kc-col-inner-container\"><div class=\"kc-elm kc-css-844149 kc_text_block\"><\/p>\n<h4>2007<\/h4>\n<p><strong>Man Mountain<\/strong>, Solden, Austria<\/p>\n<p>\n<\/div><\/div><\/div><\/div><div class=\"kc-elm kc-css-46831\" style=\"height: 20px; clear: both; width:100%;\"><\/div><\/div><\/div><div class=\"kc-elm kc-css-298283 kc_col-of-5 kc_column kc_col-of-5\"><div class=\"kc-col-container\"><\/div><\/div><\/div><\/div><\/section><\/p>\n","protected":false},"excerpt":{"rendered":"<p> [&#8230;]<\/p>\n<p><a class=\"btn btn-secondary understrap-read-more-link\" href=\"https:\/\/2020.europeangayskiweek.com\/fr\/a-propos\/\">Lire la suite&#8230;<\/a><\/p>\n","protected":false},"author":10,"featured_media":0,"parent":0,"menu_order":0,"comment_status":"closed","ping_status":"closed","template":"page-templates\/fullwidthpage-upto1440.php","meta":[],"yoast_head":"<!-- This site is optimized with the Yoast SEO plugin v19.6 - https:\/\/yoast.com\/wordpress\/plugins\/seo\/ -->\n<title>A propos de EGSW - European Gay Ski Week - Les Arcs Paradiski - 21-28 March 2020<\/title>\n<meta name=\"robots\" content=\"index, follow, max-snippet:-1, max-image-preview:large, max-video-preview:-1\" \/>\n<link rel=\"canonical\" href=\"https:\/\/2020.europeangayskiweek.com\/fr\/a-propos\/\" \/>\n<meta property=\"og:locale\" content=\"fr_FR\" \/>\n<meta property=\"og:type\" content=\"article\" \/>\n<meta property=\"og:title\" content=\"A propos de EGSW - European Gay Ski Week - Les Arcs Paradiski - 21-28 March 2020\" \/>\n<meta property=\"og:description\" content=\"A propos de EGSW European Gay Ski Week est n\u00e9 de Man Mountain organis\u00e9 pour la premi\u00e8re fois \u00e0 Solden, Autriche, en 2007, cr\u00e9\u00e9 par Kevin Millins, ancien directeur du club Londonien \u00e0 la renomm\u00e9e mondiale Heaven, et directeur de Pure Organisation. Pure Organisation a organis\u00e9 des \u00e9v\u00e9nements et g\u00e9r\u00e9 des clubs depuis 40 ans [...]Lire la suite...\" \/>\n<meta property=\"og:url\" content=\"https:\/\/2020.europeangayskiweek.com\/fr\/a-propos\/\" \/>\n<meta property=\"og:site_name\" content=\"European Gay Ski Week - Les Arcs Paradiski - 21-28 March 2020\" \/>\n<meta property=\"article:publisher\" content=\"https:\/\/www.facebook.com\/EuropeanGaySkiWeek\/\" \/>\n<meta property=\"article:modified_time\" content=\"2019-10-03T09:17:39+00:00\" \/>\n<meta property=\"og:image\" content=\"https:\/\/cdn.europeangayskiweek.com\/wp\/uploads\/2019\/12\/facebook_og.jpg\" \/>\n<meta name=\"twitter:card\" content=\"summary_large_image\" \/>\n<meta name=\"twitter:site\" content=\"@EuropeanGaySkiW\" \/>\n<meta name=\"twitter:label1\" content=\"Dur\u00e9e de lecture estim\u00e9e\" \/>\n\t<meta name=\"twitter:data1\" content=\"2 minutes\" \/>\n<script type=\"application\/ld+json\" class=\"yoast-schema-graph\">{\"@context\":\"https:\/\/schema.org\",\"@graph\":[{\"@type\":\"WebPage\",\"@id\":\"https:\/\/2020.europeangayskiweek.com\/fr\/a-propos\/\",\"url\":\"https:\/\/2020.europeangayskiweek.com\/fr\/a-propos\/\",\"name\":\"A propos de EGSW - European Gay Ski Week - Les Arcs Paradiski - 21-28 March 2020\",\"isPartOf\":{\"@id\":\"https:\/\/2020.europeangayskiweek.com\/#website\"},\"datePublished\":\"2019-08-28T08:35:41+00:00\",\"dateModified\":\"2019-10-03T09:17:39+00:00\",\"breadcrumb\":{\"@id\":\"https:\/\/2020.europeangayskiweek.com\/fr\/a-propos\/#breadcrumb\"},\"inLanguage\":\"fr-FR\",\"potentialAction\":[{\"@type\":\"ReadAction\",\"target\":[\"https:\/\/2020.europeangayskiweek.com\/fr\/a-propos\/\"]}]},{\"@type\":\"BreadcrumbList\",\"@id\":\"https:\/\/2020.europeangayskiweek.com\/fr\/a-propos\/#breadcrumb\",\"itemListElement\":[{\"@type\":\"ListItem\",\"position\":1,\"name\":\"Home\",\"item\":\"https:\/\/2020.europeangayskiweek.com\/fr\/\"},{\"@type\":\"ListItem\",\"position\":2,\"name\":\"A propos de EGSW\"}]},{\"@type\":\"WebSite\",\"@id\":\"https:\/\/2020.europeangayskiweek.com\/#website\",\"url\":\"https:\/\/2020.europeangayskiweek.com\/\",\"name\":\"European Gay Ski Week | The Biggest Gay Winter Sports and Music Festival | Les Arcs Paradiski | 21-28 March 2020\",\"description\":\"Europe&#039;s N\u00b01 Gay Winter Sports &amp; Music Festival | Les Arcs - Arc 1950 &amp; Arc 2000 - Paradiski | European Gay Ski Week with International DJs &amp; Artists | BOOK NOW!\",\"publisher\":{\"@id\":\"https:\/\/2020.europeangayskiweek.com\/#organization\"},\"potentialAction\":[{\"@type\":\"SearchAction\",\"target\":{\"@type\":\"EntryPoint\",\"urlTemplate\":\"https:\/\/2020.europeangayskiweek.com\/?s={search_term_string}\"},\"query-input\":\"required name=search_term_string\"}],\"inLanguage\":\"fr-FR\"},{\"@type\":\"Organization\",\"@id\":\"https:\/\/2020.europeangayskiweek.com\/#organization\",\"name\":\"European Gay Ski Week\",\"url\":\"https:\/\/2020.europeangayskiweek.com\/\",\"sameAs\":[\"https:\/\/www.instagram.com\/europeangayskiweek\/\",\"https:\/\/www.youtube.com\/user\/JonHuntEGSW\",\"https:\/\/www.facebook.com\/EuropeanGaySkiWeek\/\",\"https:\/\/twitter.com\/EuropeanGaySkiW\"],\"logo\":{\"@type\":\"ImageObject\",\"inLanguage\":\"fr-FR\",\"@id\":\"https:\/\/2020.europeangayskiweek.com\/#\/schema\/logo\/image\/\",\"url\":\"https:\/\/cdn.europeangayskiweek.com\/wp\/uploads\/2019\/06\/EGSW-Dateless-Black-02b.png\",\"contentUrl\":\"https:\/\/cdn.europeangayskiweek.com\/wp\/uploads\/2019\/06\/EGSW-Dateless-Black-02b.png\",\"width\":1346,\"height\":442,\"caption\":\"European Gay Ski Week\"},\"image\":{\"@id\":\"https:\/\/2020.europeangayskiweek.com\/#\/schema\/logo\/image\/\"}}]}<\/script>\n<!-- \/ Yoast SEO plugin. -->","yoast_head_json":{"title":"A propos de EGSW - European Gay Ski Week - Les Arcs Paradiski - 21-28 March 2020","robots":{"index":"index","follow":"follow","max-snippet":"max-snippet:-1","max-image-preview":"max-image-preview:large","max-video-preview":"max-video-preview:-1"},"canonical":"https:\/\/2020.europeangayskiweek.com\/fr\/a-propos\/","og_locale":"fr_FR","og_type":"article","og_title":"A propos de EGSW - European Gay Ski Week - Les Arcs Paradiski - 21-28 March 2020","og_description":"A propos de EGSW European Gay Ski Week est n\u00e9 de Man Mountain organis\u00e9 pour la premi\u00e8re fois \u00e0 Solden, Autriche, en 2007, cr\u00e9\u00e9 par Kevin Millins, ancien directeur du club Londonien \u00e0 la renomm\u00e9e mondiale Heaven, et directeur de Pure Organisation. Pure Organisation a organis\u00e9 des \u00e9v\u00e9nements et g\u00e9r\u00e9 des clubs depuis 40 ans [...]Lire la suite...","og_url":"https:\/\/2020.europeangayskiweek.com\/fr\/a-propos\/","og_site_name":"European Gay Ski Week - Les Arcs Paradiski - 21-28 March 2020","article_publisher":"https:\/\/www.facebook.com\/EuropeanGaySkiWeek\/","article_modified_time":"2019-10-03T09:17:39+00:00","og_image":[{"url":"https:\/\/cdn.europeangayskiweek.com\/wp\/uploads\/2019\/12\/facebook_og.jpg"}],"twitter_card":"summary_large_image","twitter_site":"@EuropeanGaySkiW","twitter_misc":{"Dur\u00e9e de lecture estim\u00e9e":"2 minutes"},"schema":{"@context":"https:\/\/schema.org","@graph":[{"@type":"WebPage","@id":"https:\/\/2020.europeangayskiweek.com\/fr\/a-propos\/","url":"https:\/\/2020.europeangayskiweek.com\/fr\/a-propos\/","name":"A propos de EGSW - European Gay Ski Week - Les Arcs Paradiski - 21-28 March 2020","isPartOf":{"@id":"https:\/\/2020.europeangayskiweek.com\/#website"},"datePublished":"2019-08-28T08:35:41+00:00","dateModified":"2019-10-03T09:17:39+00:00","breadcrumb":{"@id":"https:\/\/2020.europeangayskiweek.com\/fr\/a-propos\/#breadcrumb"},"inLanguage":"fr-FR","potentialAction":[{"@type":"ReadAction","target":["https:\/\/2020.europeangayskiweek.com\/fr\/a-propos\/"]}]},{"@type":"BreadcrumbList","@id":"https:\/\/2020.europeangayskiweek.com\/fr\/a-propos\/#breadcrumb","itemListElement":[{"@type":"ListItem","position":1,"name":"Home","item":"https:\/\/2020.europeangayskiweek.com\/fr\/"},{"@type":"ListItem","position":2,"name":"A propos de EGSW"}]},{"@type":"WebSite","@id":"https:\/\/2020.europeangayskiweek.com\/#website","url":"https:\/\/2020.europeangayskiweek.com\/","name":"European Gay Ski Week | The Biggest Gay Winter Sports and Music Festival | Les Arcs Paradiski | 21-28 March 2020","description":"Europe&#039;s N\u00b01 Gay Winter Sports &amp; Music Festival | Les Arcs - Arc 1950 &amp; Arc 2000 - Paradiski | European Gay Ski Week with International DJs &amp; Artists | BOOK NOW!","publisher":{"@id":"https:\/\/2020.europeangayskiweek.com\/#organization"},"potentialAction":[{"@type":"SearchAction","target":{"@type":"EntryPoint","urlTemplate":"https:\/\/2020.europeangayskiweek.com\/?s={search_term_string}"},"query-input":"required name=search_term_string"}],"inLanguage":"fr-FR"},{"@type":"Organization","@id":"https:\/\/2020.europeangayskiweek.com\/#organization","name":"European Gay Ski Week","url":"https:\/\/2020.europeangayskiweek.com\/","sameAs":["https:\/\/www.instagram.com\/europeangayskiweek\/","https:\/\/www.youtube.com\/user\/JonHuntEGSW","https:\/\/www.facebook.com\/EuropeanGaySkiWeek\/","https:\/\/twitter.com\/EuropeanGaySkiW"],"logo":{"@type":"ImageObject","inLanguage":"fr-FR","@id":"https:\/\/2020.europeangayskiweek.com\/#\/schema\/logo\/image\/","url":"https:\/\/cdn.europeangayskiweek.com\/wp\/uploads\/2019\/06\/EGSW-Dateless-Black-02b.png","contentUrl":"https:\/\/cdn.europeangayskiweek.com\/wp\/uploads\/2019\/06\/EGSW-Dateless-Black-02b.png","width":1346,"height":442,"caption":"European Gay Ski Week"},"image":{"@id":"https:\/\/2020.europeangayskiweek.com\/#\/schema\/logo\/image\/"}}]}},"_links":{"self":[{"href":"https:\/\/2020.europeangayskiweek.com\/fr\/wp-json\/wp\/v2\/pages\/14751"}],"collection":[{"href":"https:\/\/2020.europeangayskiweek.com\/fr\/wp-json\/wp\/v2\/pages"}],"about":[{"href":"https:\/\/2020.europeangayskiweek.com\/fr\/wp-json\/wp\/v2\/types\/page"}],"author":[{"embeddable":true,"href":"https:\/\/2020.europeangayskiweek.com\/fr\/wp-json\/wp\/v2\/users\/10"}],"replies":[{"embeddable":true,"href":"https:\/\/2020.europeangayskiweek.com\/fr\/wp-json\/wp\/v2\/comments?post=14751"}],"version-history":[{"count":8,"href":"https:\/\/2020.europeangayskiweek.com\/fr\/wp-json\/wp\/v2\/pages\/14751\/revisions"}],"predecessor-version":[{"id":14879,"href":"https:\/\/2020.europeangayskiweek.com\/fr\/wp-json\/wp\/v2\/pages\/14751\/revisions\/14879"}],"wp:attachment":[{"href":"https:\/\/2020.europeangayskiweek.com\/fr\/wp-json\/wp\/v2\/media?parent=14751"}],"curies":[{"name":"wp","href":"https:\/\/api.w.org\/{rel}","templated":true}]}}