{"id":14638,"date":"2018-09-20T17:36:43","date_gmt":"2018-09-20T17:36:43","guid":{"rendered":"https:\/\/e20.europeangayskiweek.com\/win-a-holiday-for-2\/"},"modified":"2019-08-02T08:54:16","modified_gmt":"2019-08-02T07:54:16","slug":"gagnez-un-sejour-pour-2-personnes","status":"publish","type":"page","link":"https:\/\/2020.europeangayskiweek.com\/fr\/gagnez-un-sejour-pour-2-personnes\/","title":{"rendered":"Gagnez un s\u00e9jour pour 2 personnes"},"content":{"rendered":"<section class=\"kc-elm kc-css-600058 kc_row\"><div class=\"kc-row-container  kc-container\"><div class=\"kc-wrap-columns\"><div class=\"kc-elm kc-css-91078 kc_col-sm-12 kc_column kc_col-sm-12\"><div class=\"kc-col-container\"><div class=\"kc-elm kc-css-298799 kc_shortcode kc_single_image\">\n\n        <img src=\"https:\/\/cdn.europeangayskiweek.com\/wp\/uploads\/2019\/08\/2020-comp-share-accomm-fr.jpg\" class=\"\" alt=\"\" \/>    <\/div>\n<div class=\"kc-elm kc-css-136994 kc_row kc_row_inner\"><div class=\"kc-elm kc-css-706772 kc_col-sm-2 kc_column_inner kc_col-sm-2\"><div class=\"kc_wrapper kc-col-inner-container\"><\/div><\/div><div class=\"kc-elm kc-css-365166 kc_col-sm-8 kc_column_inner kc_col-sm-8\"><div class=\"kc_wrapper kc-col-inner-container\"><div class=\"kc-elm kc-css-757552\" style=\"height: 20px; clear: both; width:100%;\"><\/div><div class=\"kc-elm kc-css-629521 kc_text_block\"><\/p>\n<h1 style=\"text-align: center;\"><span style=\"color: #ff6600;\">GAGNEZ UN S\u00c9JOUR POUR 2!<\/span><\/h1>\n<p>Participez au concours simplement en remplissant le formulaire ci-dessous avec vos nom, pr\u00e9nom, date de naissance et genre et vous pourriez gagner un s\u00e9jour pour deux parsonnes \u00e0 European Gay Ski Week aux Arcs du 21 au 28 mars 2020.<\/p>\n<p>Le prix comprend 7 nuits en h\u00e9bergement partag\u00e9, le forfait de ski Paradiski 6 jours, le pass \u00e9v\u00e9nement, le mat\u00e9riel de ski et les transferts aller-retour de l&rsquo;a\u00e9roport de Gen\u00e8ve si n\u00e9cessaire, le tout pour deux personnes.<\/p>\n<h3 style=\"text-align: center;\"><span style=\"color: #ff6600;\">Inscrivez-vous maintenant pour tenter votre chance !<\/span><\/h3>\n<p>\n<\/div><div class=\"kc-elm kc-css-865920\" style=\"height: 20px; clear: both; width:100%;\"><\/div><\/div><\/div><div class=\"kc-elm kc-css-696586 kc_col-of-5 kc_column_inner kc_col-of-5\"><div class=\"kc_wrapper kc-col-inner-container\"><\/div><\/div><\/div><div class=\"kc-elm kc-css-106948 kc_row kc_row_inner\"><div class=\"kc-elm kc-css-411322 kc_col-sm-3 kc_column_inner kc_col-sm-3\"><div class=\"kc_wrapper kc-col-inner-container\"><\/div><\/div><div class=\"kc-elm kc-css-267465 kc_col-sm-6 kc_column_inner kc_col-sm-6\"><div class=\"kc_wrapper kc-col-inner-container\"><div class=\"kc-elm kc-css-222013\" style=\"height: 20px; clear: both; width:100%;\"><\/div><div class=\"kc-elm kc-css-15344\" style=\"height: 20px; clear: both; width:100%;\"><\/div><\/div><\/div><div class=\"kc-elm kc-css-153431 kc_col-sm-3 kc_column_inner kc_col-sm-3\"><div class=\"kc_wrapper kc-col-inner-container\"><\/div><\/div><\/div><\/div><\/div><\/div><\/div><\/section>\n","protected":false},"excerpt":{"rendered":"<p> [&#8230;]<\/p>\n<p><a class=\"btn btn-secondary understrap-read-more-link\" href=\"https:\/\/2020.europeangayskiweek.com\/fr\/gagnez-un-sejour-pour-2-personnes\/\">Lire la suite&#8230;<\/a><\/p>\n","protected":false},"author":10,"featured_media":14635,"parent":0,"menu_order":0,"comment_status":"closed","ping_status":"closed","template":"page-templates\/fullwidthpage-noheader.php","meta":[],"yoast_head":"<!-- This site is optimized with the Yoast SEO plugin v19.6 - https:\/\/yoast.com\/wordpress\/plugins\/seo\/ -->\n<title>Gagnez un s\u00e9jour pour 2 personnes - European Gay Ski Week - Les Arcs Paradiski - 21-28 March 2020<\/title>\n<meta name=\"robots\" content=\"index, follow, max-snippet:-1, max-image-preview:large, max-video-preview:-1\" \/>\n<link rel=\"canonical\" href=\"https:\/\/2020.europeangayskiweek.com\/fr\/gagnez-un-sejour-pour-2-personnes\/\" \/>\n<meta property=\"og:locale\" content=\"fr_FR\" \/>\n<meta property=\"og:type\" content=\"article\" \/>\n<meta property=\"og:title\" content=\"Gagnez un s\u00e9jour pour 2 personnes - European Gay Ski Week - Les Arcs Paradiski - 21-28 March 2020\" \/>\n<meta property=\"og:description\" content=\"GAGNEZ UN S\u00c9JOUR POUR 2! Participez au concours simplement en remplissant le formulaire ci-dessous avec vos nom, pr\u00e9nom, date de naissance et genre et vous pourriez gagner un s\u00e9jour pour deux parsonnes \u00e0 European Gay Ski Week aux Arcs du 21 au 28 mars 2020. Le prix comprend 7 nuits en h\u00e9bergement partag\u00e9, le forfait [...]Lire la suite...\" \/>\n<meta property=\"og:url\" content=\"https:\/\/2020.europeangayskiweek.com\/fr\/gagnez-un-sejour-pour-2-personnes\/\" \/>\n<meta property=\"og:site_name\" content=\"European Gay Ski Week - Les Arcs Paradiski - 21-28 March 2020\" \/>\n<meta property=\"article:publisher\" content=\"https:\/\/www.facebook.com\/EuropeanGaySkiWeek\/\" \/>\n<meta property=\"article:modified_time\" content=\"2019-08-02T07:54:16+00:00\" \/>\n<meta property=\"og:image\" content=\"https:\/\/cdn.europeangayskiweek.com\/wp\/uploads\/2019\/12\/facebook_og.jpg\" \/>\n<meta name=\"twitter:card\" content=\"summary_large_image\" \/>\n<meta name=\"twitter:site\" content=\"@EuropeanGaySkiW\" \/>\n<meta name=\"twitter:label1\" content=\"Dur\u00e9e de lecture estim\u00e9e\" \/>\n\t<meta name=\"twitter:data1\" content=\"1 minute\" \/>\n<script type=\"application\/ld+json\" class=\"yoast-schema-graph\">{\"@context\":\"https:\/\/schema.org\",\"@graph\":[{\"@type\":\"WebPage\",\"@id\":\"https:\/\/2020.europeangayskiweek.com\/fr\/gagnez-un-sejour-pour-2-personnes\/\",\"url\":\"https:\/\/2020.europeangayskiweek.com\/fr\/gagnez-un-sejour-pour-2-personnes\/\",\"name\":\"Gagnez un s\u00e9jour pour 2 personnes - European Gay Ski Week - Les Arcs Paradiski - 21-28 March 2020\",\"isPartOf\":{\"@id\":\"https:\/\/2020.europeangayskiweek.com\/#website\"},\"datePublished\":\"2018-09-20T17:36:43+00:00\",\"dateModified\":\"2019-08-02T07:54:16+00:00\",\"breadcrumb\":{\"@id\":\"https:\/\/2020.europeangayskiweek.com\/fr\/gagnez-un-sejour-pour-2-personnes\/#breadcrumb\"},\"inLanguage\":\"fr-FR\",\"potentialAction\":[{\"@type\":\"ReadAction\",\"target\":[\"https:\/\/2020.europeangayskiweek.com\/fr\/gagnez-un-sejour-pour-2-personnes\/\"]}]},{\"@type\":\"BreadcrumbList\",\"@id\":\"https:\/\/2020.europeangayskiweek.com\/fr\/gagnez-un-sejour-pour-2-personnes\/#breadcrumb\",\"itemListElement\":[{\"@type\":\"ListItem\",\"position\":1,\"name\":\"Home\",\"item\":\"https:\/\/2020.europeangayskiweek.com\/fr\/\"},{\"@type\":\"ListItem\",\"position\":2,\"name\":\"Gagnez un s\u00e9jour pour 2 personnes\"}]},{\"@type\":\"WebSite\",\"@id\":\"https:\/\/2020.europeangayskiweek.com\/#website\",\"url\":\"https:\/\/2020.europeangayskiweek.com\/\",\"name\":\"European Gay Ski Week | The Biggest Gay Winter Sports and Music Festival | Les Arcs Paradiski | 21-28 March 2020\",\"description\":\"Europe&#039;s N\u00b01 Gay Winter Sports &amp; Music Festival | Les Arcs - Arc 1950 &amp; Arc 2000 - Paradiski | European Gay Ski Week with International DJs &amp; Artists | BOOK NOW!\",\"publisher\":{\"@id\":\"https:\/\/2020.europeangayskiweek.com\/#organization\"},\"potentialAction\":[{\"@type\":\"SearchAction\",\"target\":{\"@type\":\"EntryPoint\",\"urlTemplate\":\"https:\/\/2020.europeangayskiweek.com\/?s={search_term_string}\"},\"query-input\":\"required name=search_term_string\"}],\"inLanguage\":\"fr-FR\"},{\"@type\":\"Organization\",\"@id\":\"https:\/\/2020.europeangayskiweek.com\/#organization\",\"name\":\"European Gay Ski Week\",\"url\":\"https:\/\/2020.europeangayskiweek.com\/\",\"sameAs\":[\"https:\/\/www.instagram.com\/europeangayskiweek\/\",\"https:\/\/www.youtube.com\/user\/JonHuntEGSW\",\"https:\/\/www.facebook.com\/EuropeanGaySkiWeek\/\",\"https:\/\/twitter.com\/EuropeanGaySkiW\"],\"logo\":{\"@type\":\"ImageObject\",\"inLanguage\":\"fr-FR\",\"@id\":\"https:\/\/2020.europeangayskiweek.com\/#\/schema\/logo\/image\/\",\"url\":\"https:\/\/cdn.europeangayskiweek.com\/wp\/uploads\/2019\/06\/EGSW-Dateless-Black-02b.png\",\"contentUrl\":\"https:\/\/cdn.europeangayskiweek.com\/wp\/uploads\/2019\/06\/EGSW-Dateless-Black-02b.png\",\"width\":1346,\"height\":442,\"caption\":\"European Gay Ski Week\"},\"image\":{\"@id\":\"https:\/\/2020.europeangayskiweek.com\/#\/schema\/logo\/image\/\"}}]}<\/script>\n<!-- \/ Yoast SEO plugin. -->","yoast_head_json":{"title":"Gagnez un s\u00e9jour pour 2 personnes - European Gay Ski Week - Les Arcs Paradiski - 21-28 March 2020","robots":{"index":"index","follow":"follow","max-snippet":"max-snippet:-1","max-image-preview":"max-image-preview:large","max-video-preview":"max-video-preview:-1"},"canonical":"https:\/\/2020.europeangayskiweek.com\/fr\/gagnez-un-sejour-pour-2-personnes\/","og_locale":"fr_FR","og_type":"article","og_title":"Gagnez un s\u00e9jour pour 2 personnes - European Gay Ski Week - Les Arcs Paradiski - 21-28 March 2020","og_description":"GAGNEZ UN S\u00c9JOUR POUR 2! Participez au concours simplement en remplissant le formulaire ci-dessous avec vos nom, pr\u00e9nom, date de naissance et genre et vous pourriez gagner un s\u00e9jour pour deux parsonnes \u00e0 European Gay Ski Week aux Arcs du 21 au 28 mars 2020. Le prix comprend 7 nuits en h\u00e9bergement partag\u00e9, le forfait [...]Lire la suite...","og_url":"https:\/\/2020.europeangayskiweek.com\/fr\/gagnez-un-sejour-pour-2-personnes\/","og_site_name":"European Gay Ski Week - Les Arcs Paradiski - 21-28 March 2020","article_publisher":"https:\/\/www.facebook.com\/EuropeanGaySkiWeek\/","article_modified_time":"2019-08-02T07:54:16+00:00","og_image":[{"url":"https:\/\/cdn.europeangayskiweek.com\/wp\/uploads\/2019\/12\/facebook_og.jpg"}],"twitter_card":"summary_large_image","twitter_site":"@EuropeanGaySkiW","twitter_misc":{"Dur\u00e9e de lecture estim\u00e9e":"1 minute"},"schema":{"@context":"https:\/\/schema.org","@graph":[{"@type":"WebPage","@id":"https:\/\/2020.europeangayskiweek.com\/fr\/gagnez-un-sejour-pour-2-personnes\/","url":"https:\/\/2020.europeangayskiweek.com\/fr\/gagnez-un-sejour-pour-2-personnes\/","name":"Gagnez un s\u00e9jour pour 2 personnes - European Gay Ski Week - Les Arcs Paradiski - 21-28 March 2020","isPartOf":{"@id":"https:\/\/2020.europeangayskiweek.com\/#website"},"datePublished":"2018-09-20T17:36:43+00:00","dateModified":"2019-08-02T07:54:16+00:00","breadcrumb":{"@id":"https:\/\/2020.europeangayskiweek.com\/fr\/gagnez-un-sejour-pour-2-personnes\/#breadcrumb"},"inLanguage":"fr-FR","potentialAction":[{"@type":"ReadAction","target":["https:\/\/2020.europeangayskiweek.com\/fr\/gagnez-un-sejour-pour-2-personnes\/"]}]},{"@type":"BreadcrumbList","@id":"https:\/\/2020.europeangayskiweek.com\/fr\/gagnez-un-sejour-pour-2-personnes\/#breadcrumb","itemListElement":[{"@type":"ListItem","position":1,"name":"Home","item":"https:\/\/2020.europeangayskiweek.com\/fr\/"},{"@type":"ListItem","position":2,"name":"Gagnez un s\u00e9jour pour 2 personnes"}]},{"@type":"WebSite","@id":"https:\/\/2020.europeangayskiweek.com\/#website","url":"https:\/\/2020.europeangayskiweek.com\/","name":"European Gay Ski Week | The Biggest Gay Winter Sports and Music Festival | Les Arcs Paradiski | 21-28 March 2020","description":"Europe&#039;s N\u00b01 Gay Winter Sports &amp; Music Festival | Les Arcs - Arc 1950 &amp; Arc 2000 - Paradiski | European Gay Ski Week with International DJs &amp; Artists | BOOK NOW!","publisher":{"@id":"https:\/\/2020.europeangayskiweek.com\/#organization"},"potentialAction":[{"@type":"SearchAction","target":{"@type":"EntryPoint","urlTemplate":"https:\/\/2020.europeangayskiweek.com\/?s={search_term_string}"},"query-input":"required name=search_term_string"}],"inLanguage":"fr-FR"},{"@type":"Organization","@id":"https:\/\/2020.europeangayskiweek.com\/#organization","name":"European Gay Ski Week","url":"https:\/\/2020.europeangayskiweek.com\/","sameAs":["https:\/\/www.instagram.com\/europeangayskiweek\/","https:\/\/www.youtube.com\/user\/JonHuntEGSW","https:\/\/www.facebook.com\/EuropeanGaySkiWeek\/","https:\/\/twitter.com\/EuropeanGaySkiW"],"logo":{"@type":"ImageObject","inLanguage":"fr-FR","@id":"https:\/\/2020.europeangayskiweek.com\/#\/schema\/logo\/image\/","url":"https:\/\/cdn.europeangayskiweek.com\/wp\/uploads\/2019\/06\/EGSW-Dateless-Black-02b.png","contentUrl":"https:\/\/cdn.europeangayskiweek.com\/wp\/uploads\/2019\/06\/EGSW-Dateless-Black-02b.png","width":1346,"height":442,"caption":"European Gay Ski Week"},"image":{"@id":"https:\/\/2020.europeangayskiweek.com\/#\/schema\/logo\/image\/"}}]}},"_links":{"self":[{"href":"https:\/\/2020.europeangayskiweek.com\/fr\/wp-json\/wp\/v2\/pages\/14638"}],"collection":[{"href":"https:\/\/2020.europeangayskiweek.com\/fr\/wp-json\/wp\/v2\/pages"}],"about":[{"href":"https:\/\/2020.europeangayskiweek.com\/fr\/wp-json\/wp\/v2\/types\/page"}],"author":[{"embeddable":true,"href":"https:\/\/2020.europeangayskiweek.com\/fr\/wp-json\/wp\/v2\/users\/10"}],"replies":[{"embeddable":true,"href":"https:\/\/2020.europeangayskiweek.com\/fr\/wp-json\/wp\/v2\/comments?post=14638"}],"version-history":[{"count":3,"href":"https:\/\/2020.europeangayskiweek.com\/fr\/wp-json\/wp\/v2\/pages\/14638\/revisions"}],"predecessor-version":[{"id":14639,"href":"https:\/\/2020.europeangayskiweek.com\/fr\/wp-json\/wp\/v2\/pages\/14638\/revisions\/14639"}],"wp:featuredmedia":[{"embeddable":true,"href":"https:\/\/2020.europeangayskiweek.com\/fr\/wp-json\/wp\/v2\/media\/14635"}],"wp:attachment":[{"href":"https:\/\/2020.europeangayskiweek.com\/fr\/wp-json\/wp\/v2\/media?parent=14638"}],"curies":[{"name":"wp","href":"https:\/\/api.w.org\/{rel}","templated":true}]}}