{"id":14551,"date":"2019-07-29T17:55:56","date_gmt":"2019-07-29T16:55:56","guid":{"rendered":"https:\/\/e20.europeangayskiweek.com\/?page_id=14551"},"modified":"2019-08-02T07:59:36","modified_gmt":"2019-08-02T06:59:36","slug":"gagner-un-sejour-pour-2-personnes-reglement","status":"publish","type":"page","link":"https:\/\/2020.europeangayskiweek.com\/fr\/gagner-un-sejour-pour-2-personnes-reglement\/","title":{"rendered":"Gagner un S\u00e9jour pour 2 personnes &#8211; R\u00e8glement"},"content":{"rendered":"<section class=\"kc-elm kc-css-269125 kc_row\"><div class=\"kc-row-container  kc-container\"><div class=\"kc-wrap-columns\"><div class=\"kc-elm kc-css-661963 kc_col-sm-8 kc_column kc_col-sm-8\"><div class=\"kc-col-container\"><div class=\"kc-elm kc-css-524019 kc_text_block\"><\/p>\n<p class=\"western\"><span lang=\"fr-FR\">Tirage au sort \u2013 r\u00e8glement<\/span><\/p>\n<ol>\n<li>\n<p class=\"western\"><span lang=\"fr-FR\">Le tirage au sort (le \u201cTirage au Sort\u201d) est ouvert aux personnes majeures de 18 ans ou plus qui renseignent leur adresse email apr\u00e8s avoir r\u00e9pondu au questionnaire.<\/span><\/p>\n<\/li>\n<li>\n<p class=\"western\"><span lang=\"fr-FR\">Les employ\u00e9s ou sous-traitants de Anthony Grosvenor Holdings Limited (\u201cAGHL\u201d, \u201cNous\u201d), de ses soci\u00e9t\u00e9s, ou leur membres de leurs famille, ou quiconque impliqu\u00e9s dans le Tirage au Sort ne peut pas participer au Tirage au Sort.<\/span><\/p>\n<\/li>\n<li>\n<p class=\"western\"><span lang=\"fr-FR\">Les participants sont consid\u00e9r\u00e9s comme ayant lu et accept\u00e9 le pr\u00e9sent r\u00e8glement.<\/span><\/p>\n<\/li>\n<li>\n<p class=\"western\"><span lang=\"fr-FR\">En renseignant vos donn\u00e9es personnelles, vous acceptez de recevoir des messages \u00e9lectroniques de la part de AGHL contenant des offres et d\u00e9veloppements que nous pensons peuvent vous int\u00e9resser. Vous aurez la possibilit\u00e9 de vous d\u00e9sinscrire \u00e0 chaque message.<\/span><\/p>\n<\/li>\n<li>\n<p class=\"western\"><span lang=\"fr-FR\">Pour participer au Tirage au Sort, vous devez vous inscrire \u00e0 notre liste de diffusion, renseignant votre nom complet, date de naissance, pays de r\u00e9sidence et adresse email. Il n\u2019y a aucune obligation d\u2019achat. Si vous avez des questions sur comment participer ou \u00e0 propos du Tirage au Sort, vous pouvez nous contacter par mail \u00e0 <\/span><span style=\"color: #000080;\"><span lang=\"zxx\"><u><a href=\"mailto:info@egsw.eu\"><span lang=\"fr-FR\">info@egsw.eu<\/span><\/a><\/u><\/span><\/span><span lang=\"fr-FR\">.<\/span><\/p>\n<\/li>\n<li>\n<p class=\"western\"><span lang=\"fr-FR\">Une seule participation par personne. Les participations pour une tiers personne ne sont pas autoris\u00e9es, ni les participations conjointes.<\/span><\/p>\n<\/li>\n<li>\n<p class=\"western\"><span lang=\"fr-FR\">AGHL n\u2019est pas responsable des participations perdues, retard\u00e9es, mal rout\u00e9es ou non enregistr\u00e9es, ou incompl\u00e8tes pour des raisons techniques ou toute autre raison. Une preuve de livraison de la participation n\u2019est pas une preuve de r\u00e9ception de la part d\u2019AGHL.<\/span><\/p>\n<\/li>\n<li>\n<p class=\"western\"><span lang=\"fr-FR\">L<\/span><span lang=\"fr-FR\">e<\/span><span lang=\"fr-FR\"> Tirage au Sort <\/span><span lang=\"fr-FR\">aura lieu au plus tard le 1<\/span><sup><span lang=\"fr-FR\">er<\/span><\/sup><span lang=\"fr-FR\"> f\u00e9vrier 2020<\/span><span lang=\"fr-FR\">. Les participations re\u00e7ues apr\u00e8s cette date ne seront pas prises en compte.<\/span><\/p>\n<\/li>\n<li>\n<p class=\"western\"><span lang=\"fr-FR\">Un gagnant sera d\u00e9termin\u00e9 par tirage au sort parmi les participations re\u00e7ues selon ce r\u00e8glement. Le tirage au sort sera r\u00e9alis\u00e9 par ordinateur. Le tirage aura lieu le [DATE].<\/span><\/p>\n<\/li>\n<li>\n<p class=\"western\"><span lang=\"fr-FR\">Le gagnant recevra un s\u00e9jour pour deux personne tel que d\u00e9crit sur la page ou sur le formulaire sur lequel il a enregistr\u00e9 sa participation.<\/span><\/p>\n<\/li>\n<li>\n<p class=\"western\"><span lang=\"fr-FR\">Il est de la responsabilit\u00e9 du gagnant de se rendre disponible aux dates de l\u2019\u00e9v\u00e9nement pour pouvoir voyager jusqu\u2019\u00e0 lieu de l\u2019\u00e9v\u00e9nement. <\/span><span lang=\"fr-FR\">Il est \u00e9galement de la responsabilit\u00e9 du gagnant de v\u00e9rifier les formalit\u00e9s de voyage auquel il\/elle pourrait \u00eatre soumis, et de s\u2019assurer de pouvoir r\u00e9aliser les d\u00e9marche de passeport et visa si n\u00e9cessaire par exemple. AGHL n\u2019offre pas d\u2019assistance en ce qui concerne ces formalit\u00e9s, et ne pourra pas \u00eatre tenu responsable si le gagnant ne pouvait r\u00e9aliser le voyage. <\/span><span lang=\"fr-FR\">Aucun remboursement, \u00e9change ou annulation n\u2019est possible si le gagnant ne pouvait voyager ou pour toute autre raison.<\/span><\/p>\n<\/li>\n<li>\n<p class=\"western\"><span lang=\"fr-FR\">AGHL n\u2019est pas responsable pour les frais engag\u00e9s pour le voyage ou tout autre frais associ\u00e9 au prix gagn\u00e9 (incluant, sans que cela y soit limit\u00e9, le voyage \u00e0 l\u2019a\u00e9roport de Gen\u00e8ve ou la station de ski).<\/span><\/p>\n<\/li>\n<li>\n<p class=\"western\"><span lang=\"fr-FR\">AGHL n\u2019est pas responsable pour les inconv\u00e9nient, blessure, ou d\u00e9c\u00e8s survenu lors du voyage ou des activit\u00e9s pratiqu\u00e9es par le gagnant lors du voyage ou des arrangements pris par le gagnant pour r\u00e9aliser le voyage. Il est fortement recommander de souscrire \u00e0 une assurance voyage sp\u00e9cifique.<\/span><\/p>\n<\/li>\n<li>\n<p class=\"western\"><span lang=\"fr-FR\">Le gagnant sera inform\u00e9 par mail au plus tard le <\/span><span lang=\"fr-FR\">1<\/span><sup><span lang=\"fr-FR\">er<\/span><\/sup><span lang=\"fr-FR\"> f\u00e9vrier 2020<\/span><span lang=\"fr-FR\"> et doit pouvoir donner son adresse postale et une pi\u00e8ce d\u2019identit\u00e9 en cours de validit\u00e9 pour recevoir son prix. Si le gagnant ne r\u00e9pond pas \u00e0 AGHL dans les 5 jours apr\u00e8s avoir \u00e9t\u00e9 inform\u00e9 de son gain, le gain sera r\u00e9put\u00e9 d\u00e9clin\u00e9 et AGHL pourra s\u00e9lectionner un autre gagnant de la mani\u00e8re d\u00e9crite ci-dessus (ce nouveau gagnant sera alors soumis \u00e0 la m\u00eame r\u00e8gle ici d\u00e9crite). Si le gagnant renonce \u00e0 son gain ou si la participation est invalide ou ne respecte pas ce pr\u00e9sent r\u00e8glement, le gain sera annul\u00e9 et AGHL pourra s\u00e9lectionner un nouveau gagnant. <\/span><\/p>\n<\/li>\n<li>\n<p class=\"western\"><span lang=\"fr-FR\">Le gain sera remis au gagnant par email sous la forme d\u2019un carnet de voyage\/bon d\u2019\u00e9change.<\/span><\/p>\n<\/li>\n<li>\n<p class=\"western\"><a name=\"__DdeLink__7_2009887616\"><\/a> <span lang=\"fr-FR\">Le nom et pays de r\u00e9sidence du gagnant peut \u00eatre obtenu apr\u00e8s le <\/span><span lang=\"fr-FR\">21 mars 2020<\/span><span lang=\"fr-FR\"> par simple demande \u00e9crite accompagn\u00e9e d\u2019une enveloppe timbr\u00e9e adress\u00e9e \u00e0 <\/span>Anthony Grosvenor Holdings Limited, 13 Queens Road, Bournemouth BH2 6BA, United Kingdom.<\/p>\n<\/li>\n<li>\n<p class=\"western\"><span lang=\"fr-FR\">Le gain n\u2019est ni \u00e9changeable, ni transf\u00e9rable, ni convertible en esp\u00e8ces ou tout autre gain.<\/span><\/p>\n<\/li>\n<li>\n<p class=\"western\"><span lang=\"fr-FR\">AGHL se r\u00e9serve le droit de substituer le gain par un autre gain de valeur similaire si le gain original devait ne plus \u00eatre disponible.<\/span><\/p>\n<\/li>\n<li>\n<p class=\"western\"><span lang=\"fr-FR\">Le gagnant accepte de participer \u00e0 d\u2019\u00e9ventuelles op\u00e9rations promotionnelles li\u00e9es au Tirage eu Sort dans la mesure de la demande raisonnable de AGHL. Le gagnant consent \u00e0 l\u2019utilisation de sa voix, son image, et son nom par AGHL et ses soci\u00e9t\u00e9s avant et apr\u00e8s la date de cl\u00f4ture et sans limite de dur\u00e9e \u00e0 des fins publicitaires (sur tout support, incluant films, photographie, et sur Internet, incluant tous les sites de AGHL et de ses soci\u00e9t\u00e9s) sans compensation suppl\u00e9mentaires ou pr\u00e9avis et, en participant au Tirage au Sort, tous les participants acceptent ces conditions.<\/span><\/p>\n<\/li>\n<li>\n<p class=\"western\"><span lang=\"fr-FR\">AGHL utilisera et conservera les donn\u00e9es personnelles renseignez dans le cadre d\u00e9crit dans la politique de confidentialit\u00e9 disponible sur notre site, en accord avec le r\u00e9glementation sur la protection des donn\u00e9es. En participant au Tirage au Sort, vous acceptez l\u2019enregistrement, la conservation et l\u2019usage et le partage de vos informations personnelles dans le but de vous contacter \u00e0 propos de votre participation au Tirage au Sort, et dans le cadre du paragraphe 14.<\/span><\/p>\n<\/li>\n<li>\n<p class=\"western\"><span lang=\"fr-FR\">AGHL n\u2019est pas responsable en cas de dommage, perte, blessure ou d\u00e9ception caus\u00e9s ou soufferts par vous en cons\u00e9quence de la participation au Tirage au Sort ou en acceptant le prix. AGHL n\u2019est pas responsable en cas de dommage, blessure \u00e0 votre ordinateur ou celui d\u2019une autre personne en relation ou r\u00e9sultant de votre participation ou en t\u00e9l\u00e9chargeant des contenus en relation avec le Tirage au Sort. Rien dans ce r\u00e8glement ne pourrait exclure la responsabilit\u00e9 de AGHL en cas de d\u00e9c\u00e8s, blessure personnelle, fraude ou repr\u00e9sentation frauduleuse r\u00e9sultant de sa n\u00e9gligence.<\/span><\/p>\n<\/li>\n<li>\n<p class=\"western\"><span lang=\"fr-FR\">AGHL se r\u00e9serve le droit \u00e0 tout moment de modifier, interrompre temporairement ou d\u00e9finitivement ce Tirage au Sort, avec ou sans pr\u00e9avis en cons\u00e9quence de raisons hors de son contr\u00f4le (incluant, sans s\u2019y limiter, en cas de fraude anticip\u00e9e, suspect\u00e9e ou av\u00e9r\u00e9e). La d\u00e9cision de AGHL de tout ce qui est sous son contr\u00f4le est d\u00e9finitif et engageant, et aucune correspondance ne sera impliqu\u00e9e.<\/span><\/p>\n<\/li>\n<li>\n<p class=\"western\"><span lang=\"fr-FR\">AGHL n\u2019est pas responsable pour faillir \u00e0 ses obligations dans le cas d\u2019une cause ext\u00e9rieure, \u00e9chappant de mani\u00e8re raisonnable \u00e0 son contr\u00f4le. De telle circonstance incluent, sans s\u2019y limiter, aux conditions m\u00e9t\u00e9orologiques, feu, inondation, ouragan, gr\u00e8ve, d\u00e9saccord commercial, guerre, hostilit\u00e9s, instabilit\u00e9 politique, \u00e9meute, r\u00e9volte, accident in\u00e9vitable, l\u00e9gislation survenante, ou toute autre circonstance relevant de la force majeure.<\/span><\/p>\n<\/li>\n<li>\n<p class=\"western\"><span lang=\"fr-FR\">Le Tirage au Sort se soumet aux lois anglaises et les participants au Tirage au Sort se soumettent \u00e0 la juridiction de la court de justice anglaise.<\/span><\/p>\n<\/li>\n<li>\n<p class=\"western\"><span lang=\"fr-FR\">Organisteur\u00a0: <\/span>Anthony Grosvenor Holdings Limited, 13 Queens Road, Bournemouth BH2 6BA, Royaume Uni.<\/p>\n<\/li>\n<\/ol>\n<p><!-- 034b280dca535e936741a525a4082aa1 --><\/p>\n<p>\n<\/div><\/div><\/div><div class=\"kc-elm kc-css-28556 kc_col-sm-4 kc_column kc_col-sm-4\"><div class=\"kc-col-container\"><div class=\"kc-elm kc-css-706243 widget-area kc-wp-sidebar\"><aside id=\"nav_menu-12\" class=\"widget widget_nav_menu\"><h3 class=\"widget-title\">Le Petit Menu<\/h3><div class=\"menu-right-sidebar-main-french-container\"><ul id=\"menu-right-sidebar-main-french\" class=\"menu\"><li id=\"menu-item-13892\" class=\"menu-item menu-item-type-post_type menu-item-object-page menu-item-13892\"><a href=\"https:\/\/2020.europeangayskiweek.com\/fr\/how-to-book\/\">Comment R\u00e9server ?<\/a><\/li>\n<li id=\"menu-item-13893\" class=\"menu-item menu-item-type-post_type menu-item-object-page menu-item-13893\"><a href=\"https:\/\/2020.europeangayskiweek.com\/fr\/foire-aux-questions\/\">Foire aux Questions<\/a><\/li>\n<li id=\"menu-item-13894\" class=\"menu-item menu-item-type-post_type menu-item-object-page menu-item-13894\"><a href=\"https:\/\/2020.europeangayskiweek.com\/fr\/ski-week-virgin\/\">Ski Week Virgin<\/a><\/li>\n<li id=\"menu-item-13895\" class=\"menu-item menu-item-type-post_type menu-item-object-page menu-item-13895\"><a href=\"https:\/\/2020.europeangayskiweek.com\/fr\/accommodation-price-promise\/\">Garantie Prix<\/a><\/li>\n<li id=\"menu-item-13896\" class=\"menu-item menu-item-type-post_type menu-item-object-page menu-item-13896\"><a href=\"https:\/\/2020.europeangayskiweek.com\/fr\/snow-miles\/\">Snow Miles<\/a><\/li>\n<li id=\"menu-item-13897\" class=\"menu-item menu-item-type-post_type menu-item-object-page menu-item-13897\"><a href=\"https:\/\/2020.europeangayskiweek.com\/fr\/ski-week-virgin\/egsw-tokens\/\">EGSW Token System<\/a><\/li>\n<li id=\"menu-item-13898\" class=\"menu-item menu-item-type-post_type menu-item-object-page menu-item-13898\"><a href=\"https:\/\/2020.europeangayskiweek.com\/fr\/contact\/\">Contact<\/a><\/li>\n<\/ul><\/div><\/aside><aside id=\"nav_menu-13\" class=\"widget widget_nav_menu\"><h3 class=\"widget-title\">Les Petites Lettres<\/h3><div class=\"menu-right-sidebar-sub-french-container\"><ul id=\"menu-right-sidebar-sub-french\" class=\"menu\"><li id=\"menu-item-13888\" class=\"menu-item menu-item-type-post_type menu-item-object-page menu-item-13888\"><a href=\"https:\/\/2020.europeangayskiweek.com\/fr\/privacy-policy\/\">Politique de Confidentialit\u00e9<\/a><\/li>\n<li id=\"menu-item-13889\" class=\"menu-item menu-item-type-post_type menu-item-object-page menu-item-13889\"><a href=\"https:\/\/2020.europeangayskiweek.com\/fr\/website-terms\/\">Conditions G\u00e9n\u00e9rales de R\u00e9servation<\/a><\/li>\n<li id=\"menu-item-13890\" class=\"menu-item menu-item-type-post_type menu-item-object-page menu-item-13890\"><a href=\"https:\/\/2020.europeangayskiweek.com\/fr\/snow-miles-terms\/\">Conditions G\u00e9n\u00e9rales Snow Miles<\/a><\/li>\n<li id=\"menu-item-13891\" class=\"menu-item menu-item-type-post_type menu-item-object-page menu-item-13891\"><a href=\"https:\/\/2020.europeangayskiweek.com\/fr\/egsw-price-promise-terms\/\">Conditions g\u00e9n\u00e9rales de la Garantie Prix<\/a><\/li>\n<\/ul><\/div><\/aside><aside id=\"text-13\" class=\"widget widget_text\">\t\t\t<div class=\"textwidget\"><p style=\"text-align: center;\"><img loading=\"lazy\" class=\"alignnone size-full wp-image-13517\" src=\"https:\/\/cdn.europeangayskiweek.com\/wp\/uploads\/2019\/06\/outlined-big-boy-skis.png\" alt=\"\" width=\"460\" height=\"888\" srcset=\"https:\/\/cdn.europeangayskiweek.com\/wp\/uploads\/2019\/06\/outlined-big-boy-skis.png 460w, https:\/\/cdn.europeangayskiweek.com\/wp\/uploads\/2019\/06\/outlined-big-boy-skis-155x300.png 155w, https:\/\/cdn.europeangayskiweek.com\/wp\/uploads\/2019\/06\/outlined-big-boy-skis-233x450.png 233w\" sizes=\"(max-width: 460px) 100vw, 460px\" \/><\/p>\n<\/div>\n\t\t<\/aside><\/div><\/div><\/div><\/div><\/div><\/section>\n","protected":false},"excerpt":{"rendered":"<p> [&#8230;]<\/p>\n<p><a class=\"btn btn-secondary understrap-read-more-link\" href=\"https:\/\/2020.europeangayskiweek.com\/fr\/gagner-un-sejour-pour-2-personnes-reglement\/\">Lire la suite&#8230;<\/a><\/p>\n","protected":false},"author":10,"featured_media":0,"parent":0,"menu_order":3,"comment_status":"closed","ping_status":"closed","template":"page-templates\/fullwidthpage-upto1440.php","meta":[],"yoast_head":"<!-- This site is optimized with the Yoast SEO plugin v19.6 - https:\/\/yoast.com\/wordpress\/plugins\/seo\/ -->\n<title>Gagner un S\u00e9jour pour 2 personnes - R\u00e8glement - European Gay Ski Week - Les Arcs Paradiski - 21-28 March 2020<\/title>\n<meta name=\"description\" content=\"Europe&#039;s No1 Gay Ski Week | Best Accommodation | Arc 1950 &amp; 2000 | Car Free, Ski-in Ski-out Locations, Short Distance to All Events &amp; Parties | BOOK NOW!\" \/>\n<meta name=\"robots\" content=\"index, follow, max-snippet:-1, max-image-preview:large, max-video-preview:-1\" \/>\n<link rel=\"canonical\" href=\"https:\/\/2020.europeangayskiweek.com\/fr\/gagner-un-sejour-pour-2-personnes-reglement\/\" \/>\n<meta property=\"og:locale\" content=\"fr_FR\" \/>\n<meta property=\"og:type\" content=\"article\" \/>\n<meta property=\"og:title\" content=\"Gagner un S\u00e9jour pour 2 personnes - R\u00e8glement - European Gay Ski Week - Les Arcs Paradiski - 21-28 March 2020\" \/>\n<meta property=\"og:description\" content=\"Europe&#039;s No1 Gay Ski Week | Best Accommodation | Arc 1950 &amp; 2000 | Car Free, Ski-in Ski-out Locations, Short Distance to All Events &amp; Parties | BOOK NOW!\" \/>\n<meta property=\"og:url\" content=\"https:\/\/2020.europeangayskiweek.com\/fr\/gagner-un-sejour-pour-2-personnes-reglement\/\" \/>\n<meta property=\"og:site_name\" content=\"European Gay Ski Week - Les Arcs Paradiski - 21-28 March 2020\" \/>\n<meta property=\"article:publisher\" content=\"https:\/\/www.facebook.com\/EuropeanGaySkiWeek\/\" \/>\n<meta property=\"article:modified_time\" content=\"2019-08-02T06:59:36+00:00\" \/>\n<meta property=\"og:image\" content=\"https:\/\/cdn.europeangayskiweek.com\/wp\/uploads\/2019\/12\/facebook_og.jpg\" \/>\n<meta name=\"twitter:card\" content=\"summary_large_image\" \/>\n<meta name=\"twitter:site\" content=\"@EuropeanGaySkiW\" \/>\n<meta name=\"twitter:label1\" content=\"Dur\u00e9e de lecture estim\u00e9e\" \/>\n\t<meta name=\"twitter:data1\" content=\"7 minutes\" \/>\n<script type=\"application\/ld+json\" class=\"yoast-schema-graph\">{\"@context\":\"https:\/\/schema.org\",\"@graph\":[{\"@type\":\"WebPage\",\"@id\":\"https:\/\/2020.europeangayskiweek.com\/fr\/gagner-un-sejour-pour-2-personnes-reglement\/\",\"url\":\"https:\/\/2020.europeangayskiweek.com\/fr\/gagner-un-sejour-pour-2-personnes-reglement\/\",\"name\":\"Gagner un S\u00e9jour pour 2 personnes - R\u00e8glement - European Gay Ski Week - Les Arcs Paradiski - 21-28 March 2020\",\"isPartOf\":{\"@id\":\"https:\/\/2020.europeangayskiweek.com\/#website\"},\"datePublished\":\"2019-07-29T16:55:56+00:00\",\"dateModified\":\"2019-08-02T06:59:36+00:00\",\"description\":\"Europe's No1 Gay Ski Week | Best Accommodation | Arc 1950 & 2000 | Car Free, Ski-in Ski-out Locations, Short Distance to All Events & Parties | BOOK NOW!\",\"breadcrumb\":{\"@id\":\"https:\/\/2020.europeangayskiweek.com\/fr\/gagner-un-sejour-pour-2-personnes-reglement\/#breadcrumb\"},\"inLanguage\":\"fr-FR\",\"potentialAction\":[{\"@type\":\"ReadAction\",\"target\":[\"https:\/\/2020.europeangayskiweek.com\/fr\/gagner-un-sejour-pour-2-personnes-reglement\/\"]}]},{\"@type\":\"BreadcrumbList\",\"@id\":\"https:\/\/2020.europeangayskiweek.com\/fr\/gagner-un-sejour-pour-2-personnes-reglement\/#breadcrumb\",\"itemListElement\":[{\"@type\":\"ListItem\",\"position\":1,\"name\":\"Home\",\"item\":\"https:\/\/2020.europeangayskiweek.com\/fr\/\"},{\"@type\":\"ListItem\",\"position\":2,\"name\":\"Gagner un S\u00e9jour pour 2 personnes &#8211; R\u00e8glement\"}]},{\"@type\":\"WebSite\",\"@id\":\"https:\/\/2020.europeangayskiweek.com\/#website\",\"url\":\"https:\/\/2020.europeangayskiweek.com\/\",\"name\":\"European Gay Ski Week | The Biggest Gay Winter Sports and Music Festival | Les Arcs Paradiski | 21-28 March 2020\",\"description\":\"Europe&#039;s N\u00b01 Gay Winter Sports &amp; Music Festival | Les Arcs - Arc 1950 &amp; Arc 2000 - Paradiski | European Gay Ski Week with International DJs &amp; Artists | BOOK NOW!\",\"publisher\":{\"@id\":\"https:\/\/2020.europeangayskiweek.com\/#organization\"},\"potentialAction\":[{\"@type\":\"SearchAction\",\"target\":{\"@type\":\"EntryPoint\",\"urlTemplate\":\"https:\/\/2020.europeangayskiweek.com\/?s={search_term_string}\"},\"query-input\":\"required name=search_term_string\"}],\"inLanguage\":\"fr-FR\"},{\"@type\":\"Organization\",\"@id\":\"https:\/\/2020.europeangayskiweek.com\/#organization\",\"name\":\"European Gay Ski Week\",\"url\":\"https:\/\/2020.europeangayskiweek.com\/\",\"sameAs\":[\"https:\/\/www.instagram.com\/europeangayskiweek\/\",\"https:\/\/www.youtube.com\/user\/JonHuntEGSW\",\"https:\/\/www.facebook.com\/EuropeanGaySkiWeek\/\",\"https:\/\/twitter.com\/EuropeanGaySkiW\"],\"logo\":{\"@type\":\"ImageObject\",\"inLanguage\":\"fr-FR\",\"@id\":\"https:\/\/2020.europeangayskiweek.com\/#\/schema\/logo\/image\/\",\"url\":\"https:\/\/cdn.europeangayskiweek.com\/wp\/uploads\/2019\/06\/EGSW-Dateless-Black-02b.png\",\"contentUrl\":\"https:\/\/cdn.europeangayskiweek.com\/wp\/uploads\/2019\/06\/EGSW-Dateless-Black-02b.png\",\"width\":1346,\"height\":442,\"caption\":\"European Gay Ski Week\"},\"image\":{\"@id\":\"https:\/\/2020.europeangayskiweek.com\/#\/schema\/logo\/image\/\"}}]}<\/script>\n<!-- \/ Yoast SEO plugin. -->","yoast_head_json":{"title":"Gagner un S\u00e9jour pour 2 personnes - R\u00e8glement - European Gay Ski Week - Les Arcs Paradiski - 21-28 March 2020","description":"Europe's No1 Gay Ski Week | Best Accommodation | Arc 1950 & 2000 | Car Free, Ski-in Ski-out Locations, Short Distance to All Events & Parties | BOOK NOW!","robots":{"index":"index","follow":"follow","max-snippet":"max-snippet:-1","max-image-preview":"max-image-preview:large","max-video-preview":"max-video-preview:-1"},"canonical":"https:\/\/2020.europeangayskiweek.com\/fr\/gagner-un-sejour-pour-2-personnes-reglement\/","og_locale":"fr_FR","og_type":"article","og_title":"Gagner un S\u00e9jour pour 2 personnes - R\u00e8glement - European Gay Ski Week - Les Arcs Paradiski - 21-28 March 2020","og_description":"Europe's No1 Gay Ski Week | Best Accommodation | Arc 1950 & 2000 | Car Free, Ski-in Ski-out Locations, Short Distance to All Events & Parties | BOOK NOW!","og_url":"https:\/\/2020.europeangayskiweek.com\/fr\/gagner-un-sejour-pour-2-personnes-reglement\/","og_site_name":"European Gay Ski Week - Les Arcs Paradiski - 21-28 March 2020","article_publisher":"https:\/\/www.facebook.com\/EuropeanGaySkiWeek\/","article_modified_time":"2019-08-02T06:59:36+00:00","og_image":[{"url":"https:\/\/cdn.europeangayskiweek.com\/wp\/uploads\/2019\/12\/facebook_og.jpg"}],"twitter_card":"summary_large_image","twitter_site":"@EuropeanGaySkiW","twitter_misc":{"Dur\u00e9e de lecture estim\u00e9e":"7 minutes"},"schema":{"@context":"https:\/\/schema.org","@graph":[{"@type":"WebPage","@id":"https:\/\/2020.europeangayskiweek.com\/fr\/gagner-un-sejour-pour-2-personnes-reglement\/","url":"https:\/\/2020.europeangayskiweek.com\/fr\/gagner-un-sejour-pour-2-personnes-reglement\/","name":"Gagner un S\u00e9jour pour 2 personnes - R\u00e8glement - European Gay Ski Week - Les Arcs Paradiski - 21-28 March 2020","isPartOf":{"@id":"https:\/\/2020.europeangayskiweek.com\/#website"},"datePublished":"2019-07-29T16:55:56+00:00","dateModified":"2019-08-02T06:59:36+00:00","description":"Europe's No1 Gay Ski Week | Best Accommodation | Arc 1950 & 2000 | Car Free, Ski-in Ski-out Locations, Short Distance to All Events & Parties | BOOK NOW!","breadcrumb":{"@id":"https:\/\/2020.europeangayskiweek.com\/fr\/gagner-un-sejour-pour-2-personnes-reglement\/#breadcrumb"},"inLanguage":"fr-FR","potentialAction":[{"@type":"ReadAction","target":["https:\/\/2020.europeangayskiweek.com\/fr\/gagner-un-sejour-pour-2-personnes-reglement\/"]}]},{"@type":"BreadcrumbList","@id":"https:\/\/2020.europeangayskiweek.com\/fr\/gagner-un-sejour-pour-2-personnes-reglement\/#breadcrumb","itemListElement":[{"@type":"ListItem","position":1,"name":"Home","item":"https:\/\/2020.europeangayskiweek.com\/fr\/"},{"@type":"ListItem","position":2,"name":"Gagner un S\u00e9jour pour 2 personnes &#8211; R\u00e8glement"}]},{"@type":"WebSite","@id":"https:\/\/2020.europeangayskiweek.com\/#website","url":"https:\/\/2020.europeangayskiweek.com\/","name":"European Gay Ski Week | The Biggest Gay Winter Sports and Music Festival | Les Arcs Paradiski | 21-28 March 2020","description":"Europe&#039;s N\u00b01 Gay Winter Sports &amp; Music Festival | Les Arcs - Arc 1950 &amp; Arc 2000 - Paradiski | European Gay Ski Week with International DJs &amp; Artists | BOOK NOW!","publisher":{"@id":"https:\/\/2020.europeangayskiweek.com\/#organization"},"potentialAction":[{"@type":"SearchAction","target":{"@type":"EntryPoint","urlTemplate":"https:\/\/2020.europeangayskiweek.com\/?s={search_term_string}"},"query-input":"required name=search_term_string"}],"inLanguage":"fr-FR"},{"@type":"Organization","@id":"https:\/\/2020.europeangayskiweek.com\/#organization","name":"European Gay Ski Week","url":"https:\/\/2020.europeangayskiweek.com\/","sameAs":["https:\/\/www.instagram.com\/europeangayskiweek\/","https:\/\/www.youtube.com\/user\/JonHuntEGSW","https:\/\/www.facebook.com\/EuropeanGaySkiWeek\/","https:\/\/twitter.com\/EuropeanGaySkiW"],"logo":{"@type":"ImageObject","inLanguage":"fr-FR","@id":"https:\/\/2020.europeangayskiweek.com\/#\/schema\/logo\/image\/","url":"https:\/\/cdn.europeangayskiweek.com\/wp\/uploads\/2019\/06\/EGSW-Dateless-Black-02b.png","contentUrl":"https:\/\/cdn.europeangayskiweek.com\/wp\/uploads\/2019\/06\/EGSW-Dateless-Black-02b.png","width":1346,"height":442,"caption":"European Gay Ski Week"},"image":{"@id":"https:\/\/2020.europeangayskiweek.com\/#\/schema\/logo\/image\/"}}]}},"_links":{"self":[{"href":"https:\/\/2020.europeangayskiweek.com\/fr\/wp-json\/wp\/v2\/pages\/14551"}],"collection":[{"href":"https:\/\/2020.europeangayskiweek.com\/fr\/wp-json\/wp\/v2\/pages"}],"about":[{"href":"https:\/\/2020.europeangayskiweek.com\/fr\/wp-json\/wp\/v2\/types\/page"}],"author":[{"embeddable":true,"href":"https:\/\/2020.europeangayskiweek.com\/fr\/wp-json\/wp\/v2\/users\/10"}],"replies":[{"embeddable":true,"href":"https:\/\/2020.europeangayskiweek.com\/fr\/wp-json\/wp\/v2\/comments?post=14551"}],"version-history":[{"count":4,"href":"https:\/\/2020.europeangayskiweek.com\/fr\/wp-json\/wp\/v2\/pages\/14551\/revisions"}],"predecessor-version":[{"id":14641,"href":"https:\/\/2020.europeangayskiweek.com\/fr\/wp-json\/wp\/v2\/pages\/14551\/revisions\/14641"}],"wp:attachment":[{"href":"https:\/\/2020.europeangayskiweek.com\/fr\/wp-json\/wp\/v2\/media?parent=14551"}],"curies":[{"name":"wp","href":"https:\/\/api.w.org\/{rel}","templated":true}]}}