{"id":13685,"date":"2019-06-26T18:29:34","date_gmt":"2019-06-26T17:29:34","guid":{"rendered":"https:\/\/e20.europeangayskiweek.com\/?page_id=13685"},"modified":"2019-07-29T18:09:44","modified_gmt":"2019-07-29T17:09:44","slug":"snow-miles-terms","status":"publish","type":"page","link":"https:\/\/2020.europeangayskiweek.com\/fr\/snow-miles-terms\/","title":{"rendered":"Conditions G\u00e9n\u00e9rales Snow Miles"},"content":{"rendered":"<section class=\"kc-elm kc-css-79853 kc_row\"><div class=\"kc-row-container  kc-container\"><div class=\"kc-wrap-columns\"><div class=\"kc-elm kc-css-396207 kc_col-sm-8 kc_column kc_col-sm-8\"><div class=\"kc-col-container\"><div class=\"kc-elm kc-css-217689 kc_text_block\"><\/p>\n<p><strong>UTILISATION DES SNOW MILES<\/strong><\/p>\n<p>EGSW enregistre le montant correspondant au nombre de jetons achet\u00e9s depuis l\u2019EGSW 2016.<\/p>\n<p>Les Snow Miles accumul\u00e9s depuis 2016 peuvent \u00eatre appliqu\u00e9s aux futures r\u00e9servations.<\/p>\n<p>Les Snow Miles ont \u00e9t\u00e9 calcul\u00e9s et cr\u00e9dit\u00e9s pour tous les clients \u00e0 partir des recharges du syst\u00e8me sans contact de 2016 effectu\u00e9es dans la station, ainsi que des pr\u00e9paiements effectu\u00e9s via le syst\u00e8me de paiement sans contact EGSW de 2016 et ceux de l\u2019\u00e9v\u00e9nement de 2017.<\/p>\n<p>La valeur de vos Snow Miles vous sera indiqu\u00e9e lors de votre connexion sur notre site de r\u00e9servation.<\/p>\n<p>Les Snow Miles peuvent \u00eatre appliqu\u00e9s \u00e0 une r\u00e9servation (\u00e9chang\u00e9s contre un pass \u00e9v\u00e9nement) et d&rsquo;autres prestations EGSW lors de la r\u00e9servation \u00e0 l&rsquo;avance de votre s\u00e9jour \u00e0 raison de 1 00 \u20ac pour 250 Snow Miles accumul\u00e9s.<\/p>\n<p>Les Snow Miles sont g\u00e9n\u00e9r\u00e9s \u00e0 partir du total pay\u00e9 pour une r\u00e9servation et seront applicables sur votre prochaine r\u00e9servation.<br \/>\nVous DEVEZ r\u00e9clamer et utiliser vos Snow Miles \u00e0 l\u2019aide de la m\u00eame adresse e-mail avec laquelle vous avez effectu\u00e9 votre pr\u00e9c\u00e9dente r\u00e9servation. Les nouvelles adresses e-mail ne seront pas reconnues m\u00eame si vous utilisez le m\u00eame nom que celui indiqu\u00e9 lors de vos r\u00e9servations pass\u00e9es.<\/p>\n<p>Les Snow Miles ne peuvent \u00eatre transf\u00e9r\u00e9s \u00e0 un tiers et ne pourront \u00eatre utilis\u00e9s que dans le cadre du compte de l&rsquo;utilisateur, c&rsquo;est-\u00e0-dire pour les r\u00e9servations effectu\u00e9es avec l&rsquo;adresse e-mail correspondante.<\/p>\n<p>Si les Snow Miles ne sont pas utilis\u00e9s au cours d&rsquo;une ann\u00e9e donn\u00e9e, ils sont report\u00e9s et peuvent \u00eatre utilis\u00e9s les ann\u00e9es suivantes.<\/p>\n<p><strong>SECURITE<\/strong><\/p>\n<p>Les Snow Miles sont cr\u00e9dit\u00e9s sur le compte associ\u00e9 \u00e0 l&rsquo;adresse e-mail pr\u00e9c\u00e9demment utilis\u00e9e lors d&rsquo;une r\u00e9servation. Si vous souhaitez modifier cette adresse e-mail, vous devez nous \u00e9crire \u00e0 info@egsw.com et nous serons ravis de mettre \u00e0 jour les informations de votre compte.<\/p>\n<p>Il est de la responsabilit\u00e9 du client de ne pas divulguer toute information susceptible de l\u2019identifier et d\u2019autoriser l&rsquo;acc\u00e8s \u00e0 son compte. L\u2019EGSW ne pourra malheureusement pas \u00eatre tenu responsable de toute d\u00e9pense de Snow Miles effectu\u00e9e par un tiers \u00e0 l&rsquo;aide de votre compte r\u00e9sultant d&rsquo;une n\u00e9gligence de ne pas avoir s\u00e9curis\u00e9 correctement vos identifiants. Si vous perdez ou d\u00e9voilez accidentellement les informations de votre compte ou votre mot de passe, vous devez nous contacter l\u2019\u00e9quipe EGSW imm\u00e9diatement. Assurez-vous que nous ayons toujours la bonne adresse afin de r\u00e9duire autant que possible les risques li\u00e9s \u00e0 la s\u00e9curit\u00e9.<\/p>\n<p><strong>G\u00c9N\u00c9RALIT\u00c9S<\/strong><\/p>\n<p>Nous pouvons, \u00e0 tout moment, modifier les conditions de la promotion Snow Miles. Bien qu&rsquo;il soit peu probable que nous le fassions, vous en serez inform\u00e9 bien en avance par e-mail, le cas \u00e9ch\u00e9ant.<\/p>\n<p>\u00c0 l&rsquo;occasion, nous sommes susceptibles de vous proposer des promotions sp\u00e9ciales ponctuelles en rapport avec vos Snow Miles. Ces promotions seront s\u00e9par\u00e9es du syst\u00e8me habituel et s&rsquo;accompagneront de leurs propres conditions g\u00e9n\u00e9rales.<\/p>\n<p>Les Snow Miles ne peuvent ni \u00eatre \u00e9chang\u00e9s contres des esp\u00e8ces, ni transf\u00e9r\u00e9s vers d&rsquo;autres comptes clients.<\/p>\n<p>L&rsquo;accord relatif aux Snow Miles s&rsquo;applique en parall\u00e8le du contrat de r\u00e9servation EGSW. Les annulations tardives peuvent entra\u00eener la perte de vos Snow Miles.<\/p>\n<p><!-- 0e219ba1d8d0514e295d5a094ca63e31 --><\/p>\n<p>\n<\/div><\/div><\/div><div class=\"kc-elm kc-css-11861 kc_col-sm-4 kc_column kc_col-sm-4\"><div class=\"kc-col-container\"><div class=\"kc-elm kc-css-842738 widget-area kc-wp-sidebar\"><aside id=\"nav_menu-12\" class=\"widget widget_nav_menu\"><h3 class=\"widget-title\">Le Petit Menu<\/h3><div class=\"menu-right-sidebar-main-french-container\"><ul id=\"menu-right-sidebar-main-french\" class=\"menu\"><li id=\"menu-item-13892\" class=\"menu-item menu-item-type-post_type menu-item-object-page menu-item-13892\"><a href=\"https:\/\/2020.europeangayskiweek.com\/fr\/how-to-book\/\">Comment R\u00e9server ?<\/a><\/li>\n<li id=\"menu-item-13893\" class=\"menu-item menu-item-type-post_type menu-item-object-page menu-item-13893\"><a href=\"https:\/\/2020.europeangayskiweek.com\/fr\/foire-aux-questions\/\">Foire aux Questions<\/a><\/li>\n<li id=\"menu-item-13894\" class=\"menu-item menu-item-type-post_type menu-item-object-page menu-item-13894\"><a href=\"https:\/\/2020.europeangayskiweek.com\/fr\/ski-week-virgin\/\">Ski Week Virgin<\/a><\/li>\n<li id=\"menu-item-13895\" class=\"menu-item menu-item-type-post_type menu-item-object-page menu-item-13895\"><a href=\"https:\/\/2020.europeangayskiweek.com\/fr\/accommodation-price-promise\/\">Garantie Prix<\/a><\/li>\n<li id=\"menu-item-13896\" class=\"menu-item menu-item-type-post_type menu-item-object-page menu-item-13896\"><a href=\"https:\/\/2020.europeangayskiweek.com\/fr\/snow-miles\/\">Snow Miles<\/a><\/li>\n<li id=\"menu-item-13897\" class=\"menu-item menu-item-type-post_type menu-item-object-page menu-item-13897\"><a href=\"https:\/\/2020.europeangayskiweek.com\/fr\/ski-week-virgin\/egsw-tokens\/\">EGSW Token System<\/a><\/li>\n<li id=\"menu-item-13898\" class=\"menu-item menu-item-type-post_type menu-item-object-page menu-item-13898\"><a href=\"https:\/\/2020.europeangayskiweek.com\/fr\/contact\/\">Contact<\/a><\/li>\n<\/ul><\/div><\/aside><aside id=\"nav_menu-13\" class=\"widget widget_nav_menu\"><h3 class=\"widget-title\">Les Petites Lettres<\/h3><div class=\"menu-right-sidebar-sub-french-container\"><ul id=\"menu-right-sidebar-sub-french\" class=\"menu\"><li id=\"menu-item-13888\" class=\"menu-item menu-item-type-post_type menu-item-object-page menu-item-13888\"><a href=\"https:\/\/2020.europeangayskiweek.com\/fr\/privacy-policy\/\">Politique de Confidentialit\u00e9<\/a><\/li>\n<li id=\"menu-item-13889\" class=\"menu-item menu-item-type-post_type menu-item-object-page menu-item-13889\"><a href=\"https:\/\/2020.europeangayskiweek.com\/fr\/website-terms\/\">Conditions G\u00e9n\u00e9rales de R\u00e9servation<\/a><\/li>\n<li id=\"menu-item-13890\" class=\"menu-item menu-item-type-post_type menu-item-object-page menu-item-13890\"><a href=\"https:\/\/2020.europeangayskiweek.com\/fr\/snow-miles-terms\/\">Conditions G\u00e9n\u00e9rales Snow Miles<\/a><\/li>\n<li id=\"menu-item-13891\" class=\"menu-item menu-item-type-post_type menu-item-object-page menu-item-13891\"><a href=\"https:\/\/2020.europeangayskiweek.com\/fr\/egsw-price-promise-terms\/\">Conditions g\u00e9n\u00e9rales de la Garantie Prix<\/a><\/li>\n<\/ul><\/div><\/aside><aside id=\"text-13\" class=\"widget widget_text\">\t\t\t<div class=\"textwidget\"><p style=\"text-align: center;\"><img loading=\"lazy\" class=\"alignnone size-full wp-image-13517\" src=\"https:\/\/cdn.europeangayskiweek.com\/wp\/uploads\/2019\/06\/outlined-big-boy-skis.png\" alt=\"\" width=\"460\" height=\"888\" srcset=\"https:\/\/cdn.europeangayskiweek.com\/wp\/uploads\/2019\/06\/outlined-big-boy-skis.png 460w, https:\/\/cdn.europeangayskiweek.com\/wp\/uploads\/2019\/06\/outlined-big-boy-skis-155x300.png 155w, https:\/\/cdn.europeangayskiweek.com\/wp\/uploads\/2019\/06\/outlined-big-boy-skis-233x450.png 233w\" sizes=\"(max-width: 460px) 100vw, 460px\" \/><\/p>\n<\/div>\n\t\t<\/aside><\/div><\/div><\/div><\/div><\/div><\/section>\n","protected":false},"excerpt":{"rendered":"<p> [&#8230;]<\/p>\n<p><a class=\"btn btn-secondary understrap-read-more-link\" href=\"https:\/\/2020.europeangayskiweek.com\/fr\/snow-miles-terms\/\">Lire la suite&#8230;<\/a><\/p>\n","protected":false},"author":10,"featured_media":0,"parent":0,"menu_order":11,"comment_status":"closed","ping_status":"closed","template":"page-templates\/fullwidthpage-upto1440.php","meta":[],"yoast_head":"<!-- This site is optimized with the Yoast SEO plugin v19.6 - https:\/\/yoast.com\/wordpress\/plugins\/seo\/ -->\n<title>European Gay Ski Week - Les Arcs Paradiski - 21-28 March 2020 - Conditions G\u00e9n\u00e9rales Snow Miles<\/title>\n<meta name=\"description\" content=\"Europe&#039;s No1 LGBT Winter Sport &amp; Music Festival | Arc 1950 &amp; Arc 2000 | Paradiski | Gay Ski Week &amp; parties with International DJs &amp; Artists | BOOK NOW!\" \/>\n<meta name=\"robots\" content=\"index, follow, max-snippet:-1, max-image-preview:large, max-video-preview:-1\" \/>\n<link rel=\"canonical\" href=\"https:\/\/2020.europeangayskiweek.com\/fr\/snow-miles-terms\/\" \/>\n<meta property=\"og:locale\" content=\"fr_FR\" \/>\n<meta property=\"og:type\" content=\"article\" \/>\n<meta property=\"og:title\" content=\"European Gay Ski Week - Les Arcs Paradiski - 21-28 March 2020 - Conditions G\u00e9n\u00e9rales Snow Miles\" \/>\n<meta property=\"og:description\" content=\"Europe&#039;s No1 LGBT Winter Sport &amp; Music Festival | Arc 1950 &amp; Arc 2000 | Paradiski | Gay Ski Week &amp; parties with International DJs &amp; Artists | BOOK NOW!\" \/>\n<meta property=\"og:url\" content=\"https:\/\/2020.europeangayskiweek.com\/fr\/snow-miles-terms\/\" \/>\n<meta property=\"og:site_name\" content=\"European Gay Ski Week - Les Arcs Paradiski - 21-28 March 2020\" \/>\n<meta property=\"article:publisher\" content=\"https:\/\/www.facebook.com\/EuropeanGaySkiWeek\/\" \/>\n<meta property=\"article:modified_time\" content=\"2019-07-29T17:09:44+00:00\" \/>\n<meta property=\"og:image\" content=\"https:\/\/cdn.europeangayskiweek.com\/wp\/uploads\/2019\/12\/facebook_og.jpg\" \/>\n<meta name=\"twitter:card\" content=\"summary_large_image\" \/>\n<meta name=\"twitter:site\" content=\"@EuropeanGaySkiW\" \/>\n<meta name=\"twitter:label1\" content=\"Dur\u00e9e de lecture estim\u00e9e\" \/>\n\t<meta name=\"twitter:data1\" content=\"3 minutes\" \/>\n<script type=\"application\/ld+json\" class=\"yoast-schema-graph\">{\"@context\":\"https:\/\/schema.org\",\"@graph\":[{\"@type\":\"WebPage\",\"@id\":\"https:\/\/2020.europeangayskiweek.com\/fr\/snow-miles-terms\/\",\"url\":\"https:\/\/2020.europeangayskiweek.com\/fr\/snow-miles-terms\/\",\"name\":\"European Gay Ski Week - Les Arcs Paradiski - 21-28 March 2020 - Conditions G\u00e9n\u00e9rales Snow Miles\",\"isPartOf\":{\"@id\":\"https:\/\/2020.europeangayskiweek.com\/#website\"},\"datePublished\":\"2019-06-26T17:29:34+00:00\",\"dateModified\":\"2019-07-29T17:09:44+00:00\",\"description\":\"Europe's No1 LGBT Winter Sport & Music Festival | Arc 1950 & Arc 2000 | Paradiski | Gay Ski Week & parties with International DJs & Artists | BOOK NOW!\",\"breadcrumb\":{\"@id\":\"https:\/\/2020.europeangayskiweek.com\/fr\/snow-miles-terms\/#breadcrumb\"},\"inLanguage\":\"fr-FR\",\"potentialAction\":[{\"@type\":\"ReadAction\",\"target\":[\"https:\/\/2020.europeangayskiweek.com\/fr\/snow-miles-terms\/\"]}]},{\"@type\":\"BreadcrumbList\",\"@id\":\"https:\/\/2020.europeangayskiweek.com\/fr\/snow-miles-terms\/#breadcrumb\",\"itemListElement\":[{\"@type\":\"ListItem\",\"position\":1,\"name\":\"Home\",\"item\":\"https:\/\/2020.europeangayskiweek.com\/fr\/\"},{\"@type\":\"ListItem\",\"position\":2,\"name\":\"Conditions G\u00e9n\u00e9rales Snow Miles\"}]},{\"@type\":\"WebSite\",\"@id\":\"https:\/\/2020.europeangayskiweek.com\/#website\",\"url\":\"https:\/\/2020.europeangayskiweek.com\/\",\"name\":\"European Gay Ski Week | The Biggest Gay Winter Sports and Music Festival | Les Arcs Paradiski | 21-28 March 2020\",\"description\":\"Europe&#039;s N\u00b01 Gay Winter Sports &amp; Music Festival | Les Arcs - Arc 1950 &amp; Arc 2000 - Paradiski | European Gay Ski Week with International DJs &amp; Artists | BOOK NOW!\",\"publisher\":{\"@id\":\"https:\/\/2020.europeangayskiweek.com\/#organization\"},\"potentialAction\":[{\"@type\":\"SearchAction\",\"target\":{\"@type\":\"EntryPoint\",\"urlTemplate\":\"https:\/\/2020.europeangayskiweek.com\/?s={search_term_string}\"},\"query-input\":\"required name=search_term_string\"}],\"inLanguage\":\"fr-FR\"},{\"@type\":\"Organization\",\"@id\":\"https:\/\/2020.europeangayskiweek.com\/#organization\",\"name\":\"European Gay Ski Week\",\"url\":\"https:\/\/2020.europeangayskiweek.com\/\",\"sameAs\":[\"https:\/\/www.instagram.com\/europeangayskiweek\/\",\"https:\/\/www.youtube.com\/user\/JonHuntEGSW\",\"https:\/\/www.facebook.com\/EuropeanGaySkiWeek\/\",\"https:\/\/twitter.com\/EuropeanGaySkiW\"],\"logo\":{\"@type\":\"ImageObject\",\"inLanguage\":\"fr-FR\",\"@id\":\"https:\/\/2020.europeangayskiweek.com\/#\/schema\/logo\/image\/\",\"url\":\"https:\/\/cdn.europeangayskiweek.com\/wp\/uploads\/2019\/06\/EGSW-Dateless-Black-02b.png\",\"contentUrl\":\"https:\/\/cdn.europeangayskiweek.com\/wp\/uploads\/2019\/06\/EGSW-Dateless-Black-02b.png\",\"width\":1346,\"height\":442,\"caption\":\"European Gay Ski Week\"},\"image\":{\"@id\":\"https:\/\/2020.europeangayskiweek.com\/#\/schema\/logo\/image\/\"}}]}<\/script>\n<!-- \/ Yoast SEO plugin. -->","yoast_head_json":{"title":"European Gay Ski Week - Les Arcs Paradiski - 21-28 March 2020 - Conditions G\u00e9n\u00e9rales Snow Miles","description":"Europe's No1 LGBT Winter Sport & Music Festival | Arc 1950 & Arc 2000 | Paradiski | Gay Ski Week & parties with International DJs & Artists | BOOK NOW!","robots":{"index":"index","follow":"follow","max-snippet":"max-snippet:-1","max-image-preview":"max-image-preview:large","max-video-preview":"max-video-preview:-1"},"canonical":"https:\/\/2020.europeangayskiweek.com\/fr\/snow-miles-terms\/","og_locale":"fr_FR","og_type":"article","og_title":"European Gay Ski Week - Les Arcs Paradiski - 21-28 March 2020 - Conditions G\u00e9n\u00e9rales Snow Miles","og_description":"Europe's No1 LGBT Winter Sport & Music Festival | Arc 1950 & Arc 2000 | Paradiski | Gay Ski Week & parties with International DJs & Artists | BOOK NOW!","og_url":"https:\/\/2020.europeangayskiweek.com\/fr\/snow-miles-terms\/","og_site_name":"European Gay Ski Week - Les Arcs Paradiski - 21-28 March 2020","article_publisher":"https:\/\/www.facebook.com\/EuropeanGaySkiWeek\/","article_modified_time":"2019-07-29T17:09:44+00:00","og_image":[{"url":"https:\/\/cdn.europeangayskiweek.com\/wp\/uploads\/2019\/12\/facebook_og.jpg"}],"twitter_card":"summary_large_image","twitter_site":"@EuropeanGaySkiW","twitter_misc":{"Dur\u00e9e de lecture estim\u00e9e":"3 minutes"},"schema":{"@context":"https:\/\/schema.org","@graph":[{"@type":"WebPage","@id":"https:\/\/2020.europeangayskiweek.com\/fr\/snow-miles-terms\/","url":"https:\/\/2020.europeangayskiweek.com\/fr\/snow-miles-terms\/","name":"European Gay Ski Week - Les Arcs Paradiski - 21-28 March 2020 - Conditions G\u00e9n\u00e9rales Snow Miles","isPartOf":{"@id":"https:\/\/2020.europeangayskiweek.com\/#website"},"datePublished":"2019-06-26T17:29:34+00:00","dateModified":"2019-07-29T17:09:44+00:00","description":"Europe's No1 LGBT Winter Sport & Music Festival | Arc 1950 & Arc 2000 | Paradiski | Gay Ski Week & parties with International DJs & Artists | BOOK NOW!","breadcrumb":{"@id":"https:\/\/2020.europeangayskiweek.com\/fr\/snow-miles-terms\/#breadcrumb"},"inLanguage":"fr-FR","potentialAction":[{"@type":"ReadAction","target":["https:\/\/2020.europeangayskiweek.com\/fr\/snow-miles-terms\/"]}]},{"@type":"BreadcrumbList","@id":"https:\/\/2020.europeangayskiweek.com\/fr\/snow-miles-terms\/#breadcrumb","itemListElement":[{"@type":"ListItem","position":1,"name":"Home","item":"https:\/\/2020.europeangayskiweek.com\/fr\/"},{"@type":"ListItem","position":2,"name":"Conditions G\u00e9n\u00e9rales Snow Miles"}]},{"@type":"WebSite","@id":"https:\/\/2020.europeangayskiweek.com\/#website","url":"https:\/\/2020.europeangayskiweek.com\/","name":"European Gay Ski Week | The Biggest Gay Winter Sports and Music Festival | Les Arcs Paradiski | 21-28 March 2020","description":"Europe&#039;s N\u00b01 Gay Winter Sports &amp; Music Festival | Les Arcs - Arc 1950 &amp; Arc 2000 - Paradiski | European Gay Ski Week with International DJs &amp; Artists | BOOK NOW!","publisher":{"@id":"https:\/\/2020.europeangayskiweek.com\/#organization"},"potentialAction":[{"@type":"SearchAction","target":{"@type":"EntryPoint","urlTemplate":"https:\/\/2020.europeangayskiweek.com\/?s={search_term_string}"},"query-input":"required name=search_term_string"}],"inLanguage":"fr-FR"},{"@type":"Organization","@id":"https:\/\/2020.europeangayskiweek.com\/#organization","name":"European Gay Ski Week","url":"https:\/\/2020.europeangayskiweek.com\/","sameAs":["https:\/\/www.instagram.com\/europeangayskiweek\/","https:\/\/www.youtube.com\/user\/JonHuntEGSW","https:\/\/www.facebook.com\/EuropeanGaySkiWeek\/","https:\/\/twitter.com\/EuropeanGaySkiW"],"logo":{"@type":"ImageObject","inLanguage":"fr-FR","@id":"https:\/\/2020.europeangayskiweek.com\/#\/schema\/logo\/image\/","url":"https:\/\/cdn.europeangayskiweek.com\/wp\/uploads\/2019\/06\/EGSW-Dateless-Black-02b.png","contentUrl":"https:\/\/cdn.europeangayskiweek.com\/wp\/uploads\/2019\/06\/EGSW-Dateless-Black-02b.png","width":1346,"height":442,"caption":"European Gay Ski Week"},"image":{"@id":"https:\/\/2020.europeangayskiweek.com\/#\/schema\/logo\/image\/"}}]}},"_links":{"self":[{"href":"https:\/\/2020.europeangayskiweek.com\/fr\/wp-json\/wp\/v2\/pages\/13685"}],"collection":[{"href":"https:\/\/2020.europeangayskiweek.com\/fr\/wp-json\/wp\/v2\/pages"}],"about":[{"href":"https:\/\/2020.europeangayskiweek.com\/fr\/wp-json\/wp\/v2\/types\/page"}],"author":[{"embeddable":true,"href":"https:\/\/2020.europeangayskiweek.com\/fr\/wp-json\/wp\/v2\/users\/10"}],"replies":[{"embeddable":true,"href":"https:\/\/2020.europeangayskiweek.com\/fr\/wp-json\/wp\/v2\/comments?post=13685"}],"version-history":[{"count":7,"href":"https:\/\/2020.europeangayskiweek.com\/fr\/wp-json\/wp\/v2\/pages\/13685\/revisions"}],"predecessor-version":[{"id":14597,"href":"https:\/\/2020.europeangayskiweek.com\/fr\/wp-json\/wp\/v2\/pages\/13685\/revisions\/14597"}],"wp:attachment":[{"href":"https:\/\/2020.europeangayskiweek.com\/fr\/wp-json\/wp\/v2\/media?parent=13685"}],"curies":[{"name":"wp","href":"https:\/\/api.w.org\/{rel}","templated":true}]}}