{"id":13683,"date":"2019-06-26T20:43:43","date_gmt":"2019-06-26T19:43:43","guid":{"rendered":"https:\/\/e20.europeangayskiweek.com\/?page_id=13683"},"modified":"2019-07-29T18:09:34","modified_gmt":"2019-07-29T17:09:34","slug":"newsletter","status":"publish","type":"page","link":"https:\/\/2020.europeangayskiweek.com\/fr\/newsletter\/","title":{"rendered":"Inscription \u00e0 la newsletter"},"content":{"rendered":"<section class=\"kc-elm kc-css-151146 kc_row\"><div class=\"kc-row-container  kc-container\"><div class=\"kc-wrap-columns\"><div class=\"kc-elm kc-css-493028 kc_col-sm-8 kc_column kc_col-sm-8\"><div class=\"kc-col-container\"><div class=\"kc-elm kc-css-805288 kc_text_block\"><\/p>\n<h2>Subscribe to our Newsletter<\/h2>\n<p>Get all the news and updates, latest availability and promotions.<\/p>\n<p>\n<\/div><\/div><\/div><div class=\"kc-elm kc-css-19812 kc_col-sm-4 kc_column kc_col-sm-4\"><div class=\"kc-col-container\"><div class=\"kc-elm kc-css-825444 widget-area kc-wp-sidebar\"><aside id=\"nav_menu-12\" class=\"widget widget_nav_menu\"><h3 class=\"widget-title\">Le Petit Menu<\/h3><div class=\"menu-right-sidebar-main-french-container\"><ul id=\"menu-right-sidebar-main-french\" class=\"menu\"><li id=\"menu-item-13892\" class=\"menu-item menu-item-type-post_type menu-item-object-page menu-item-13892\"><a href=\"https:\/\/2020.europeangayskiweek.com\/fr\/how-to-book\/\">Comment R\u00e9server ?<\/a><\/li>\n<li id=\"menu-item-13893\" class=\"menu-item menu-item-type-post_type menu-item-object-page menu-item-13893\"><a href=\"https:\/\/2020.europeangayskiweek.com\/fr\/foire-aux-questions\/\">Foire aux Questions<\/a><\/li>\n<li id=\"menu-item-13894\" class=\"menu-item menu-item-type-post_type menu-item-object-page menu-item-13894\"><a href=\"https:\/\/2020.europeangayskiweek.com\/fr\/ski-week-virgin\/\">Ski Week Virgin<\/a><\/li>\n<li id=\"menu-item-13895\" class=\"menu-item menu-item-type-post_type menu-item-object-page menu-item-13895\"><a href=\"https:\/\/2020.europeangayskiweek.com\/fr\/accommodation-price-promise\/\">Garantie Prix<\/a><\/li>\n<li id=\"menu-item-13896\" class=\"menu-item menu-item-type-post_type menu-item-object-page menu-item-13896\"><a href=\"https:\/\/2020.europeangayskiweek.com\/fr\/snow-miles\/\">Snow Miles<\/a><\/li>\n<li id=\"menu-item-13897\" class=\"menu-item menu-item-type-post_type menu-item-object-page menu-item-13897\"><a href=\"https:\/\/2020.europeangayskiweek.com\/fr\/ski-week-virgin\/egsw-tokens\/\">EGSW Token System<\/a><\/li>\n<li id=\"menu-item-13898\" class=\"menu-item menu-item-type-post_type menu-item-object-page menu-item-13898\"><a href=\"https:\/\/2020.europeangayskiweek.com\/fr\/contact\/\">Contact<\/a><\/li>\n<\/ul><\/div><\/aside><aside id=\"nav_menu-13\" class=\"widget widget_nav_menu\"><h3 class=\"widget-title\">Les Petites Lettres<\/h3><div class=\"menu-right-sidebar-sub-french-container\"><ul id=\"menu-right-sidebar-sub-french\" class=\"menu\"><li id=\"menu-item-13888\" class=\"menu-item menu-item-type-post_type menu-item-object-page menu-item-13888\"><a href=\"https:\/\/2020.europeangayskiweek.com\/fr\/privacy-policy\/\">Politique de Confidentialit\u00e9<\/a><\/li>\n<li id=\"menu-item-13889\" class=\"menu-item menu-item-type-post_type menu-item-object-page menu-item-13889\"><a href=\"https:\/\/2020.europeangayskiweek.com\/fr\/website-terms\/\">Conditions G\u00e9n\u00e9rales de R\u00e9servation<\/a><\/li>\n<li id=\"menu-item-13890\" class=\"menu-item menu-item-type-post_type menu-item-object-page menu-item-13890\"><a href=\"https:\/\/2020.europeangayskiweek.com\/fr\/snow-miles-terms\/\">Conditions G\u00e9n\u00e9rales Snow Miles<\/a><\/li>\n<li id=\"menu-item-13891\" class=\"menu-item menu-item-type-post_type menu-item-object-page menu-item-13891\"><a href=\"https:\/\/2020.europeangayskiweek.com\/fr\/egsw-price-promise-terms\/\">Conditions g\u00e9n\u00e9rales de la Garantie Prix<\/a><\/li>\n<\/ul><\/div><\/aside><aside id=\"text-13\" class=\"widget widget_text\">\t\t\t<div class=\"textwidget\"><p style=\"text-align: center;\"><img loading=\"lazy\" class=\"alignnone size-full wp-image-13517\" src=\"https:\/\/cdn.europeangayskiweek.com\/wp\/uploads\/2019\/06\/outlined-big-boy-skis.png\" alt=\"\" width=\"460\" height=\"888\" srcset=\"https:\/\/cdn.europeangayskiweek.com\/wp\/uploads\/2019\/06\/outlined-big-boy-skis.png 460w, https:\/\/cdn.europeangayskiweek.com\/wp\/uploads\/2019\/06\/outlined-big-boy-skis-155x300.png 155w, https:\/\/cdn.europeangayskiweek.com\/wp\/uploads\/2019\/06\/outlined-big-boy-skis-233x450.png 233w\" sizes=\"(max-width: 460px) 100vw, 460px\" \/><\/p>\n<\/div>\n\t\t<\/aside><\/div><\/div><\/div><\/div><\/div><\/section>\n","protected":false},"excerpt":{"rendered":"<p> [&#8230;]<\/p>\n<p><a class=\"btn btn-secondary understrap-read-more-link\" href=\"https:\/\/2020.europeangayskiweek.com\/fr\/newsletter\/\">Lire la suite&#8230;<\/a><\/p>\n","protected":false},"author":10,"featured_media":0,"parent":0,"menu_order":8,"comment_status":"closed","ping_status":"closed","template":"page-templates\/fullwidthpage-upto1440.php","meta":[],"yoast_head":"<!-- This site is optimized with the Yoast SEO plugin v19.6 - https:\/\/yoast.com\/wordpress\/plugins\/seo\/ -->\n<title>European Gay Ski Week - Les Arcs Paradiski - 21-28 March 2020 - Inscription \u00e0 la newsletter<\/title>\n<meta name=\"description\" content=\"Europe&#039;s No1 LGBT Winter Sport &amp; Music Festival | Arc 1950 &amp; Arc 2000 | Paradiski | Gay Ski Week &amp; parties with International DJs &amp; Artists | BOOK NOW!\" \/>\n<meta name=\"robots\" content=\"index, follow, max-snippet:-1, max-image-preview:large, max-video-preview:-1\" \/>\n<link rel=\"canonical\" href=\"https:\/\/2020.europeangayskiweek.com\/fr\/newsletter\/\" \/>\n<meta property=\"og:locale\" content=\"fr_FR\" \/>\n<meta property=\"og:type\" content=\"article\" \/>\n<meta property=\"og:title\" content=\"European Gay Ski Week - Les Arcs Paradiski - 21-28 March 2020 - Inscription \u00e0 la newsletter\" \/>\n<meta property=\"og:description\" content=\"Europe&#039;s No1 LGBT Winter Sport &amp; Music Festival | Arc 1950 &amp; Arc 2000 | Paradiski | Gay Ski Week &amp; parties with International DJs &amp; Artists | BOOK NOW!\" \/>\n<meta property=\"og:url\" content=\"https:\/\/2020.europeangayskiweek.com\/fr\/newsletter\/\" \/>\n<meta property=\"og:site_name\" content=\"European Gay Ski Week - Les Arcs Paradiski - 21-28 March 2020\" \/>\n<meta property=\"article:publisher\" content=\"https:\/\/www.facebook.com\/EuropeanGaySkiWeek\/\" \/>\n<meta property=\"article:modified_time\" content=\"2019-07-29T17:09:34+00:00\" \/>\n<meta property=\"og:image\" content=\"https:\/\/cdn.europeangayskiweek.com\/wp\/uploads\/2019\/12\/facebook_og.jpg\" \/>\n<meta name=\"twitter:card\" content=\"summary_large_image\" \/>\n<meta name=\"twitter:site\" content=\"@EuropeanGaySkiW\" \/>\n<meta name=\"twitter:label1\" content=\"Dur\u00e9e de lecture estim\u00e9e\" \/>\n\t<meta name=\"twitter:data1\" content=\"1 minute\" \/>\n<script type=\"application\/ld+json\" class=\"yoast-schema-graph\">{\"@context\":\"https:\/\/schema.org\",\"@graph\":[{\"@type\":\"WebPage\",\"@id\":\"https:\/\/2020.europeangayskiweek.com\/fr\/newsletter\/\",\"url\":\"https:\/\/2020.europeangayskiweek.com\/fr\/newsletter\/\",\"name\":\"European Gay Ski Week - Les Arcs Paradiski - 21-28 March 2020 - Inscription \u00e0 la newsletter\",\"isPartOf\":{\"@id\":\"https:\/\/2020.europeangayskiweek.com\/#website\"},\"datePublished\":\"2019-06-26T19:43:43+00:00\",\"dateModified\":\"2019-07-29T17:09:34+00:00\",\"description\":\"Europe's No1 LGBT Winter Sport & Music Festival | Arc 1950 & Arc 2000 | Paradiski | Gay Ski Week & parties with International DJs & Artists | BOOK NOW!\",\"breadcrumb\":{\"@id\":\"https:\/\/2020.europeangayskiweek.com\/fr\/newsletter\/#breadcrumb\"},\"inLanguage\":\"fr-FR\",\"potentialAction\":[{\"@type\":\"ReadAction\",\"target\":[\"https:\/\/2020.europeangayskiweek.com\/fr\/newsletter\/\"]}]},{\"@type\":\"BreadcrumbList\",\"@id\":\"https:\/\/2020.europeangayskiweek.com\/fr\/newsletter\/#breadcrumb\",\"itemListElement\":[{\"@type\":\"ListItem\",\"position\":1,\"name\":\"Home\",\"item\":\"https:\/\/2020.europeangayskiweek.com\/fr\/\"},{\"@type\":\"ListItem\",\"position\":2,\"name\":\"Inscription \u00e0 la newsletter\"}]},{\"@type\":\"WebSite\",\"@id\":\"https:\/\/2020.europeangayskiweek.com\/#website\",\"url\":\"https:\/\/2020.europeangayskiweek.com\/\",\"name\":\"European Gay Ski Week | The Biggest Gay Winter Sports and Music Festival | Les Arcs Paradiski | 21-28 March 2020\",\"description\":\"Europe&#039;s N\u00b01 Gay Winter Sports &amp; Music Festival | Les Arcs - Arc 1950 &amp; Arc 2000 - Paradiski | European Gay Ski Week with International DJs &amp; Artists | BOOK NOW!\",\"publisher\":{\"@id\":\"https:\/\/2020.europeangayskiweek.com\/#organization\"},\"potentialAction\":[{\"@type\":\"SearchAction\",\"target\":{\"@type\":\"EntryPoint\",\"urlTemplate\":\"https:\/\/2020.europeangayskiweek.com\/?s={search_term_string}\"},\"query-input\":\"required name=search_term_string\"}],\"inLanguage\":\"fr-FR\"},{\"@type\":\"Organization\",\"@id\":\"https:\/\/2020.europeangayskiweek.com\/#organization\",\"name\":\"European Gay Ski Week\",\"url\":\"https:\/\/2020.europeangayskiweek.com\/\",\"sameAs\":[\"https:\/\/www.instagram.com\/europeangayskiweek\/\",\"https:\/\/www.youtube.com\/user\/JonHuntEGSW\",\"https:\/\/www.facebook.com\/EuropeanGaySkiWeek\/\",\"https:\/\/twitter.com\/EuropeanGaySkiW\"],\"logo\":{\"@type\":\"ImageObject\",\"inLanguage\":\"fr-FR\",\"@id\":\"https:\/\/2020.europeangayskiweek.com\/#\/schema\/logo\/image\/\",\"url\":\"https:\/\/cdn.europeangayskiweek.com\/wp\/uploads\/2019\/06\/EGSW-Dateless-Black-02b.png\",\"contentUrl\":\"https:\/\/cdn.europeangayskiweek.com\/wp\/uploads\/2019\/06\/EGSW-Dateless-Black-02b.png\",\"width\":1346,\"height\":442,\"caption\":\"European Gay Ski Week\"},\"image\":{\"@id\":\"https:\/\/2020.europeangayskiweek.com\/#\/schema\/logo\/image\/\"}}]}<\/script>\n<!-- \/ Yoast SEO plugin. -->","yoast_head_json":{"title":"European Gay Ski Week - Les Arcs Paradiski - 21-28 March 2020 - Inscription \u00e0 la newsletter","description":"Europe's No1 LGBT Winter Sport & Music Festival | Arc 1950 & Arc 2000 | Paradiski | Gay Ski Week & parties with International DJs & Artists | BOOK NOW!","robots":{"index":"index","follow":"follow","max-snippet":"max-snippet:-1","max-image-preview":"max-image-preview:large","max-video-preview":"max-video-preview:-1"},"canonical":"https:\/\/2020.europeangayskiweek.com\/fr\/newsletter\/","og_locale":"fr_FR","og_type":"article","og_title":"European Gay Ski Week - Les Arcs Paradiski - 21-28 March 2020 - Inscription \u00e0 la newsletter","og_description":"Europe's No1 LGBT Winter Sport & Music Festival | Arc 1950 & Arc 2000 | Paradiski | Gay Ski Week & parties with International DJs & Artists | BOOK NOW!","og_url":"https:\/\/2020.europeangayskiweek.com\/fr\/newsletter\/","og_site_name":"European Gay Ski Week - Les Arcs Paradiski - 21-28 March 2020","article_publisher":"https:\/\/www.facebook.com\/EuropeanGaySkiWeek\/","article_modified_time":"2019-07-29T17:09:34+00:00","og_image":[{"url":"https:\/\/cdn.europeangayskiweek.com\/wp\/uploads\/2019\/12\/facebook_og.jpg"}],"twitter_card":"summary_large_image","twitter_site":"@EuropeanGaySkiW","twitter_misc":{"Dur\u00e9e de lecture estim\u00e9e":"1 minute"},"schema":{"@context":"https:\/\/schema.org","@graph":[{"@type":"WebPage","@id":"https:\/\/2020.europeangayskiweek.com\/fr\/newsletter\/","url":"https:\/\/2020.europeangayskiweek.com\/fr\/newsletter\/","name":"European Gay Ski Week - Les Arcs Paradiski - 21-28 March 2020 - Inscription \u00e0 la newsletter","isPartOf":{"@id":"https:\/\/2020.europeangayskiweek.com\/#website"},"datePublished":"2019-06-26T19:43:43+00:00","dateModified":"2019-07-29T17:09:34+00:00","description":"Europe's No1 LGBT Winter Sport & Music Festival | Arc 1950 & Arc 2000 | Paradiski | Gay Ski Week & parties with International DJs & Artists | BOOK NOW!","breadcrumb":{"@id":"https:\/\/2020.europeangayskiweek.com\/fr\/newsletter\/#breadcrumb"},"inLanguage":"fr-FR","potentialAction":[{"@type":"ReadAction","target":["https:\/\/2020.europeangayskiweek.com\/fr\/newsletter\/"]}]},{"@type":"BreadcrumbList","@id":"https:\/\/2020.europeangayskiweek.com\/fr\/newsletter\/#breadcrumb","itemListElement":[{"@type":"ListItem","position":1,"name":"Home","item":"https:\/\/2020.europeangayskiweek.com\/fr\/"},{"@type":"ListItem","position":2,"name":"Inscription \u00e0 la newsletter"}]},{"@type":"WebSite","@id":"https:\/\/2020.europeangayskiweek.com\/#website","url":"https:\/\/2020.europeangayskiweek.com\/","name":"European Gay Ski Week | The Biggest Gay Winter Sports and Music Festival | Les Arcs Paradiski | 21-28 March 2020","description":"Europe&#039;s N\u00b01 Gay Winter Sports &amp; Music Festival | Les Arcs - Arc 1950 &amp; Arc 2000 - Paradiski | European Gay Ski Week with International DJs &amp; Artists | BOOK NOW!","publisher":{"@id":"https:\/\/2020.europeangayskiweek.com\/#organization"},"potentialAction":[{"@type":"SearchAction","target":{"@type":"EntryPoint","urlTemplate":"https:\/\/2020.europeangayskiweek.com\/?s={search_term_string}"},"query-input":"required name=search_term_string"}],"inLanguage":"fr-FR"},{"@type":"Organization","@id":"https:\/\/2020.europeangayskiweek.com\/#organization","name":"European Gay Ski Week","url":"https:\/\/2020.europeangayskiweek.com\/","sameAs":["https:\/\/www.instagram.com\/europeangayskiweek\/","https:\/\/www.youtube.com\/user\/JonHuntEGSW","https:\/\/www.facebook.com\/EuropeanGaySkiWeek\/","https:\/\/twitter.com\/EuropeanGaySkiW"],"logo":{"@type":"ImageObject","inLanguage":"fr-FR","@id":"https:\/\/2020.europeangayskiweek.com\/#\/schema\/logo\/image\/","url":"https:\/\/cdn.europeangayskiweek.com\/wp\/uploads\/2019\/06\/EGSW-Dateless-Black-02b.png","contentUrl":"https:\/\/cdn.europeangayskiweek.com\/wp\/uploads\/2019\/06\/EGSW-Dateless-Black-02b.png","width":1346,"height":442,"caption":"European Gay Ski Week"},"image":{"@id":"https:\/\/2020.europeangayskiweek.com\/#\/schema\/logo\/image\/"}}]}},"_links":{"self":[{"href":"https:\/\/2020.europeangayskiweek.com\/fr\/wp-json\/wp\/v2\/pages\/13683"}],"collection":[{"href":"https:\/\/2020.europeangayskiweek.com\/fr\/wp-json\/wp\/v2\/pages"}],"about":[{"href":"https:\/\/2020.europeangayskiweek.com\/fr\/wp-json\/wp\/v2\/types\/page"}],"author":[{"embeddable":true,"href":"https:\/\/2020.europeangayskiweek.com\/fr\/wp-json\/wp\/v2\/users\/10"}],"replies":[{"embeddable":true,"href":"https:\/\/2020.europeangayskiweek.com\/fr\/wp-json\/wp\/v2\/comments?post=13683"}],"version-history":[{"count":3,"href":"https:\/\/2020.europeangayskiweek.com\/fr\/wp-json\/wp\/v2\/pages\/13683\/revisions"}],"predecessor-version":[{"id":14596,"href":"https:\/\/2020.europeangayskiweek.com\/fr\/wp-json\/wp\/v2\/pages\/13683\/revisions\/14596"}],"wp:attachment":[{"href":"https:\/\/2020.europeangayskiweek.com\/fr\/wp-json\/wp\/v2\/media?parent=13683"}],"curies":[{"name":"wp","href":"https:\/\/api.w.org\/{rel}","templated":true}]}}