{"id":13636,"date":"2019-06-26T18:20:43","date_gmt":"2019-06-26T17:20:43","guid":{"rendered":"https:\/\/e20.europeangayskiweek.com\/?page_id=13636"},"modified":"2019-07-29T18:07:41","modified_gmt":"2019-07-29T17:07:41","slug":"the-event-pass","status":"publish","type":"page","link":"https:\/\/2020.europeangayskiweek.com\/fr\/special-dinner-nights-and-parties\/the-event-pass\/","title":{"rendered":"Le Pass \u00c9v\u00e9nement"},"content":{"rendered":"<section class=\"kc-elm kc-css-550639 kc_row\"><div class=\"kc-row-container  kc-container\"><div class=\"kc-wrap-columns\"><div class=\"kc-elm kc-css-827593 kc_col-sm-12 kc_column kc_col-sm-12\"><div class=\"kc-col-container\"><div class=\"kc-elm kc-css-227784\" style=\"height: 60px; clear: both; width:100%;\"><\/div><div class=\"kc-elm kc-css-210103 kc_row kc_row_inner\"><div class=\"kc-elm kc-css-924030 kc_col-sm-2 kc_column_inner kc_col-sm-2\"><div class=\"kc_wrapper kc-col-inner-container\"><\/div><\/div><div class=\"kc-elm kc-css-86186 kc_col-sm-8 kc_column_inner kc_col-sm-8\"><div class=\"kc_wrapper kc-col-inner-container\"><div class=\"kc-elm kc-css-542283 kc_text_block\"><\/p>\n<p>Votre s\u00e9same pour le plaisir et l&rsquo;\u00e9l\u00e9ment le plus essentiel dont vous avez besoin. Il vous donne une entr\u00e9e gratuite et illimit\u00e9e aux \u00e9v\u00e9nements de nos clubs et un large \u00e9ventail de r\u00e9ductions et d&rsquo;offres exclusives de nos magasins de ski et restaurants partenaires.<\/p>\n<p>\n<\/div><\/div><\/div><div class=\"kc-elm kc-css-292514 kc_col-sm-2 kc_column_inner kc_col-sm-2\"><div class=\"kc_wrapper kc-col-inner-container\"><\/div><\/div><\/div><div class=\"kc-elm kc-css-570000\" style=\"height: 60px; clear: both; width:100%;\"><\/div><div class=\"kc-elm kc-css-643628 kc_text_block\"><\/p>\n<h1 style=\"text-align: center;\"><span style=\"color: #ff0000;\">Le Pass \u00c9v\u00e9nement<\/span><\/h1>\n<h3 style=\"text-align: center;\">Les B\u00e9n\u00e9fices<\/h3>\n<p>\n<\/div><div class=\"kc-elm kc-css-91955\" style=\"height: 40px; clear: both; width:100%;\"><\/div><div class=\"kc-elm kc-css-440081 kc_row kc_row_inner\"><div class=\"kc-elm kc-css-571019 kc_col-sm-6 kc_column_inner kc_col-sm-6\"><div class=\"kc_wrapper kc-col-inner-container\"><div class=\"kc-elm kc-css-608594 kc_shortcode kc_single_image\">\n\n        <img src=\"https:\/\/cdn.europeangayskiweek.com\/wp\/uploads\/2019\/06\/party-colored-200x200.png\" class=\"\" alt=\"\" \/>    <\/div>\n\n<div class=\"kc-elm kc-css-551043 kc-title-wrap \">\n\n\t<h2 class=\"kc_title\">Les Soir\u00e9es<\/h2>\n<\/div>\n<div class=\"kc-elm kc-css-730149 kc_text_block\"><\/p>\n<ul>\n<li><b>Entr\u00e9e gratuite \u00e0 notre fameux Apr\u00e9s Ski quotidiennement<\/b><\/li>\n<li><b>Entr\u00e9e gratuite \u00e0 nos incroyables spectacles de cabaret, mettant en vedette des talents du monde entier.<\/b><\/li>\n<li><b>Entr\u00e9e gratuite et exclusive \u00e0 TOUS les \u00e9v\u00e9nements nocturnes.<\/b><\/li>\n<li><b>Acc\u00e8s \u00e0 notre pool party aux Arcs &#8211; Prix d&rsquo;entr\u00e9e pour les d\u00e9tenteurs d&rsquo;un pass \u00e9v\u00e9nementiel \u00e0 seulement 25 \u20ac (r\u00e9servation obligatoire)<\/b><\/li>\n<\/ul>\n<p>\n<\/div><\/div><\/div><div class=\"kc-elm kc-css-383471 kc_col-sm-6 kc_column_inner kc_col-sm-6\"><div class=\"kc_wrapper kc-col-inner-container\"><div class=\"kc-elm kc-css-343612 kc_shortcode kc_single_image\">\n\n        <img src=\"https:\/\/cdn.europeangayskiweek.com\/wp\/uploads\/2019\/06\/skiing-colored-200x200.png\" class=\"\" alt=\"\" \/>    <\/div>\n\n<div class=\"kc-elm kc-css-836788 kc-title-wrap \">\n\n\t<h2 class=\"kc_title\">SKI & EQUIPEMENTS<\/h2>\n<\/div>\n<div class=\"kc-elm kc-css-573576 kc_text_block\"><\/p>\n<ul>\n<li><b>Location de mat\u00e9riel de ski ou de snowboard \u00e0 prix r\u00e9duit (r\u00e9servation obligatoire sur notre site web)<\/b><\/li>\n<li><b>Acc\u00e8s \u00e0 notre \u00e9cole de ski EGSW exclusive &#8211; cours de ski ou de snowboard avec un maximum de 9 personnes (r\u00e9servation obligatoire sur notre site Web) \u00e1 prix r\u00e9duit<\/b><\/li>\n<li><b>Un forfait de ski Paradiski \u00e0 prix r\u00e9duit.<\/b><\/li>\n<li><b>Acc\u00e9dez aux groupes guid\u00e9s par EGSW pour le ski ou le snowboard (sous r\u00e9serve de disponibilit\u00e9).<\/b><\/li>\n<\/ul>\n<p>\n<\/div><\/div><\/div><\/div><div class=\"kc-elm kc-css-360602 kc_row kc_row_inner\"><div class=\"kc-elm kc-css-500651 kc_col-sm-6 kc_column_inner kc_col-sm-6\"><div class=\"kc_wrapper kc-col-inner-container\"><div class=\"kc-elm kc-css-753600 kc_shortcode kc_single_image\">\n\n        <img src=\"https:\/\/cdn.europeangayskiweek.com\/wp\/uploads\/2019\/06\/food-wine-colored-200x200.png\" class=\"\" alt=\"\" \/>    <\/div>\n\n<div class=\"kc-elm kc-css-31765 kc-title-wrap \">\n\n\t<h2 class=\"kc_title\">NOURRITURE & BOISSON<\/h2>\n<\/div>\n<div class=\"kc-elm kc-css-465021 kc_text_block\"><\/p>\n<ul>\n<li><b>Les d\u00e9tenteurs du pass sont trait\u00e9s avec des offres \u00e0 prix r\u00e9duit sur la nourriture et les boissons dans nos \u00e9tablissements partenaires.<\/b><\/li>\n<li><b>Votre passe \u00e9v\u00e9nement est livr\u00e9e avec un livret de boissons \u00abhappy hour\u00bb qui vous donne un shot gratuit ou \u00e0 moiti\u00e9 prix lors de chaque \u00e9v\u00e9nement!<\/b><\/li>\n<li><b>Vous d\u00e9cidez si vous voulez un shot gratuit ou une grosse \u00e1 moiti\u00e9 prix.<\/b><\/li>\n<li><b>Acc\u00e8s \u00e0 nos terrasses de restaurants en montagne, exclusivement privatis\u00e9es, pour des d\u00e9jeuners de groupe quotidiens.<\/b><\/li>\n<li><b>B\u00e9n\u00e9ficiez de r\u00e9ductions sur votre facture dans tous les restaurants affichant le logo EGSW.<\/b><\/li>\n<\/ul>\n<p>\n<\/div><\/div><\/div><div class=\"kc-elm kc-css-585615 kc_col-sm-6 kc_column_inner kc_col-sm-6\"><div class=\"kc_wrapper kc-col-inner-container\"><div class=\"kc-elm kc-css-45803 kc_shortcode kc_single_image\">\n\n        <img src=\"https:\/\/cdn.europeangayskiweek.com\/wp\/uploads\/2019\/06\/bus-colored-200x200.png\" class=\"\" alt=\"\" \/>    <\/div>\n\n<div class=\"kc-elm kc-css-349191 kc-title-wrap \">\n\n\t<h2 class=\"kc_title\">TRANSPORT<\/h2>\n<\/div>\n<div class=\"kc-elm kc-css-877504 kc_text_block\"><\/p>\n<ul>\n<li><b>Prix r\u00e9duits pour les transferts EGSW en autocar depuis et vers l&rsquo;a\u00e9roport local (Gen\u00e8ve).<\/b><\/li>\n<li><b>Voyage gratuit sur nos navettes EGSW de fin de soir\u00e9e.<\/b><\/li>\n<\/ul>\n<p>\n<\/div><\/div><\/div><\/div><div class=\"kc-elm kc-css-225260 kc_row kc_row_inner\"><div class=\"kc-elm kc-css-79198 kc_col-sm-2 kc_column_inner kc_col-sm-2\"><div class=\"kc_wrapper kc-col-inner-container\"><\/div><\/div><div class=\"kc-elm kc-css-900130 kc_col-sm-8 kc_column_inner kc_col-sm-8\"><div class=\"kc_wrapper kc-col-inner-container\"><div class=\"kc-elm kc-css-26177 kc_text_block\"><\/p>\n<p><strong>IMPORTANT<\/strong> \u2013 <em>Si vous assistez \u00e0 l\u2019\u00e9v\u00e9nement de cette ann\u00e9e, vous aurez besoin du pass \u00e9v\u00e9nement. Il est tr\u00e8s peu probable qu&rsquo;il y ait de la place pour les non-d\u00e9tenteurs de rentrer dans nos soir\u00e9es. Les d\u00e9tenteurs du pass EGSW ont toujours la priorit\u00e9.<\/em><\/p>\n<p>\n<\/div><\/div><\/div><div class=\"kc-elm kc-css-757507 kc_col-sm-2 kc_column_inner kc_col-sm-2\"><div class=\"kc_wrapper kc-col-inner-container\"><\/div><\/div><\/div><div class=\"kc-elm kc-css-820602 kc_row kc_row_inner\"><div class=\"kc-elm kc-css-467214 kc_col-sm-12 kc_column_inner kc_col-sm-12\"><div class=\"kc_wrapper kc-col-inner-container\">\n<div class=\"kc-elm kc-css-334326 kc-title-wrap \">\n\n\t<h2 class=\"kc_title\">Tarifs & R\u00e9ductions<\/h2>\n<\/div>\n<div class=\"kc-elm kc-css-858753 kc_text_block fw-table\"><\/p>\n<table>\n<thead>\n<tr class=\"heading-row\">\n<th class=\"default-col\">R\u00e9servation et p\u00e9riodes de r\u00e9duction<\/th>\n<th class=\"default-col\">Prix r\u00e9duit si achet\u00e9 avec forfait et h\u00e9bergement<\/th>\n<th class=\"default-col\">Prix r\u00e9duit si achet\u00e9 avec h\u00e9bergement ou forfait<\/th>\n<th class=\"default-col\">Prix r\u00e9duit pour les r\u00e9servations anticip\u00e9es<\/th>\n<\/tr>\n<\/thead>\n<tbody>\n<tr class=\"default-row\">\n<td class=\"default-col\" style=\"text-align: center;\">Pass \u00e9v\u00e9nement si achet\u00e9<br \/>\navant le 19 ao\u00fbt<\/td>\n<td class=\"default-col\" style=\"text-align: center;\">\u20ac 130<\/td>\n<td class=\"default-col\" style=\"text-align: center;\">\u20ac 190<\/td>\n<td class=\"default-col\" style=\"text-align: center;\">\u20ac 230<\/td>\n<\/tr>\n<tr class=\"default-row\">\n<td class=\"default-col\" style=\"text-align: center;\">Pass \u00e9v\u00e9nement si achet\u00e9<br \/>\ndu 20 ao\u00fbt au 19 septembre<\/td>\n<td class=\"default-col\" style=\"text-align: center;\">\u20ac 140<\/td>\n<td class=\"default-col\" style=\"text-align: center;\">\u20ac 200<\/td>\n<td class=\"default-col\" style=\"text-align: center;\">\u20ac 240<\/td>\n<\/tr>\n<tr class=\"default-row\">\n<td class=\"default-col\" style=\"text-align: center;\">Pass \u00e9v\u00e9nement si achet\u00e9<br \/>\ndu 20 septembre au 19 octobre<\/td>\n<td class=\"default-col\" style=\"text-align: center;\">\u20ac 150<\/td>\n<td class=\"default-col\" style=\"text-align: center;\">\u20ac 210<\/td>\n<td class=\"default-col\" style=\"text-align: center;\">\u20ac 250<\/td>\n<\/tr>\n<tr class=\"default-row\">\n<td class=\"default-col\" style=\"text-align: center;\">Pass \u00e9v\u00e9nement si achet\u00e9<br \/>\ndu 20 octobre\u00a0au 19 novembre<\/td>\n<td class=\"default-col\" style=\"text-align: center;\">\u20ac 160<\/td>\n<td class=\"default-col\" style=\"text-align: center;\">\u20ac 220<\/td>\n<td class=\"default-col\" style=\"text-align: center;\">\u20ac 260<\/td>\n<\/tr>\n<tr class=\"default-row\">\n<td class=\"default-col\" style=\"text-align: center;\">Pass \u00e9v\u00e9nement si achet\u00e9<br \/>\ndu 20 novembre au 19 d\u00e9cembre<\/td>\n<td class=\"default-col\" style=\"text-align: center;\">\u20ac 170<\/td>\n<td class=\"default-col\" style=\"text-align: center;\">\u20ac 230<\/td>\n<td class=\"default-col\" style=\"text-align: center;\">\u20ac 270<\/td>\n<\/tr>\n<tr class=\"default-row\">\n<td class=\"default-col\" style=\"text-align: center;\">E\u00e9vent passe si achet\u00e9<br \/>\ndu 20 d\u00e9cembre au 19 janvier<\/td>\n<td class=\"default-col\" style=\"text-align: center;\">\u20ac 180<\/td>\n<td class=\"default-col\" style=\"text-align: center;\">\u20ac 240<\/td>\n<td class=\"default-col\" style=\"text-align: center;\">\u20ac 270<\/td>\n<\/tr>\n<tr class=\"default-row\">\n<td class=\"default-col\" style=\"text-align: center;\">Pass \u00e9v\u00e9nement si achet\u00e9<br \/>\ndu 20 janvier au 19 f\u00e9vrier<\/td>\n<td class=\"default-col\" style=\"text-align: center;\">\u20ac 190<\/td>\n<td class=\"default-col\" style=\"text-align: center;\">\u20ac 250<\/td>\n<td class=\"default-col\" style=\"text-align: center;\">\u20ac 280<\/td>\n<\/tr>\n<tr class=\"default-row\">\n<td class=\"default-col\" style=\"text-align: center;\">Pass \u00e9v\u00e9nement si achet\u00e9<br \/>\ndu 20 f\u00e9vrier au 18 mars<\/td>\n<td class=\"default-col\" style=\"text-align: center;\">\u20ac 200<\/td>\n<td class=\"default-col\" style=\"text-align: center;\">\u20ac 260<\/td>\n<td class=\"default-col\" style=\"text-align: center;\">\u20ac 280<\/td>\n<\/tr>\n<\/tbody>\n<\/table>\n<p>\n<\/div><\/div><\/div><\/div><\/div><\/div><\/div><\/div><\/section>\n","protected":false},"excerpt":{"rendered":"<p> [&#8230;]<\/p>\n<p><a class=\"btn btn-secondary understrap-read-more-link\" href=\"https:\/\/2020.europeangayskiweek.com\/fr\/special-dinner-nights-and-parties\/the-event-pass\/\">Lire la suite&#8230;<\/a><\/p>\n","protected":false},"author":10,"featured_media":0,"parent":13633,"menu_order":3,"comment_status":"closed","ping_status":"closed","template":"page-templates\/fullwidthpage-upto1440.php","meta":[],"yoast_head":"<!-- This site is optimized with the Yoast SEO plugin v19.6 - https:\/\/yoast.com\/wordpress\/plugins\/seo\/ -->\n<title>European Gay Ski Week - Les Arcs Paradiski - 21-28 March 2020 - Le Pass \u00c9v\u00e9nement<\/title>\n<meta name=\"description\" content=\"Europe&#039;s No1 LGBT Winter Sport &amp; Music Festival | Arc 1950 &amp; Arc 2000 | Paradiski | Gay Ski Week &amp; parties with International DJs &amp; Artists | BOOK NOW!\" \/>\n<meta name=\"robots\" content=\"index, follow, max-snippet:-1, max-image-preview:large, max-video-preview:-1\" \/>\n<link rel=\"canonical\" href=\"https:\/\/2020.europeangayskiweek.com\/fr\/special-dinner-nights-and-parties\/the-event-pass\/\" \/>\n<meta property=\"og:locale\" content=\"fr_FR\" \/>\n<meta property=\"og:type\" content=\"article\" \/>\n<meta property=\"og:title\" content=\"European Gay Ski Week - Les Arcs Paradiski - 21-28 March 2020 - Le Pass \u00c9v\u00e9nement\" \/>\n<meta property=\"og:description\" content=\"Europe&#039;s No1 LGBT Winter Sport &amp; Music Festival | Arc 1950 &amp; Arc 2000 | Paradiski | Gay Ski Week &amp; parties with International DJs &amp; Artists | BOOK NOW!\" \/>\n<meta property=\"og:url\" content=\"https:\/\/2020.europeangayskiweek.com\/fr\/special-dinner-nights-and-parties\/the-event-pass\/\" \/>\n<meta property=\"og:site_name\" content=\"European Gay Ski Week - Les Arcs Paradiski - 21-28 March 2020\" \/>\n<meta property=\"article:publisher\" content=\"https:\/\/www.facebook.com\/EuropeanGaySkiWeek\/\" \/>\n<meta property=\"article:modified_time\" content=\"2019-07-29T17:07:41+00:00\" \/>\n<meta property=\"og:image\" content=\"https:\/\/cdn.europeangayskiweek.com\/wp\/uploads\/2019\/12\/facebook_og.jpg\" \/>\n<meta name=\"twitter:card\" content=\"summary_large_image\" \/>\n<meta name=\"twitter:site\" content=\"@EuropeanGaySkiW\" \/>\n<meta name=\"twitter:label1\" content=\"Dur\u00e9e de lecture estim\u00e9e\" \/>\n\t<meta name=\"twitter:data1\" content=\"2 minutes\" \/>\n<script type=\"application\/ld+json\" class=\"yoast-schema-graph\">{\"@context\":\"https:\/\/schema.org\",\"@graph\":[{\"@type\":\"WebPage\",\"@id\":\"https:\/\/2020.europeangayskiweek.com\/fr\/special-dinner-nights-and-parties\/the-event-pass\/\",\"url\":\"https:\/\/2020.europeangayskiweek.com\/fr\/special-dinner-nights-and-parties\/the-event-pass\/\",\"name\":\"European Gay Ski Week - Les Arcs Paradiski - 21-28 March 2020 - Le Pass \u00c9v\u00e9nement\",\"isPartOf\":{\"@id\":\"https:\/\/2020.europeangayskiweek.com\/#website\"},\"datePublished\":\"2019-06-26T17:20:43+00:00\",\"dateModified\":\"2019-07-29T17:07:41+00:00\",\"description\":\"Europe's No1 LGBT Winter Sport & Music Festival | Arc 1950 & Arc 2000 | Paradiski | Gay Ski Week & parties with International DJs & Artists | BOOK NOW!\",\"breadcrumb\":{\"@id\":\"https:\/\/2020.europeangayskiweek.com\/fr\/special-dinner-nights-and-parties\/the-event-pass\/#breadcrumb\"},\"inLanguage\":\"fr-FR\",\"potentialAction\":[{\"@type\":\"ReadAction\",\"target\":[\"https:\/\/2020.europeangayskiweek.com\/fr\/special-dinner-nights-and-parties\/the-event-pass\/\"]}]},{\"@type\":\"BreadcrumbList\",\"@id\":\"https:\/\/2020.europeangayskiweek.com\/fr\/special-dinner-nights-and-parties\/the-event-pass\/#breadcrumb\",\"itemListElement\":[{\"@type\":\"ListItem\",\"position\":1,\"name\":\"Home\",\"item\":\"https:\/\/2020.europeangayskiweek.com\/fr\/\"},{\"@type\":\"ListItem\",\"position\":2,\"name\":\"Soir\u00e9es Sp\u00e9ciales et Clubbing\",\"item\":\"https:\/\/2020.europeangayskiweek.com\/fr\/special-dinner-nights-and-parties\/\"},{\"@type\":\"ListItem\",\"position\":3,\"name\":\"Le Pass \u00c9v\u00e9nement\"}]},{\"@type\":\"WebSite\",\"@id\":\"https:\/\/2020.europeangayskiweek.com\/#website\",\"url\":\"https:\/\/2020.europeangayskiweek.com\/\",\"name\":\"European Gay Ski Week | The Biggest Gay Winter Sports and Music Festival | Les Arcs Paradiski | 21-28 March 2020\",\"description\":\"Europe&#039;s N\u00b01 Gay Winter Sports &amp; Music Festival | Les Arcs - Arc 1950 &amp; Arc 2000 - Paradiski | European Gay Ski Week with International DJs &amp; Artists | BOOK NOW!\",\"publisher\":{\"@id\":\"https:\/\/2020.europeangayskiweek.com\/#organization\"},\"potentialAction\":[{\"@type\":\"SearchAction\",\"target\":{\"@type\":\"EntryPoint\",\"urlTemplate\":\"https:\/\/2020.europeangayskiweek.com\/?s={search_term_string}\"},\"query-input\":\"required name=search_term_string\"}],\"inLanguage\":\"fr-FR\"},{\"@type\":\"Organization\",\"@id\":\"https:\/\/2020.europeangayskiweek.com\/#organization\",\"name\":\"European Gay Ski Week\",\"url\":\"https:\/\/2020.europeangayskiweek.com\/\",\"sameAs\":[\"https:\/\/www.instagram.com\/europeangayskiweek\/\",\"https:\/\/www.youtube.com\/user\/JonHuntEGSW\",\"https:\/\/www.facebook.com\/EuropeanGaySkiWeek\/\",\"https:\/\/twitter.com\/EuropeanGaySkiW\"],\"logo\":{\"@type\":\"ImageObject\",\"inLanguage\":\"fr-FR\",\"@id\":\"https:\/\/2020.europeangayskiweek.com\/#\/schema\/logo\/image\/\",\"url\":\"https:\/\/cdn.europeangayskiweek.com\/wp\/uploads\/2019\/06\/EGSW-Dateless-Black-02b.png\",\"contentUrl\":\"https:\/\/cdn.europeangayskiweek.com\/wp\/uploads\/2019\/06\/EGSW-Dateless-Black-02b.png\",\"width\":1346,\"height\":442,\"caption\":\"European Gay Ski Week\"},\"image\":{\"@id\":\"https:\/\/2020.europeangayskiweek.com\/#\/schema\/logo\/image\/\"}}]}<\/script>\n<!-- \/ Yoast SEO plugin. -->","yoast_head_json":{"title":"European Gay Ski Week - Les Arcs Paradiski - 21-28 March 2020 - Le Pass \u00c9v\u00e9nement","description":"Europe's No1 LGBT Winter Sport & Music Festival | Arc 1950 & Arc 2000 | Paradiski | Gay Ski Week & parties with International DJs & Artists | BOOK NOW!","robots":{"index":"index","follow":"follow","max-snippet":"max-snippet:-1","max-image-preview":"max-image-preview:large","max-video-preview":"max-video-preview:-1"},"canonical":"https:\/\/2020.europeangayskiweek.com\/fr\/special-dinner-nights-and-parties\/the-event-pass\/","og_locale":"fr_FR","og_type":"article","og_title":"European Gay Ski Week - Les Arcs Paradiski - 21-28 March 2020 - Le Pass \u00c9v\u00e9nement","og_description":"Europe's No1 LGBT Winter Sport & Music Festival | Arc 1950 & Arc 2000 | Paradiski | Gay Ski Week & parties with International DJs & Artists | BOOK NOW!","og_url":"https:\/\/2020.europeangayskiweek.com\/fr\/special-dinner-nights-and-parties\/the-event-pass\/","og_site_name":"European Gay Ski Week - Les Arcs Paradiski - 21-28 March 2020","article_publisher":"https:\/\/www.facebook.com\/EuropeanGaySkiWeek\/","article_modified_time":"2019-07-29T17:07:41+00:00","og_image":[{"url":"https:\/\/cdn.europeangayskiweek.com\/wp\/uploads\/2019\/12\/facebook_og.jpg"}],"twitter_card":"summary_large_image","twitter_site":"@EuropeanGaySkiW","twitter_misc":{"Dur\u00e9e de lecture estim\u00e9e":"2 minutes"},"schema":{"@context":"https:\/\/schema.org","@graph":[{"@type":"WebPage","@id":"https:\/\/2020.europeangayskiweek.com\/fr\/special-dinner-nights-and-parties\/the-event-pass\/","url":"https:\/\/2020.europeangayskiweek.com\/fr\/special-dinner-nights-and-parties\/the-event-pass\/","name":"European Gay Ski Week - Les Arcs Paradiski - 21-28 March 2020 - Le Pass \u00c9v\u00e9nement","isPartOf":{"@id":"https:\/\/2020.europeangayskiweek.com\/#website"},"datePublished":"2019-06-26T17:20:43+00:00","dateModified":"2019-07-29T17:07:41+00:00","description":"Europe's No1 LGBT Winter Sport & Music Festival | Arc 1950 & Arc 2000 | Paradiski | Gay Ski Week & parties with International DJs & Artists | BOOK NOW!","breadcrumb":{"@id":"https:\/\/2020.europeangayskiweek.com\/fr\/special-dinner-nights-and-parties\/the-event-pass\/#breadcrumb"},"inLanguage":"fr-FR","potentialAction":[{"@type":"ReadAction","target":["https:\/\/2020.europeangayskiweek.com\/fr\/special-dinner-nights-and-parties\/the-event-pass\/"]}]},{"@type":"BreadcrumbList","@id":"https:\/\/2020.europeangayskiweek.com\/fr\/special-dinner-nights-and-parties\/the-event-pass\/#breadcrumb","itemListElement":[{"@type":"ListItem","position":1,"name":"Home","item":"https:\/\/2020.europeangayskiweek.com\/fr\/"},{"@type":"ListItem","position":2,"name":"Soir\u00e9es Sp\u00e9ciales et Clubbing","item":"https:\/\/2020.europeangayskiweek.com\/fr\/special-dinner-nights-and-parties\/"},{"@type":"ListItem","position":3,"name":"Le Pass \u00c9v\u00e9nement"}]},{"@type":"WebSite","@id":"https:\/\/2020.europeangayskiweek.com\/#website","url":"https:\/\/2020.europeangayskiweek.com\/","name":"European Gay Ski Week | The Biggest Gay Winter Sports and Music Festival | Les Arcs Paradiski | 21-28 March 2020","description":"Europe&#039;s N\u00b01 Gay Winter Sports &amp; Music Festival | Les Arcs - Arc 1950 &amp; Arc 2000 - Paradiski | European Gay Ski Week with International DJs &amp; Artists | BOOK NOW!","publisher":{"@id":"https:\/\/2020.europeangayskiweek.com\/#organization"},"potentialAction":[{"@type":"SearchAction","target":{"@type":"EntryPoint","urlTemplate":"https:\/\/2020.europeangayskiweek.com\/?s={search_term_string}"},"query-input":"required name=search_term_string"}],"inLanguage":"fr-FR"},{"@type":"Organization","@id":"https:\/\/2020.europeangayskiweek.com\/#organization","name":"European Gay Ski Week","url":"https:\/\/2020.europeangayskiweek.com\/","sameAs":["https:\/\/www.instagram.com\/europeangayskiweek\/","https:\/\/www.youtube.com\/user\/JonHuntEGSW","https:\/\/www.facebook.com\/EuropeanGaySkiWeek\/","https:\/\/twitter.com\/EuropeanGaySkiW"],"logo":{"@type":"ImageObject","inLanguage":"fr-FR","@id":"https:\/\/2020.europeangayskiweek.com\/#\/schema\/logo\/image\/","url":"https:\/\/cdn.europeangayskiweek.com\/wp\/uploads\/2019\/06\/EGSW-Dateless-Black-02b.png","contentUrl":"https:\/\/cdn.europeangayskiweek.com\/wp\/uploads\/2019\/06\/EGSW-Dateless-Black-02b.png","width":1346,"height":442,"caption":"European Gay Ski Week"},"image":{"@id":"https:\/\/2020.europeangayskiweek.com\/#\/schema\/logo\/image\/"}}]}},"_links":{"self":[{"href":"https:\/\/2020.europeangayskiweek.com\/fr\/wp-json\/wp\/v2\/pages\/13636"}],"collection":[{"href":"https:\/\/2020.europeangayskiweek.com\/fr\/wp-json\/wp\/v2\/pages"}],"about":[{"href":"https:\/\/2020.europeangayskiweek.com\/fr\/wp-json\/wp\/v2\/types\/page"}],"author":[{"embeddable":true,"href":"https:\/\/2020.europeangayskiweek.com\/fr\/wp-json\/wp\/v2\/users\/10"}],"replies":[{"embeddable":true,"href":"https:\/\/2020.europeangayskiweek.com\/fr\/wp-json\/wp\/v2\/comments?post=13636"}],"version-history":[{"count":9,"href":"https:\/\/2020.europeangayskiweek.com\/fr\/wp-json\/wp\/v2\/pages\/13636\/revisions"}],"predecessor-version":[{"id":14590,"href":"https:\/\/2020.europeangayskiweek.com\/fr\/wp-json\/wp\/v2\/pages\/13636\/revisions\/14590"}],"up":[{"embeddable":true,"href":"https:\/\/2020.europeangayskiweek.com\/fr\/wp-json\/wp\/v2\/pages\/13633"}],"wp:attachment":[{"href":"https:\/\/2020.europeangayskiweek.com\/fr\/wp-json\/wp\/v2\/media?parent=13636"}],"curies":[{"name":"wp","href":"https:\/\/api.w.org\/{rel}","templated":true}]}}