{"id":13631,"date":"2019-06-26T18:23:58","date_gmt":"2019-06-26T17:23:58","guid":{"rendered":"https:\/\/e20.europeangayskiweek.com\/?page_id=13631"},"modified":"2019-12-26T16:43:32","modified_gmt":"2019-12-26T16:43:32","slug":"daytime-events-and-activities","status":"publish","type":"page","link":"https:\/\/2020.europeangayskiweek.com\/fr\/daytime-events-and-activities\/","title":{"rendered":"\u00c9v\u00e9nements et Activit\u00e9s en journ\u00e9e"},"content":{"rendered":"<p><section class=\"kc-elm kc-css-828918 kc_row\"><div class=\"kc-row-container  kc-container\"><div class=\"kc-wrap-columns\"><div class=\"kc-elm kc-css-843515 kc_col-sm-6 kc_column kc_col-sm-6\"><div class=\"kc-col-container\"><div class=\"widget master-slider-main-widget kc-elm kc-css-321143\">\n\t\t<!-- MasterSlider -->\n\t\t<div id=\"P_MS69fded1b6a088\" class=\"master-slider-parent ms-parent-id-26\" style=\"max-width:600px;\"  >\n\n\t\t\t\n\t\t\t<!-- MasterSlider Main -->\n\t\t\t<div id=\"MS69fded1b6a088\" class=\"master-slider ms-skin-default\" >\n\t\t\t\t \t\t\t\t \n\t\t\t<div  class=\"ms-slide\" data-delay=\"3\" data-fill-mode=\"fill\"   >\n\t\t\t\t\t<img src=\"https:\/\/2020.europeangayskiweek.com\/wp-content\/plugins\/masterslider\/public\/assets\/css\/blank.gif\" alt=\"\" title=\"mountain-lunch-1\" data-src=\"https:\/\/cdn.europeangayskiweek.com\/wp\/uploads\/2019\/06\/mountain-lunch-1.jpg\" \/>\n\n\n\t\t\t\t<\/div>\n\t\t\t<div  class=\"ms-slide\" data-delay=\"3\" data-fill-mode=\"fill\"   >\n\t\t\t\t\t<img src=\"https:\/\/2020.europeangayskiweek.com\/wp-content\/plugins\/masterslider\/public\/assets\/css\/blank.gif\" alt=\"\" title=\"mountain-lunch\" data-src=\"https:\/\/cdn.europeangayskiweek.com\/wp\/uploads\/2019\/06\/mountain-lunch.jpg\" \/>\n\n\n\t\t\t\t<\/div>\n\t\t\t<div  class=\"ms-slide\" data-delay=\"3\" data-fill-mode=\"fill\"   >\n\t\t\t\t\t<img src=\"https:\/\/2020.europeangayskiweek.com\/wp-content\/plugins\/masterslider\/public\/assets\/css\/blank.gif\" alt=\"\" title=\"mountain-lunch-2\" data-src=\"https:\/\/cdn.europeangayskiweek.com\/wp\/uploads\/2019\/06\/mountain-lunch-2.jpg\" \/>\n\n\n\t\t\t\t<\/div>\n\t\t\t<div  class=\"ms-slide\" data-delay=\"3\" data-fill-mode=\"fill\"   >\n\t\t\t\t\t<img src=\"https:\/\/2020.europeangayskiweek.com\/wp-content\/plugins\/masterslider\/public\/assets\/css\/blank.gif\" alt=\"\" title=\"mountain-lunch-4\" data-src=\"https:\/\/cdn.europeangayskiweek.com\/wp\/uploads\/2019\/06\/mountain-lunch-4.jpg\" \/>\n\n\n\t\t\t\t<\/div>\n\t\t\t<div  class=\"ms-slide\" data-delay=\"3\" data-fill-mode=\"fill\"   >\n\t\t\t\t\t<img src=\"https:\/\/2020.europeangayskiweek.com\/wp-content\/plugins\/masterslider\/public\/assets\/css\/blank.gif\" alt=\"\" title=\"mountain-lunch-\" data-src=\"https:\/\/cdn.europeangayskiweek.com\/wp\/uploads\/2019\/06\/mountain-lunch-.jpg\" \/>\n\n\n\t\t\t\t<\/div>\n\t\t\t<div  class=\"ms-slide\" data-delay=\"3\" data-fill-mode=\"fill\"   >\n\t\t\t\t\t<img src=\"https:\/\/2020.europeangayskiweek.com\/wp-content\/plugins\/masterslider\/public\/assets\/css\/blank.gif\" alt=\"\" title=\"17097565_10154422795400835_3004512273721482677_o\" data-src=\"https:\/\/cdn.europeangayskiweek.com\/wp\/uploads\/2020\/02\/17097565_10154422795400835_3004512273721482677_o-1.jpg\" \/>\n\n\n\t\t\t\t<\/div>\n\n\t\t\t<\/div>\n\t\t\t<!-- END MasterSlider Main -->\n\n\t\t\t \n\t\t<\/div>\n\t\t<!-- END MasterSlider -->\n\n\t\t<script>\n\t\t( window.MSReady = window.MSReady || [] ).push( function( $ ) {\n\n\t\t\t\"use strict\";\n\t\t\tvar masterslider_a088 = new MasterSlider();\n\n\t\t\t\/\/ slider controls\n\t\t\t\/\/ slider setup\n\t\t\tmasterslider_a088.setup(\"MS69fded1b6a088\", {\n\t\t\t\twidth           : 600,\n\t\t\t\theight          : 450,\n\t\t\t\tminHeight       : 0,\n\t\t\t\tspace           : 0,\n\t\t\t\tstart           : 1,\n\t\t\t\tgrabCursor      : true,\n\t\t\t\tswipe           : true,\n\t\t\t\tmouse           : true,\n\t\t\t\tkeyboard        : false,\n\t\t\t\tlayout          : \"boxed\",\n\t\t\t\twheel           : false,\n\t\t\t\tautoplay        : true,\n\t\t\t\tinstantStartLayers:false,\n\t\t\t\tloop            : true,\n\t\t\t\tshuffle         : false,\n\t\t\t\tpreload         : 0,\n\t\t\t\theightLimit     : true,\n\t\t\t\tautoHeight      : false,\n\t\t\t\tsmoothHeight    : true,\n\t\t\t\tendPause        : false,\n\t\t\t\toverPause       : false,\n\t\t\t\tfillMode        : \"fill\",\n\t\t\t\tcenterControls  : true,\n\t\t\t\tstartOnAppear   : false,\n\t\t\t\tlayersMode      : \"center\",\n\t\t\t\tautofillTarget  : \"\",\n\t\t\t\thideLayers      : false,\n\t\t\t\tfullscreenMargin: 0,\n\t\t\t\tspeed           : 20,\n\t\t\t\tdir             : \"h\",\n\t\t\t\tparallaxMode    : 'swipe',\n\t\t\t\tview            : \"fade\"\n\t\t\t});\n\n\t\t\t\n\t\t\twindow.masterslider_instances = window.masterslider_instances || [];\n\t\t\twindow.masterslider_instances.push( masterslider_a088 );\n\t\t});\n\t\t<\/script>\n\n<\/div><\/div><\/div><div class=\"kc-elm kc-css-328693 kc_col-sm-6 kc_column kc_col-sm-6\"><div class=\"kc-col-container\"><div class=\"kc-elm kc-css-707400 kc_text_block\"><\/p>\n<h2>D\u00e9jeuner en montagne<\/h2>\n<hr \/>\n<p>20\u20ac par personne<\/p>\n<p>Le d\u00e9jeuner en montagne\u00a0 est un \u00e9v\u00e9nement unique et passionnant sp\u00e9cialement cr\u00e9\u00e9 pour EGSW 2019 et que nous r\u00e9p\u00e9tons en 2020. Dans le cadre alpin idyllique d\u2019Arc 1950, nous avons cr\u00e9\u00e9 une zone de restauration sp\u00e9ciale pour accueillir ce d\u00e9jeuner festif.<\/p>\n<p>D\u00e9licieux menu \u00e0 la carte (option v\u00e9g\u00e9tarienne disponible) et le vin vous attendra dans cet endroit magnifique pour rencontrer tous vos amis (anciens et nouveaux). Il y aura \u00e9galement un concert de Katrina, gracieusement offert par l\u2019office du tourisme Arc 1950.<\/p>\n<p>\n<\/div>\n<div class=\"kc-elm kc-css-666785 kc-pro-button kc-button-main\">\n\t<a href=\"https:\/\/booking.europeangayskiweek.com\/Booking.aspx?mode=1&#038;action=1&#038;LanguageId=2\">\n\t\t<span class=\"creative_title\">R\u00e9servez maintenant le d\u00e9jeuner en montagne<\/span>\t<\/a>\n<\/div>\n<\/div><\/div><\/div><\/div><\/section><section class=\"kc-elm kc-css-602243 kc_row\"><div class=\"kc-row-container  kc-container\"><div class=\"kc-wrap-columns\"><div class=\"kc-elm kc-css-405198 kc_col-sm-12 kc_column kc_col-sm-12\"><div class=\"kc-col-container\"><div class=\"kc-elm kc-css-161413\" style=\"height: 80px; clear: both; width:100%;\"><\/div><\/div><\/div><\/div><\/div><\/section><section class=\"kc-elm kc-css-703572 kc_row\"><div class=\"kc-row-container  kc-container\"><div class=\"kc-wrap-columns\"><div class=\"kc-elm kc-css-130613 kc_col-sm-6 kc_column kc_col-sm-6\"><div class=\"kc-col-container\"><div class=\"kc-elm kc-css-411529 kc_shortcode kc_single_image\">\n\n        <img src=\"https:\/\/cdn.europeangayskiweek.com\/wp\/uploads\/2019\/06\/Promo6.jpg\" class=\"\" alt=\"\" \/>    <\/div>\n<div class=\"kc-elm kc-css-453121\" style=\"height: 20px; clear: both; width:100%;\"><\/div><div class=\"kc-elm kc-css-688599 kc_text_block\"><\/p>\n<h4 style=\"text-align: center;\">GROUPES GUID\u00c9S DE SKI ET SNOWBAORD<\/h4>\n<p>Laissez les experts vous guider \u00e0 travers Paradiski \u2026 Tous nos groupes sont accompagn\u00e9s par un guide professionnel.<\/p>\n<p>R\u00e9servez t\u00f4t, la disponibilit\u00e9 est tr\u00e8s limit\u00e9e!<\/p>\n<p>\n<\/div>\n<div class=\"kc-elm kc-css-484006\">\n\t<a class=\"kc_button\" href=\"https:\/\/e20.europeangayskiweek.com\/fr\/the-skiing-and-boarding\/hosted-ski-snowboard-groups\/\" target=\"_self\" title=\"Hosted Ski &amp; Snowboard Groups\" onclick=\"\">\n\t\tPlus d:apos:info sur nos groupes guid\u00e9s\t<\/a>\n<\/div>\n<\/div><\/div><div class=\"kc-elm kc-css-301788 kc_col-sm-6 kc_column kc_col-sm-6\"><div class=\"kc-col-container\"><div class=\"kc-elm kc-css-875894 kc_shortcode kc_single_image\">\n\n        <img src=\"https:\/\/cdn.europeangayskiweek.com\/wp\/uploads\/2019\/06\/EVO2_076-300x180.jpg\" class=\"\" alt=\"\" \/>    <\/div>\n<div class=\"kc-elm kc-css-310374\" style=\"height: 20px; clear: both; width:100%;\"><\/div><div class=\"kc-elm kc-css-86741 kc_text_block\"><\/p>\n<h4 style=\"text-align: center;\">\u00c9COLE DE SKI EGSW<\/h4>\n<p>Une opportunit\u00e9 d\u2019apprendre ou de retrouvez vos jambes. R\u00e9visez les bases, faites des progr\u00e8s et impressionnez ! R\u00e9servez votre le\u00e7on bien \u00e0 l\u2019avance car les capacit\u00e9s des groupes sont tr\u00e8s limit\u00e9s et tr\u00e8s demand\u00e9s.<\/p>\n<p>\n<\/div>\n<div class=\"kc-elm kc-css-970977\">\n\t<a class=\"kc_button\" href=\"https:\/\/e20.europeangayskiweek.com\/fr\/the-skiing-and-boarding\/egsw-ski-school\/\" target=\"_self\" title=\"EGSW Ski &amp; Snowboard School\" onclick=\"\">\n\t\tPlus d:apos:info sur notre \u00e9cole de ski EGSW\t<\/a>\n<\/div>\n<\/div><\/div><\/div><\/div><\/section><section class=\"kc-elm kc-css-793164 kc_row\"><div class=\"kc-row-container  kc-container\"><div class=\"kc-wrap-columns\"><div class=\"kc-elm kc-css-596551 kc_col-sm-12 kc_column kc_col-sm-12\"><div class=\"kc-col-container\"><div class=\"kc-elm kc-css-953765\" style=\"height: 80px; clear: both; width:100%;\"><\/div><\/div><\/div><\/div><\/div><\/section><section class=\"kc-elm kc-css-643159 kc_row\"><div class=\"kc-row-container  kc-container\"><div class=\"kc-wrap-columns\"><div class=\"kc-elm kc-css-368844 kc_col-sm-6 kc_column kc_col-sm-6\"><div class=\"kc-col-container\"><div class=\"kc-elm kc-css-422142 kc_shortcode kc_single_image\">\n\n        <img src=\"https:\/\/cdn.europeangayskiweek.com\/wp\/uploads\/2019\/06\/20180319_111942_4.jpg\" class=\"\" alt=\"\" \/>    <\/div>\n<div class=\"kc-elm kc-css-548042\" style=\"height: 20px; clear: both; width:100%;\"><\/div><div class=\"kc-elm kc-css-223222 kc_text_block\"><\/p>\n<h4 style=\"text-align: center;\">Introduction au hors-piste<\/h4>\n<p>Une demi-journ\u00e9e d\u2019aventure accompagn\u00e9e par des moniteurs.<\/p>\n<p>\n<\/div>\n<div class=\"kc-elm kc-css-157059\">\n\t<a class=\"kc_button\" href=\"https:\/\/e20.europeangayskiweek.com\/fr\/the-skiing-and-boarding\/off-piste-skiing-boarding\/\" target=\"_self\" title=\"Ski et Snowboard Hors Piste\" onclick=\"\">\n\t\tPlus d:apos:information sur le Hors-Piste\t<\/a>\n<\/div>\n<\/div><\/div><div class=\"kc-elm kc-css-657166 kc_col-sm-6 kc_column kc_col-sm-6\"><div class=\"kc-col-container\"><div class=\"kc-elm kc-css-16844 kc_shortcode kc_single_image\">\n\n        <img src=\"https:\/\/cdn.europeangayskiweek.com\/wp\/uploads\/2019\/06\/hors-piste_300.jpg\" class=\"\" alt=\"\" \/>    <\/div>\n<div class=\"kc-elm kc-css-274476\" style=\"height: 20px; clear: both; width:100%;\"><\/div><div class=\"kc-elm kc-css-420236 kc_text_block\"><\/p>\n<h4 style=\"text-align: center;\">Excursion et cours hors-piste<\/h4>\n<p>Deux autres fa\u00e7ons d\u2019explorer les zones vierges de Paradiski :<\/p>\n<p>Tour de 3 jours hors piste et des cours de 3 jours de hors piste.<\/p>\n<p>R\u00e9servez t\u00f4t avec votre forfait car la disponibilit\u00e9 est tr\u00e8s limit\u00e9e.<\/p>\n<p>\n<\/div>\n<div class=\"kc-elm kc-css-147545\">\n\t<a class=\"kc_button\" href=\"https:\/\/e20.europeangayskiweek.com\/fr\/the-skiing-and-boarding\/off-piste-skiing-boarding\/\" target=\"_self\" title=\"Ski et Snowboard Hors Piste\" onclick=\"\">\n\t\tPlus d:apos:information sur les activit\u00e9s hors-piste\t<\/a>\n<\/div>\n<\/div><\/div><\/div><\/div><\/section><section class=\"kc-elm kc-css-206988 kc_row\"><div class=\"kc-row-container  kc-container\"><div class=\"kc-wrap-columns\"><div class=\"kc-elm kc-css-342567 kc_col-sm-12 kc_column kc_col-sm-12\"><div class=\"kc-col-container\"><div class=\"kc-elm kc-css-918755\" style=\"height: 80px; clear: both; width:100%;\"><\/div><\/div><\/div><\/div><\/div><\/section><section class=\"kc-elm kc-css-196105 kc_row\"><div class=\"kc-row-container  kc-container\"><div class=\"kc-wrap-columns\"><div class=\"kc-elm kc-css-766975 kc_col-sm-6 kc_column kc_col-sm-6\"><div class=\"kc-col-container\"><div class=\"kc-elm kc-css-260837 kc_shortcode kc_single_image\">\n\n        <img src=\"https:\/\/cdn.europeangayskiweek.com\/wp\/uploads\/2019\/06\/EGS18_JH-871.jpg\" class=\"\" alt=\"\" \/>    <\/div>\n<div class=\"kc-elm kc-css-19484\" style=\"height: 20px; clear: both; width:100%;\"><\/div><div class=\"kc-elm kc-css-864327 kc_text_block\"><\/p>\n<h4 style=\"text-align: center;\">Descente en groupe<\/h4>\n<p>Le vendredi, savourez un bon d\u00e9jeuner dans un restaurant de montagne et participez avec des centaines de joyeux skieurs qui descendent les pentes en groupe \u2026 juste \u00e0 temps pour d\u00e9couvrir la finale de l\u2019Apr\u00e9s Ski qui est prolong\u00e9.<\/p>\n<p>Libre d\u2019adh\u00e9rer, pas d\u2019inscription. Le point de rendez-vous et l\u2019arr\u00eat pour le d\u00e9jeuner vous seront communiqu\u00e9s en station.<\/p>\n<p>\n<\/div><\/div><\/div><div class=\"kc-elm kc-css-534483 kc_col-sm-6 kc_column kc_col-sm-6\"><div class=\"kc-col-container\"><div class=\"kc-elm kc-css-284029 kc_shortcode kc_single_image\">\n\n        <img src=\"https:\/\/cdn.europeangayskiweek.com\/wp\/uploads\/2019\/06\/Martin-Ford.jpg\" class=\"\" alt=\"\" \/>    <\/div>\n<div class=\"kc-elm kc-css-555042\" style=\"height: 20px; clear: both; width:100%;\"><\/div><div class=\"kc-elm kc-css-129634 kc_text_block\"><\/p>\n<h4 style=\"text-align: center;\">Rendez-vous d\u00e9jeuners<\/h4>\n<p>Il existe diff\u00e9rents points de rencontre chaque jour dans les restaurants de montagne. Un loin, un proche pour que tout le monde puisse se rejoindre en fonction de leur niveau ou de la force que vous avez pour la journ\u00e9e \u2026<\/p>\n<p>Vous pouvez r\u00e9server des places ou des tables au d\u00e9part des groupes guid\u00e9s \u00e0 Arc 2000 pr\u00e8s de la terrasse de l\u2019Apr\u00e9s-Ski tous les jours sauf le mardi \u00e0 9h30.<\/p>\n<p>L\u2019inscription est gratuite, il suffit de payer votre repas et vos boissons !<\/p>\n<p>\n<\/div><\/div><\/div><\/div><\/div><\/section><section class=\"kc-elm kc-css-733561 kc_row\"><div class=\"kc-row-container  kc-container\"><div class=\"kc-wrap-columns\"><div class=\"kc-elm kc-css-420944 kc_col-sm-12 kc_column kc_col-sm-12\"><div class=\"kc-col-container\"><div class=\"kc-elm kc-css-583269\" style=\"height: 80px; clear: both; width:100%;\"><\/div><\/div><\/div><\/div><\/div><\/section><section class=\"kc-elm kc-css-270215 kc_row\"><div class=\"kc-row-container  kc-container\"><div class=\"kc-wrap-columns\"><div class=\"kc-elm kc-css-124795 kc_col-sm-2 kc_column kc_col-sm-2\"><div class=\"kc-col-container\"><\/div><\/div><div class=\"kc-elm kc-css-476563 kc_col-sm-8 kc_column kc_col-sm-8\"><div class=\"kc-col-container\"><div class=\"kc-elm kc-css-358142\" style=\"height: 60px; clear: both; width:100%;\"><\/div><div class=\"kc-elm kc-css-518924 kc_text_block\"><\/p>\n<h5 style=\"text-align: center;\"><a href=\"https:\/\/e20.europeangayskiweek.com\/dinners-and-parties\/\">Check out our Special Dinner Nights and Parties too!<\/a><\/h5>\n<p>\n<\/div><div class=\"kc-elm kc-css-360678\" style=\"height: 60px; clear: both; width:100%;\"><\/div><\/div><\/div><div class=\"kc-elm kc-css-868032 kc_col-sm-2 kc_column kc_col-sm-2\"><div class=\"kc-col-container\"><\/div><\/div><\/div><\/div><\/section><\/p>\n","protected":false},"excerpt":{"rendered":"<p> [&#8230;]<\/p>\n<p><a class=\"btn btn-secondary understrap-read-more-link\" href=\"https:\/\/2020.europeangayskiweek.com\/fr\/daytime-events-and-activities\/\">Lire la suite&#8230;<\/a><\/p>\n","protected":false},"author":10,"featured_media":0,"parent":0,"menu_order":5,"comment_status":"closed","ping_status":"closed","template":"page-templates\/fullwidthpage-upto1440.php","meta":[],"yoast_head":"<!-- This site is optimized with the Yoast SEO plugin v19.6 - https:\/\/yoast.com\/wordpress\/plugins\/seo\/ -->\n<title>European Gay Ski Week - Les Arcs Paradiski - 21-28 March 2020 - \u00c9v\u00e9nements et Activit\u00e9s en journ\u00e9e<\/title>\n<meta name=\"description\" content=\"Europe&#039;s No1 LGBT Winter Sport &amp; Music Festival | Arc 1950 &amp; Arc 2000 | Paradiski | Gay Ski Week &amp; parties with International DJs &amp; Artists | BOOK NOW!\" \/>\n<meta name=\"robots\" content=\"index, follow, max-snippet:-1, max-image-preview:large, max-video-preview:-1\" \/>\n<link rel=\"canonical\" href=\"https:\/\/2020.europeangayskiweek.com\/fr\/daytime-events-and-activities\/\" \/>\n<meta property=\"og:locale\" content=\"fr_FR\" \/>\n<meta property=\"og:type\" content=\"article\" \/>\n<meta property=\"og:title\" content=\"European Gay Ski Week - Les Arcs Paradiski - 21-28 March 2020 - \u00c9v\u00e9nements et Activit\u00e9s en journ\u00e9e\" \/>\n<meta property=\"og:description\" content=\"Europe&#039;s No1 LGBT Winter Sport &amp; Music Festival | Arc 1950 &amp; Arc 2000 | Paradiski | Gay Ski Week &amp; parties with International DJs &amp; Artists | BOOK NOW!\" \/>\n<meta property=\"og:url\" content=\"https:\/\/2020.europeangayskiweek.com\/fr\/daytime-events-and-activities\/\" \/>\n<meta property=\"og:site_name\" content=\"European Gay Ski Week - Les Arcs Paradiski - 21-28 March 2020\" \/>\n<meta property=\"article:publisher\" content=\"https:\/\/www.facebook.com\/EuropeanGaySkiWeek\/\" \/>\n<meta property=\"article:modified_time\" content=\"2019-12-26T16:43:32+00:00\" \/>\n<meta property=\"og:image\" content=\"https:\/\/cdn.europeangayskiweek.com\/wp\/uploads\/2019\/07\/fb_og_preview.jpg\" \/>\n\t<meta property=\"og:image:width\" content=\"600\" \/>\n\t<meta property=\"og:image:height\" content=\"314\" \/>\n\t<meta property=\"og:image:type\" content=\"image\/jpeg\" \/>\n<meta name=\"twitter:card\" content=\"summary_large_image\" \/>\n<meta name=\"twitter:site\" content=\"@EuropeanGaySkiW\" \/>\n<meta name=\"twitter:label1\" content=\"Dur\u00e9e de lecture estim\u00e9e\" \/>\n\t<meta name=\"twitter:data1\" content=\"2 minutes\" \/>\n<script type=\"application\/ld+json\" class=\"yoast-schema-graph\">{\"@context\":\"https:\/\/schema.org\",\"@graph\":[{\"@type\":\"WebPage\",\"@id\":\"https:\/\/2020.europeangayskiweek.com\/fr\/daytime-events-and-activities\/\",\"url\":\"https:\/\/2020.europeangayskiweek.com\/fr\/daytime-events-and-activities\/\",\"name\":\"European Gay Ski Week - Les Arcs Paradiski - 21-28 March 2020 - \u00c9v\u00e9nements et Activit\u00e9s en journ\u00e9e\",\"isPartOf\":{\"@id\":\"https:\/\/2020.europeangayskiweek.com\/#website\"},\"datePublished\":\"2019-06-26T17:23:58+00:00\",\"dateModified\":\"2019-12-26T16:43:32+00:00\",\"description\":\"Europe's No1 LGBT Winter Sport & Music Festival | Arc 1950 & Arc 2000 | Paradiski | Gay Ski Week & parties with International DJs & Artists | BOOK NOW!\",\"breadcrumb\":{\"@id\":\"https:\/\/2020.europeangayskiweek.com\/fr\/daytime-events-and-activities\/#breadcrumb\"},\"inLanguage\":\"fr-FR\",\"potentialAction\":[{\"@type\":\"ReadAction\",\"target\":[\"https:\/\/2020.europeangayskiweek.com\/fr\/daytime-events-and-activities\/\"]}]},{\"@type\":\"BreadcrumbList\",\"@id\":\"https:\/\/2020.europeangayskiweek.com\/fr\/daytime-events-and-activities\/#breadcrumb\",\"itemListElement\":[{\"@type\":\"ListItem\",\"position\":1,\"name\":\"Home\",\"item\":\"https:\/\/2020.europeangayskiweek.com\/fr\/\"},{\"@type\":\"ListItem\",\"position\":2,\"name\":\"\u00c9v\u00e9nements et Activit\u00e9s en journ\u00e9e\"}]},{\"@type\":\"WebSite\",\"@id\":\"https:\/\/2020.europeangayskiweek.com\/#website\",\"url\":\"https:\/\/2020.europeangayskiweek.com\/\",\"name\":\"European Gay Ski Week | The Biggest Gay Winter Sports and Music Festival | Les Arcs Paradiski | 21-28 March 2020\",\"description\":\"Europe&#039;s N\u00b01 Gay Winter Sports &amp; Music Festival | Les Arcs - Arc 1950 &amp; Arc 2000 - Paradiski | European Gay Ski Week with International DJs &amp; Artists | BOOK NOW!\",\"publisher\":{\"@id\":\"https:\/\/2020.europeangayskiweek.com\/#organization\"},\"potentialAction\":[{\"@type\":\"SearchAction\",\"target\":{\"@type\":\"EntryPoint\",\"urlTemplate\":\"https:\/\/2020.europeangayskiweek.com\/?s={search_term_string}\"},\"query-input\":\"required name=search_term_string\"}],\"inLanguage\":\"fr-FR\"},{\"@type\":\"Organization\",\"@id\":\"https:\/\/2020.europeangayskiweek.com\/#organization\",\"name\":\"European Gay Ski Week\",\"url\":\"https:\/\/2020.europeangayskiweek.com\/\",\"sameAs\":[\"https:\/\/www.instagram.com\/europeangayskiweek\/\",\"https:\/\/www.youtube.com\/user\/JonHuntEGSW\",\"https:\/\/www.facebook.com\/EuropeanGaySkiWeek\/\",\"https:\/\/twitter.com\/EuropeanGaySkiW\"],\"logo\":{\"@type\":\"ImageObject\",\"inLanguage\":\"fr-FR\",\"@id\":\"https:\/\/2020.europeangayskiweek.com\/#\/schema\/logo\/image\/\",\"url\":\"https:\/\/cdn.europeangayskiweek.com\/wp\/uploads\/2019\/06\/EGSW-Dateless-Black-02b.png\",\"contentUrl\":\"https:\/\/cdn.europeangayskiweek.com\/wp\/uploads\/2019\/06\/EGSW-Dateless-Black-02b.png\",\"width\":1346,\"height\":442,\"caption\":\"European Gay Ski Week\"},\"image\":{\"@id\":\"https:\/\/2020.europeangayskiweek.com\/#\/schema\/logo\/image\/\"}}]}<\/script>\n<!-- \/ Yoast SEO plugin. -->","yoast_head_json":{"title":"European Gay Ski Week - Les Arcs Paradiski - 21-28 March 2020 - \u00c9v\u00e9nements et Activit\u00e9s en journ\u00e9e","description":"Europe's No1 LGBT Winter Sport & Music Festival | Arc 1950 & Arc 2000 | Paradiski | Gay Ski Week & parties with International DJs & Artists | BOOK NOW!","robots":{"index":"index","follow":"follow","max-snippet":"max-snippet:-1","max-image-preview":"max-image-preview:large","max-video-preview":"max-video-preview:-1"},"canonical":"https:\/\/2020.europeangayskiweek.com\/fr\/daytime-events-and-activities\/","og_locale":"fr_FR","og_type":"article","og_title":"European Gay Ski Week - Les Arcs Paradiski - 21-28 March 2020 - \u00c9v\u00e9nements et Activit\u00e9s en journ\u00e9e","og_description":"Europe's No1 LGBT Winter Sport & Music Festival | Arc 1950 & Arc 2000 | Paradiski | Gay Ski Week & parties with International DJs & Artists | BOOK NOW!","og_url":"https:\/\/2020.europeangayskiweek.com\/fr\/daytime-events-and-activities\/","og_site_name":"European Gay Ski Week - Les Arcs Paradiski - 21-28 March 2020","article_publisher":"https:\/\/www.facebook.com\/EuropeanGaySkiWeek\/","article_modified_time":"2019-12-26T16:43:32+00:00","og_image":[{"width":600,"height":314,"url":"https:\/\/cdn.europeangayskiweek.com\/wp\/uploads\/2019\/07\/fb_og_preview.jpg","type":"image\/jpeg"}],"twitter_card":"summary_large_image","twitter_site":"@EuropeanGaySkiW","twitter_misc":{"Dur\u00e9e de lecture estim\u00e9e":"2 minutes"},"schema":{"@context":"https:\/\/schema.org","@graph":[{"@type":"WebPage","@id":"https:\/\/2020.europeangayskiweek.com\/fr\/daytime-events-and-activities\/","url":"https:\/\/2020.europeangayskiweek.com\/fr\/daytime-events-and-activities\/","name":"European Gay Ski Week - Les Arcs Paradiski - 21-28 March 2020 - \u00c9v\u00e9nements et Activit\u00e9s en journ\u00e9e","isPartOf":{"@id":"https:\/\/2020.europeangayskiweek.com\/#website"},"datePublished":"2019-06-26T17:23:58+00:00","dateModified":"2019-12-26T16:43:32+00:00","description":"Europe's No1 LGBT Winter Sport & Music Festival | Arc 1950 & Arc 2000 | Paradiski | Gay Ski Week & parties with International DJs & Artists | BOOK NOW!","breadcrumb":{"@id":"https:\/\/2020.europeangayskiweek.com\/fr\/daytime-events-and-activities\/#breadcrumb"},"inLanguage":"fr-FR","potentialAction":[{"@type":"ReadAction","target":["https:\/\/2020.europeangayskiweek.com\/fr\/daytime-events-and-activities\/"]}]},{"@type":"BreadcrumbList","@id":"https:\/\/2020.europeangayskiweek.com\/fr\/daytime-events-and-activities\/#breadcrumb","itemListElement":[{"@type":"ListItem","position":1,"name":"Home","item":"https:\/\/2020.europeangayskiweek.com\/fr\/"},{"@type":"ListItem","position":2,"name":"\u00c9v\u00e9nements et Activit\u00e9s en journ\u00e9e"}]},{"@type":"WebSite","@id":"https:\/\/2020.europeangayskiweek.com\/#website","url":"https:\/\/2020.europeangayskiweek.com\/","name":"European Gay Ski Week | The Biggest Gay Winter Sports and Music Festival | Les Arcs Paradiski | 21-28 March 2020","description":"Europe&#039;s N\u00b01 Gay Winter Sports &amp; Music Festival | Les Arcs - Arc 1950 &amp; Arc 2000 - Paradiski | European Gay Ski Week with International DJs &amp; Artists | BOOK NOW!","publisher":{"@id":"https:\/\/2020.europeangayskiweek.com\/#organization"},"potentialAction":[{"@type":"SearchAction","target":{"@type":"EntryPoint","urlTemplate":"https:\/\/2020.europeangayskiweek.com\/?s={search_term_string}"},"query-input":"required name=search_term_string"}],"inLanguage":"fr-FR"},{"@type":"Organization","@id":"https:\/\/2020.europeangayskiweek.com\/#organization","name":"European Gay Ski Week","url":"https:\/\/2020.europeangayskiweek.com\/","sameAs":["https:\/\/www.instagram.com\/europeangayskiweek\/","https:\/\/www.youtube.com\/user\/JonHuntEGSW","https:\/\/www.facebook.com\/EuropeanGaySkiWeek\/","https:\/\/twitter.com\/EuropeanGaySkiW"],"logo":{"@type":"ImageObject","inLanguage":"fr-FR","@id":"https:\/\/2020.europeangayskiweek.com\/#\/schema\/logo\/image\/","url":"https:\/\/cdn.europeangayskiweek.com\/wp\/uploads\/2019\/06\/EGSW-Dateless-Black-02b.png","contentUrl":"https:\/\/cdn.europeangayskiweek.com\/wp\/uploads\/2019\/06\/EGSW-Dateless-Black-02b.png","width":1346,"height":442,"caption":"European Gay Ski Week"},"image":{"@id":"https:\/\/2020.europeangayskiweek.com\/#\/schema\/logo\/image\/"}}]}},"_links":{"self":[{"href":"https:\/\/2020.europeangayskiweek.com\/fr\/wp-json\/wp\/v2\/pages\/13631"}],"collection":[{"href":"https:\/\/2020.europeangayskiweek.com\/fr\/wp-json\/wp\/v2\/pages"}],"about":[{"href":"https:\/\/2020.europeangayskiweek.com\/fr\/wp-json\/wp\/v2\/types\/page"}],"author":[{"embeddable":true,"href":"https:\/\/2020.europeangayskiweek.com\/fr\/wp-json\/wp\/v2\/users\/10"}],"replies":[{"embeddable":true,"href":"https:\/\/2020.europeangayskiweek.com\/fr\/wp-json\/wp\/v2\/comments?post=13631"}],"version-history":[{"count":14,"href":"https:\/\/2020.europeangayskiweek.com\/fr\/wp-json\/wp\/v2\/pages\/13631\/revisions"}],"predecessor-version":[{"id":15392,"href":"https:\/\/2020.europeangayskiweek.com\/fr\/wp-json\/wp\/v2\/pages\/13631\/revisions\/15392"}],"wp:attachment":[{"href":"https:\/\/2020.europeangayskiweek.com\/fr\/wp-json\/wp\/v2\/media?parent=13631"}],"curies":[{"name":"wp","href":"https:\/\/api.w.org\/{rel}","templated":true}]}}