{"id":13630,"date":"2019-06-26T18:17:17","date_gmt":"2019-06-26T17:17:17","guid":{"rendered":"https:\/\/e20.europeangayskiweek.com\/?page_id=13630"},"modified":"2019-07-29T18:05:11","modified_gmt":"2019-07-29T17:05:11","slug":"equipment-hire","status":"publish","type":"page","link":"https:\/\/2020.europeangayskiweek.com\/fr\/the-skiing-and-boarding\/equipment-hire\/","title":{"rendered":"Location de Mat\u00e9riel et V\u00eatements"},"content":{"rendered":"<p><section class=\"kc-elm kc-css-629307 kc_row\"><div class=\"kc-row-container  kc-container\"><div class=\"kc-wrap-columns\"><div class=\"kc-elm kc-css-691752 kc_col-sm-2 kc_column kc_col-sm-2\"><div class=\"kc-col-container\"><div class=\"kc-elm kc-css-539331 kc_row kc_row_inner\"><div class=\"kc-elm kc-css-668534 kc_col-sm-12 kc_column_inner kc_col-sm-12\"><div class=\"kc_wrapper kc-col-inner-container\"><\/div><\/div><\/div><\/div><\/div><div class=\"kc-elm kc-css-363237 kc_col-sm-8 kc_column kc_col-sm-8\"><div class=\"kc-col-container\"><div class=\"kc-elm kc-css-30882\" style=\"height: 60px; clear: both; width:100%;\"><\/div>\n<div class=\"kc-elm kc-css-563179 kc-title-wrap \">\n\n\t<h1 class=\"kc_title\">Location d'\u00e9quipements<\/h1>\n<\/div>\n<div class=\"kc-elm kc-css-476009\" style=\"height: 40px; clear: both; width:100%;\"><\/div><div class=\"kc-elm kc-css-311462 kc_row kc_row_inner\"><div class=\"kc-elm kc-css-453152 kc_col-sm-12 kc_column_inner kc_col-sm-12\"><div class=\"kc_wrapper kc-col-inner-container\"><div class=\"kc-elm kc-css-508464\" style=\"height: 20px; clear: both; width:100%;\"><\/div><div class=\"kc-elm kc-css-437976 kc_text_block\"><\/p>\n<h4>PACKS SKI COMPREND SKIS, B\u00c2TONS ET CHAUSSURES<\/h4>\n<p>\n<\/div><div class=\"kc-elm kc-css-890871 kc_text_block\"><\/p>\n<div class=\"fw-table\">\n<table>\n<tbody>\n<tr class=\"default-row\">\n<td class=\"desc-col\">Bronze<\/td>\n<td class=\"default-col\">Ces skis sont adapt\u00e9s pour les d\u00e9butants et les bas interm\u00e9diaires<\/td>\n<td class=\"desc-col\">65\u20ac<\/td>\n<\/tr>\n<tr class=\"default-row\">\n<td class=\"desc-col\">Argent<\/td>\n<td class=\"default-col\">Ces skis conviennent aux interm\u00e9diaires de niveau moyen \u00e0 \u00e9lev\u00e9<\/td>\n<td class=\"desc-col\">75\u20ac<\/td>\n<\/tr>\n<tr class=\"default-row\">\n<td class=\"desc-col\">Or<\/td>\n<td class=\"default-col\">Ces skis conviennent aux experts\/Avanc\u00e9<\/td>\n<td class=\"desc-col\">85\u20ac<\/td>\n<\/tr>\n<\/tbody>\n<\/table>\n<\/div>\n<p>\n<\/div><div class=\"kc-elm kc-css-908852\" style=\"height: 20px; clear: both; width:100%;\"><\/div><\/div><\/div><\/div><\/div><\/div><div class=\"kc-elm kc-css-574203 kc_col-sm-2 kc_column kc_col-sm-2\"><div class=\"kc-col-container\"><div class=\"kc-elm kc-css-265997 kc_row kc_row_inner\"><div class=\"kc-elm kc-css-730436 kc_col-sm-12 kc_column_inner kc_col-sm-12\"><div class=\"kc_wrapper kc-col-inner-container\"><\/div><\/div><\/div><\/div><\/div><\/div><\/div><\/section><section class=\"kc-elm kc-css-730124 kc_row\"><div class=\"kc-row-container  kc-container\"><div class=\"kc-wrap-columns\"><div class=\"kc-elm kc-css-558162 kc_col-sm-2 kc_column kc_col-sm-2\"><div class=\"kc-col-container\"><div class=\"kc-elm kc-css-103833 kc_row kc_row_inner\"><div class=\"kc-elm kc-css-570194 kc_col-sm-12 kc_column_inner kc_col-sm-12\"><div class=\"kc_wrapper kc-col-inner-container\"><\/div><\/div><\/div><\/div><\/div><div class=\"kc-elm kc-css-884541 kc_col-sm-8 kc_column kc_col-sm-8\"><div class=\"kc-col-container\"><div class=\"kc-elm kc-css-720324 kc_row kc_row_inner\"><div class=\"kc-elm kc-css-729029 kc_col-sm-12 kc_column_inner kc_col-sm-12\"><div class=\"kc_wrapper kc-col-inner-container\"><div class=\"kc-elm kc-css-195236\" style=\"height: 20px; clear: both; width:100%;\"><\/div><div class=\"kc-elm kc-css-974030 kc_text_block\"><\/p>\n<h4>SKIS UNIQUEMENT<\/h4>\n<p>\n<\/div><div class=\"kc-elm kc-css-443973 kc_text_block\"><\/p>\n<div class=\"fw-table\">\n<table>\n<tbody>\n<tr class=\"default-row\">\n<td class=\"desc-col\">Argent<\/td>\n<td class=\"default-col\">Convient aux d\u00e9butants jusqu&rsquo;aux interm\u00e9diaires bas<\/td>\n<td class=\"desc-col\">60\u20ac<\/td>\n<\/tr>\n<tr class=\"default-row\">\n<td class=\"desc-col\">Or<\/td>\n<td class=\"default-col\">Pour de bons interm\u00e9diaires jusqu&rsquo;aux experts<\/td>\n<td class=\"desc-col\">70\u20ac<\/td>\n<\/tr>\n<\/tbody>\n<\/table>\n<\/div>\n<p>\n<\/div><div class=\"kc-elm kc-css-575728\" style=\"height: 20px; clear: both; width:100%;\"><\/div><\/div><\/div><\/div><\/div><\/div><div class=\"kc-elm kc-css-370983 kc_col-sm-2 kc_column kc_col-sm-2\"><div class=\"kc-col-container\"><div class=\"kc-elm kc-css-596461 kc_row kc_row_inner\"><div class=\"kc-elm kc-css-541571 kc_col-sm-12 kc_column_inner kc_col-sm-12\"><div class=\"kc_wrapper kc-col-inner-container\"><\/div><\/div><\/div><\/div><\/div><\/div><\/div><\/section><section class=\"kc-elm kc-css-287377 kc_row\"><div class=\"kc-row-container  kc-container\"><div class=\"kc-wrap-columns\"><div class=\"kc-elm kc-css-863515 kc_col-sm-2 kc_column kc_col-sm-2\"><div class=\"kc-col-container\"><div class=\"kc-elm kc-css-576131 kc_row kc_row_inner\"><div class=\"kc-elm kc-css-767888 kc_col-sm-12 kc_column_inner kc_col-sm-12\"><div class=\"kc_wrapper kc-col-inner-container\"><\/div><\/div><\/div><\/div><\/div><div class=\"kc-elm kc-css-236022 kc_col-sm-8 kc_column kc_col-sm-8\"><div class=\"kc-col-container\"><div class=\"kc-elm kc-css-948122 kc_row kc_row_inner\"><div class=\"kc-elm kc-css-304004 kc_col-sm-12 kc_column_inner kc_col-sm-12\"><div class=\"kc_wrapper kc-col-inner-container\"><div class=\"kc-elm kc-css-15856\" style=\"height: 20px; clear: both; width:100%;\"><\/div><div class=\"kc-elm kc-css-887516 kc_text_block\"><\/p>\n<h4>LES PACKS DE SNOWBOARD COMPRENNENT LE SNOWBOARD ET LES CHAUSSURES<\/h4>\n<p>\n<\/div><div class=\"kc-elm kc-css-403938 kc_text_block\"><\/p>\n<div class=\"fw-table\">\n<table>\n<tbody>\n<tr class=\"default-row\">\n<td class=\"desc-col\">Argent<\/td>\n<td class=\"default-col\">Convient aux d\u00e9butants jusqu&rsquo;aux interm\u00e9diaires bas<\/td>\n<td class=\"desc-col\">90\u20ac<\/td>\n<\/tr>\n<tr class=\"default-row\">\n<td class=\"desc-col\">Or<\/td>\n<td class=\"default-col\">pour un bon interm\u00e9diaire \u00e0 des experts<\/td>\n<td class=\"desc-col\">100\u20ac<\/td>\n<\/tr>\n<\/tbody>\n<\/table>\n<\/div>\n<p>\n<\/div><div class=\"kc-elm kc-css-333184\" style=\"height: 20px; clear: both; width:100%;\"><\/div><\/div><\/div><\/div><\/div><\/div><div class=\"kc-elm kc-css-329284 kc_col-sm-2 kc_column kc_col-sm-2\"><div class=\"kc-col-container\"><div class=\"kc-elm kc-css-269829 kc_row kc_row_inner\"><div class=\"kc-elm kc-css-75916 kc_col-sm-12 kc_column_inner kc_col-sm-12\"><div class=\"kc_wrapper kc-col-inner-container\"><\/div><\/div><\/div><\/div><\/div><\/div><\/div><\/section><section class=\"kc-elm kc-css-791204 kc_row\"><div class=\"kc-row-container  kc-container\"><div class=\"kc-wrap-columns\"><div class=\"kc-elm kc-css-792079 kc_col-sm-2 kc_column kc_col-sm-2\"><div class=\"kc-col-container\"><div class=\"kc-elm kc-css-319020 kc_row kc_row_inner\"><div class=\"kc-elm kc-css-927308 kc_col-sm-12 kc_column_inner kc_col-sm-12\"><div class=\"kc_wrapper kc-col-inner-container\"><\/div><\/div><\/div><\/div><\/div><div class=\"kc-elm kc-css-42654 kc_col-sm-8 kc_column kc_col-sm-8\"><div class=\"kc-col-container\"><div class=\"kc-elm kc-css-654807 kc_row kc_row_inner\"><div class=\"kc-elm kc-css-68913 kc_col-sm-12 kc_column_inner kc_col-sm-12\"><div class=\"kc_wrapper kc-col-inner-container\"><div class=\"kc-elm kc-css-226969\" style=\"height: 20px; clear: both; width:100%;\"><\/div><div class=\"kc-elm kc-css-49217 kc_text_block\"><\/p>\n<h4>SNOWBOARD UNIQUEMENT<\/h4>\n<p>\n<\/div><div class=\"kc-elm kc-css-323144 kc_text_block\"><\/p>\n<div class=\"fw-table\">\n<table>\n<tbody>\n<tr class=\"default-row\">\n<td class=\"desc-col\">Argent<\/td>\n<td class=\"default-col\">Convient aux d\u00e9butants jusqu&rsquo;aux interm\u00e9diaires bas<\/td>\n<td class=\"desc-col\">65\u20ac<\/td>\n<\/tr>\n<tr class=\"default-row\">\n<td class=\"desc-col\">Or<\/td>\n<td class=\"default-col\">Pour de bons interm\u00e9diaires jusqu&rsquo;aux experts<\/td>\n<td class=\"desc-col\">85\u20ac<\/td>\n<\/tr>\n<\/tbody>\n<\/table>\n<\/div>\n<p>\n<\/div><div class=\"kc-elm kc-css-302294\" style=\"height: 20px; clear: both; width:100%;\"><\/div><\/div><\/div><\/div><\/div><\/div><div class=\"kc-elm kc-css-2055 kc_col-sm-2 kc_column kc_col-sm-2\"><div class=\"kc-col-container\"><div class=\"kc-elm kc-css-566238 kc_row kc_row_inner\"><div class=\"kc-elm kc-css-724553 kc_col-sm-12 kc_column_inner kc_col-sm-12\"><div class=\"kc_wrapper kc-col-inner-container\"><\/div><\/div><\/div><\/div><\/div><\/div><\/div><\/section><section class=\"kc-elm kc-css-382526 kc_row\"><div class=\"kc-row-container  kc-container\"><div class=\"kc-wrap-columns\"><div class=\"kc-elm kc-css-169255 kc_col-sm-12 kc_column kc_col-sm-12\"><div class=\"kc-col-container\">\n<div class=\"kc-elm kc-css-707807 divider_line\">\n\t<div class=\"divider_inner divider_line1\">\n\t\t\t<\/div>\n<\/div>\n<div class=\"kc-elm kc-css-264432\" style=\"height: 60px; clear: both; width:100%;\"><\/div>\n<div class=\"kc-elm kc-css-293446 kc-title-wrap \">\n\n\t<h1 class=\"kc_title\">Location de v\u00eatements<\/h1>\n<\/div>\n<div class=\"kc-elm kc-css-440013\" style=\"height: 40px; clear: both; width:100%;\"><\/div><\/div><\/div><\/div><\/div><\/section><section class=\"kc-elm kc-css-177813 kc_row\"><div class=\"kc-row-container  kc-container\"><div class=\"kc-wrap-columns\"><div class=\"kc-elm kc-css-854276 kc_col-sm-6 kc_column kc_col-sm-6\"><div class=\"kc-col-container\"><div class=\"kc-elm kc-css-604265 kc_row kc_row_inner\"><div class=\"kc-elm kc-css-556651 kc_col-sm-12 kc_column_inner kc_col-sm-12\"><div class=\"kc_wrapper kc-col-inner-container\"><div class=\"kc-elm kc-css-309889 kc_shortcode kc_single_image\">\n\n        <img src=\"https:\/\/cdn.europeangayskiweek.com\/wp\/uploads\/2019\/06\/Crevasse-EGSW.jpg\" class=\"\" alt=\"\" \/>    <\/div>\n<\/div><\/div><\/div><\/div><\/div><div class=\"kc-elm kc-css-683527 kc_col-sm-6 kc_column kc_col-sm-6\"><div class=\"kc-col-container\"><div class=\"kc-elm kc-css-81850 kc_row kc_row_inner\"><div class=\"kc-elm kc-css-988690 kc_col-sm-12 kc_column_inner kc_col-sm-12\"><div class=\"kc_wrapper kc-col-inner-container\"><div class=\"kc-elm kc-css-688201 kc_text_block\"><\/p>\n<h4>Pack de v\u00eatements<\/h4>\n<p>Vous n&rsquo;\u00eates pas oblig\u00e9 d&rsquo;acheter votre mat\u00e9riel, vous pouvez louer chez notre partenaire Crevasse.<\/p>\n<p>\n<\/div><div class=\"kc-elm kc-css-542022 kc_text_block\"><\/p>\n<div class=\"fw-table\">\n<table>\n<tbody>\n<tr class=\"default-row\">\n<td class=\"desc-col\">EVERYTHING PACKAGE<\/td>\n<td class=\"default-col\">Veste, pantalon, lunettes de protection, gants, chaussettes de ski (\u00e0 garder), ensemble de couche de base (\u00e0 garder)<\/td>\n<td class=\"desc-col\">130\u20ac<\/td>\n<\/tr>\n<tr class=\"default-row\">\n<td class=\"desc-col\">FULL OUTER LAYER PACKAGE<\/td>\n<td class=\"default-col\">Veste, pantalons, lunettes de protection, gants, chaussettes de ski (\u00e0 garder)<\/td>\n<td class=\"desc-col\">100\u20ac<\/td>\n<\/tr>\n<tr class=\"default-row\">\n<td class=\"desc-col\">JACKET &amp; TROUSER PACKAGE<\/td>\n<td class=\"default-col\">Veste, pantalon<\/td>\n<td class=\"desc-col\">65\u20ac<\/td>\n<\/tr>\n<tr class=\"default-row\">\n<td class=\"desc-col\">UN SEUL ARTICLE<\/td>\n<td class=\"default-col\">Veste seule ou pantalon seulement<\/td>\n<td class=\"desc-col\">49\u20ac<\/td>\n<\/tr>\n<\/tbody>\n<\/table>\n<\/div>\n<p>\n<\/div><div class=\"kc-elm kc-css-377137\" style=\"height: 20px; clear: both; width:100%;\"><\/div><\/div><\/div><\/div><\/div><\/div><\/div><\/div><\/section><\/p>\n","protected":false},"excerpt":{"rendered":"<p> [&#8230;]<\/p>\n<p><a class=\"btn btn-secondary understrap-read-more-link\" href=\"https:\/\/2020.europeangayskiweek.com\/fr\/the-skiing-and-boarding\/equipment-hire\/\">Lire la suite&#8230;<\/a><\/p>\n","protected":false},"author":10,"featured_media":0,"parent":13622,"menu_order":6,"comment_status":"closed","ping_status":"closed","template":"page-templates\/fullwidthpage-upto1440.php","meta":[],"yoast_head":"<!-- This site is optimized with the Yoast SEO plugin v19.6 - https:\/\/yoast.com\/wordpress\/plugins\/seo\/ -->\n<title>European Gay Ski Week - Les Arcs Paradiski - 21-28 March 2020 - Location de Mat\u00e9riel et V\u00eatements<\/title>\n<meta name=\"description\" content=\"Europe&#039;s No1 LGBT Winter Sport &amp; Music Festival | Arc 1950 &amp; Arc 2000 | Paradiski | Gay Ski Week &amp; parties with International DJs &amp; Artists | BOOK NOW!\" \/>\n<meta name=\"robots\" content=\"index, follow, max-snippet:-1, max-image-preview:large, max-video-preview:-1\" \/>\n<link rel=\"canonical\" href=\"https:\/\/2020.europeangayskiweek.com\/fr\/the-skiing-and-boarding\/equipment-hire\/\" \/>\n<meta property=\"og:locale\" content=\"fr_FR\" \/>\n<meta property=\"og:type\" content=\"article\" \/>\n<meta property=\"og:title\" content=\"European Gay Ski Week - Les Arcs Paradiski - 21-28 March 2020 - Location de Mat\u00e9riel et V\u00eatements\" \/>\n<meta property=\"og:description\" content=\"Europe&#039;s No1 LGBT Winter Sport &amp; Music Festival | Arc 1950 &amp; Arc 2000 | Paradiski | Gay Ski Week &amp; parties with International DJs &amp; Artists | BOOK NOW!\" \/>\n<meta property=\"og:url\" content=\"https:\/\/2020.europeangayskiweek.com\/fr\/the-skiing-and-boarding\/equipment-hire\/\" \/>\n<meta property=\"og:site_name\" content=\"European Gay Ski Week - Les Arcs Paradiski - 21-28 March 2020\" \/>\n<meta property=\"article:publisher\" content=\"https:\/\/www.facebook.com\/EuropeanGaySkiWeek\/\" \/>\n<meta property=\"article:modified_time\" content=\"2019-07-29T17:05:11+00:00\" \/>\n<meta property=\"og:image\" content=\"https:\/\/cdn.europeangayskiweek.com\/wp\/uploads\/2019\/12\/facebook_og.jpg\" \/>\n<meta name=\"twitter:card\" content=\"summary_large_image\" \/>\n<meta name=\"twitter:site\" content=\"@EuropeanGaySkiW\" \/>\n<meta name=\"twitter:label1\" content=\"Dur\u00e9e de lecture estim\u00e9e\" \/>\n\t<meta name=\"twitter:data1\" content=\"1 minute\" \/>\n<script type=\"application\/ld+json\" class=\"yoast-schema-graph\">{\"@context\":\"https:\/\/schema.org\",\"@graph\":[{\"@type\":\"WebPage\",\"@id\":\"https:\/\/2020.europeangayskiweek.com\/fr\/the-skiing-and-boarding\/equipment-hire\/\",\"url\":\"https:\/\/2020.europeangayskiweek.com\/fr\/the-skiing-and-boarding\/equipment-hire\/\",\"name\":\"European Gay Ski Week - Les Arcs Paradiski - 21-28 March 2020 - Location de Mat\u00e9riel et V\u00eatements\",\"isPartOf\":{\"@id\":\"https:\/\/2020.europeangayskiweek.com\/#website\"},\"datePublished\":\"2019-06-26T17:17:17+00:00\",\"dateModified\":\"2019-07-29T17:05:11+00:00\",\"description\":\"Europe's No1 LGBT Winter Sport & Music Festival | Arc 1950 & Arc 2000 | Paradiski | Gay Ski Week & parties with International DJs & Artists | BOOK NOW!\",\"breadcrumb\":{\"@id\":\"https:\/\/2020.europeangayskiweek.com\/fr\/the-skiing-and-boarding\/equipment-hire\/#breadcrumb\"},\"inLanguage\":\"fr-FR\",\"potentialAction\":[{\"@type\":\"ReadAction\",\"target\":[\"https:\/\/2020.europeangayskiweek.com\/fr\/the-skiing-and-boarding\/equipment-hire\/\"]}]},{\"@type\":\"BreadcrumbList\",\"@id\":\"https:\/\/2020.europeangayskiweek.com\/fr\/the-skiing-and-boarding\/equipment-hire\/#breadcrumb\",\"itemListElement\":[{\"@type\":\"ListItem\",\"position\":1,\"name\":\"Home\",\"item\":\"https:\/\/2020.europeangayskiweek.com\/fr\/\"},{\"@type\":\"ListItem\",\"position\":2,\"name\":\"Le Ski \u00e0 EGSW\",\"item\":\"https:\/\/2020.europeangayskiweek.com\/fr\/the-skiing-and-boarding\/\"},{\"@type\":\"ListItem\",\"position\":3,\"name\":\"Location de Mat\u00e9riel et V\u00eatements\"}]},{\"@type\":\"WebSite\",\"@id\":\"https:\/\/2020.europeangayskiweek.com\/#website\",\"url\":\"https:\/\/2020.europeangayskiweek.com\/\",\"name\":\"European Gay Ski Week | The Biggest Gay Winter Sports and Music Festival | Les Arcs Paradiski | 21-28 March 2020\",\"description\":\"Europe&#039;s N\u00b01 Gay Winter Sports &amp; Music Festival | Les Arcs - Arc 1950 &amp; Arc 2000 - Paradiski | European Gay Ski Week with International DJs &amp; Artists | BOOK NOW!\",\"publisher\":{\"@id\":\"https:\/\/2020.europeangayskiweek.com\/#organization\"},\"potentialAction\":[{\"@type\":\"SearchAction\",\"target\":{\"@type\":\"EntryPoint\",\"urlTemplate\":\"https:\/\/2020.europeangayskiweek.com\/?s={search_term_string}\"},\"query-input\":\"required name=search_term_string\"}],\"inLanguage\":\"fr-FR\"},{\"@type\":\"Organization\",\"@id\":\"https:\/\/2020.europeangayskiweek.com\/#organization\",\"name\":\"European Gay Ski Week\",\"url\":\"https:\/\/2020.europeangayskiweek.com\/\",\"sameAs\":[\"https:\/\/www.instagram.com\/europeangayskiweek\/\",\"https:\/\/www.youtube.com\/user\/JonHuntEGSW\",\"https:\/\/www.facebook.com\/EuropeanGaySkiWeek\/\",\"https:\/\/twitter.com\/EuropeanGaySkiW\"],\"logo\":{\"@type\":\"ImageObject\",\"inLanguage\":\"fr-FR\",\"@id\":\"https:\/\/2020.europeangayskiweek.com\/#\/schema\/logo\/image\/\",\"url\":\"https:\/\/cdn.europeangayskiweek.com\/wp\/uploads\/2019\/06\/EGSW-Dateless-Black-02b.png\",\"contentUrl\":\"https:\/\/cdn.europeangayskiweek.com\/wp\/uploads\/2019\/06\/EGSW-Dateless-Black-02b.png\",\"width\":1346,\"height\":442,\"caption\":\"European Gay Ski Week\"},\"image\":{\"@id\":\"https:\/\/2020.europeangayskiweek.com\/#\/schema\/logo\/image\/\"}}]}<\/script>\n<!-- \/ Yoast SEO plugin. -->","yoast_head_json":{"title":"European Gay Ski Week - Les Arcs Paradiski - 21-28 March 2020 - Location de Mat\u00e9riel et V\u00eatements","description":"Europe's No1 LGBT Winter Sport & Music Festival | Arc 1950 & Arc 2000 | Paradiski | Gay Ski Week & parties with International DJs & Artists | BOOK NOW!","robots":{"index":"index","follow":"follow","max-snippet":"max-snippet:-1","max-image-preview":"max-image-preview:large","max-video-preview":"max-video-preview:-1"},"canonical":"https:\/\/2020.europeangayskiweek.com\/fr\/the-skiing-and-boarding\/equipment-hire\/","og_locale":"fr_FR","og_type":"article","og_title":"European Gay Ski Week - Les Arcs Paradiski - 21-28 March 2020 - Location de Mat\u00e9riel et V\u00eatements","og_description":"Europe's No1 LGBT Winter Sport & Music Festival | Arc 1950 & Arc 2000 | Paradiski | Gay Ski Week & parties with International DJs & Artists | BOOK NOW!","og_url":"https:\/\/2020.europeangayskiweek.com\/fr\/the-skiing-and-boarding\/equipment-hire\/","og_site_name":"European Gay Ski Week - Les Arcs Paradiski - 21-28 March 2020","article_publisher":"https:\/\/www.facebook.com\/EuropeanGaySkiWeek\/","article_modified_time":"2019-07-29T17:05:11+00:00","og_image":[{"url":"https:\/\/cdn.europeangayskiweek.com\/wp\/uploads\/2019\/12\/facebook_og.jpg"}],"twitter_card":"summary_large_image","twitter_site":"@EuropeanGaySkiW","twitter_misc":{"Dur\u00e9e de lecture estim\u00e9e":"1 minute"},"schema":{"@context":"https:\/\/schema.org","@graph":[{"@type":"WebPage","@id":"https:\/\/2020.europeangayskiweek.com\/fr\/the-skiing-and-boarding\/equipment-hire\/","url":"https:\/\/2020.europeangayskiweek.com\/fr\/the-skiing-and-boarding\/equipment-hire\/","name":"European Gay Ski Week - Les Arcs Paradiski - 21-28 March 2020 - Location de Mat\u00e9riel et V\u00eatements","isPartOf":{"@id":"https:\/\/2020.europeangayskiweek.com\/#website"},"datePublished":"2019-06-26T17:17:17+00:00","dateModified":"2019-07-29T17:05:11+00:00","description":"Europe's No1 LGBT Winter Sport & Music Festival | Arc 1950 & Arc 2000 | Paradiski | Gay Ski Week & parties with International DJs & Artists | BOOK NOW!","breadcrumb":{"@id":"https:\/\/2020.europeangayskiweek.com\/fr\/the-skiing-and-boarding\/equipment-hire\/#breadcrumb"},"inLanguage":"fr-FR","potentialAction":[{"@type":"ReadAction","target":["https:\/\/2020.europeangayskiweek.com\/fr\/the-skiing-and-boarding\/equipment-hire\/"]}]},{"@type":"BreadcrumbList","@id":"https:\/\/2020.europeangayskiweek.com\/fr\/the-skiing-and-boarding\/equipment-hire\/#breadcrumb","itemListElement":[{"@type":"ListItem","position":1,"name":"Home","item":"https:\/\/2020.europeangayskiweek.com\/fr\/"},{"@type":"ListItem","position":2,"name":"Le Ski \u00e0 EGSW","item":"https:\/\/2020.europeangayskiweek.com\/fr\/the-skiing-and-boarding\/"},{"@type":"ListItem","position":3,"name":"Location de Mat\u00e9riel et V\u00eatements"}]},{"@type":"WebSite","@id":"https:\/\/2020.europeangayskiweek.com\/#website","url":"https:\/\/2020.europeangayskiweek.com\/","name":"European Gay Ski Week | The Biggest Gay Winter Sports and Music Festival | Les Arcs Paradiski | 21-28 March 2020","description":"Europe&#039;s N\u00b01 Gay Winter Sports &amp; Music Festival | Les Arcs - Arc 1950 &amp; Arc 2000 - Paradiski | European Gay Ski Week with International DJs &amp; Artists | BOOK NOW!","publisher":{"@id":"https:\/\/2020.europeangayskiweek.com\/#organization"},"potentialAction":[{"@type":"SearchAction","target":{"@type":"EntryPoint","urlTemplate":"https:\/\/2020.europeangayskiweek.com\/?s={search_term_string}"},"query-input":"required name=search_term_string"}],"inLanguage":"fr-FR"},{"@type":"Organization","@id":"https:\/\/2020.europeangayskiweek.com\/#organization","name":"European Gay Ski Week","url":"https:\/\/2020.europeangayskiweek.com\/","sameAs":["https:\/\/www.instagram.com\/europeangayskiweek\/","https:\/\/www.youtube.com\/user\/JonHuntEGSW","https:\/\/www.facebook.com\/EuropeanGaySkiWeek\/","https:\/\/twitter.com\/EuropeanGaySkiW"],"logo":{"@type":"ImageObject","inLanguage":"fr-FR","@id":"https:\/\/2020.europeangayskiweek.com\/#\/schema\/logo\/image\/","url":"https:\/\/cdn.europeangayskiweek.com\/wp\/uploads\/2019\/06\/EGSW-Dateless-Black-02b.png","contentUrl":"https:\/\/cdn.europeangayskiweek.com\/wp\/uploads\/2019\/06\/EGSW-Dateless-Black-02b.png","width":1346,"height":442,"caption":"European Gay Ski Week"},"image":{"@id":"https:\/\/2020.europeangayskiweek.com\/#\/schema\/logo\/image\/"}}]}},"_links":{"self":[{"href":"https:\/\/2020.europeangayskiweek.com\/fr\/wp-json\/wp\/v2\/pages\/13630"}],"collection":[{"href":"https:\/\/2020.europeangayskiweek.com\/fr\/wp-json\/wp\/v2\/pages"}],"about":[{"href":"https:\/\/2020.europeangayskiweek.com\/fr\/wp-json\/wp\/v2\/types\/page"}],"author":[{"embeddable":true,"href":"https:\/\/2020.europeangayskiweek.com\/fr\/wp-json\/wp\/v2\/users\/10"}],"replies":[{"embeddable":true,"href":"https:\/\/2020.europeangayskiweek.com\/fr\/wp-json\/wp\/v2\/comments?post=13630"}],"version-history":[{"count":7,"href":"https:\/\/2020.europeangayskiweek.com\/fr\/wp-json\/wp\/v2\/pages\/13630\/revisions"}],"predecessor-version":[{"id":14585,"href":"https:\/\/2020.europeangayskiweek.com\/fr\/wp-json\/wp\/v2\/pages\/13630\/revisions\/14585"}],"up":[{"embeddable":true,"href":"https:\/\/2020.europeangayskiweek.com\/fr\/wp-json\/wp\/v2\/pages\/13622"}],"wp:attachment":[{"href":"https:\/\/2020.europeangayskiweek.com\/fr\/wp-json\/wp\/v2\/media?parent=13630"}],"curies":[{"name":"wp","href":"https:\/\/api.w.org\/{rel}","templated":true}]}}