{"id":13629,"date":"2019-06-26T18:17:25","date_gmt":"2019-06-26T17:17:25","guid":{"rendered":"https:\/\/e20.europeangayskiweek.com\/?page_id=13629"},"modified":"2019-07-29T18:05:00","modified_gmt":"2019-07-29T17:05:00","slug":"carre-neige","status":"publish","type":"page","link":"https:\/\/2020.europeangayskiweek.com\/fr\/the-skiing-and-boarding\/carre-neige\/","title":{"rendered":"Assurance Carr\u00e9 Neige"},"content":{"rendered":"<p><section class=\"kc-elm kc-css-803538 kc_row\"><div class=\"kc-row-container  kc-container\"><div class=\"kc-wrap-columns\"><div class=\"kc-elm kc-css-490731 kc_col-sm-2 kc_column kc_col-sm-2\"><div class=\"kc-col-container\"><\/div><\/div><div class=\"kc-elm kc-css-432078 kc_col-sm-8 kc_column kc_col-sm-8\"><div class=\"kc-col-container\"><div class=\"kc-elm kc-css-834842\" style=\"height: 60px; clear: both; width:100%;\"><\/div>\n<div class=\"kc-elm kc-css-98422 kc-title-wrap \">\n\n\t<h1 class=\"kc_title\">Assurance Ski \"Carr\u00e9 Neige\"<\/h1>\n<\/div>\n<div class=\"kc-elm kc-css-500045\" style=\"height: 40px; clear: both; width:100%;\"><\/div><div class=\"kc-elm kc-css-883159 kc_text_block\"><\/p>\n<p><b>Avec l&rsquo;assurance \u00abCarr\u00e9 Neige\u00bb, vous b\u00e9n\u00e9ficiez de la meilleure aide professionnelle disponible localement et d\u2019une couverture compl\u00e8te, du paiement de votre sauvetage sur les pistes au remboursement des jours non utilis\u00e9s de vos \u00abforfaits de remont\u00e9es m\u00e9caniques\u00bb et \/ ou ou \u00abcours de ski\u00bb, \u00e0 votre transport en ambulance.<\/b><\/p>\n<p>\n<\/div><div class=\"kc-elm kc-css-344939\" style=\"height: 40px; clear: both; width:100%;\"><\/div><\/div><\/div><div class=\"kc-elm kc-css-75354 kc_col-sm-2 kc_column kc_col-sm-2\"><div class=\"kc-col-container\"><\/div><\/div><\/div><\/div><\/section><section class=\"kc-elm kc-css-467984 kc_row\"><div class=\"kc-row-container  kc-container\"><div class=\"kc-wrap-columns\"><div class=\"kc-elm kc-css-964847 kc_col-sm-6 kc_column kc_col-sm-6\"><div class=\"kc-col-container\"><div class=\"kc-elm kc-css-105327 kc_text_block\"><\/p>\n<p>Collisions entre skieurs, entorses, fractures, luxations, blessures \u00e0 la t\u00eate. Les sports de glisse pr\u00e9sentent de multiples risques. Entre 100 000 et 150 000 accidents se produisent chaque saison. C\u2019est pourquoi l\u2019ESF propose aussi\u00a0 Carr\u00e9 Neige, l&rsquo;assurance n\u00e9cessaires en cas d\u2019accident lors de votre s\u00e9jour.<\/p>\n<p><b>Avec Carr\u00e9 Neige, vous b\u00e9n\u00e9ficiez des comp\u00e9tences des meilleurs professionnels du secteur et vous avez acc\u00e8s \u00e0 des services complets, notamment des op\u00e9rations de sauvetage et le remboursement des forfaits de ski et du transport en ambulance.<\/b><\/p>\n<p>Alors, pour skier en toute tranquillit\u00e9 et profiter des pistes en toute s\u00e9curit\u00e9, que vous soyez seul, en famille ou entre amis, pensez \u00e0 acheter Carr\u00e9 Neige.<\/p>\n<p>\n<\/div>\n<div class=\"kc-elm kc-css-15015\">\n\t<a class=\"kc_button\" href=\"https:\/\/carreneige.com\/fr\/nos-offres\/carre-neige\/\" target=\"_blank\" title=\"Carr\u00e9 Neige\" onclick=\"\">\n\t\t<i class=\"sl-link\"><\/i> Plus d:apos:infos sur Carr\u00e9 Neige\t<\/a>\n<\/div>\n<\/div><\/div><div class=\"kc-elm kc-css-191294 kc_col-sm-6 kc_column kc_col-sm-6\"><div class=\"kc-col-container\"><div class=\"kc-elm kc-css-383562 kc_shortcode kc_single_image\">\n\n        <img src=\"https:\/\/cdn.europeangayskiweek.com\/wp\/uploads\/2019\/06\/Paradiski-15-600x400.jpg\" class=\"\" alt=\"\" \/>    <\/div>\n<\/div><\/div><\/div><\/div><\/section><\/p>\n","protected":false},"excerpt":{"rendered":"<p> [&#8230;]<\/p>\n<p><a class=\"btn btn-secondary understrap-read-more-link\" href=\"https:\/\/2020.europeangayskiweek.com\/fr\/the-skiing-and-boarding\/carre-neige\/\">Lire la suite&#8230;<\/a><\/p>\n","protected":false},"author":10,"featured_media":0,"parent":13622,"menu_order":5,"comment_status":"closed","ping_status":"closed","template":"page-templates\/fullwidthpage-upto1440.php","meta":[],"yoast_head":"<!-- This site is optimized with the Yoast SEO plugin v19.6 - https:\/\/yoast.com\/wordpress\/plugins\/seo\/ -->\n<title>European Gay Ski Week - Les Arcs Paradiski - 21-28 March 2020 - Assurance Carr\u00e9 Neige<\/title>\n<meta name=\"robots\" content=\"index, follow, max-snippet:-1, max-image-preview:large, max-video-preview:-1\" \/>\n<link rel=\"canonical\" href=\"https:\/\/2020.europeangayskiweek.com\/fr\/the-skiing-and-boarding\/carre-neige\/\" \/>\n<meta property=\"og:locale\" content=\"fr_FR\" \/>\n<meta property=\"og:type\" content=\"article\" \/>\n<meta property=\"og:title\" content=\"European Gay Ski Week - Les Arcs Paradiski - 21-28 March 2020 - Assurance Carr\u00e9 Neige\" \/>\n<meta property=\"og:description\" content=\"Assurance Ski \u00ab\u00a0Carr\u00e9 Neige\u00a0\u00bb Avec l&rsquo;assurance \u00abCarr\u00e9 Neige\u00bb, vous b\u00e9n\u00e9ficiez de la meilleure aide professionnelle disponible localement et d\u2019une couverture compl\u00e8te, du paiement de votre sauvetage sur les pistes au remboursement des jours non utilis\u00e9s de vos \u00abforfaits de remont\u00e9es m\u00e9caniques\u00bb et \/ ou ou \u00abcours de ski\u00bb, \u00e0 votre transport en ambulance. Collisions entre [...]Lire la suite...\" \/>\n<meta property=\"og:url\" content=\"https:\/\/2020.europeangayskiweek.com\/fr\/the-skiing-and-boarding\/carre-neige\/\" \/>\n<meta property=\"og:site_name\" content=\"European Gay Ski Week - Les Arcs Paradiski - 21-28 March 2020\" \/>\n<meta property=\"article:publisher\" content=\"https:\/\/www.facebook.com\/EuropeanGaySkiWeek\/\" \/>\n<meta property=\"article:modified_time\" content=\"2019-07-29T17:05:00+00:00\" \/>\n<meta property=\"og:image\" content=\"https:\/\/cdn.europeangayskiweek.com\/wp\/uploads\/2019\/12\/facebook_og.jpg\" \/>\n<meta name=\"twitter:card\" content=\"summary_large_image\" \/>\n<meta name=\"twitter:site\" content=\"@EuropeanGaySkiW\" \/>\n<meta name=\"twitter:label1\" content=\"Dur\u00e9e de lecture estim\u00e9e\" \/>\n\t<meta name=\"twitter:data1\" content=\"1 minute\" \/>\n<script type=\"application\/ld+json\" class=\"yoast-schema-graph\">{\"@context\":\"https:\/\/schema.org\",\"@graph\":[{\"@type\":\"WebPage\",\"@id\":\"https:\/\/2020.europeangayskiweek.com\/fr\/the-skiing-and-boarding\/carre-neige\/\",\"url\":\"https:\/\/2020.europeangayskiweek.com\/fr\/the-skiing-and-boarding\/carre-neige\/\",\"name\":\"European Gay Ski Week - Les Arcs Paradiski - 21-28 March 2020 - Assurance Carr\u00e9 Neige\",\"isPartOf\":{\"@id\":\"https:\/\/2020.europeangayskiweek.com\/#website\"},\"datePublished\":\"2019-06-26T17:17:25+00:00\",\"dateModified\":\"2019-07-29T17:05:00+00:00\",\"breadcrumb\":{\"@id\":\"https:\/\/2020.europeangayskiweek.com\/fr\/the-skiing-and-boarding\/carre-neige\/#breadcrumb\"},\"inLanguage\":\"fr-FR\",\"potentialAction\":[{\"@type\":\"ReadAction\",\"target\":[\"https:\/\/2020.europeangayskiweek.com\/fr\/the-skiing-and-boarding\/carre-neige\/\"]}]},{\"@type\":\"BreadcrumbList\",\"@id\":\"https:\/\/2020.europeangayskiweek.com\/fr\/the-skiing-and-boarding\/carre-neige\/#breadcrumb\",\"itemListElement\":[{\"@type\":\"ListItem\",\"position\":1,\"name\":\"Home\",\"item\":\"https:\/\/2020.europeangayskiweek.com\/fr\/\"},{\"@type\":\"ListItem\",\"position\":2,\"name\":\"Le Ski \u00e0 EGSW\",\"item\":\"https:\/\/2020.europeangayskiweek.com\/fr\/the-skiing-and-boarding\/\"},{\"@type\":\"ListItem\",\"position\":3,\"name\":\"Assurance Carr\u00e9 Neige\"}]},{\"@type\":\"WebSite\",\"@id\":\"https:\/\/2020.europeangayskiweek.com\/#website\",\"url\":\"https:\/\/2020.europeangayskiweek.com\/\",\"name\":\"European Gay Ski Week | The Biggest Gay Winter Sports and Music Festival | Les Arcs Paradiski | 21-28 March 2020\",\"description\":\"Europe&#039;s N\u00b01 Gay Winter Sports &amp; Music Festival | Les Arcs - Arc 1950 &amp; Arc 2000 - Paradiski | European Gay Ski Week with International DJs &amp; Artists | BOOK NOW!\",\"publisher\":{\"@id\":\"https:\/\/2020.europeangayskiweek.com\/#organization\"},\"potentialAction\":[{\"@type\":\"SearchAction\",\"target\":{\"@type\":\"EntryPoint\",\"urlTemplate\":\"https:\/\/2020.europeangayskiweek.com\/?s={search_term_string}\"},\"query-input\":\"required name=search_term_string\"}],\"inLanguage\":\"fr-FR\"},{\"@type\":\"Organization\",\"@id\":\"https:\/\/2020.europeangayskiweek.com\/#organization\",\"name\":\"European Gay Ski Week\",\"url\":\"https:\/\/2020.europeangayskiweek.com\/\",\"sameAs\":[\"https:\/\/www.instagram.com\/europeangayskiweek\/\",\"https:\/\/www.youtube.com\/user\/JonHuntEGSW\",\"https:\/\/www.facebook.com\/EuropeanGaySkiWeek\/\",\"https:\/\/twitter.com\/EuropeanGaySkiW\"],\"logo\":{\"@type\":\"ImageObject\",\"inLanguage\":\"fr-FR\",\"@id\":\"https:\/\/2020.europeangayskiweek.com\/#\/schema\/logo\/image\/\",\"url\":\"https:\/\/cdn.europeangayskiweek.com\/wp\/uploads\/2019\/06\/EGSW-Dateless-Black-02b.png\",\"contentUrl\":\"https:\/\/cdn.europeangayskiweek.com\/wp\/uploads\/2019\/06\/EGSW-Dateless-Black-02b.png\",\"width\":1346,\"height\":442,\"caption\":\"European Gay Ski Week\"},\"image\":{\"@id\":\"https:\/\/2020.europeangayskiweek.com\/#\/schema\/logo\/image\/\"}}]}<\/script>\n<!-- \/ Yoast SEO plugin. -->","yoast_head_json":{"title":"European Gay Ski Week - Les Arcs Paradiski - 21-28 March 2020 - Assurance Carr\u00e9 Neige","robots":{"index":"index","follow":"follow","max-snippet":"max-snippet:-1","max-image-preview":"max-image-preview:large","max-video-preview":"max-video-preview:-1"},"canonical":"https:\/\/2020.europeangayskiweek.com\/fr\/the-skiing-and-boarding\/carre-neige\/","og_locale":"fr_FR","og_type":"article","og_title":"European Gay Ski Week - Les Arcs Paradiski - 21-28 March 2020 - Assurance Carr\u00e9 Neige","og_description":"Assurance Ski \u00ab\u00a0Carr\u00e9 Neige\u00a0\u00bb Avec l&rsquo;assurance \u00abCarr\u00e9 Neige\u00bb, vous b\u00e9n\u00e9ficiez de la meilleure aide professionnelle disponible localement et d\u2019une couverture compl\u00e8te, du paiement de votre sauvetage sur les pistes au remboursement des jours non utilis\u00e9s de vos \u00abforfaits de remont\u00e9es m\u00e9caniques\u00bb et \/ ou ou \u00abcours de ski\u00bb, \u00e0 votre transport en ambulance. Collisions entre [...]Lire la suite...","og_url":"https:\/\/2020.europeangayskiweek.com\/fr\/the-skiing-and-boarding\/carre-neige\/","og_site_name":"European Gay Ski Week - Les Arcs Paradiski - 21-28 March 2020","article_publisher":"https:\/\/www.facebook.com\/EuropeanGaySkiWeek\/","article_modified_time":"2019-07-29T17:05:00+00:00","og_image":[{"url":"https:\/\/cdn.europeangayskiweek.com\/wp\/uploads\/2019\/12\/facebook_og.jpg"}],"twitter_card":"summary_large_image","twitter_site":"@EuropeanGaySkiW","twitter_misc":{"Dur\u00e9e de lecture estim\u00e9e":"1 minute"},"schema":{"@context":"https:\/\/schema.org","@graph":[{"@type":"WebPage","@id":"https:\/\/2020.europeangayskiweek.com\/fr\/the-skiing-and-boarding\/carre-neige\/","url":"https:\/\/2020.europeangayskiweek.com\/fr\/the-skiing-and-boarding\/carre-neige\/","name":"European Gay Ski Week - Les Arcs Paradiski - 21-28 March 2020 - Assurance Carr\u00e9 Neige","isPartOf":{"@id":"https:\/\/2020.europeangayskiweek.com\/#website"},"datePublished":"2019-06-26T17:17:25+00:00","dateModified":"2019-07-29T17:05:00+00:00","breadcrumb":{"@id":"https:\/\/2020.europeangayskiweek.com\/fr\/the-skiing-and-boarding\/carre-neige\/#breadcrumb"},"inLanguage":"fr-FR","potentialAction":[{"@type":"ReadAction","target":["https:\/\/2020.europeangayskiweek.com\/fr\/the-skiing-and-boarding\/carre-neige\/"]}]},{"@type":"BreadcrumbList","@id":"https:\/\/2020.europeangayskiweek.com\/fr\/the-skiing-and-boarding\/carre-neige\/#breadcrumb","itemListElement":[{"@type":"ListItem","position":1,"name":"Home","item":"https:\/\/2020.europeangayskiweek.com\/fr\/"},{"@type":"ListItem","position":2,"name":"Le Ski \u00e0 EGSW","item":"https:\/\/2020.europeangayskiweek.com\/fr\/the-skiing-and-boarding\/"},{"@type":"ListItem","position":3,"name":"Assurance Carr\u00e9 Neige"}]},{"@type":"WebSite","@id":"https:\/\/2020.europeangayskiweek.com\/#website","url":"https:\/\/2020.europeangayskiweek.com\/","name":"European Gay Ski Week | The Biggest Gay Winter Sports and Music Festival | Les Arcs Paradiski | 21-28 March 2020","description":"Europe&#039;s N\u00b01 Gay Winter Sports &amp; Music Festival | Les Arcs - Arc 1950 &amp; Arc 2000 - Paradiski | European Gay Ski Week with International DJs &amp; Artists | BOOK NOW!","publisher":{"@id":"https:\/\/2020.europeangayskiweek.com\/#organization"},"potentialAction":[{"@type":"SearchAction","target":{"@type":"EntryPoint","urlTemplate":"https:\/\/2020.europeangayskiweek.com\/?s={search_term_string}"},"query-input":"required name=search_term_string"}],"inLanguage":"fr-FR"},{"@type":"Organization","@id":"https:\/\/2020.europeangayskiweek.com\/#organization","name":"European Gay Ski Week","url":"https:\/\/2020.europeangayskiweek.com\/","sameAs":["https:\/\/www.instagram.com\/europeangayskiweek\/","https:\/\/www.youtube.com\/user\/JonHuntEGSW","https:\/\/www.facebook.com\/EuropeanGaySkiWeek\/","https:\/\/twitter.com\/EuropeanGaySkiW"],"logo":{"@type":"ImageObject","inLanguage":"fr-FR","@id":"https:\/\/2020.europeangayskiweek.com\/#\/schema\/logo\/image\/","url":"https:\/\/cdn.europeangayskiweek.com\/wp\/uploads\/2019\/06\/EGSW-Dateless-Black-02b.png","contentUrl":"https:\/\/cdn.europeangayskiweek.com\/wp\/uploads\/2019\/06\/EGSW-Dateless-Black-02b.png","width":1346,"height":442,"caption":"European Gay Ski Week"},"image":{"@id":"https:\/\/2020.europeangayskiweek.com\/#\/schema\/logo\/image\/"}}]}},"_links":{"self":[{"href":"https:\/\/2020.europeangayskiweek.com\/fr\/wp-json\/wp\/v2\/pages\/13629"}],"collection":[{"href":"https:\/\/2020.europeangayskiweek.com\/fr\/wp-json\/wp\/v2\/pages"}],"about":[{"href":"https:\/\/2020.europeangayskiweek.com\/fr\/wp-json\/wp\/v2\/types\/page"}],"author":[{"embeddable":true,"href":"https:\/\/2020.europeangayskiweek.com\/fr\/wp-json\/wp\/v2\/users\/10"}],"replies":[{"embeddable":true,"href":"https:\/\/2020.europeangayskiweek.com\/fr\/wp-json\/wp\/v2\/comments?post=13629"}],"version-history":[{"count":9,"href":"https:\/\/2020.europeangayskiweek.com\/fr\/wp-json\/wp\/v2\/pages\/13629\/revisions"}],"predecessor-version":[{"id":14584,"href":"https:\/\/2020.europeangayskiweek.com\/fr\/wp-json\/wp\/v2\/pages\/13629\/revisions\/14584"}],"up":[{"embeddable":true,"href":"https:\/\/2020.europeangayskiweek.com\/fr\/wp-json\/wp\/v2\/pages\/13622"}],"wp:attachment":[{"href":"https:\/\/2020.europeangayskiweek.com\/fr\/wp-json\/wp\/v2\/media?parent=13629"}],"curies":[{"name":"wp","href":"https:\/\/api.w.org\/{rel}","templated":true}]}}