{"id":13628,"date":"2019-06-26T18:18:10","date_gmt":"2019-06-26T17:18:10","guid":{"rendered":"https:\/\/e20.europeangayskiweek.com\/?page_id=13628"},"modified":"2019-07-29T18:04:33","modified_gmt":"2019-07-29T17:04:33","slug":"private_lessons","status":"publish","type":"page","link":"https:\/\/2020.europeangayskiweek.com\/fr\/the-skiing-and-boarding\/private_lessons\/","title":{"rendered":"Le\u00e7ons Particuli\u00e8res"},"content":{"rendered":"<section class=\"kc-elm kc-css-493417 kc_row\"><div class=\"kc-row-container  kc-container\"><div class=\"kc-wrap-columns\"><div class=\"kc-elm kc-css-657029 kc_col-sm-2 kc_column kc_col-sm-2\"><div class=\"kc-col-container\"><\/div><\/div><div class=\"kc-elm kc-css-42939 kc_col-sm-8 kc_column kc_col-sm-8\"><div class=\"kc-col-container\"><div class=\"kc-elm kc-css-148233\" style=\"height: 60px; clear: both; width:100%;\"><\/div><div class=\"kc-elm kc-css-338269 kc_text_block\"><\/p>\n<h2 style=\"text-align: center;\">Ski ou snowboard<\/h2>\n<h2 style=\"text-align: center;\">N&rsquo;importe quel niveau<\/h2>\n<p>\n<\/div><div class=\"kc-elm kc-css-552003\" style=\"height: 40px; clear: both; width:100%;\"><\/div><div class=\"kc-elm kc-css-722881 kc_text_block\"><\/p>\n<p>Si vous pr\u00e9f\u00e9rez avoir une le\u00e7on priv\u00e9e, une large gamme est disponible.<\/p>\n<p><span style=\"font-style: inherit;\">Choisissez parmi n&rsquo;importe quel jour de la semaine, matin, midi ou apr\u00e8s-midi. Des instructeurs sympathiques peuvent vous aider \u00e0 retrouver vos jambes de ski ou \u00e0 am\u00e9liorer votre confiance en vous avant de vous lancer hors piste ou de rejoindre l&rsquo;un de nos groupes guid\u00e9s.<\/span><\/p>\n<p>\n<\/div><div class=\"kc-elm kc-css-192514 kc_text_block\"><\/p>\n<div class=\"fw-table\">\n<table>\n<thead>\n<tr class=\"heading-row\">\n<th class=\"default-col\">JOUR<\/th>\n<th class=\"default-col\">HORAIRE<\/th>\n<th class=\"default-col\">PRIX<\/th>\n<\/tr>\n<\/thead>\n<tbody>\n<tr class=\"default-row\">\n<td class=\"default-col\">DIM &#8211; VEN<\/td>\n<td class=\"default-col\">09:15 &#8211; 12:00<\/td>\n<td class=\"default-col\">145 \u20ac par cours<br \/>\n(m\u00eame prix pour 1 \u00e0 4 personnes)<\/td>\n<\/tr>\n<tr class=\"default-row\">\n<td class=\"default-col\">DIM &#8211; VEN<\/td>\n<td class=\"default-col\">12:30 &#8211; 13:30<\/td>\n<td class=\"default-col\">50 \u20ac par cours<br \/>\n(m\u00eame prix pour 1 \u00e0 2 personnes)<\/td>\n<\/tr>\n<tr class=\"default-row\">\n<td class=\"default-col\">DIM- VEN<\/td>\n<td class=\"default-col\">12:30 &#8211; 14:00<\/td>\n<td class=\"default-col\">75 \u20ac par cours<br \/>\n(m\u00eame prix pour 1 \u00e0 2 personnes)<\/td>\n<\/tr>\n<tr class=\"default-row\">\n<td class=\"default-col\">DIM- VEN<\/td>\n<td class=\"default-col\">13:00 -14:00<\/td>\n<td class=\"default-col\">50 \u20ac par cours<br \/>\n(m\u00eame prix pour 1 \u00e0 2 personnes)<\/td>\n<\/tr>\n<tr class=\"default-row\">\n<td class=\"default-col\">DIM &#8211; VEN<\/td>\n<td class=\"default-col\">14:15 &#8211; 16:45<\/td>\n<td class=\"default-col\">130 \u20ac par cours<br \/>\n(m\u00eame prix pour 1 \u00e0 4 personnes)<\/td>\n<\/tr>\n<\/tbody>\n<\/table>\n<\/div>\n<p>\n<\/div><\/div><\/div><div class=\"kc-elm kc-css-173568 kc_col-sm-2 kc_column kc_col-sm-2\"><div class=\"kc-col-container\"><\/div><\/div><\/div><\/div><\/section>\n","protected":false},"excerpt":{"rendered":"<p> [&#8230;]<\/p>\n<p><a class=\"btn btn-secondary understrap-read-more-link\" href=\"https:\/\/2020.europeangayskiweek.com\/fr\/the-skiing-and-boarding\/private_lessons\/\">Lire la suite&#8230;<\/a><\/p>\n","protected":false},"author":10,"featured_media":0,"parent":13622,"menu_order":4,"comment_status":"closed","ping_status":"closed","template":"page-templates\/fullwidthpage-upto1440.php","meta":[],"yoast_head":"<!-- This site is optimized with the Yoast SEO plugin v19.6 - https:\/\/yoast.com\/wordpress\/plugins\/seo\/ -->\n<title>European Gay Ski Week - Les Arcs Paradiski - 21-28 March 2020 - Le\u00e7ons Particuli\u00e8res<\/title>\n<meta name=\"description\" content=\"Europe&#039;s No1 Gay Ski Week | Arc 1950 &amp; 2000 | Paradiski | Miles of epic Off-Piste &amp; woodland tracks | Parties with International DJs &amp; Artists | BOOK NOW!\" \/>\n<meta name=\"robots\" content=\"index, follow, max-snippet:-1, max-image-preview:large, max-video-preview:-1\" \/>\n<link rel=\"canonical\" href=\"https:\/\/2020.europeangayskiweek.com\/fr\/the-skiing-and-boarding\/private_lessons\/\" \/>\n<meta property=\"og:locale\" content=\"fr_FR\" \/>\n<meta property=\"og:type\" content=\"article\" \/>\n<meta property=\"og:title\" content=\"European Gay Ski Week - Les Arcs Paradiski - 21-28 March 2020 - Le\u00e7ons Particuli\u00e8res\" \/>\n<meta property=\"og:description\" content=\"Europe&#039;s No1 Gay Ski Week | Arc 1950 &amp; 2000 | Paradiski | Miles of epic Off-Piste &amp; woodland tracks | Parties with International DJs &amp; Artists | BOOK NOW!\" \/>\n<meta property=\"og:url\" content=\"https:\/\/2020.europeangayskiweek.com\/fr\/the-skiing-and-boarding\/private_lessons\/\" \/>\n<meta property=\"og:site_name\" content=\"European Gay Ski Week - Les Arcs Paradiski - 21-28 March 2020\" \/>\n<meta property=\"article:publisher\" content=\"https:\/\/www.facebook.com\/EuropeanGaySkiWeek\/\" \/>\n<meta property=\"article:modified_time\" content=\"2019-07-29T17:04:33+00:00\" \/>\n<meta property=\"og:image\" content=\"https:\/\/cdn.europeangayskiweek.com\/wp\/uploads\/2019\/12\/facebook_og.jpg\" \/>\n<meta name=\"twitter:card\" content=\"summary_large_image\" \/>\n<meta name=\"twitter:site\" content=\"@EuropeanGaySkiW\" \/>\n<meta name=\"twitter:label1\" content=\"Dur\u00e9e de lecture estim\u00e9e\" \/>\n\t<meta name=\"twitter:data1\" content=\"1 minute\" \/>\n<script type=\"application\/ld+json\" class=\"yoast-schema-graph\">{\"@context\":\"https:\/\/schema.org\",\"@graph\":[{\"@type\":\"WebPage\",\"@id\":\"https:\/\/2020.europeangayskiweek.com\/fr\/the-skiing-and-boarding\/private_lessons\/\",\"url\":\"https:\/\/2020.europeangayskiweek.com\/fr\/the-skiing-and-boarding\/private_lessons\/\",\"name\":\"European Gay Ski Week - Les Arcs Paradiski - 21-28 March 2020 - Le\u00e7ons Particuli\u00e8res\",\"isPartOf\":{\"@id\":\"https:\/\/2020.europeangayskiweek.com\/#website\"},\"datePublished\":\"2019-06-26T17:18:10+00:00\",\"dateModified\":\"2019-07-29T17:04:33+00:00\",\"description\":\"Europe's No1 Gay Ski Week | Arc 1950 & 2000 | Paradiski | Miles of epic Off-Piste & woodland tracks | Parties with International DJs & Artists | BOOK NOW!\",\"breadcrumb\":{\"@id\":\"https:\/\/2020.europeangayskiweek.com\/fr\/the-skiing-and-boarding\/private_lessons\/#breadcrumb\"},\"inLanguage\":\"fr-FR\",\"potentialAction\":[{\"@type\":\"ReadAction\",\"target\":[\"https:\/\/2020.europeangayskiweek.com\/fr\/the-skiing-and-boarding\/private_lessons\/\"]}]},{\"@type\":\"BreadcrumbList\",\"@id\":\"https:\/\/2020.europeangayskiweek.com\/fr\/the-skiing-and-boarding\/private_lessons\/#breadcrumb\",\"itemListElement\":[{\"@type\":\"ListItem\",\"position\":1,\"name\":\"Home\",\"item\":\"https:\/\/2020.europeangayskiweek.com\/fr\/\"},{\"@type\":\"ListItem\",\"position\":2,\"name\":\"Le Ski \u00e0 EGSW\",\"item\":\"https:\/\/2020.europeangayskiweek.com\/fr\/the-skiing-and-boarding\/\"},{\"@type\":\"ListItem\",\"position\":3,\"name\":\"Le\u00e7ons Particuli\u00e8res\"}]},{\"@type\":\"WebSite\",\"@id\":\"https:\/\/2020.europeangayskiweek.com\/#website\",\"url\":\"https:\/\/2020.europeangayskiweek.com\/\",\"name\":\"European Gay Ski Week | The Biggest Gay Winter Sports and Music Festival | Les Arcs Paradiski | 21-28 March 2020\",\"description\":\"Europe&#039;s N\u00b01 Gay Winter Sports &amp; Music Festival | Les Arcs - Arc 1950 &amp; Arc 2000 - Paradiski | European Gay Ski Week with International DJs &amp; Artists | BOOK NOW!\",\"publisher\":{\"@id\":\"https:\/\/2020.europeangayskiweek.com\/#organization\"},\"potentialAction\":[{\"@type\":\"SearchAction\",\"target\":{\"@type\":\"EntryPoint\",\"urlTemplate\":\"https:\/\/2020.europeangayskiweek.com\/?s={search_term_string}\"},\"query-input\":\"required name=search_term_string\"}],\"inLanguage\":\"fr-FR\"},{\"@type\":\"Organization\",\"@id\":\"https:\/\/2020.europeangayskiweek.com\/#organization\",\"name\":\"European Gay Ski Week\",\"url\":\"https:\/\/2020.europeangayskiweek.com\/\",\"sameAs\":[\"https:\/\/www.instagram.com\/europeangayskiweek\/\",\"https:\/\/www.youtube.com\/user\/JonHuntEGSW\",\"https:\/\/www.facebook.com\/EuropeanGaySkiWeek\/\",\"https:\/\/twitter.com\/EuropeanGaySkiW\"],\"logo\":{\"@type\":\"ImageObject\",\"inLanguage\":\"fr-FR\",\"@id\":\"https:\/\/2020.europeangayskiweek.com\/#\/schema\/logo\/image\/\",\"url\":\"https:\/\/cdn.europeangayskiweek.com\/wp\/uploads\/2019\/06\/EGSW-Dateless-Black-02b.png\",\"contentUrl\":\"https:\/\/cdn.europeangayskiweek.com\/wp\/uploads\/2019\/06\/EGSW-Dateless-Black-02b.png\",\"width\":1346,\"height\":442,\"caption\":\"European Gay Ski Week\"},\"image\":{\"@id\":\"https:\/\/2020.europeangayskiweek.com\/#\/schema\/logo\/image\/\"}}]}<\/script>\n<!-- \/ Yoast SEO plugin. -->","yoast_head_json":{"title":"European Gay Ski Week - Les Arcs Paradiski - 21-28 March 2020 - Le\u00e7ons Particuli\u00e8res","description":"Europe's No1 Gay Ski Week | Arc 1950 & 2000 | Paradiski | Miles of epic Off-Piste & woodland tracks | Parties with International DJs & Artists | BOOK NOW!","robots":{"index":"index","follow":"follow","max-snippet":"max-snippet:-1","max-image-preview":"max-image-preview:large","max-video-preview":"max-video-preview:-1"},"canonical":"https:\/\/2020.europeangayskiweek.com\/fr\/the-skiing-and-boarding\/private_lessons\/","og_locale":"fr_FR","og_type":"article","og_title":"European Gay Ski Week - Les Arcs Paradiski - 21-28 March 2020 - Le\u00e7ons Particuli\u00e8res","og_description":"Europe's No1 Gay Ski Week | Arc 1950 & 2000 | Paradiski | Miles of epic Off-Piste & woodland tracks | Parties with International DJs & Artists | BOOK NOW!","og_url":"https:\/\/2020.europeangayskiweek.com\/fr\/the-skiing-and-boarding\/private_lessons\/","og_site_name":"European Gay Ski Week - Les Arcs Paradiski - 21-28 March 2020","article_publisher":"https:\/\/www.facebook.com\/EuropeanGaySkiWeek\/","article_modified_time":"2019-07-29T17:04:33+00:00","og_image":[{"url":"https:\/\/cdn.europeangayskiweek.com\/wp\/uploads\/2019\/12\/facebook_og.jpg"}],"twitter_card":"summary_large_image","twitter_site":"@EuropeanGaySkiW","twitter_misc":{"Dur\u00e9e de lecture estim\u00e9e":"1 minute"},"schema":{"@context":"https:\/\/schema.org","@graph":[{"@type":"WebPage","@id":"https:\/\/2020.europeangayskiweek.com\/fr\/the-skiing-and-boarding\/private_lessons\/","url":"https:\/\/2020.europeangayskiweek.com\/fr\/the-skiing-and-boarding\/private_lessons\/","name":"European Gay Ski Week - Les Arcs Paradiski - 21-28 March 2020 - Le\u00e7ons Particuli\u00e8res","isPartOf":{"@id":"https:\/\/2020.europeangayskiweek.com\/#website"},"datePublished":"2019-06-26T17:18:10+00:00","dateModified":"2019-07-29T17:04:33+00:00","description":"Europe's No1 Gay Ski Week | Arc 1950 & 2000 | Paradiski | Miles of epic Off-Piste & woodland tracks | Parties with International DJs & Artists | BOOK NOW!","breadcrumb":{"@id":"https:\/\/2020.europeangayskiweek.com\/fr\/the-skiing-and-boarding\/private_lessons\/#breadcrumb"},"inLanguage":"fr-FR","potentialAction":[{"@type":"ReadAction","target":["https:\/\/2020.europeangayskiweek.com\/fr\/the-skiing-and-boarding\/private_lessons\/"]}]},{"@type":"BreadcrumbList","@id":"https:\/\/2020.europeangayskiweek.com\/fr\/the-skiing-and-boarding\/private_lessons\/#breadcrumb","itemListElement":[{"@type":"ListItem","position":1,"name":"Home","item":"https:\/\/2020.europeangayskiweek.com\/fr\/"},{"@type":"ListItem","position":2,"name":"Le Ski \u00e0 EGSW","item":"https:\/\/2020.europeangayskiweek.com\/fr\/the-skiing-and-boarding\/"},{"@type":"ListItem","position":3,"name":"Le\u00e7ons Particuli\u00e8res"}]},{"@type":"WebSite","@id":"https:\/\/2020.europeangayskiweek.com\/#website","url":"https:\/\/2020.europeangayskiweek.com\/","name":"European Gay Ski Week | The Biggest Gay Winter Sports and Music Festival | Les Arcs Paradiski | 21-28 March 2020","description":"Europe&#039;s N\u00b01 Gay Winter Sports &amp; Music Festival | Les Arcs - Arc 1950 &amp; Arc 2000 - Paradiski | European Gay Ski Week with International DJs &amp; Artists | BOOK NOW!","publisher":{"@id":"https:\/\/2020.europeangayskiweek.com\/#organization"},"potentialAction":[{"@type":"SearchAction","target":{"@type":"EntryPoint","urlTemplate":"https:\/\/2020.europeangayskiweek.com\/?s={search_term_string}"},"query-input":"required name=search_term_string"}],"inLanguage":"fr-FR"},{"@type":"Organization","@id":"https:\/\/2020.europeangayskiweek.com\/#organization","name":"European Gay Ski Week","url":"https:\/\/2020.europeangayskiweek.com\/","sameAs":["https:\/\/www.instagram.com\/europeangayskiweek\/","https:\/\/www.youtube.com\/user\/JonHuntEGSW","https:\/\/www.facebook.com\/EuropeanGaySkiWeek\/","https:\/\/twitter.com\/EuropeanGaySkiW"],"logo":{"@type":"ImageObject","inLanguage":"fr-FR","@id":"https:\/\/2020.europeangayskiweek.com\/#\/schema\/logo\/image\/","url":"https:\/\/cdn.europeangayskiweek.com\/wp\/uploads\/2019\/06\/EGSW-Dateless-Black-02b.png","contentUrl":"https:\/\/cdn.europeangayskiweek.com\/wp\/uploads\/2019\/06\/EGSW-Dateless-Black-02b.png","width":1346,"height":442,"caption":"European Gay Ski Week"},"image":{"@id":"https:\/\/2020.europeangayskiweek.com\/#\/schema\/logo\/image\/"}}]}},"_links":{"self":[{"href":"https:\/\/2020.europeangayskiweek.com\/fr\/wp-json\/wp\/v2\/pages\/13628"}],"collection":[{"href":"https:\/\/2020.europeangayskiweek.com\/fr\/wp-json\/wp\/v2\/pages"}],"about":[{"href":"https:\/\/2020.europeangayskiweek.com\/fr\/wp-json\/wp\/v2\/types\/page"}],"author":[{"embeddable":true,"href":"https:\/\/2020.europeangayskiweek.com\/fr\/wp-json\/wp\/v2\/users\/10"}],"replies":[{"embeddable":true,"href":"https:\/\/2020.europeangayskiweek.com\/fr\/wp-json\/wp\/v2\/comments?post=13628"}],"version-history":[{"count":5,"href":"https:\/\/2020.europeangayskiweek.com\/fr\/wp-json\/wp\/v2\/pages\/13628\/revisions"}],"predecessor-version":[{"id":14582,"href":"https:\/\/2020.europeangayskiweek.com\/fr\/wp-json\/wp\/v2\/pages\/13628\/revisions\/14582"}],"up":[{"embeddable":true,"href":"https:\/\/2020.europeangayskiweek.com\/fr\/wp-json\/wp\/v2\/pages\/13622"}],"wp:attachment":[{"href":"https:\/\/2020.europeangayskiweek.com\/fr\/wp-json\/wp\/v2\/media?parent=13628"}],"curies":[{"name":"wp","href":"https:\/\/api.w.org\/{rel}","templated":true}]}}