{"id":13625,"date":"2019-06-26T18:13:52","date_gmt":"2019-06-26T17:13:52","guid":{"rendered":"https:\/\/e20.europeangayskiweek.com\/?page_id=13625"},"modified":"2020-02-26T12:26:20","modified_gmt":"2020-02-26T12:26:20","slug":"egsw-ski-school","status":"publish","type":"page","link":"https:\/\/2020.europeangayskiweek.com\/fr\/the-skiing-and-boarding\/egsw-ski-school\/","title":{"rendered":"\u00c9cole de Ski &#038; Snowboard EGSW"},"content":{"rendered":"<section class=\"kc-elm kc-css-305862 kc_row\"><div class=\"kc-row-container  kc-container\"><div class=\"kc-wrap-columns\"><div class=\"kc-elm kc-css-210269 kc_col-sm-2 kc_column kc_col-sm-2\"><div class=\"kc-col-container\"><\/div><\/div><div class=\"kc-elm kc-css-607203 kc_col-sm-8 kc_column kc_col-sm-8\"><div class=\"kc-col-container\"><div class=\"kc-elm kc-css-574543\" style=\"height: 60px; clear: both; width:100%;\"><\/div><div class=\"kc-elm kc-css-175909 kc_text_block\"><\/p>\n<h5 style=\"text-align: center;\">Apprendre avec l&rsquo;\u00c9cole de ski et snowboard<br \/>\nEuropean Gay Ski Week<\/h5>\n<ul>\n<li style=\"text-align: left;\"><strong>D\u00e9tenteurs du Pass \u00c9v\u00e9nement seulement<\/strong> &#8211; Les cours de l&rsquo;\u00e9colde de ski seront constitu\u00e9s uniquement de d\u00e9tenteurs du Pass \u00c9v\u00e9nement European Gay Ski Week. Les non-d\u00e9tenteurs de pass ne peuvent pas se joindre aux cours.<\/li>\n<li style=\"text-align: left;\"><strong>Petits groupes <\/strong>&#8211; Nombre maximum de personne par cours : 9 personnes. Ceci permet d&rsquo;optimiser le temps d&rsquo;apprentissage et assure que chaque membre du groupe re\u00e7oit l&rsquo;attention n\u00e9cessaire. Ces groupes sous soumis \u00e0 un minimum de participant de 5 pesonnes par cours. S&rsquo;il y a 4 personnes ou moins inscrites dans votre cours, on pourra vous proposer de rejoindre un cours d&rsquo;\u00e9cole g\u00e9n\u00e9raliste du m\u00eame niveau, ou \u00eatre rembours\u00e9 int\u00e9gralement.<\/li>\n<li style=\"text-align: left;\"><strong>D\u00e9part tardif <\/strong>&#8211; Nous savons que vous aimez profiter de votre soir\u00e9e, les cours non-d\u00e9butantsd\u00e9marrent donc \u00e0 10h et les d\u00e9butants \u00e0 10h30, vous laissant ainsi le temps de vous pr\u00e9parer tranquillement.<\/li>\n<li style=\"text-align: left;\"><strong>D\u00e9butants <\/strong>&#8211; Les cours d\u00e9marrent \u00e0 10h30 le dimanche et continuent jusqu&rsquo;au jeudi. Deux heures chaque matin, deux heures pour d\u00e9jeuner \u00e0 notre point de rendez-vous d\u00e9jeuner, et deux heures l&rsquo;apr\u00e8s-midi.<\/li>\n<li style=\"text-align: left;\"><strong>Niveaux 1 \u00e0 4<\/strong> &#8211; Les cours d\u00e9marrent le lundi matin, vous donnant ainsi l&rsquo;occasion de vous remettre en jambes le dimanche avant de d\u00e9marrer les cours. Les cours n&rsquo;ont lieu que le matin vous laissant le temps de profiter de votre d\u00e9jeuner et skier librement avec vos amis l&rsquo;apr\u00e8s-midi..<\/li>\n<li style=\"text-align: left;\"><strong>Masterclass Hors-Piste<\/strong> &#8211; La masterclass d\u00e9bute mardi matin. Nous vous recommandons de rejoindre nos groupes guid\u00e9s Rapide ou Super-Rapide du dimanche et lundi avant de vous joinder \u00e0 la masterclass. Vous devez \u00eatre capable de skier sur toutes les pistes, y compris les noires, en toutes conditions, y compris les plus mauvaises comme mauvaise visibilit\u00e9 ou naige glac\u00e9e.<\/li>\n<\/ul>\n<p>\n<\/div><div class=\"kc-elm kc-css-129673 kc_text_block\"><\/p>\n<p>Au moment de choisir votre niveau d&rsquo;\u00c9cole de ski, r\u00e9servez le cours qui selon vous correspond au mieux \u00e0 vos aptitudes. Votre moniteur, apr\u00e8s avoir \u00e9valu\u00e9 vos aptitudes, pourra vous conseiller de changer pour un niveau de cours mieux adapt\u00e9 \u00e0 vos besoins.<\/p>\n<p>\n<\/div><div class=\"kc-elm kc-css-796154 kc-raw-code\"><div class=\"fw-col-xs-12 fw-col-sm-4\">\r\n<div class=\"fw-testimonials fw-testimonials-2\">\r\n\t<div class=\"caroufredsel_wrapper\" style=\"display: block; text-align: start; float: none; position: relative; top: auto; right: auto; bottom: auto; left: auto; z-index: auto; width: 100%; height: 180px; margin: 0px; overflow: hidden;\"><div class=\"fw-testimonials-list\" id=\"testimonials-5cfa3ed5d9f77\" style=\"text-align: left;float: none;position: absolute;top: 0px;right: auto;bottom: auto;left: 0px;margin: 0px;\">\r\n\t\t\t\t\t<div class=\"fw-testimonials-item clearfix\" style=\"width: 100%;\">\r\n\t\t\t\t\r\n\t\t\t\t<div class=\"fw-testimonials-text\">\r\n\t\t\t\t\t<p>\"The most fun I had all week, made lots of friends and laughed constantly!\" <\/p>\r\n\t\t\t\t<\/div>\r\n\t\t\t\t<div class=\"fw-testimonials-meta\">\r\n\t\t\t\t\t<div class=\"fw-testimonials-avatar\">\r\n\t\t\t\t\t\t\t\t\t\t\t\t<img src=\"\/\/www.2020.europeangayskiweek.com\/wp-content\/uploads\/2018\/07\/david-evans.jpg\" alt=\"David Evans\">\r\n\t\t\t\t\t<\/div>\r\n\t\t\t\t\t<div class=\"fw-testimonials-author\">\r\n\t\t\t\t\t\t<span class=\"author-name\">David Evans<\/span>\r\n\t\t\t\t\t\t<em>EGSW Regular<\/em>\r\n\t\t\t\t\t\t<span class=\"fw-testimonials-url\">\r\n\t\t\t\t\t\t\t<a href=\"\"><\/a>\r\n\t\t\t\t\t\t<\/span>\r\n\t\t\t\t\t<\/div>\r\n\t\t\t\t<\/div>\r\n\t\t\t<\/div>\r\n\t\t\t<\/div>\r\n<\/div>\r\n<\/div><\/div><\/div>\n<div class=\"kc-elm kc-css-50760 kc-title-wrap \">\n\n\t<h3 class=\"kc_title\">COURS DE SKI & SNOWBOARD <\/h3>\n<\/div>\n<div class=\"kc-elm kc-css-41537 kc_text_block\"><\/p>\n<div class=\"fw-table\">\n<table>\n<tbody>\n<tr class=\"default-row\">\n<td class=\"desc-col\">Cours D\u00e9butants<\/td>\n<td class=\"default-col\">Cours D\u00e9butants<\/td>\n<td class=\"default-col\">Vous n&rsquo;avez jamais ski\u00e9 auparavant, il est temps d&rsquo;apprendre les bases fondamentaux du ski et de ressentir vos premi\u00e8res sensations de glisse.<\/td>\n<\/tr>\n<tr class=\"default-row\">\n<td class=\"desc-col\">COURS 1<\/td>\n<td class=\"default-col\">Cours D\u00e9butant Termin\u00e9<\/td>\n<td class=\"default-col\">Vous savez prendre un t\u00e9l\u00e9ski, faire un virage\u00a0 sur une piste VERTE. Apprenez \u00e0 tourner avec plus d&rsquo;assurance et \u00e0 vous ameliorer jusqu\u2019\u00e0 pouvoir skier avec les skis en parall\u00e8le.<\/td>\n<\/tr>\n<tr class=\"default-row\">\n<td class=\"desc-col\">COURS 2<\/td>\n<td class=\"default-col\">D\u00e9butant Avanc\u00e9<\/td>\n<td class=\"default-col\">Vous etes capable de faire des d\u00e9rapages et des virages sur de longues courbes en gardant les skis parall\u00e9les. Vous vous sentez \u00e1 l&rsquo;aise sur les pistes BLEUES. Am\u00e9liorez vous, prenez le bon rythme et gagnez en assurance<\/td>\n<\/tr>\n<tr class=\"default-row\">\n<td class=\"desc-col\">COURS 3<\/td>\n<td class=\"default-col\">Interm\u00e9diaire<\/td>\n<td class=\"default-col\">Vous tournez ski parall\u00e9les, vous savez appr\u00e9hender toutes les pentes.Il est temps d&rsquo;apprendre \u00e1 maitriser toutes les courbes, grands virages, godilles, (petits virages successifs sur une meme ligne)<\/td>\n<\/tr>\n<tr class=\"default-row\">\n<td class=\"desc-col\">COURS 4<\/td>\n<td class=\"default-col\">Confirm\u00e9<\/td>\n<td class=\"default-col\">Vous enchainez grands et petits virages sur tous types de pistes.Vous d\u00e9couvrirez de nouveaux terrains et progresserez dans tous types de neige.Vous ferez du hors-pistes et pratiquerez le slalom<\/td>\n<\/tr>\n<tr class=\"default-row\">\n<td class=\"desc-col\">MASTERCLASS HORS-PISTE<\/td>\n<td class=\"default-col\">Confirm\u00e9<\/td>\n<td class=\"default-col\">Cette Masterclass de 3 jours se concentre sur le d\u00e9veloppement de votre technique de ski dans des conditions de hors-piste vari\u00e9es avec confiance et en toute s\u00e9curit\u00e9. Durant ce cours, vous recevrez une formation s\u00e9curit\u00e9 et connaissance de la montagne avec \u00e9quipement sonde\/pelle\/\u00e9metteur.<\/td>\n<\/tr>\n<\/tbody>\n<\/table>\n<\/div>\n<p>\n<\/div>\n<div class=\"kc-elm kc-css-430349 kc-title-wrap \">\n\n\t<h3 class=\"kc_title\">HORAIRES ET PRIX<\/h3>\n<\/div>\n<div class=\"kc-elm kc-css-627572 kc_text_block\"><\/p>\n<div class=\"fw-table\">\n<table>\n<tbody>\n<tr class=\"default-row\">\n<td class=\"desc-col\">D\u00c9BUTANTS<\/td>\n<td class=\"default-col\">Ski ou Snowboard<\/td>\n<td class=\"default-col\">2 heures chaque matin (10h30 &#8211; 12h30)<br \/>\n2 heures chaque apr\u00e8s-midi (14h30 &#8211; 16h30)<\/td>\n<td class=\"default-col\">Dimanche -Jeudi 200\u20ac<\/td>\n<td class=\"default-col\"><\/td>\n<td class=\"default-col\"><\/td>\n<\/tr>\n<tr class=\"default-row\">\n<td class=\"desc-col\">COURS DE SKI 1 &#8211; 4<\/td>\n<td class=\"default-col\">Debutants \u00e0 Confirm\u00e9<\/td>\n<td class=\"default-col\">2 heures 45 minutes chaque matin (10h00 &#8211; 12h45)<\/td>\n<td class=\"default-col\">Lundi &#8211; Vendredi 150\u20ac<\/td>\n<td class=\"default-col\"><\/td>\n<td class=\"default-col\"><\/td>\n<\/tr>\n<tr class=\"default-row\">\n<td class=\"desc-col\">COURS DE SNOWBOARD<\/td>\n<td class=\"default-col\">Non-D\u00e9butants<\/td>\n<td class=\"default-col\">2 heures 45 minutes chaque matin (10h00 &#8211; 12h45)<\/td>\n<td class=\"default-col\">Lundi &#8211; vendredi 150\u20ac<\/td>\n<\/tr>\n<tr class=\"default-row\">\n<td class=\"desc-col\">MASTERCLASS HORS-PISTE<\/td>\n<td class=\"default-col\">Confirm\u00e9<\/td>\n<td class=\"default-col\">6 heures par jour incluant la pause d\u00e9jeuner (10h00 \u00e0 16h00)<\/td>\n<td class=\"default-col\">Mardi &#8211; jeudi 180\u20ac<\/td>\n<\/tr>\n<\/tbody>\n<\/table>\n<\/div>\n<p>\n<\/div><\/div><\/div><div class=\"kc-elm kc-css-643666 kc_col-sm-2 kc_column kc_col-sm-2\"><div class=\"kc-col-container\"><\/div><\/div><\/div><\/div><\/section>\n","protected":false},"excerpt":{"rendered":"<p> [&#8230;]<\/p>\n<p><a class=\"btn btn-secondary understrap-read-more-link\" href=\"https:\/\/2020.europeangayskiweek.com\/fr\/the-skiing-and-boarding\/egsw-ski-school\/\">Lire la suite&#8230;<\/a><\/p>\n","protected":false},"author":10,"featured_media":0,"parent":13622,"menu_order":3,"comment_status":"closed","ping_status":"closed","template":"page-templates\/fullwidthpage-upto1440.php","meta":[],"yoast_head":"<!-- This site is optimized with the Yoast SEO plugin v19.6 - https:\/\/yoast.com\/wordpress\/plugins\/seo\/ -->\n<title>European Gay Ski Week - Les Arcs Paradiski - 21-28 March 2020 - \u00c9cole de Ski &amp; Snowboard EGSW<\/title>\n<meta name=\"description\" content=\"Europe&#039;s No1 Gay Ski Week | Arc 1950 &amp; 2000 | Paradiski | Gay Friendly Charismatic Instructors | Parties with International DJs &amp; Artists | BOOK NOW!\" \/>\n<meta name=\"robots\" content=\"index, follow, max-snippet:-1, max-image-preview:large, max-video-preview:-1\" \/>\n<link rel=\"canonical\" href=\"https:\/\/2020.europeangayskiweek.com\/fr\/the-skiing-and-boarding\/egsw-ski-school\/\" \/>\n<meta property=\"og:locale\" content=\"fr_FR\" \/>\n<meta property=\"og:type\" content=\"article\" \/>\n<meta property=\"og:title\" content=\"European Gay Ski Week - Les Arcs Paradiski - 21-28 March 2020 - \u00c9cole de Ski &amp; Snowboard EGSW\" \/>\n<meta property=\"og:description\" content=\"Europe&#039;s No1 Gay Ski Week | Arc 1950 &amp; 2000 | Paradiski | Gay Friendly Charismatic Instructors | Parties with International DJs &amp; Artists | BOOK NOW!\" \/>\n<meta property=\"og:url\" content=\"https:\/\/2020.europeangayskiweek.com\/fr\/the-skiing-and-boarding\/egsw-ski-school\/\" \/>\n<meta property=\"og:site_name\" content=\"European Gay Ski Week - Les Arcs Paradiski - 21-28 March 2020\" \/>\n<meta property=\"article:publisher\" content=\"https:\/\/www.facebook.com\/EuropeanGaySkiWeek\/\" \/>\n<meta property=\"article:modified_time\" content=\"2020-02-26T12:26:20+00:00\" \/>\n<meta property=\"og:image\" content=\"https:\/\/cdn.europeangayskiweek.com\/wp\/uploads\/2019\/07\/fb_og_preview.jpg\" \/>\n\t<meta property=\"og:image:width\" content=\"600\" \/>\n\t<meta property=\"og:image:height\" content=\"314\" \/>\n\t<meta property=\"og:image:type\" content=\"image\/jpeg\" \/>\n<meta name=\"twitter:card\" content=\"summary_large_image\" \/>\n<meta name=\"twitter:site\" content=\"@EuropeanGaySkiW\" \/>\n<meta name=\"twitter:label1\" content=\"Dur\u00e9e de lecture estim\u00e9e\" \/>\n\t<meta name=\"twitter:data1\" content=\"3 minutes\" \/>\n<script type=\"application\/ld+json\" class=\"yoast-schema-graph\">{\"@context\":\"https:\/\/schema.org\",\"@graph\":[{\"@type\":\"WebPage\",\"@id\":\"https:\/\/2020.europeangayskiweek.com\/fr\/the-skiing-and-boarding\/egsw-ski-school\/\",\"url\":\"https:\/\/2020.europeangayskiweek.com\/fr\/the-skiing-and-boarding\/egsw-ski-school\/\",\"name\":\"European Gay Ski Week - Les Arcs Paradiski - 21-28 March 2020 - \u00c9cole de Ski & Snowboard EGSW\",\"isPartOf\":{\"@id\":\"https:\/\/2020.europeangayskiweek.com\/#website\"},\"datePublished\":\"2019-06-26T17:13:52+00:00\",\"dateModified\":\"2020-02-26T12:26:20+00:00\",\"description\":\"Europe's No1 Gay Ski Week | Arc 1950 & 2000 | Paradiski | Gay Friendly Charismatic Instructors | Parties with International DJs & Artists | BOOK NOW!\",\"breadcrumb\":{\"@id\":\"https:\/\/2020.europeangayskiweek.com\/fr\/the-skiing-and-boarding\/egsw-ski-school\/#breadcrumb\"},\"inLanguage\":\"fr-FR\",\"potentialAction\":[{\"@type\":\"ReadAction\",\"target\":[\"https:\/\/2020.europeangayskiweek.com\/fr\/the-skiing-and-boarding\/egsw-ski-school\/\"]}]},{\"@type\":\"BreadcrumbList\",\"@id\":\"https:\/\/2020.europeangayskiweek.com\/fr\/the-skiing-and-boarding\/egsw-ski-school\/#breadcrumb\",\"itemListElement\":[{\"@type\":\"ListItem\",\"position\":1,\"name\":\"Home\",\"item\":\"https:\/\/2020.europeangayskiweek.com\/fr\/\"},{\"@type\":\"ListItem\",\"position\":2,\"name\":\"Le Ski \u00e0 EGSW\",\"item\":\"https:\/\/2020.europeangayskiweek.com\/fr\/the-skiing-and-boarding\/\"},{\"@type\":\"ListItem\",\"position\":3,\"name\":\"\u00c9cole de Ski &#038; Snowboard EGSW\"}]},{\"@type\":\"WebSite\",\"@id\":\"https:\/\/2020.europeangayskiweek.com\/#website\",\"url\":\"https:\/\/2020.europeangayskiweek.com\/\",\"name\":\"European Gay Ski Week | The Biggest Gay Winter Sports and Music Festival | Les Arcs Paradiski | 21-28 March 2020\",\"description\":\"Europe&#039;s N\u00b01 Gay Winter Sports &amp; Music Festival | Les Arcs - Arc 1950 &amp; Arc 2000 - Paradiski | European Gay Ski Week with International DJs &amp; Artists | BOOK NOW!\",\"publisher\":{\"@id\":\"https:\/\/2020.europeangayskiweek.com\/#organization\"},\"potentialAction\":[{\"@type\":\"SearchAction\",\"target\":{\"@type\":\"EntryPoint\",\"urlTemplate\":\"https:\/\/2020.europeangayskiweek.com\/?s={search_term_string}\"},\"query-input\":\"required name=search_term_string\"}],\"inLanguage\":\"fr-FR\"},{\"@type\":\"Organization\",\"@id\":\"https:\/\/2020.europeangayskiweek.com\/#organization\",\"name\":\"European Gay Ski Week\",\"url\":\"https:\/\/2020.europeangayskiweek.com\/\",\"sameAs\":[\"https:\/\/www.instagram.com\/europeangayskiweek\/\",\"https:\/\/www.youtube.com\/user\/JonHuntEGSW\",\"https:\/\/www.facebook.com\/EuropeanGaySkiWeek\/\",\"https:\/\/twitter.com\/EuropeanGaySkiW\"],\"logo\":{\"@type\":\"ImageObject\",\"inLanguage\":\"fr-FR\",\"@id\":\"https:\/\/2020.europeangayskiweek.com\/#\/schema\/logo\/image\/\",\"url\":\"https:\/\/cdn.europeangayskiweek.com\/wp\/uploads\/2019\/06\/EGSW-Dateless-Black-02b.png\",\"contentUrl\":\"https:\/\/cdn.europeangayskiweek.com\/wp\/uploads\/2019\/06\/EGSW-Dateless-Black-02b.png\",\"width\":1346,\"height\":442,\"caption\":\"European Gay Ski Week\"},\"image\":{\"@id\":\"https:\/\/2020.europeangayskiweek.com\/#\/schema\/logo\/image\/\"}}]}<\/script>\n<!-- \/ Yoast SEO plugin. -->","yoast_head_json":{"title":"European Gay Ski Week - Les Arcs Paradiski - 21-28 March 2020 - \u00c9cole de Ski & Snowboard EGSW","description":"Europe's No1 Gay Ski Week | Arc 1950 & 2000 | Paradiski | Gay Friendly Charismatic Instructors | Parties with International DJs & Artists | BOOK NOW!","robots":{"index":"index","follow":"follow","max-snippet":"max-snippet:-1","max-image-preview":"max-image-preview:large","max-video-preview":"max-video-preview:-1"},"canonical":"https:\/\/2020.europeangayskiweek.com\/fr\/the-skiing-and-boarding\/egsw-ski-school\/","og_locale":"fr_FR","og_type":"article","og_title":"European Gay Ski Week - Les Arcs Paradiski - 21-28 March 2020 - \u00c9cole de Ski & Snowboard EGSW","og_description":"Europe's No1 Gay Ski Week | Arc 1950 & 2000 | Paradiski | Gay Friendly Charismatic Instructors | Parties with International DJs & Artists | BOOK NOW!","og_url":"https:\/\/2020.europeangayskiweek.com\/fr\/the-skiing-and-boarding\/egsw-ski-school\/","og_site_name":"European Gay Ski Week - Les Arcs Paradiski - 21-28 March 2020","article_publisher":"https:\/\/www.facebook.com\/EuropeanGaySkiWeek\/","article_modified_time":"2020-02-26T12:26:20+00:00","og_image":[{"width":600,"height":314,"url":"https:\/\/cdn.europeangayskiweek.com\/wp\/uploads\/2019\/07\/fb_og_preview.jpg","type":"image\/jpeg"}],"twitter_card":"summary_large_image","twitter_site":"@EuropeanGaySkiW","twitter_misc":{"Dur\u00e9e de lecture estim\u00e9e":"3 minutes"},"schema":{"@context":"https:\/\/schema.org","@graph":[{"@type":"WebPage","@id":"https:\/\/2020.europeangayskiweek.com\/fr\/the-skiing-and-boarding\/egsw-ski-school\/","url":"https:\/\/2020.europeangayskiweek.com\/fr\/the-skiing-and-boarding\/egsw-ski-school\/","name":"European Gay Ski Week - Les Arcs Paradiski - 21-28 March 2020 - \u00c9cole de Ski & Snowboard EGSW","isPartOf":{"@id":"https:\/\/2020.europeangayskiweek.com\/#website"},"datePublished":"2019-06-26T17:13:52+00:00","dateModified":"2020-02-26T12:26:20+00:00","description":"Europe's No1 Gay Ski Week | Arc 1950 & 2000 | Paradiski | Gay Friendly Charismatic Instructors | Parties with International DJs & Artists | BOOK NOW!","breadcrumb":{"@id":"https:\/\/2020.europeangayskiweek.com\/fr\/the-skiing-and-boarding\/egsw-ski-school\/#breadcrumb"},"inLanguage":"fr-FR","potentialAction":[{"@type":"ReadAction","target":["https:\/\/2020.europeangayskiweek.com\/fr\/the-skiing-and-boarding\/egsw-ski-school\/"]}]},{"@type":"BreadcrumbList","@id":"https:\/\/2020.europeangayskiweek.com\/fr\/the-skiing-and-boarding\/egsw-ski-school\/#breadcrumb","itemListElement":[{"@type":"ListItem","position":1,"name":"Home","item":"https:\/\/2020.europeangayskiweek.com\/fr\/"},{"@type":"ListItem","position":2,"name":"Le Ski \u00e0 EGSW","item":"https:\/\/2020.europeangayskiweek.com\/fr\/the-skiing-and-boarding\/"},{"@type":"ListItem","position":3,"name":"\u00c9cole de Ski &#038; Snowboard EGSW"}]},{"@type":"WebSite","@id":"https:\/\/2020.europeangayskiweek.com\/#website","url":"https:\/\/2020.europeangayskiweek.com\/","name":"European Gay Ski Week | The Biggest Gay Winter Sports and Music Festival | Les Arcs Paradiski | 21-28 March 2020","description":"Europe&#039;s N\u00b01 Gay Winter Sports &amp; Music Festival | Les Arcs - Arc 1950 &amp; Arc 2000 - Paradiski | European Gay Ski Week with International DJs &amp; Artists | BOOK NOW!","publisher":{"@id":"https:\/\/2020.europeangayskiweek.com\/#organization"},"potentialAction":[{"@type":"SearchAction","target":{"@type":"EntryPoint","urlTemplate":"https:\/\/2020.europeangayskiweek.com\/?s={search_term_string}"},"query-input":"required name=search_term_string"}],"inLanguage":"fr-FR"},{"@type":"Organization","@id":"https:\/\/2020.europeangayskiweek.com\/#organization","name":"European Gay Ski Week","url":"https:\/\/2020.europeangayskiweek.com\/","sameAs":["https:\/\/www.instagram.com\/europeangayskiweek\/","https:\/\/www.youtube.com\/user\/JonHuntEGSW","https:\/\/www.facebook.com\/EuropeanGaySkiWeek\/","https:\/\/twitter.com\/EuropeanGaySkiW"],"logo":{"@type":"ImageObject","inLanguage":"fr-FR","@id":"https:\/\/2020.europeangayskiweek.com\/#\/schema\/logo\/image\/","url":"https:\/\/cdn.europeangayskiweek.com\/wp\/uploads\/2019\/06\/EGSW-Dateless-Black-02b.png","contentUrl":"https:\/\/cdn.europeangayskiweek.com\/wp\/uploads\/2019\/06\/EGSW-Dateless-Black-02b.png","width":1346,"height":442,"caption":"European Gay Ski Week"},"image":{"@id":"https:\/\/2020.europeangayskiweek.com\/#\/schema\/logo\/image\/"}}]}},"_links":{"self":[{"href":"https:\/\/2020.europeangayskiweek.com\/fr\/wp-json\/wp\/v2\/pages\/13625"}],"collection":[{"href":"https:\/\/2020.europeangayskiweek.com\/fr\/wp-json\/wp\/v2\/pages"}],"about":[{"href":"https:\/\/2020.europeangayskiweek.com\/fr\/wp-json\/wp\/v2\/types\/page"}],"author":[{"embeddable":true,"href":"https:\/\/2020.europeangayskiweek.com\/fr\/wp-json\/wp\/v2\/users\/10"}],"replies":[{"embeddable":true,"href":"https:\/\/2020.europeangayskiweek.com\/fr\/wp-json\/wp\/v2\/comments?post=13625"}],"version-history":[{"count":13,"href":"https:\/\/2020.europeangayskiweek.com\/fr\/wp-json\/wp\/v2\/pages\/13625\/revisions"}],"predecessor-version":[{"id":15831,"href":"https:\/\/2020.europeangayskiweek.com\/fr\/wp-json\/wp\/v2\/pages\/13625\/revisions\/15831"}],"up":[{"embeddable":true,"href":"https:\/\/2020.europeangayskiweek.com\/fr\/wp-json\/wp\/v2\/pages\/13622"}],"wp:attachment":[{"href":"https:\/\/2020.europeangayskiweek.com\/fr\/wp-json\/wp\/v2\/media?parent=13625"}],"curies":[{"name":"wp","href":"https:\/\/api.w.org\/{rel}","templated":true}]}}