{"id":13618,"date":"2019-06-26T18:09:29","date_gmt":"2019-06-26T17:09:29","guid":{"rendered":"https:\/\/e20.europeangayskiweek.com\/?page_id=13618"},"modified":"2019-07-29T17:59:28","modified_gmt":"2019-07-29T16:59:28","slug":"half-board-breakfast-dinner-option","status":"publish","type":"page","link":"https:\/\/2020.europeangayskiweek.com\/fr\/the-accommodation\/half-board-breakfast-dinner-option\/","title":{"rendered":"Demi-pension, petits d\u00e9jeuners et d\u00eeners"},"content":{"rendered":"<p><section class=\"kc-elm kc-css-972755 kc_row\"><div class=\"kc-row-container  kc-container\"><div class=\"kc-wrap-columns\"><div class=\"kc-elm kc-css-234564 kc_col-sm-4 kc_column kc_col-sm-4\"><div class=\"kc-col-container\"><div class=\"kc-elm kc-css-332550 kc_shortcode kc_single_image\">\n\n        <img src=\"https:\/\/cdn.europeangayskiweek.com\/wp\/uploads\/2019\/06\/visuel-principal-hotel-club-melezes-arc2000.jpg\" class=\"\" alt=\"\" \/>    <\/div>\n<\/div><\/div><div class=\"kc-elm kc-css-847293 kc_col-sm-8 kc_column kc_col-sm-8\"><div class=\"kc-col-container\"><div class=\"kc-elm kc-css-897962 kc_text_block\"><\/p>\n<h1 style=\"text-align: center;\">TOUT LE MONDE EST LE BIENVENU \u00e0 L&rsquo;H\u00d4TEL H\u00d4TE<\/h1>\n<p>L&rsquo;<b>H\u00f4tel H\u00f4te Les M\u00e9l\u00e8zes<\/b> est le point central de l&rsquo;European Gay Ski Week. Plus de 300 clients vont y s\u00e9journer pendant la semaine. Nous avons investi le restaurant, la salle de spectacles, le bar, et tous les espaces communs !<\/p>\n<p>Vous pouvez vous attendre \u00e0 des spectacles de cabaret, des performances de drag-queens, des d\u00e9licieux repas et de la f\u00eate jusqu&rsquo;au bout de la nuit.<\/p>\n<p>Rejoignez-nous en r\u00e9servant une des options ci-dessous.<\/p>\n<p>\n<\/div><\/div><\/div><\/div><\/div><\/section><section class=\"kc-elm kc-css-980619 kc_row\"><div class=\"kc-row-container  kc-container\"><div class=\"kc-wrap-columns\"><div class=\"kc-elm kc-css-78462 kc_col-sm-7 kc_column kc_col-sm-7\"><div class=\"kc-col-container\"><div class=\"kc-elm kc-css-706109 kc_text_block\"><\/p>\n<h3 style=\"text-align: left;\">D\u00eener de Bienvenue<\/h3>\n<p><strong>R\u00e9servation Anticip\u00e9e 25\u20ac<\/strong><\/p>\n<p><b>Ne ratez pas cette occasion unique de bien commencer la semaine !<\/b><\/p>\n<p>Notre d\u00eener de bienvenue r\u00e9unit les vieux amis, et accueille les nouvelles t\u00eates au sein de la bande EGSW. C&rsquo;est le meilleur moyen de sauter \u00e0 pied joint dans le moule EGSW et de se familiariser avec l&rsquo;\u00e9v\u00e9nement.<\/p>\n<p><b>Vous voyagez seul ?<\/b> Plonger la t\u00eate la premi\u00e8re dans l&rsquo;action, et faites de nouveaux amis d\u00e8s le premier soir. Nous organisons une table sp\u00e9ciale pour les Voyageurs Seuls (Solo Travellers Table) \u00e0 tous nos \u00e9v\u00e9nements d\u00eener et d\u00e9jeuner sur les pistes, pensez \u00e0 pr\u00e9ciser que vous souhaitez rejoindre cette table en<b> cochant l&rsquo;option<\/b> lors de votre r\u00e9servation.<\/p>\n<p>\n<\/div>\n<div class=\"kc-elm kc-css-362336 kc-pro-button kc-button-main\">\n\t<a href=\"https:\/\/booking.europeangayskiweek.com\/Booking.aspx?mode=1&#038;action=1&#038;LanguageId=2\">\n\t\t<span class=\"creative_title\">R\u00e9servez Maitnenant<\/span>\t<\/a>\n<\/div>\n<\/div><\/div><div class=\"kc-elm kc-css-974872 kc_col-sm-5 kc_column kc_col-sm-5\"><div class=\"kc-col-container\"><div class=\"kc-elm kc-css-767784 kc_shortcode kc_single_image\">\n\n        <img src=\"https:\/\/cdn.europeangayskiweek.com\/wp\/uploads\/2019\/06\/Untitled-1-600x338.jpg\" class=\"\" alt=\"\" \/>    <\/div>\n<\/div><\/div><\/div><\/div><\/section><section class=\"kc-elm kc-css-231577 kc_row\"><div class=\"kc-row-container  kc-container\"><div class=\"kc-wrap-columns\"><div class=\"kc-elm kc-css-665640 kc_col-sm-12 kc_column kc_col-sm-12\"><div class=\"kc-col-container\"><div class=\"kc-elm kc-css-513632\" style=\"height: 20px; clear: both; width:100%;\"><\/div>\n<div class=\"kc-elm kc-css-284537 divider_line\">\n\t<div class=\"divider_inner divider_line1\">\n\t\t\t<\/div>\n<\/div>\n<div class=\"kc-elm kc-css-889642\" style=\"height: 20px; clear: both; width:100%;\"><\/div><\/div><\/div><\/div><\/div><\/section><section class=\"kc-elm kc-css-454141 kc_row\"><div class=\"kc-row-container  kc-container\"><div class=\"kc-wrap-columns\"><div class=\"kc-elm kc-css-289524 kc_col-sm-12 kc_column kc_col-sm-12\"><div class=\"kc-col-container\"><div class=\"kc-elm kc-css-846020 kc_row kc_row_inner\"><div class=\"kc-elm kc-css-327128 kc_col-sm-5 kc_column_inner kc_col-sm-5\"><div class=\"kc_wrapper kc-col-inner-container\"><div class=\"kc-elm kc-css-967223 kc_shortcode kc_single_image\">\n\n        <img src=\"https:\/\/cdn.europeangayskiweek.com\/wp\/uploads\/2019\/06\/mmv-dinner.png\" class=\"\" alt=\"\" \/>    <\/div>\n<\/div><\/div><div class=\"kc-elm kc-css-136401 kc_col-sm-7 kc_column_inner kc_col-sm-7\"><div class=\"kc_wrapper kc-col-inner-container\"><div class=\"kc-elm kc-css-958407 kc_text_block\"><\/p>\n<h2>Option Demi-Pension<\/h2>\n<p><b>7 Petits D\u00e9jeuners Buffet+ 7 D\u00eeners Buffet, dont le D\u00eener de Bienvenue pour 199\u20ac<\/b><\/p>\n<p>Les petits d\u00e9jeuners seront servis tous les jours dans notre <b>H\u00f4tel H\u00f4te Les M\u00e9l\u00e8zes<\/b> \u00e0 Arc 2000, ou dans un restaurant d\u00e9sign\u00e9 \u00e0 Arc 1950 Le Village (restaurant \u00e0 confirmer).<\/p>\n<p>Le D\u00eener de Bienvenue et les autres d\u00eeners auront tous lieu \u00e0 l&rsquo;<span style=\"font-style: inherit;\"><b>H\u00f4tel H\u00f4te Les M\u00e9l\u00e8zes<\/b>.<\/span><\/p>\n<p>\n<\/div>\n<div class=\"kc-elm kc-css-355815 kc-pro-button kc-button-main\">\n\t<a href=\"https:\/\/booking.europeangayskiweek.com\/Booking.aspx?mode=1&#038;action=1&#038;LanguageId=2\">\n\t\t<span class=\"creative_title\">R\u00e9servez l:apos:option Demi-Pension<\/span>\t<\/a>\n<\/div>\n<\/div><\/div><\/div><div class=\"kc-elm kc-css-178302\" style=\"height: 20px; clear: both; width:100%;\"><\/div><\/div><\/div><\/div><\/div><\/section><section class=\"kc-elm kc-css-271377 kc_row\"><div class=\"kc-row-container  kc-container\"><div class=\"kc-wrap-columns\"><div class=\"kc-elm kc-css-616656 kc_col-sm-12 kc_column kc_col-sm-12\"><div class=\"kc-col-container\">\n<div class=\"kc-elm kc-css-297024 divider_line\">\n\t<div class=\"divider_inner divider_line3\">\n\t\t<span class=\"line_text\">OR<\/span>\t<\/div>\n<\/div>\n<\/div><\/div><\/div><\/div><\/section><section class=\"kc-elm kc-css-375803 kc_row\"><div class=\"kc-row-container  kc-container\"><div class=\"kc-wrap-columns\"><div class=\"kc-elm kc-css-851624 kc_col-sm-6 kc_column kc_col-sm-6\"><div class=\"kc-col-container\"><div class=\"kc-elm kc-css-58454\" style=\"height: 20px; clear: both; width:100%;\"><\/div><div class=\"kc-elm kc-css-820583 kc_shortcode kc_single_image\">\n\n        <img src=\"https:\/\/cdn.europeangayskiweek.com\/wp\/uploads\/2019\/06\/buffet-viennoiseries.jpg\" class=\"\" alt=\"\" \/>    <\/div>\n<div class=\"kc-elm kc-css-220502\" style=\"height: 20px; clear: both; width:100%;\"><\/div><div class=\"kc-elm kc-css-796981 kc_text_block\"><\/p>\n<h2 style=\"text-align: center;\">Option Petits D\u00e9jeuners<\/h2>\n<p style=\"text-align: center;\"><strong>7 petits d\u00e9jeuners buffet pour 73.50\u20ac (10.50\u20ac par jour)<\/strong><\/p>\n<p>Servis tous les jours du dimanche au vendredi de 8h \u00e0 11h15* et le samedi de 7h \u00e0 11h15* dans notre <b>H\u00f4tel H\u00f4te Les M\u00e9l\u00e8zes<\/b> \u00e0 Arc 2000.<\/p>\n<p>Served every morning Sunday through Friday from 08:00 to 11:15* and Saturday from 7:00 to 11:15*.<\/p>\n<p>Buffet chaud et froid avec viandes, oeufs, fromage, yahourt, fruits, pains et viennoiseries, jus de fruits et caf\u00e9s \u00e0 volont\u00e9.<\/p>\n<p>L&rsquo;option petit d\u00e9jeuner \u00e0 Arc 1950 se r\u00e9alisera dans un restaurant d\u00e9sign\u00e9, le d\u00e9tail de l&rsquo;offre reste \u00e0 d\u00e9terminer. Nous mettrons \u00e0 jour cette page quand cela sera confirm\u00e9.<\/p>\n<p><small>*<span style=\"font-size: 14px;\">seulement viennoiseries \u00e0 partir de 10h30<\/span>.<\/small><\/p>\n<p>\n<\/div>\n<div class=\"kc-elm kc-css-115006 kc-pro-button kc-button-main\">\n\t<a href=\"https:\/\/booking.europeangayskiweek.com\/Booking.aspx?mode=1&#038;action=1&#038;LanguageId=2\">\n\t\t<span class=\"creative_title\">R\u00e9servez l:apos:option Petits D\u00e9jeuners<\/span>\t<\/a>\n<\/div>\n<\/div><\/div><div class=\"kc-elm kc-css-80730 kc_col-sm-6 kc_column kc_col-sm-6\"><div class=\"kc-col-container\"><div class=\"kc-elm kc-css-138832\" style=\"height: 20px; clear: both; width:100%;\"><\/div><div class=\"kc-elm kc-css-651070 kc_shortcode kc_single_image\">\n\n        <img src=\"https:\/\/cdn.europeangayskiweek.com\/wp\/uploads\/2019\/06\/cheese-buffet.jpg\" class=\"\" alt=\"\" \/>    <\/div>\n<div class=\"kc-elm kc-css-147160\" style=\"height: 20px; clear: both; width:100%;\"><\/div><div class=\"kc-elm kc-css-354821 kc_text_block\"><\/p>\n<h2 style=\"text-align: center;\">Option D\u00eeners<\/h2>\n<p style=\"text-align: center;\"><strong>D\u00eener de Bienvenue et 4 d\u00eeners buffets pour 112.50\u20ac (22.50\u20ac par dinner)<\/strong><\/p>\n<p>Cette option vous ouvre droit au D\u00eener de Bienvenue (le amedi) et quatre d\u00eener de votre choix dans la semaine (\u00e0 partir du dimanche)\u00a0<span style=\"font-style: inherit;\">dans notre <b>H\u00f4tel H\u00f4te Les M\u00e9l\u00e8zes<\/b> \u00e0 Arc 2000.<\/span><\/p>\n<p>Buffet \u00e0 volont\u00e9 avec salades, fromages, desserts, glaces, fruits, pizza, p\u00e2tes, et deux p\u00f4les de sp\u00e9cialit\u00e9s\/grill cuisin\u00e9s \u00e0 la demande. Satisfait aux r\u00e9gimes particuliers type sans gluten, v\u00e9g\u00e9tarien et v\u00e9g\u00e9talien.<\/p>\n<p>Boissons vins, jus de fruits et caf\u00e9s\/th\u00e9s\/infusions \u00e0 volont\u00e9.<\/p>\n<p><strong style=\"font-style: inherit;\">Table de voyageurs seuls <\/strong><span style=\"font-style: inherit;\">disponible tous les soirs.<\/span><\/p>\n<p>\n<\/div>\n<div class=\"kc-elm kc-css-977312 kc-pro-button kc-button-main\">\n\t<a href=\"https:\/\/booking.europeangayskiweek.com\/Booking.aspx?mode=1&#038;action=1&#038;LanguageId=2\">\n\t\t<span class=\"creative_title\">R\u00e9server l:apos:option D\u00eener<\/span>\t<\/a>\n<\/div>\n<\/div><\/div><\/div><\/div><\/section><section class=\"kc-elm kc-css-382220 kc_row\"><div class=\"kc-row-container  kc-container\"><div class=\"kc-wrap-columns\"><div class=\"kc-elm kc-css-86110 kc_col-sm-6 kc_column kc_col-sm-6\"><div class=\"kc-col-container\">\n<div class=\"kc-elm kc-css-270949 divider_line\">\n\t<div class=\"divider_inner divider_line1\">\n\t\t\t<\/div>\n<\/div>\n<\/div><\/div><div class=\"kc-elm kc-css-629392 kc_col-sm-6 kc_column kc_col-sm-6\"><div class=\"kc-col-container\">\n<div class=\"kc-elm kc-css-224027 divider_line\">\n\t<div class=\"divider_inner divider_line1\">\n\t\t\t<\/div>\n<\/div>\n<\/div><\/div><\/div><\/div><\/section><\/p>\n","protected":false},"excerpt":{"rendered":"<p> [&#8230;]<\/p>\n<p><a class=\"btn btn-secondary understrap-read-more-link\" href=\"https:\/\/2020.europeangayskiweek.com\/fr\/the-accommodation\/half-board-breakfast-dinner-option\/\">Lire la suite&#8230;<\/a><\/p>\n","protected":false},"author":10,"featured_media":0,"parent":13572,"menu_order":2,"comment_status":"closed","ping_status":"closed","template":"page-templates\/fullwidthpage-upto1440.php","meta":[],"yoast_head":"<!-- This site is optimized with the Yoast SEO plugin v19.6 - https:\/\/yoast.com\/wordpress\/plugins\/seo\/ -->\n<title>European Gay Ski Week - Les Arcs Paradiski - 21-28 March 2020 - Demi-pension, petits d\u00e9jeuners et d\u00eeners<\/title>\n<meta name=\"description\" content=\"Europe&#039;s No1 LGBT Winter Sport &amp; Music Festival | Arc 1950 &amp; Arc 2000 | Paradiski | Gay Ski Week &amp; parties with International DJs &amp; Artists | BOOK NOW!\" \/>\n<meta name=\"robots\" content=\"index, follow, max-snippet:-1, max-image-preview:large, max-video-preview:-1\" \/>\n<link rel=\"canonical\" href=\"https:\/\/2020.europeangayskiweek.com\/fr\/the-accommodation\/half-board-breakfast-dinner-option\/\" \/>\n<meta property=\"og:locale\" content=\"fr_FR\" \/>\n<meta property=\"og:type\" content=\"article\" \/>\n<meta property=\"og:title\" content=\"European Gay Ski Week - Les Arcs Paradiski - 21-28 March 2020 - Demi-pension, petits d\u00e9jeuners et d\u00eeners\" \/>\n<meta property=\"og:description\" content=\"Europe&#039;s No1 LGBT Winter Sport &amp; Music Festival | Arc 1950 &amp; Arc 2000 | Paradiski | Gay Ski Week &amp; parties with International DJs &amp; Artists | BOOK NOW!\" \/>\n<meta property=\"og:url\" content=\"https:\/\/2020.europeangayskiweek.com\/fr\/the-accommodation\/half-board-breakfast-dinner-option\/\" \/>\n<meta property=\"og:site_name\" content=\"European Gay Ski Week - Les Arcs Paradiski - 21-28 March 2020\" \/>\n<meta property=\"article:publisher\" content=\"https:\/\/www.facebook.com\/EuropeanGaySkiWeek\/\" \/>\n<meta property=\"article:modified_time\" content=\"2019-07-29T16:59:28+00:00\" \/>\n<meta property=\"og:image\" content=\"https:\/\/cdn.europeangayskiweek.com\/wp\/uploads\/2019\/07\/fb_og_preview.jpg\" \/>\n\t<meta property=\"og:image:width\" content=\"600\" \/>\n\t<meta property=\"og:image:height\" content=\"314\" \/>\n\t<meta property=\"og:image:type\" content=\"image\/jpeg\" \/>\n<meta name=\"twitter:card\" content=\"summary_large_image\" \/>\n<meta name=\"twitter:site\" content=\"@EuropeanGaySkiW\" \/>\n<meta name=\"twitter:label1\" content=\"Dur\u00e9e de lecture estim\u00e9e\" \/>\n\t<meta name=\"twitter:data1\" content=\"3 minutes\" \/>\n<script type=\"application\/ld+json\" class=\"yoast-schema-graph\">{\"@context\":\"https:\/\/schema.org\",\"@graph\":[{\"@type\":\"WebPage\",\"@id\":\"https:\/\/2020.europeangayskiweek.com\/fr\/the-accommodation\/half-board-breakfast-dinner-option\/\",\"url\":\"https:\/\/2020.europeangayskiweek.com\/fr\/the-accommodation\/half-board-breakfast-dinner-option\/\",\"name\":\"European Gay Ski Week - Les Arcs Paradiski - 21-28 March 2020 - Demi-pension, petits d\u00e9jeuners et d\u00eeners\",\"isPartOf\":{\"@id\":\"https:\/\/2020.europeangayskiweek.com\/#website\"},\"datePublished\":\"2019-06-26T17:09:29+00:00\",\"dateModified\":\"2019-07-29T16:59:28+00:00\",\"description\":\"Europe's No1 LGBT Winter Sport & Music Festival | Arc 1950 & Arc 2000 | Paradiski | Gay Ski Week & parties with International DJs & Artists | BOOK NOW!\",\"breadcrumb\":{\"@id\":\"https:\/\/2020.europeangayskiweek.com\/fr\/the-accommodation\/half-board-breakfast-dinner-option\/#breadcrumb\"},\"inLanguage\":\"fr-FR\",\"potentialAction\":[{\"@type\":\"ReadAction\",\"target\":[\"https:\/\/2020.europeangayskiweek.com\/fr\/the-accommodation\/half-board-breakfast-dinner-option\/\"]}]},{\"@type\":\"BreadcrumbList\",\"@id\":\"https:\/\/2020.europeangayskiweek.com\/fr\/the-accommodation\/half-board-breakfast-dinner-option\/#breadcrumb\",\"itemListElement\":[{\"@type\":\"ListItem\",\"position\":1,\"name\":\"Home\",\"item\":\"https:\/\/2020.europeangayskiweek.com\/fr\/\"},{\"@type\":\"ListItem\",\"position\":2,\"name\":\"H\u00e9bergement\",\"item\":\"https:\/\/2020.europeangayskiweek.com\/fr\/the-accommodation\/\"},{\"@type\":\"ListItem\",\"position\":3,\"name\":\"Demi-pension, petits d\u00e9jeuners et d\u00eeners\"}]},{\"@type\":\"WebSite\",\"@id\":\"https:\/\/2020.europeangayskiweek.com\/#website\",\"url\":\"https:\/\/2020.europeangayskiweek.com\/\",\"name\":\"European Gay Ski Week | The Biggest Gay Winter Sports and Music Festival | Les Arcs Paradiski | 21-28 March 2020\",\"description\":\"Europe&#039;s N\u00b01 Gay Winter Sports &amp; Music Festival | Les Arcs - Arc 1950 &amp; Arc 2000 - Paradiski | European Gay Ski Week with International DJs &amp; Artists | BOOK NOW!\",\"publisher\":{\"@id\":\"https:\/\/2020.europeangayskiweek.com\/#organization\"},\"potentialAction\":[{\"@type\":\"SearchAction\",\"target\":{\"@type\":\"EntryPoint\",\"urlTemplate\":\"https:\/\/2020.europeangayskiweek.com\/?s={search_term_string}\"},\"query-input\":\"required name=search_term_string\"}],\"inLanguage\":\"fr-FR\"},{\"@type\":\"Organization\",\"@id\":\"https:\/\/2020.europeangayskiweek.com\/#organization\",\"name\":\"European Gay Ski Week\",\"url\":\"https:\/\/2020.europeangayskiweek.com\/\",\"sameAs\":[\"https:\/\/www.instagram.com\/europeangayskiweek\/\",\"https:\/\/www.youtube.com\/user\/JonHuntEGSW\",\"https:\/\/www.facebook.com\/EuropeanGaySkiWeek\/\",\"https:\/\/twitter.com\/EuropeanGaySkiW\"],\"logo\":{\"@type\":\"ImageObject\",\"inLanguage\":\"fr-FR\",\"@id\":\"https:\/\/2020.europeangayskiweek.com\/#\/schema\/logo\/image\/\",\"url\":\"https:\/\/cdn.europeangayskiweek.com\/wp\/uploads\/2019\/06\/EGSW-Dateless-Black-02b.png\",\"contentUrl\":\"https:\/\/cdn.europeangayskiweek.com\/wp\/uploads\/2019\/06\/EGSW-Dateless-Black-02b.png\",\"width\":1346,\"height\":442,\"caption\":\"European Gay Ski Week\"},\"image\":{\"@id\":\"https:\/\/2020.europeangayskiweek.com\/#\/schema\/logo\/image\/\"}}]}<\/script>\n<!-- \/ Yoast SEO plugin. -->","yoast_head_json":{"title":"European Gay Ski Week - Les Arcs Paradiski - 21-28 March 2020 - Demi-pension, petits d\u00e9jeuners et d\u00eeners","description":"Europe's No1 LGBT Winter Sport & Music Festival | Arc 1950 & Arc 2000 | Paradiski | Gay Ski Week & parties with International DJs & Artists | BOOK NOW!","robots":{"index":"index","follow":"follow","max-snippet":"max-snippet:-1","max-image-preview":"max-image-preview:large","max-video-preview":"max-video-preview:-1"},"canonical":"https:\/\/2020.europeangayskiweek.com\/fr\/the-accommodation\/half-board-breakfast-dinner-option\/","og_locale":"fr_FR","og_type":"article","og_title":"European Gay Ski Week - Les Arcs Paradiski - 21-28 March 2020 - Demi-pension, petits d\u00e9jeuners et d\u00eeners","og_description":"Europe's No1 LGBT Winter Sport & Music Festival | Arc 1950 & Arc 2000 | Paradiski | Gay Ski Week & parties with International DJs & Artists | BOOK NOW!","og_url":"https:\/\/2020.europeangayskiweek.com\/fr\/the-accommodation\/half-board-breakfast-dinner-option\/","og_site_name":"European Gay Ski Week - Les Arcs Paradiski - 21-28 March 2020","article_publisher":"https:\/\/www.facebook.com\/EuropeanGaySkiWeek\/","article_modified_time":"2019-07-29T16:59:28+00:00","og_image":[{"width":600,"height":314,"url":"https:\/\/cdn.europeangayskiweek.com\/wp\/uploads\/2019\/07\/fb_og_preview.jpg","type":"image\/jpeg"}],"twitter_card":"summary_large_image","twitter_site":"@EuropeanGaySkiW","twitter_misc":{"Dur\u00e9e de lecture estim\u00e9e":"3 minutes"},"schema":{"@context":"https:\/\/schema.org","@graph":[{"@type":"WebPage","@id":"https:\/\/2020.europeangayskiweek.com\/fr\/the-accommodation\/half-board-breakfast-dinner-option\/","url":"https:\/\/2020.europeangayskiweek.com\/fr\/the-accommodation\/half-board-breakfast-dinner-option\/","name":"European Gay Ski Week - Les Arcs Paradiski - 21-28 March 2020 - Demi-pension, petits d\u00e9jeuners et d\u00eeners","isPartOf":{"@id":"https:\/\/2020.europeangayskiweek.com\/#website"},"datePublished":"2019-06-26T17:09:29+00:00","dateModified":"2019-07-29T16:59:28+00:00","description":"Europe's No1 LGBT Winter Sport & Music Festival | Arc 1950 & Arc 2000 | Paradiski | Gay Ski Week & parties with International DJs & Artists | BOOK NOW!","breadcrumb":{"@id":"https:\/\/2020.europeangayskiweek.com\/fr\/the-accommodation\/half-board-breakfast-dinner-option\/#breadcrumb"},"inLanguage":"fr-FR","potentialAction":[{"@type":"ReadAction","target":["https:\/\/2020.europeangayskiweek.com\/fr\/the-accommodation\/half-board-breakfast-dinner-option\/"]}]},{"@type":"BreadcrumbList","@id":"https:\/\/2020.europeangayskiweek.com\/fr\/the-accommodation\/half-board-breakfast-dinner-option\/#breadcrumb","itemListElement":[{"@type":"ListItem","position":1,"name":"Home","item":"https:\/\/2020.europeangayskiweek.com\/fr\/"},{"@type":"ListItem","position":2,"name":"H\u00e9bergement","item":"https:\/\/2020.europeangayskiweek.com\/fr\/the-accommodation\/"},{"@type":"ListItem","position":3,"name":"Demi-pension, petits d\u00e9jeuners et d\u00eeners"}]},{"@type":"WebSite","@id":"https:\/\/2020.europeangayskiweek.com\/#website","url":"https:\/\/2020.europeangayskiweek.com\/","name":"European Gay Ski Week | The Biggest Gay Winter Sports and Music Festival | Les Arcs Paradiski | 21-28 March 2020","description":"Europe&#039;s N\u00b01 Gay Winter Sports &amp; Music Festival | Les Arcs - Arc 1950 &amp; Arc 2000 - Paradiski | European Gay Ski Week with International DJs &amp; Artists | BOOK NOW!","publisher":{"@id":"https:\/\/2020.europeangayskiweek.com\/#organization"},"potentialAction":[{"@type":"SearchAction","target":{"@type":"EntryPoint","urlTemplate":"https:\/\/2020.europeangayskiweek.com\/?s={search_term_string}"},"query-input":"required name=search_term_string"}],"inLanguage":"fr-FR"},{"@type":"Organization","@id":"https:\/\/2020.europeangayskiweek.com\/#organization","name":"European Gay Ski Week","url":"https:\/\/2020.europeangayskiweek.com\/","sameAs":["https:\/\/www.instagram.com\/europeangayskiweek\/","https:\/\/www.youtube.com\/user\/JonHuntEGSW","https:\/\/www.facebook.com\/EuropeanGaySkiWeek\/","https:\/\/twitter.com\/EuropeanGaySkiW"],"logo":{"@type":"ImageObject","inLanguage":"fr-FR","@id":"https:\/\/2020.europeangayskiweek.com\/#\/schema\/logo\/image\/","url":"https:\/\/cdn.europeangayskiweek.com\/wp\/uploads\/2019\/06\/EGSW-Dateless-Black-02b.png","contentUrl":"https:\/\/cdn.europeangayskiweek.com\/wp\/uploads\/2019\/06\/EGSW-Dateless-Black-02b.png","width":1346,"height":442,"caption":"European Gay Ski Week"},"image":{"@id":"https:\/\/2020.europeangayskiweek.com\/#\/schema\/logo\/image\/"}}]}},"_links":{"self":[{"href":"https:\/\/2020.europeangayskiweek.com\/fr\/wp-json\/wp\/v2\/pages\/13618"}],"collection":[{"href":"https:\/\/2020.europeangayskiweek.com\/fr\/wp-json\/wp\/v2\/pages"}],"about":[{"href":"https:\/\/2020.europeangayskiweek.com\/fr\/wp-json\/wp\/v2\/types\/page"}],"author":[{"embeddable":true,"href":"https:\/\/2020.europeangayskiweek.com\/fr\/wp-json\/wp\/v2\/users\/10"}],"replies":[{"embeddable":true,"href":"https:\/\/2020.europeangayskiweek.com\/fr\/wp-json\/wp\/v2\/comments?post=13618"}],"version-history":[{"count":9,"href":"https:\/\/2020.europeangayskiweek.com\/fr\/wp-json\/wp\/v2\/pages\/13618\/revisions"}],"predecessor-version":[{"id":14574,"href":"https:\/\/2020.europeangayskiweek.com\/fr\/wp-json\/wp\/v2\/pages\/13618\/revisions\/14574"}],"up":[{"embeddable":true,"href":"https:\/\/2020.europeangayskiweek.com\/fr\/wp-json\/wp\/v2\/pages\/13572"}],"wp:attachment":[{"href":"https:\/\/2020.europeangayskiweek.com\/fr\/wp-json\/wp\/v2\/media?parent=13618"}],"curies":[{"name":"wp","href":"https:\/\/api.w.org\/{rel}","templated":true}]}}