{"id":13571,"date":"2019-06-26T17:54:46","date_gmt":"2019-06-26T16:54:46","guid":{"rendered":"https:\/\/e20.europeangayskiweek.com\/?page_id=13571"},"modified":"2019-07-29T17:56:42","modified_gmt":"2019-07-29T16:56:42","slug":"egsw-price-promise-terms","status":"publish","type":"page","link":"https:\/\/2020.europeangayskiweek.com\/fr\/egsw-price-promise-terms\/","title":{"rendered":"Conditions g\u00e9n\u00e9rales de la Garantie Prix"},"content":{"rendered":"<section class=\"kc-elm kc-css-877258 kc_row\"><div class=\"kc-row-container  kc-container\"><div class=\"kc-wrap-columns\"><div class=\"kc-elm kc-css-262504 kc_col-sm-8 kc_column kc_col-sm-8\"><div class=\"kc-col-container\"><div class=\"kc-elm kc-css-307863 kc_text_block\"><\/p>\n<h4 style=\"text-align: left;\">1. La Garantie Prix sapplique<\/h4>\n<ul>\n<li>seulement aux tarifs disponible en ligne au grand public;<\/li>\n<li>seulement aux tarifs de l&rsquo;h\u00e9bergement strictement identique, dans le m\u00eame \u00e9tablissement, \u00e0 la m\u00eame devise, aux m\u00eames dates et incluant toutes les taxes et les m\u00eames conditions d&rsquo;annulation;<\/li>\n<li>seulement aux tarifs \u00e0 la nuit\u00e9e excluant toute promotion ou forfait qui pourrait inclure des prestations comme stationnement, repas, ou activit\u00e9s.<\/li>\n<\/ul>\n<p>La diff\u00e9rence de prix entre le nombre de Pass \u00c9v\u00e9nement \u00e0 r\u00e9server avec l&rsquo;h\u00e9bergement et le nombre de Pass \u00c9v\u00e9nement sans h\u00e9bergement sera \u00e9galement pris en compte dans le comparatif.<\/p>\n<h4>2. La Garantie Prix ne s&rsquo;applique pas<\/h4>\n<ul>\n<li>aux h\u00e9bergements r\u00e9serv\u00e9s en utilisant une r\u00e9duction li\u00e9e \u00e0 un programme de fid\u00e9lit\u00e9 ou de r\u00e9compense, des h\u00e9bergements r\u00e9serv\u00e9s avec des coupons ou bons de r\u00e9ductions promotionnels ou avoirs, gagn\u00e9 par des concours, ou des sites de ventes d\u00e9griff\u00e9es ne permettant pas de voir le nom de l&rsquo;h\u00e9b\u00e9rgement avant la confirmation de la r\u00e9servation (comme les sies Hotwire et Priceline;<\/li>\n<li>des offres ou tarifs professionnelles, ou li\u00e9s \u00e0 une inscription\/abonnement.;<\/li>\n<li>des offres d&rsquo;achats group\u00e9s incluant mais n&rsquo;\u00e9tant pas limit\u00e9s \u00e0 Groupon, Spreets ou Living Social par exemple.<\/li>\n<\/ul>\n<h4>3. European Gay Ski Week se r\u00e9serve le droit<\/h4>\n<p>de r\u00e9fuser toute r\u00e9clamation qui ne puisse pas \u00eatre v\u00e9rifi\u00e9e, ou qui serait formul\u00e9e plus de 24 heures apr\u00e8s la confirmation de r\u00e9servation, ou toute r\u00e9clamation incompl\u00e8te ou contenant des informations erronn\u00e9es.<\/p>\n<h4>4. European Gay Ski Week n&rsquo;est pas responsable<\/h4>\n<p>pour le remboursement sous la Garantie Prix\u00a0 pour des prix r\u00e9sultant d&rsquo;une erreur typographique, administrative ou technique dans toute publication faisant mention de la Garantie Prix.<\/p>\n<h4>5. Ces conditions de la Garantie Prix incluent<\/h4>\n<p>et incorporent par r\u00e9f\u00e9rence toutes les conditions g\u00e9n\u00e9rales sur le site internet incluant mais ne se limitant pas auc conditions d&rsquo;utilisation, aux conditions g\u00e9n\u00e9rales de vente, et qui constituent l&rsquo;accord global entre vous et European Gay Ski Week en relation avec votre r\u00e9servation d&rsquo;h\u00e9bergement.<\/p>\n<h4>6. Non valable sur les territoires o\u00f9 cela serait interdit pas la loi<\/h4>\n<p>European Gay Ski Week se r\u00e9serve le droit de modifier, d&rsquo;annuler la Garantie de Prix \u00e0 tout moment sans pr\u00e9avis. Toute modification prendrait effet d\u00e8s la publication des pr\u00e9sentes conditions g\u00e9n\u00e9rales de la Garantie Prix sur le site European Gay Ski Week. Toute annulation prendrait effet d\u00e8s le retrait des r\u00e9f\u00e9rences \u00e0 la Garantie Prix et aux Conditions G\u00e9n\u00e9rales de la Garantie Prix du site Internet European Gay Ski Week.<\/p>\n<p><!-- 034b280dca535e936741a525a4082aa1 --><\/p>\n<p>\n<\/div><\/div><\/div><div class=\"kc-elm kc-css-913640 kc_col-sm-4 kc_column kc_col-sm-4\"><div class=\"kc-col-container\"><div class=\"kc-elm kc-css-420339 widget-area kc-wp-sidebar\"><aside id=\"nav_menu-12\" class=\"widget widget_nav_menu\"><h3 class=\"widget-title\">Le Petit Menu<\/h3><div class=\"menu-right-sidebar-main-french-container\"><ul id=\"menu-right-sidebar-main-french\" class=\"menu\"><li id=\"menu-item-13892\" class=\"menu-item menu-item-type-post_type menu-item-object-page menu-item-13892\"><a href=\"https:\/\/2020.europeangayskiweek.com\/fr\/how-to-book\/\">Comment R\u00e9server ?<\/a><\/li>\n<li id=\"menu-item-13893\" class=\"menu-item menu-item-type-post_type menu-item-object-page menu-item-13893\"><a href=\"https:\/\/2020.europeangayskiweek.com\/fr\/foire-aux-questions\/\">Foire aux Questions<\/a><\/li>\n<li id=\"menu-item-13894\" class=\"menu-item menu-item-type-post_type menu-item-object-page menu-item-13894\"><a href=\"https:\/\/2020.europeangayskiweek.com\/fr\/ski-week-virgin\/\">Ski Week Virgin<\/a><\/li>\n<li id=\"menu-item-13895\" class=\"menu-item menu-item-type-post_type menu-item-object-page menu-item-13895\"><a href=\"https:\/\/2020.europeangayskiweek.com\/fr\/accommodation-price-promise\/\">Garantie Prix<\/a><\/li>\n<li id=\"menu-item-13896\" class=\"menu-item menu-item-type-post_type menu-item-object-page menu-item-13896\"><a href=\"https:\/\/2020.europeangayskiweek.com\/fr\/snow-miles\/\">Snow Miles<\/a><\/li>\n<li id=\"menu-item-13897\" class=\"menu-item menu-item-type-post_type menu-item-object-page menu-item-13897\"><a href=\"https:\/\/2020.europeangayskiweek.com\/fr\/ski-week-virgin\/egsw-tokens\/\">EGSW Token System<\/a><\/li>\n<li id=\"menu-item-13898\" class=\"menu-item menu-item-type-post_type menu-item-object-page menu-item-13898\"><a href=\"https:\/\/2020.europeangayskiweek.com\/fr\/contact\/\">Contact<\/a><\/li>\n<\/ul><\/div><\/aside><aside id=\"nav_menu-13\" class=\"widget widget_nav_menu\"><h3 class=\"widget-title\">Les Petites Lettres<\/h3><div class=\"menu-right-sidebar-sub-french-container\"><ul id=\"menu-right-sidebar-sub-french\" class=\"menu\"><li id=\"menu-item-13888\" class=\"menu-item menu-item-type-post_type menu-item-object-page menu-item-13888\"><a href=\"https:\/\/2020.europeangayskiweek.com\/fr\/privacy-policy\/\">Politique de Confidentialit\u00e9<\/a><\/li>\n<li id=\"menu-item-13889\" class=\"menu-item menu-item-type-post_type menu-item-object-page menu-item-13889\"><a href=\"https:\/\/2020.europeangayskiweek.com\/fr\/website-terms\/\">Conditions G\u00e9n\u00e9rales de R\u00e9servation<\/a><\/li>\n<li id=\"menu-item-13890\" class=\"menu-item menu-item-type-post_type menu-item-object-page menu-item-13890\"><a href=\"https:\/\/2020.europeangayskiweek.com\/fr\/snow-miles-terms\/\">Conditions G\u00e9n\u00e9rales Snow Miles<\/a><\/li>\n<li id=\"menu-item-13891\" class=\"menu-item menu-item-type-post_type menu-item-object-page menu-item-13891\"><a href=\"https:\/\/2020.europeangayskiweek.com\/fr\/egsw-price-promise-terms\/\">Conditions g\u00e9n\u00e9rales de la Garantie Prix<\/a><\/li>\n<\/ul><\/div><\/aside><aside id=\"text-13\" class=\"widget widget_text\">\t\t\t<div class=\"textwidget\"><p style=\"text-align: center;\"><img loading=\"lazy\" class=\"alignnone size-full wp-image-13517\" src=\"https:\/\/cdn.europeangayskiweek.com\/wp\/uploads\/2019\/06\/outlined-big-boy-skis.png\" alt=\"\" width=\"460\" height=\"888\" srcset=\"https:\/\/cdn.europeangayskiweek.com\/wp\/uploads\/2019\/06\/outlined-big-boy-skis.png 460w, https:\/\/cdn.europeangayskiweek.com\/wp\/uploads\/2019\/06\/outlined-big-boy-skis-155x300.png 155w, https:\/\/cdn.europeangayskiweek.com\/wp\/uploads\/2019\/06\/outlined-big-boy-skis-233x450.png 233w\" sizes=\"(max-width: 460px) 100vw, 460px\" \/><\/p>\n<\/div>\n\t\t<\/aside><\/div><\/div><\/div><\/div><\/div><\/section>\n","protected":false},"excerpt":{"rendered":"<p> [&#8230;]<\/p>\n<p><a class=\"btn btn-secondary understrap-read-more-link\" href=\"https:\/\/2020.europeangayskiweek.com\/fr\/egsw-price-promise-terms\/\">Lire la suite&#8230;<\/a><\/p>\n","protected":false},"author":10,"featured_media":0,"parent":0,"menu_order":3,"comment_status":"closed","ping_status":"closed","template":"page-templates\/fullwidthpage-upto1440.php","meta":[],"yoast_head":"<!-- This site is optimized with the Yoast SEO plugin v19.6 - https:\/\/yoast.com\/wordpress\/plugins\/seo\/ -->\n<title>European Gay Ski Week - Les Arcs Paradiski - 21-28 March 2020 - Conditions g\u00e9n\u00e9rales de la Garantie Prix<\/title>\n<meta name=\"description\" content=\"Europe&#039;s No1 Gay Ski Week | Best Accommodation | Arc 1950 &amp; 2000 | Car Free, Ski-in Ski-out Locations, Short Distance to All Events &amp; Parties | BOOK NOW!\" \/>\n<meta name=\"robots\" content=\"index, follow, max-snippet:-1, max-image-preview:large, max-video-preview:-1\" \/>\n<link rel=\"canonical\" href=\"https:\/\/2020.europeangayskiweek.com\/fr\/egsw-price-promise-terms\/\" \/>\n<meta property=\"og:locale\" content=\"fr_FR\" \/>\n<meta property=\"og:type\" content=\"article\" \/>\n<meta property=\"og:title\" content=\"European Gay Ski Week - Les Arcs Paradiski - 21-28 March 2020 - Conditions g\u00e9n\u00e9rales de la Garantie Prix\" \/>\n<meta property=\"og:description\" content=\"Europe&#039;s No1 Gay Ski Week | Best Accommodation | Arc 1950 &amp; 2000 | Car Free, Ski-in Ski-out Locations, Short Distance to All Events &amp; Parties | BOOK NOW!\" \/>\n<meta property=\"og:url\" content=\"https:\/\/2020.europeangayskiweek.com\/fr\/egsw-price-promise-terms\/\" \/>\n<meta property=\"og:site_name\" content=\"European Gay Ski Week - Les Arcs Paradiski - 21-28 March 2020\" \/>\n<meta property=\"article:publisher\" content=\"https:\/\/www.facebook.com\/EuropeanGaySkiWeek\/\" \/>\n<meta property=\"article:modified_time\" content=\"2019-07-29T16:56:42+00:00\" \/>\n<meta property=\"og:image\" content=\"https:\/\/cdn.europeangayskiweek.com\/wp\/uploads\/2019\/12\/facebook_og.jpg\" \/>\n<meta name=\"twitter:card\" content=\"summary_large_image\" \/>\n<meta name=\"twitter:site\" content=\"@EuropeanGaySkiW\" \/>\n<meta name=\"twitter:label1\" content=\"Dur\u00e9e de lecture estim\u00e9e\" \/>\n\t<meta name=\"twitter:data1\" content=\"3 minutes\" \/>\n<script type=\"application\/ld+json\" class=\"yoast-schema-graph\">{\"@context\":\"https:\/\/schema.org\",\"@graph\":[{\"@type\":\"WebPage\",\"@id\":\"https:\/\/2020.europeangayskiweek.com\/fr\/egsw-price-promise-terms\/\",\"url\":\"https:\/\/2020.europeangayskiweek.com\/fr\/egsw-price-promise-terms\/\",\"name\":\"European Gay Ski Week - Les Arcs Paradiski - 21-28 March 2020 - Conditions g\u00e9n\u00e9rales de la Garantie Prix\",\"isPartOf\":{\"@id\":\"https:\/\/2020.europeangayskiweek.com\/#website\"},\"datePublished\":\"2019-06-26T16:54:46+00:00\",\"dateModified\":\"2019-07-29T16:56:42+00:00\",\"description\":\"Europe's No1 Gay Ski Week | Best Accommodation | Arc 1950 & 2000 | Car Free, Ski-in Ski-out Locations, Short Distance to All Events & Parties | BOOK NOW!\",\"breadcrumb\":{\"@id\":\"https:\/\/2020.europeangayskiweek.com\/fr\/egsw-price-promise-terms\/#breadcrumb\"},\"inLanguage\":\"fr-FR\",\"potentialAction\":[{\"@type\":\"ReadAction\",\"target\":[\"https:\/\/2020.europeangayskiweek.com\/fr\/egsw-price-promise-terms\/\"]}]},{\"@type\":\"BreadcrumbList\",\"@id\":\"https:\/\/2020.europeangayskiweek.com\/fr\/egsw-price-promise-terms\/#breadcrumb\",\"itemListElement\":[{\"@type\":\"ListItem\",\"position\":1,\"name\":\"Home\",\"item\":\"https:\/\/2020.europeangayskiweek.com\/fr\/\"},{\"@type\":\"ListItem\",\"position\":2,\"name\":\"Conditions g\u00e9n\u00e9rales de la Garantie Prix\"}]},{\"@type\":\"WebSite\",\"@id\":\"https:\/\/2020.europeangayskiweek.com\/#website\",\"url\":\"https:\/\/2020.europeangayskiweek.com\/\",\"name\":\"European Gay Ski Week | The Biggest Gay Winter Sports and Music Festival | Les Arcs Paradiski | 21-28 March 2020\",\"description\":\"Europe&#039;s N\u00b01 Gay Winter Sports &amp; Music Festival | Les Arcs - Arc 1950 &amp; Arc 2000 - Paradiski | European Gay Ski Week with International DJs &amp; Artists | BOOK NOW!\",\"publisher\":{\"@id\":\"https:\/\/2020.europeangayskiweek.com\/#organization\"},\"potentialAction\":[{\"@type\":\"SearchAction\",\"target\":{\"@type\":\"EntryPoint\",\"urlTemplate\":\"https:\/\/2020.europeangayskiweek.com\/?s={search_term_string}\"},\"query-input\":\"required name=search_term_string\"}],\"inLanguage\":\"fr-FR\"},{\"@type\":\"Organization\",\"@id\":\"https:\/\/2020.europeangayskiweek.com\/#organization\",\"name\":\"European Gay Ski Week\",\"url\":\"https:\/\/2020.europeangayskiweek.com\/\",\"sameAs\":[\"https:\/\/www.instagram.com\/europeangayskiweek\/\",\"https:\/\/www.youtube.com\/user\/JonHuntEGSW\",\"https:\/\/www.facebook.com\/EuropeanGaySkiWeek\/\",\"https:\/\/twitter.com\/EuropeanGaySkiW\"],\"logo\":{\"@type\":\"ImageObject\",\"inLanguage\":\"fr-FR\",\"@id\":\"https:\/\/2020.europeangayskiweek.com\/#\/schema\/logo\/image\/\",\"url\":\"https:\/\/cdn.europeangayskiweek.com\/wp\/uploads\/2019\/06\/EGSW-Dateless-Black-02b.png\",\"contentUrl\":\"https:\/\/cdn.europeangayskiweek.com\/wp\/uploads\/2019\/06\/EGSW-Dateless-Black-02b.png\",\"width\":1346,\"height\":442,\"caption\":\"European Gay Ski Week\"},\"image\":{\"@id\":\"https:\/\/2020.europeangayskiweek.com\/#\/schema\/logo\/image\/\"}}]}<\/script>\n<!-- \/ Yoast SEO plugin. -->","yoast_head_json":{"title":"European Gay Ski Week - Les Arcs Paradiski - 21-28 March 2020 - Conditions g\u00e9n\u00e9rales de la Garantie Prix","description":"Europe's No1 Gay Ski Week | Best Accommodation | Arc 1950 & 2000 | Car Free, Ski-in Ski-out Locations, Short Distance to All Events & Parties | BOOK NOW!","robots":{"index":"index","follow":"follow","max-snippet":"max-snippet:-1","max-image-preview":"max-image-preview:large","max-video-preview":"max-video-preview:-1"},"canonical":"https:\/\/2020.europeangayskiweek.com\/fr\/egsw-price-promise-terms\/","og_locale":"fr_FR","og_type":"article","og_title":"European Gay Ski Week - Les Arcs Paradiski - 21-28 March 2020 - Conditions g\u00e9n\u00e9rales de la Garantie Prix","og_description":"Europe's No1 Gay Ski Week | Best Accommodation | Arc 1950 & 2000 | Car Free, Ski-in Ski-out Locations, Short Distance to All Events & Parties | BOOK NOW!","og_url":"https:\/\/2020.europeangayskiweek.com\/fr\/egsw-price-promise-terms\/","og_site_name":"European Gay Ski Week - Les Arcs Paradiski - 21-28 March 2020","article_publisher":"https:\/\/www.facebook.com\/EuropeanGaySkiWeek\/","article_modified_time":"2019-07-29T16:56:42+00:00","og_image":[{"url":"https:\/\/cdn.europeangayskiweek.com\/wp\/uploads\/2019\/12\/facebook_og.jpg"}],"twitter_card":"summary_large_image","twitter_site":"@EuropeanGaySkiW","twitter_misc":{"Dur\u00e9e de lecture estim\u00e9e":"3 minutes"},"schema":{"@context":"https:\/\/schema.org","@graph":[{"@type":"WebPage","@id":"https:\/\/2020.europeangayskiweek.com\/fr\/egsw-price-promise-terms\/","url":"https:\/\/2020.europeangayskiweek.com\/fr\/egsw-price-promise-terms\/","name":"European Gay Ski Week - Les Arcs Paradiski - 21-28 March 2020 - Conditions g\u00e9n\u00e9rales de la Garantie Prix","isPartOf":{"@id":"https:\/\/2020.europeangayskiweek.com\/#website"},"datePublished":"2019-06-26T16:54:46+00:00","dateModified":"2019-07-29T16:56:42+00:00","description":"Europe's No1 Gay Ski Week | Best Accommodation | Arc 1950 & 2000 | Car Free, Ski-in Ski-out Locations, Short Distance to All Events & Parties | BOOK NOW!","breadcrumb":{"@id":"https:\/\/2020.europeangayskiweek.com\/fr\/egsw-price-promise-terms\/#breadcrumb"},"inLanguage":"fr-FR","potentialAction":[{"@type":"ReadAction","target":["https:\/\/2020.europeangayskiweek.com\/fr\/egsw-price-promise-terms\/"]}]},{"@type":"BreadcrumbList","@id":"https:\/\/2020.europeangayskiweek.com\/fr\/egsw-price-promise-terms\/#breadcrumb","itemListElement":[{"@type":"ListItem","position":1,"name":"Home","item":"https:\/\/2020.europeangayskiweek.com\/fr\/"},{"@type":"ListItem","position":2,"name":"Conditions g\u00e9n\u00e9rales de la Garantie Prix"}]},{"@type":"WebSite","@id":"https:\/\/2020.europeangayskiweek.com\/#website","url":"https:\/\/2020.europeangayskiweek.com\/","name":"European Gay Ski Week | The Biggest Gay Winter Sports and Music Festival | Les Arcs Paradiski | 21-28 March 2020","description":"Europe&#039;s N\u00b01 Gay Winter Sports &amp; Music Festival | Les Arcs - Arc 1950 &amp; Arc 2000 - Paradiski | European Gay Ski Week with International DJs &amp; Artists | BOOK NOW!","publisher":{"@id":"https:\/\/2020.europeangayskiweek.com\/#organization"},"potentialAction":[{"@type":"SearchAction","target":{"@type":"EntryPoint","urlTemplate":"https:\/\/2020.europeangayskiweek.com\/?s={search_term_string}"},"query-input":"required name=search_term_string"}],"inLanguage":"fr-FR"},{"@type":"Organization","@id":"https:\/\/2020.europeangayskiweek.com\/#organization","name":"European Gay Ski Week","url":"https:\/\/2020.europeangayskiweek.com\/","sameAs":["https:\/\/www.instagram.com\/europeangayskiweek\/","https:\/\/www.youtube.com\/user\/JonHuntEGSW","https:\/\/www.facebook.com\/EuropeanGaySkiWeek\/","https:\/\/twitter.com\/EuropeanGaySkiW"],"logo":{"@type":"ImageObject","inLanguage":"fr-FR","@id":"https:\/\/2020.europeangayskiweek.com\/#\/schema\/logo\/image\/","url":"https:\/\/cdn.europeangayskiweek.com\/wp\/uploads\/2019\/06\/EGSW-Dateless-Black-02b.png","contentUrl":"https:\/\/cdn.europeangayskiweek.com\/wp\/uploads\/2019\/06\/EGSW-Dateless-Black-02b.png","width":1346,"height":442,"caption":"European Gay Ski Week"},"image":{"@id":"https:\/\/2020.europeangayskiweek.com\/#\/schema\/logo\/image\/"}}]}},"_links":{"self":[{"href":"https:\/\/2020.europeangayskiweek.com\/fr\/wp-json\/wp\/v2\/pages\/13571"}],"collection":[{"href":"https:\/\/2020.europeangayskiweek.com\/fr\/wp-json\/wp\/v2\/pages"}],"about":[{"href":"https:\/\/2020.europeangayskiweek.com\/fr\/wp-json\/wp\/v2\/types\/page"}],"author":[{"embeddable":true,"href":"https:\/\/2020.europeangayskiweek.com\/fr\/wp-json\/wp\/v2\/users\/10"}],"replies":[{"embeddable":true,"href":"https:\/\/2020.europeangayskiweek.com\/fr\/wp-json\/wp\/v2\/comments?post=13571"}],"version-history":[{"count":7,"href":"https:\/\/2020.europeangayskiweek.com\/fr\/wp-json\/wp\/v2\/pages\/13571\/revisions"}],"predecessor-version":[{"id":14565,"href":"https:\/\/2020.europeangayskiweek.com\/fr\/wp-json\/wp\/v2\/pages\/13571\/revisions\/14565"}],"wp:attachment":[{"href":"https:\/\/2020.europeangayskiweek.com\/fr\/wp-json\/wp\/v2\/media?parent=13571"}],"curies":[{"name":"wp","href":"https:\/\/api.w.org\/{rel}","templated":true}]}}