{"id":13570,"date":"2019-06-26T17:54:50","date_gmt":"2019-06-26T16:54:50","guid":{"rendered":"https:\/\/e20.europeangayskiweek.com\/?page_id=13570"},"modified":"2019-06-28T09:20:16","modified_gmt":"2019-06-28T08:20:16","slug":"activities","status":"publish","type":"page","link":"https:\/\/2020.europeangayskiweek.com\/fr\/the-resort\/activities\/","title":{"rendered":"Activit\u00e9s"},"content":{"rendered":"<section class=\"kc-elm kc-css-701573 kc_row\"><div class=\"kc-row-container  kc-container\"><div class=\"kc-wrap-columns\"><div class=\"kc-elm kc-css-949202 kc_col-sm-12 kc_column kc_col-sm-12\"><div class=\"kc-col-container\"><div class=\"kc-elm kc-css-339938\" style=\"height: 80px; clear: both; width:100%;\"><\/div><div class=\"kc-elm kc-css-801359 kc_row kc_row_inner\"><div class=\"kc-elm kc-css-657299 kc_col-of-5 kc_column_inner kc_col-of-5\"><div class=\"kc_wrapper kc-col-inner-container\"><\/div><\/div><div class=\"kc-elm kc-css-21892 kc_col-sm-7 kc_column_inner kc_col-sm-7\"><div class=\"kc_wrapper kc-col-inner-container\"><div class=\"kc-elm kc-css-891337 kc_text_block\"><\/p>\n<p>Les Arcs et Paradiski offrent un grand choix d&rsquo;activit\u00e9s pour les skieurs comme les non skieurs qui souhaitent exp\u00e9rimenter de nouvelles sensations et avoir un nouveau regard sur la montagne.<\/p>\n<p style=\"text-align: center;\"><strong>Survoler les images avec votre souris ou tappez les images pour voir les descriptions.<\/strong><\/p>\n<p>\n<\/div><div class=\"kc-elm kc-css-23554\" style=\"height: 60px; clear: both; width:100%;\"><\/div><\/div><\/div><div class=\"kc-elm kc-css-853095 kc_col-of-5 kc_column_inner kc_col-of-5\"><div class=\"kc_wrapper kc-col-inner-container\"><\/div><\/div><\/div><div class=\"kc-elm kc-css-540862 kc_row kc_row_inner\"><div class=\"kc-elm kc-css-191012 kc_col-sm-3 kc_column_inner kc_col-sm-3\"><div class=\"kc_wrapper kc-col-inner-container\">\n<div class=\"kc-elm kc-css-216558 kc-image-hover-effects kc-img-effects-2 default\">\n\n\t<figure><img src=\"https:\/\/cdn.europeangayskiweek.com\/wp\/uploads\/2019\/06\/Activities-Pics-min.jpg\" alt=\"\"\/><\/figure><div class=\"overlay-effects\"><div class=\"content-title\">Fat Biking<\/div><div class=\"content-desc\">Fat Bikes est une tendance relativement nouvelle et tellement amusante. Les v\u00e9los ont des roues tr\u00e8s larges, permettant au pilote de n\u00e9gocier des conditions neigeuses. <\/div><\/div>\n<\/div><\/div><\/div><div class=\"kc-elm kc-css-197867 kc_col-sm-3 kc_column_inner kc_col-sm-3\"><div class=\"kc_wrapper kc-col-inner-container\">\n<div class=\"kc-elm kc-css-790873 kc-image-hover-effects kc-img-effects-2 default\">\n\n\t<figure><img src=\"https:\/\/cdn.europeangayskiweek.com\/wp\/uploads\/2019\/06\/helico_web.jpg\" alt=\"\"\/><\/figure><div class=\"overlay-effects\"><div class=\"content-title\">Heli-Skiing<\/div><div class=\"content-desc\">Une journ\u00e9e inoubliable : une d\u00e9pose en h\u00e9licopt\u00e8re sur sommets italiens et ski hors-pistes avec un professionnel de la montagne !<\/div><\/div>\n<\/div><\/div><\/div><div class=\"kc-elm kc-css-613575 kc_col-sm-3 kc_column_inner kc_col-sm-3\"><div class=\"kc_wrapper kc-col-inner-container\">\n<div class=\"kc-elm kc-css-126645 kc-image-hover-effects kc-img-effects-2 default\">\n\n\t<figure><img src=\"https:\/\/cdn.europeangayskiweek.com\/wp\/uploads\/2019\/06\/Activities-Pics-2-min.jpg\" alt=\"\"\/><\/figure><div class=\"overlay-effects\"><div class=\"content-title\">SKI DE RANDO \/ RAQUETTES<\/div><div class=\"content-desc\">Testez-vous au ski de randonn\u00e9e pour parcourir la montagne autrement!<\/div><\/div>\n<\/div><\/div><\/div><div class=\"kc-elm kc-css-730853 kc_col-sm-3 kc_column_inner kc_col-sm-3\"><div class=\"kc_wrapper kc-col-inner-container\">\n<div class=\"kc-elm kc-css-445491 kc-image-hover-effects kc-img-effects-2 default\">\n\n\t<figure><img src=\"https:\/\/cdn.europeangayskiweek.com\/wp\/uploads\/2019\/06\/IMG_3283_web.jpg\" alt=\"\"\/><\/figure><div class=\"overlay-effects\"><div class=\"content-title\">HELI TOURS<\/div><div class=\"content-desc\">Des vols panoramiques quotidiens sont disponibles (si le temps le permet), alors asseyez-vous, d\u00e9tendez-vous et profitez des vues incroyables sur les environs<\/div><\/div>\n<\/div><\/div><\/div><\/div><div class=\"kc-elm kc-css-124180\" style=\"height: 20px; clear: both; width:100%;\"><\/div><div class=\"kc-elm kc-css-244763 kc_row kc_row_inner\"><div class=\"kc-elm kc-css-644666 kc_col-sm-3 kc_column_inner kc_col-sm-3\"><div class=\"kc_wrapper kc-col-inner-container\">\n<div class=\"kc-elm kc-css-649600 kc-image-hover-effects kc-img-effects-2 default\">\n\n\t<figure><img src=\"https:\/\/cdn.europeangayskiweek.com\/wp\/uploads\/2019\/06\/Activities-Pics-4-min.jpg\" alt=\"\"\/><\/figure><div class=\"overlay-effects\"><div class=\"content-title\">SKI DE FOND<\/div><div class=\"content-desc\">D\u00e9couvrez la nature et les paysages des Arcs tout en pratiquant un sport doux et revigorant.<\/div><\/div>\n<\/div><\/div><\/div><div class=\"kc-elm kc-css-757710 kc_col-sm-3 kc_column_inner kc_col-sm-3\"><div class=\"kc_wrapper kc-col-inner-container\">\n<div class=\"kc-elm kc-css-126583 kc-image-hover-effects kc-img-effects-2 default\">\n\n\t<figure><img src=\"https:\/\/cdn.europeangayskiweek.com\/wp\/uploads\/2019\/06\/Activities-Pics-5-min.jpg\" alt=\"\"\/><\/figure><div class=\"overlay-effects\"><div class=\"content-title\">CHIENS DE TRAINEAUX<\/div><div class=\"content-desc\">Balades d\u00e9couvertes avec les chiens de tra\u00eeneaux des Arcs, Balade MagicSled, balade nocturne.<\/div><\/div>\n<\/div><\/div><\/div><div class=\"kc-elm kc-css-359823 kc_col-sm-3 kc_column_inner kc_col-sm-3\"><div class=\"kc_wrapper kc-col-inner-container\">\n<div class=\"kc-elm kc-css-110059 kc-image-hover-effects kc-img-effects-2 default\">\n\n\t<figure><img src=\"https:\/\/cdn.europeangayskiweek.com\/wp\/uploads\/2019\/06\/Activities-Pics-6-min.jpg\" alt=\"\"\/><\/figure><div class=\"overlay-effects\"><div class=\"content-title\">PARAPENTE<\/div><div class=\"content-desc\">Volez tel l'oiseau et d\u00e9couvrez les panoramas \u00e9poustouflants. Effectuerez votre bapt\u00eame de l\u2019air de parapente aux Arcs.<\/div><\/div>\n<\/div><\/div><\/div><div class=\"kc-elm kc-css-419168 kc_col-sm-3 kc_column_inner kc_col-sm-3\"><div class=\"kc_wrapper kc-col-inner-container\">\n<div class=\"kc-elm kc-css-68913 kc-image-hover-effects kc-img-effects-2 default\">\n\n\t<figure><img src=\"https:\/\/cdn.europeangayskiweek.com\/wp\/uploads\/2019\/06\/Activities-Pics-7-min.jpg\" alt=\"\"\/><\/figure><div class=\"overlay-effects\"><div class=\"content-title\">MOTONEIGE<\/div><div class=\"content-desc\">Conduite sur neige de nuit. Profitez du ciel \u00e9toil\u00e9, de nouvelles sensations de glisse, de la vitesse, de l\u2019air pur de nos montagnes\u2026bref, essayez et vous saurez!<\/div><\/div>\n<\/div><\/div><\/div><\/div><\/div><\/div><\/div><\/div><\/section>\n","protected":false},"excerpt":{"rendered":"<p> [&#8230;]<\/p>\n<p><a class=\"btn btn-secondary understrap-read-more-link\" href=\"https:\/\/2020.europeangayskiweek.com\/fr\/the-resort\/activities\/\">Lire la suite&#8230;<\/a><\/p>\n","protected":false},"author":10,"featured_media":0,"parent":13569,"menu_order":2,"comment_status":"closed","ping_status":"closed","template":"page-templates\/fullwidthpage-upto1440.php","meta":[],"yoast_head":"<!-- This site is optimized with the Yoast SEO plugin v19.6 - https:\/\/yoast.com\/wordpress\/plugins\/seo\/ -->\n<title>Europe&#039;s Biggest Gay Ski Week | Les Arcs 1950 &amp; 2000 | 23-30 Mar 2019<\/title>\n<meta name=\"description\" content=\"Europe&#039;s No1 LGBT Winter Sport &amp; Music Festival | Arc 1950 &amp; Arc 2000 | Paradiski | Gay Ski Week &amp; parties with International DJs &amp; Artists | BOOK NOW!\" \/>\n<meta name=\"robots\" content=\"index, follow, max-snippet:-1, max-image-preview:large, max-video-preview:-1\" \/>\n<link rel=\"canonical\" href=\"https:\/\/2020.europeangayskiweek.com\/fr\/the-resort\/activities\/\" \/>\n<meta property=\"og:locale\" content=\"fr_FR\" \/>\n<meta property=\"og:type\" content=\"article\" \/>\n<meta property=\"og:title\" content=\"Europe&#039;s Biggest Gay Ski Week | Les Arcs 1950 &amp; 2000 | 23-30 Mar 2019\" \/>\n<meta property=\"og:description\" content=\"Europe&#039;s No1 LGBT Winter Sport &amp; Music Festival | Arc 1950 &amp; Arc 2000 | Paradiski | Gay Ski Week &amp; parties with International DJs &amp; Artists | BOOK NOW!\" \/>\n<meta property=\"og:url\" content=\"https:\/\/2020.europeangayskiweek.com\/fr\/the-resort\/activities\/\" \/>\n<meta property=\"og:site_name\" content=\"European Gay Ski Week - Les Arcs Paradiski - 21-28 March 2020\" \/>\n<meta property=\"article:publisher\" content=\"https:\/\/www.facebook.com\/EuropeanGaySkiWeek\/\" \/>\n<meta property=\"article:modified_time\" content=\"2019-06-28T08:20:16+00:00\" \/>\n<meta property=\"og:image\" content=\"https:\/\/cdn.europeangayskiweek.com\/wp\/uploads\/2019\/12\/facebook_og.jpg\" \/>\n<meta name=\"twitter:card\" content=\"summary_large_image\" \/>\n<meta name=\"twitter:site\" content=\"@EuropeanGaySkiW\" \/>\n<meta name=\"twitter:label1\" content=\"Dur\u00e9e de lecture estim\u00e9e\" \/>\n\t<meta name=\"twitter:data1\" content=\"1 minute\" \/>\n<script type=\"application\/ld+json\" class=\"yoast-schema-graph\">{\"@context\":\"https:\/\/schema.org\",\"@graph\":[{\"@type\":\"WebPage\",\"@id\":\"https:\/\/2020.europeangayskiweek.com\/fr\/the-resort\/activities\/\",\"url\":\"https:\/\/2020.europeangayskiweek.com\/fr\/the-resort\/activities\/\",\"name\":\"Europe's Biggest Gay Ski Week | Les Arcs 1950 & 2000 | 23-30 Mar 2019\",\"isPartOf\":{\"@id\":\"https:\/\/2020.europeangayskiweek.com\/#website\"},\"datePublished\":\"2019-06-26T16:54:50+00:00\",\"dateModified\":\"2019-06-28T08:20:16+00:00\",\"description\":\"Europe's No1 LGBT Winter Sport & Music Festival | Arc 1950 & Arc 2000 | Paradiski | Gay Ski Week & parties with International DJs & Artists | BOOK NOW!\",\"breadcrumb\":{\"@id\":\"https:\/\/2020.europeangayskiweek.com\/fr\/the-resort\/activities\/#breadcrumb\"},\"inLanguage\":\"fr-FR\",\"potentialAction\":[{\"@type\":\"ReadAction\",\"target\":[\"https:\/\/2020.europeangayskiweek.com\/fr\/the-resort\/activities\/\"]}]},{\"@type\":\"BreadcrumbList\",\"@id\":\"https:\/\/2020.europeangayskiweek.com\/fr\/the-resort\/activities\/#breadcrumb\",\"itemListElement\":[{\"@type\":\"ListItem\",\"position\":1,\"name\":\"Home\",\"item\":\"https:\/\/2020.europeangayskiweek.com\/fr\/\"},{\"@type\":\"ListItem\",\"position\":2,\"name\":\"La Station\",\"item\":\"https:\/\/2020.europeangayskiweek.com\/fr\/the-resort\/\"},{\"@type\":\"ListItem\",\"position\":3,\"name\":\"Activit\u00e9s\"}]},{\"@type\":\"WebSite\",\"@id\":\"https:\/\/2020.europeangayskiweek.com\/#website\",\"url\":\"https:\/\/2020.europeangayskiweek.com\/\",\"name\":\"European Gay Ski Week | The Biggest Gay Winter Sports and Music Festival | Les Arcs Paradiski | 21-28 March 2020\",\"description\":\"Europe&#039;s N\u00b01 Gay Winter Sports &amp; Music Festival | Les Arcs - Arc 1950 &amp; Arc 2000 - Paradiski | European Gay Ski Week with International DJs &amp; Artists | BOOK NOW!\",\"publisher\":{\"@id\":\"https:\/\/2020.europeangayskiweek.com\/#organization\"},\"potentialAction\":[{\"@type\":\"SearchAction\",\"target\":{\"@type\":\"EntryPoint\",\"urlTemplate\":\"https:\/\/2020.europeangayskiweek.com\/?s={search_term_string}\"},\"query-input\":\"required name=search_term_string\"}],\"inLanguage\":\"fr-FR\"},{\"@type\":\"Organization\",\"@id\":\"https:\/\/2020.europeangayskiweek.com\/#organization\",\"name\":\"European Gay Ski Week\",\"url\":\"https:\/\/2020.europeangayskiweek.com\/\",\"sameAs\":[\"https:\/\/www.instagram.com\/europeangayskiweek\/\",\"https:\/\/www.youtube.com\/user\/JonHuntEGSW\",\"https:\/\/www.facebook.com\/EuropeanGaySkiWeek\/\",\"https:\/\/twitter.com\/EuropeanGaySkiW\"],\"logo\":{\"@type\":\"ImageObject\",\"inLanguage\":\"fr-FR\",\"@id\":\"https:\/\/2020.europeangayskiweek.com\/#\/schema\/logo\/image\/\",\"url\":\"https:\/\/cdn.europeangayskiweek.com\/wp\/uploads\/2019\/06\/EGSW-Dateless-Black-02b.png\",\"contentUrl\":\"https:\/\/cdn.europeangayskiweek.com\/wp\/uploads\/2019\/06\/EGSW-Dateless-Black-02b.png\",\"width\":1346,\"height\":442,\"caption\":\"European Gay Ski Week\"},\"image\":{\"@id\":\"https:\/\/2020.europeangayskiweek.com\/#\/schema\/logo\/image\/\"}}]}<\/script>\n<!-- \/ Yoast SEO plugin. -->","yoast_head_json":{"title":"Europe's Biggest Gay Ski Week | Les Arcs 1950 & 2000 | 23-30 Mar 2019","description":"Europe's No1 LGBT Winter Sport & Music Festival | Arc 1950 & Arc 2000 | Paradiski | Gay Ski Week & parties with International DJs & Artists | BOOK NOW!","robots":{"index":"index","follow":"follow","max-snippet":"max-snippet:-1","max-image-preview":"max-image-preview:large","max-video-preview":"max-video-preview:-1"},"canonical":"https:\/\/2020.europeangayskiweek.com\/fr\/the-resort\/activities\/","og_locale":"fr_FR","og_type":"article","og_title":"Europe's Biggest Gay Ski Week | Les Arcs 1950 & 2000 | 23-30 Mar 2019","og_description":"Europe's No1 LGBT Winter Sport & Music Festival | Arc 1950 & Arc 2000 | Paradiski | Gay Ski Week & parties with International DJs & Artists | BOOK NOW!","og_url":"https:\/\/2020.europeangayskiweek.com\/fr\/the-resort\/activities\/","og_site_name":"European Gay Ski Week - Les Arcs Paradiski - 21-28 March 2020","article_publisher":"https:\/\/www.facebook.com\/EuropeanGaySkiWeek\/","article_modified_time":"2019-06-28T08:20:16+00:00","og_image":[{"url":"https:\/\/cdn.europeangayskiweek.com\/wp\/uploads\/2019\/12\/facebook_og.jpg"}],"twitter_card":"summary_large_image","twitter_site":"@EuropeanGaySkiW","twitter_misc":{"Dur\u00e9e de lecture estim\u00e9e":"1 minute"},"schema":{"@context":"https:\/\/schema.org","@graph":[{"@type":"WebPage","@id":"https:\/\/2020.europeangayskiweek.com\/fr\/the-resort\/activities\/","url":"https:\/\/2020.europeangayskiweek.com\/fr\/the-resort\/activities\/","name":"Europe's Biggest Gay Ski Week | Les Arcs 1950 & 2000 | 23-30 Mar 2019","isPartOf":{"@id":"https:\/\/2020.europeangayskiweek.com\/#website"},"datePublished":"2019-06-26T16:54:50+00:00","dateModified":"2019-06-28T08:20:16+00:00","description":"Europe's No1 LGBT Winter Sport & Music Festival | Arc 1950 & Arc 2000 | Paradiski | Gay Ski Week & parties with International DJs & Artists | BOOK NOW!","breadcrumb":{"@id":"https:\/\/2020.europeangayskiweek.com\/fr\/the-resort\/activities\/#breadcrumb"},"inLanguage":"fr-FR","potentialAction":[{"@type":"ReadAction","target":["https:\/\/2020.europeangayskiweek.com\/fr\/the-resort\/activities\/"]}]},{"@type":"BreadcrumbList","@id":"https:\/\/2020.europeangayskiweek.com\/fr\/the-resort\/activities\/#breadcrumb","itemListElement":[{"@type":"ListItem","position":1,"name":"Home","item":"https:\/\/2020.europeangayskiweek.com\/fr\/"},{"@type":"ListItem","position":2,"name":"La Station","item":"https:\/\/2020.europeangayskiweek.com\/fr\/the-resort\/"},{"@type":"ListItem","position":3,"name":"Activit\u00e9s"}]},{"@type":"WebSite","@id":"https:\/\/2020.europeangayskiweek.com\/#website","url":"https:\/\/2020.europeangayskiweek.com\/","name":"European Gay Ski Week | The Biggest Gay Winter Sports and Music Festival | Les Arcs Paradiski | 21-28 March 2020","description":"Europe&#039;s N\u00b01 Gay Winter Sports &amp; Music Festival | Les Arcs - Arc 1950 &amp; Arc 2000 - Paradiski | European Gay Ski Week with International DJs &amp; Artists | BOOK NOW!","publisher":{"@id":"https:\/\/2020.europeangayskiweek.com\/#organization"},"potentialAction":[{"@type":"SearchAction","target":{"@type":"EntryPoint","urlTemplate":"https:\/\/2020.europeangayskiweek.com\/?s={search_term_string}"},"query-input":"required name=search_term_string"}],"inLanguage":"fr-FR"},{"@type":"Organization","@id":"https:\/\/2020.europeangayskiweek.com\/#organization","name":"European Gay Ski Week","url":"https:\/\/2020.europeangayskiweek.com\/","sameAs":["https:\/\/www.instagram.com\/europeangayskiweek\/","https:\/\/www.youtube.com\/user\/JonHuntEGSW","https:\/\/www.facebook.com\/EuropeanGaySkiWeek\/","https:\/\/twitter.com\/EuropeanGaySkiW"],"logo":{"@type":"ImageObject","inLanguage":"fr-FR","@id":"https:\/\/2020.europeangayskiweek.com\/#\/schema\/logo\/image\/","url":"https:\/\/cdn.europeangayskiweek.com\/wp\/uploads\/2019\/06\/EGSW-Dateless-Black-02b.png","contentUrl":"https:\/\/cdn.europeangayskiweek.com\/wp\/uploads\/2019\/06\/EGSW-Dateless-Black-02b.png","width":1346,"height":442,"caption":"European Gay Ski Week"},"image":{"@id":"https:\/\/2020.europeangayskiweek.com\/#\/schema\/logo\/image\/"}}]}},"_links":{"self":[{"href":"https:\/\/2020.europeangayskiweek.com\/fr\/wp-json\/wp\/v2\/pages\/13570"}],"collection":[{"href":"https:\/\/2020.europeangayskiweek.com\/fr\/wp-json\/wp\/v2\/pages"}],"about":[{"href":"https:\/\/2020.europeangayskiweek.com\/fr\/wp-json\/wp\/v2\/types\/page"}],"author":[{"embeddable":true,"href":"https:\/\/2020.europeangayskiweek.com\/fr\/wp-json\/wp\/v2\/users\/10"}],"replies":[{"embeddable":true,"href":"https:\/\/2020.europeangayskiweek.com\/fr\/wp-json\/wp\/v2\/comments?post=13570"}],"version-history":[{"count":7,"href":"https:\/\/2020.europeangayskiweek.com\/fr\/wp-json\/wp\/v2\/pages\/13570\/revisions"}],"predecessor-version":[{"id":13989,"href":"https:\/\/2020.europeangayskiweek.com\/fr\/wp-json\/wp\/v2\/pages\/13570\/revisions\/13989"}],"up":[{"embeddable":true,"href":"https:\/\/2020.europeangayskiweek.com\/fr\/wp-json\/wp\/v2\/pages\/13569"}],"wp:attachment":[{"href":"https:\/\/2020.europeangayskiweek.com\/fr\/wp-json\/wp\/v2\/media?parent=13570"}],"curies":[{"name":"wp","href":"https:\/\/api.w.org\/{rel}","templated":true}]}}