{"id":13566,"date":"2019-06-26T17:48:30","date_gmt":"2019-06-26T16:48:30","guid":{"rendered":"https:\/\/e20.europeangayskiweek.com\/?page_id=13566"},"modified":"2019-06-28T16:04:11","modified_gmt":"2019-06-28T15:04:11","slug":"solo-travellers","status":"publish","type":"page","link":"https:\/\/2020.europeangayskiweek.com\/fr\/solo-travellers\/","title":{"rendered":"Voyageurs Seuls"},"content":{"rendered":"<section class=\"kc-elm kc-css-764197 kc_row\"><div class=\"kc-row-container  kc-container\"><div class=\"kc-wrap-columns\"><div class=\"kc-elm kc-css-255913 kc_col-sm-10 kc_column kc_col-sm-10\"><div class=\"kc-col-container\"><div class=\"kc-elm kc-css-922417 kc_text_block\"><\/p>\n<h1 style=\"text-align: center;\">Vous voyagez Solo?<\/h1>\n<p>\n<\/div><div class=\"kc-elm kc-css-476547\" style=\"height: 60px; clear: both; width:100%;\"><\/div><div class=\"kc-elm kc-css-865144 kc_text_block\"><\/p>\n<p><strong>Nous savons que partir en vacances seul peut parfois revenir cher. Nous avons ainsi pr\u00e9par\u00e9 un r\u00e9capitulatif\u00a0 de comment venir \u00e0 EUropean Gay Ski Week de la meni\u00e8re qui convient le mieux \u00e0 votre budget.<\/strong><\/p>\n<p>Voici les trois options :<\/p>\n<ol>\n<li><strong>Occupation seule<\/strong>. Vous r\u00e9servez votre propre chambre d&rsquo;h\u00f4tel ou appartement pour vous seul. Tarifs \u00e0 partir de 499\u20ac en studio logement seul. Vous pouvez aussi r\u00e9server une chambre d&rsquo;h\u00f4tel ou des appartements plus grands.<\/li>\n<li><strong>Random Roommate<\/strong>. Vous partagerez le logement que vous r\u00e9servez, un appartement ou une chambre d&rsquo;h\u00f4tel, avec une autre personne au hasard. Prix \u00e0 partir de 689\u20ac (studio 2* en logement seul avec forfait 6 jours Paradiski et Pass \u00c9v\u00e9nement inclus).<\/li>\n<li><strong>Shared Accommodation<\/strong>. vous r\u00e9servez un lit dans un studio ou appartement o\u00f9 tous les autres couchages sont occup\u00e9s par d&rsquo;autres participant au programme Shared Accommodation. Prix \u00e0 partir de 419\u20ac (studio 2* en logement seul avec forfait 6 jours Paradiski et Pass \u00c9v\u00e9nement inclus).<\/li>\n<\/ol>\n<p>Notre programme Shared Accommodation vous permet de partager un h\u00e9bergement soit \u00e0 notre <strong>H\u00f4tel H\u00f4te Les M\u00e9l\u00e8zes <\/strong>(demi-pension incluse) soit dans<strong> un studio ou un appartement<\/strong> en logement seul (option demi-pension disponible et vivement recommand\u00e9e). Combin\u00e9 avec l&rsquo;option <strong>Demi-Pension<\/strong>, vous pouvez prendre les petits d\u00e9jeuners et d\u00eeners \u00e0 la <strong>table Solo Travellers<\/strong>, et participer au <strong>Welcome Dinner<\/strong> du samedi.<\/p>\n<p>\n<\/div><div class=\"kc-elm kc-css-576514\" style=\"height: 20px; clear: both; width:100%;\"><\/div><div class=\"kc-elm kc-css-295565 kc_row kc_row_inner\"><div class=\"kc-elm kc-css-32318 kc_col-sm-6 kc_column_inner kc_col-sm-6\"><div class=\"kc_wrapper kc-col-inner-container\">\n<div class=\"kc-elm kc-css-869456\">\n\t<a class=\"kc_button\" href=\"https:\/\/e20.europeangayskiweek.com\/fr\/the-accommodation\/shared-accommodation\/\" target=\"_self\" title=\"H\u00e9bergement partag\u00e9s\" onclick=\"\">\n\t\tVoir les H\u00e9bergement partag\u00e9s\t<\/a>\n<\/div>\n<\/div><\/div><div class=\"kc-elm kc-css-601290 kc_col-sm-6 kc_column_inner kc_col-sm-6\"><div class=\"kc_wrapper kc-col-inner-container\">\n<div class=\"kc-elm kc-css-88153\">\n\t<a class=\"kc_button\" href=\"https:\/\/e20.europeangayskiweek.com\/fr\/the-accommodation\/half-board-breakfast-dinner-option\/\" target=\"_self\" title=\"Demi-pension, petits d\u00e9jeuners et d\u00eeners\" onclick=\"\">\n\t\tDemi-pension, petits d\u00e9jeuners et d\u00eeners\t<\/a>\n<\/div>\n<\/div><\/div><\/div><div class=\"kc-elm kc-css-973130\" style=\"height: 60px; clear: both; width:100%;\"><\/div><div class=\"kc-elm kc-css-443184 kc_text_block\"><\/p>\n<h3>Et ce n&rsquo;est pas tout!<\/h3>\n<p>Pendant toute la semaine, nous organisons aussi des<strong> soir\u00e9es sp\u00e9ciales<\/strong> <strong>Fondue<\/strong> ou <strong>Raclette<\/strong> lors desquelles vous pouvez vous joindre \u00e0 la table des <strong>Voyageurs Seuls<\/strong>. Vous pouvez r\u00e9server ces soir\u00e9es s\u00e9paremment.<\/p>\n<p>Enfin, pour faire p\u00e9tiller vos journ\u00e9es de ski, nous vous proposons de rejoindre nos <strong>Groupes Guid\u00e9s<\/strong> de ski, <strong>cours de ski<\/strong> et moult autres <strong>activit\u00e9s<\/strong> en journ\u00e9e qui sont autant d&rsquo;occasio nde rencontrer des gens.<\/p>\n<p>Pour les soir\u00e9es votre <strong>Pass \u00c9v\u00e9nement<\/strong> inclus dans votre forfait vous donne acc\u00e8s \u00e0 <strong>tous les spectacles et soir\u00e9es<\/strong>, pendant lesquelles vous profiter d&rsquo;un carnet de <strong>tickets de boisson Happy Hour<\/strong> pour encore mieux profiter !<\/p>\n<p>\n<\/div><div class=\"kc-elm kc-css-661259\" style=\"height: 20px; clear: both; width:100%;\"><\/div><div class=\"kc-elm kc-css-899173 kc_row kc_row_inner\"><div class=\"kc-elm kc-css-643628 kc_col-sm-6 kc_column_inner kc_col-sm-6\"><div class=\"kc_wrapper kc-col-inner-container\">\n<div class=\"kc-elm kc-css-60477\">\n\t<a class=\"kc_button\" href=\"https:\/\/e20.europeangayskiweek.com\/fr\/special-dinner-nights-and-parties\/\" target=\"_self\" title=\"Soir\u00e9es Sp\u00e9ciales et Clubbing\" onclick=\"\">\n\t\tSpecial Dinner nights\t<\/a>\n<\/div>\n<\/div><\/div><div class=\"kc-elm kc-css-725052 kc_col-sm-6 kc_column_inner kc_col-sm-6\"><div class=\"kc_wrapper kc-col-inner-container\">\n<div class=\"kc-elm kc-css-197638\">\n\t<a class=\"kc_button\" href=\"https:\/\/e20.europeangayskiweek.com\/fr\/daytime-events-and-activities\/\" target=\"_self\" title=\"\u00c9v\u00e9nements et activit\u00e9s en journ\u00e9e\" onclick=\"\">\n\t\t\u00c9v\u00e9nements et activit\u00e9s en journ\u00e9e\t<\/a>\n<\/div>\n<\/div><\/div><\/div><div class=\"kc-elm kc-css-773046\" style=\"height: 60px; clear: both; width:100%;\"><\/div><\/div><\/div><div class=\"kc-elm kc-css-192559 kc_col-of-5 kc_column kc_col-of-5\"><div class=\"kc-col-container\"><div class=\"kc-elm kc-css-648544 kc_shortcode kc_single_image\">\n\n        <img src=\"https:\/\/cdn.europeangayskiweek.com\/wp\/uploads\/2019\/06\/outline-12.png\" class=\"\" alt=\"\" \/>    <\/div>\n<\/div><\/div><\/div><\/div><\/section>\n","protected":false},"excerpt":{"rendered":"<p> [&#8230;]<\/p>\n<p><a class=\"btn btn-secondary understrap-read-more-link\" href=\"https:\/\/2020.europeangayskiweek.com\/fr\/solo-travellers\/\">Lire la suite&#8230;<\/a><\/p>\n","protected":false},"author":10,"featured_media":0,"parent":0,"menu_order":0,"comment_status":"closed","ping_status":"closed","template":"page-templates\/fullwidthpage-upto1440.php","meta":[],"yoast_head":"<!-- This site is optimized with the Yoast SEO plugin v19.6 - https:\/\/yoast.com\/wordpress\/plugins\/seo\/ -->\n<title>Voyageurs Seuls - European Gay Ski Week - Les Arcs Paradiski - 21-28 March 2020<\/title>\n<meta name=\"robots\" content=\"index, follow, max-snippet:-1, max-image-preview:large, max-video-preview:-1\" \/>\n<link rel=\"canonical\" href=\"https:\/\/2020.europeangayskiweek.com\/fr\/solo-travellers\/\" \/>\n<meta property=\"og:locale\" content=\"fr_FR\" \/>\n<meta property=\"og:type\" content=\"article\" \/>\n<meta property=\"og:title\" content=\"Voyageurs Seuls - European Gay Ski Week - Les Arcs Paradiski - 21-28 March 2020\" \/>\n<meta property=\"og:description\" content=\"Vous voyagez Solo? Nous savons que partir en vacances seul peut parfois revenir cher. Nous avons ainsi pr\u00e9par\u00e9 un r\u00e9capitulatif\u00a0 de comment venir \u00e0 EUropean Gay Ski Week de la meni\u00e8re qui convient le mieux \u00e0 votre budget. Voici les trois options : Occupation seule. Vous r\u00e9servez votre propre chambre d&rsquo;h\u00f4tel ou appartement pour vous [...]Lire la suite...\" \/>\n<meta property=\"og:url\" content=\"https:\/\/2020.europeangayskiweek.com\/fr\/solo-travellers\/\" \/>\n<meta property=\"og:site_name\" content=\"European Gay Ski Week - Les Arcs Paradiski - 21-28 March 2020\" \/>\n<meta property=\"article:publisher\" content=\"https:\/\/www.facebook.com\/EuropeanGaySkiWeek\/\" \/>\n<meta property=\"article:modified_time\" content=\"2019-06-28T15:04:11+00:00\" \/>\n<meta property=\"og:image\" content=\"https:\/\/cdn.europeangayskiweek.com\/wp\/uploads\/2019\/12\/facebook_og.jpg\" \/>\n<meta name=\"twitter:card\" content=\"summary_large_image\" \/>\n<meta name=\"twitter:site\" content=\"@EuropeanGaySkiW\" \/>\n<meta name=\"twitter:label1\" content=\"Dur\u00e9e de lecture estim\u00e9e\" \/>\n\t<meta name=\"twitter:data1\" content=\"2 minutes\" \/>\n<script type=\"application\/ld+json\" class=\"yoast-schema-graph\">{\"@context\":\"https:\/\/schema.org\",\"@graph\":[{\"@type\":\"WebPage\",\"@id\":\"https:\/\/2020.europeangayskiweek.com\/fr\/solo-travellers\/\",\"url\":\"https:\/\/2020.europeangayskiweek.com\/fr\/solo-travellers\/\",\"name\":\"Voyageurs Seuls - European Gay Ski Week - Les Arcs Paradiski - 21-28 March 2020\",\"isPartOf\":{\"@id\":\"https:\/\/2020.europeangayskiweek.com\/#website\"},\"datePublished\":\"2019-06-26T16:48:30+00:00\",\"dateModified\":\"2019-06-28T15:04:11+00:00\",\"breadcrumb\":{\"@id\":\"https:\/\/2020.europeangayskiweek.com\/fr\/solo-travellers\/#breadcrumb\"},\"inLanguage\":\"fr-FR\",\"potentialAction\":[{\"@type\":\"ReadAction\",\"target\":[\"https:\/\/2020.europeangayskiweek.com\/fr\/solo-travellers\/\"]}]},{\"@type\":\"BreadcrumbList\",\"@id\":\"https:\/\/2020.europeangayskiweek.com\/fr\/solo-travellers\/#breadcrumb\",\"itemListElement\":[{\"@type\":\"ListItem\",\"position\":1,\"name\":\"Home\",\"item\":\"https:\/\/2020.europeangayskiweek.com\/fr\/\"},{\"@type\":\"ListItem\",\"position\":2,\"name\":\"Voyageurs Seuls\"}]},{\"@type\":\"WebSite\",\"@id\":\"https:\/\/2020.europeangayskiweek.com\/#website\",\"url\":\"https:\/\/2020.europeangayskiweek.com\/\",\"name\":\"European Gay Ski Week | The Biggest Gay Winter Sports and Music Festival | Les Arcs Paradiski | 21-28 March 2020\",\"description\":\"Europe&#039;s N\u00b01 Gay Winter Sports &amp; Music Festival | Les Arcs - Arc 1950 &amp; Arc 2000 - Paradiski | European Gay Ski Week with International DJs &amp; Artists | BOOK NOW!\",\"publisher\":{\"@id\":\"https:\/\/2020.europeangayskiweek.com\/#organization\"},\"potentialAction\":[{\"@type\":\"SearchAction\",\"target\":{\"@type\":\"EntryPoint\",\"urlTemplate\":\"https:\/\/2020.europeangayskiweek.com\/?s={search_term_string}\"},\"query-input\":\"required name=search_term_string\"}],\"inLanguage\":\"fr-FR\"},{\"@type\":\"Organization\",\"@id\":\"https:\/\/2020.europeangayskiweek.com\/#organization\",\"name\":\"European Gay Ski Week\",\"url\":\"https:\/\/2020.europeangayskiweek.com\/\",\"sameAs\":[\"https:\/\/www.instagram.com\/europeangayskiweek\/\",\"https:\/\/www.youtube.com\/user\/JonHuntEGSW\",\"https:\/\/www.facebook.com\/EuropeanGaySkiWeek\/\",\"https:\/\/twitter.com\/EuropeanGaySkiW\"],\"logo\":{\"@type\":\"ImageObject\",\"inLanguage\":\"fr-FR\",\"@id\":\"https:\/\/2020.europeangayskiweek.com\/#\/schema\/logo\/image\/\",\"url\":\"https:\/\/cdn.europeangayskiweek.com\/wp\/uploads\/2019\/06\/EGSW-Dateless-Black-02b.png\",\"contentUrl\":\"https:\/\/cdn.europeangayskiweek.com\/wp\/uploads\/2019\/06\/EGSW-Dateless-Black-02b.png\",\"width\":1346,\"height\":442,\"caption\":\"European Gay Ski Week\"},\"image\":{\"@id\":\"https:\/\/2020.europeangayskiweek.com\/#\/schema\/logo\/image\/\"}}]}<\/script>\n<!-- \/ Yoast SEO plugin. -->","yoast_head_json":{"title":"Voyageurs Seuls - European Gay Ski Week - Les Arcs Paradiski - 21-28 March 2020","robots":{"index":"index","follow":"follow","max-snippet":"max-snippet:-1","max-image-preview":"max-image-preview:large","max-video-preview":"max-video-preview:-1"},"canonical":"https:\/\/2020.europeangayskiweek.com\/fr\/solo-travellers\/","og_locale":"fr_FR","og_type":"article","og_title":"Voyageurs Seuls - European Gay Ski Week - Les Arcs Paradiski - 21-28 March 2020","og_description":"Vous voyagez Solo? Nous savons que partir en vacances seul peut parfois revenir cher. Nous avons ainsi pr\u00e9par\u00e9 un r\u00e9capitulatif\u00a0 de comment venir \u00e0 EUropean Gay Ski Week de la meni\u00e8re qui convient le mieux \u00e0 votre budget. Voici les trois options : Occupation seule. Vous r\u00e9servez votre propre chambre d&rsquo;h\u00f4tel ou appartement pour vous [...]Lire la suite...","og_url":"https:\/\/2020.europeangayskiweek.com\/fr\/solo-travellers\/","og_site_name":"European Gay Ski Week - Les Arcs Paradiski - 21-28 March 2020","article_publisher":"https:\/\/www.facebook.com\/EuropeanGaySkiWeek\/","article_modified_time":"2019-06-28T15:04:11+00:00","og_image":[{"url":"https:\/\/cdn.europeangayskiweek.com\/wp\/uploads\/2019\/12\/facebook_og.jpg"}],"twitter_card":"summary_large_image","twitter_site":"@EuropeanGaySkiW","twitter_misc":{"Dur\u00e9e de lecture estim\u00e9e":"2 minutes"},"schema":{"@context":"https:\/\/schema.org","@graph":[{"@type":"WebPage","@id":"https:\/\/2020.europeangayskiweek.com\/fr\/solo-travellers\/","url":"https:\/\/2020.europeangayskiweek.com\/fr\/solo-travellers\/","name":"Voyageurs Seuls - European Gay Ski Week - Les Arcs Paradiski - 21-28 March 2020","isPartOf":{"@id":"https:\/\/2020.europeangayskiweek.com\/#website"},"datePublished":"2019-06-26T16:48:30+00:00","dateModified":"2019-06-28T15:04:11+00:00","breadcrumb":{"@id":"https:\/\/2020.europeangayskiweek.com\/fr\/solo-travellers\/#breadcrumb"},"inLanguage":"fr-FR","potentialAction":[{"@type":"ReadAction","target":["https:\/\/2020.europeangayskiweek.com\/fr\/solo-travellers\/"]}]},{"@type":"BreadcrumbList","@id":"https:\/\/2020.europeangayskiweek.com\/fr\/solo-travellers\/#breadcrumb","itemListElement":[{"@type":"ListItem","position":1,"name":"Home","item":"https:\/\/2020.europeangayskiweek.com\/fr\/"},{"@type":"ListItem","position":2,"name":"Voyageurs Seuls"}]},{"@type":"WebSite","@id":"https:\/\/2020.europeangayskiweek.com\/#website","url":"https:\/\/2020.europeangayskiweek.com\/","name":"European Gay Ski Week | The Biggest Gay Winter Sports and Music Festival | Les Arcs Paradiski | 21-28 March 2020","description":"Europe&#039;s N\u00b01 Gay Winter Sports &amp; Music Festival | Les Arcs - Arc 1950 &amp; Arc 2000 - Paradiski | European Gay Ski Week with International DJs &amp; Artists | BOOK NOW!","publisher":{"@id":"https:\/\/2020.europeangayskiweek.com\/#organization"},"potentialAction":[{"@type":"SearchAction","target":{"@type":"EntryPoint","urlTemplate":"https:\/\/2020.europeangayskiweek.com\/?s={search_term_string}"},"query-input":"required name=search_term_string"}],"inLanguage":"fr-FR"},{"@type":"Organization","@id":"https:\/\/2020.europeangayskiweek.com\/#organization","name":"European Gay Ski Week","url":"https:\/\/2020.europeangayskiweek.com\/","sameAs":["https:\/\/www.instagram.com\/europeangayskiweek\/","https:\/\/www.youtube.com\/user\/JonHuntEGSW","https:\/\/www.facebook.com\/EuropeanGaySkiWeek\/","https:\/\/twitter.com\/EuropeanGaySkiW"],"logo":{"@type":"ImageObject","inLanguage":"fr-FR","@id":"https:\/\/2020.europeangayskiweek.com\/#\/schema\/logo\/image\/","url":"https:\/\/cdn.europeangayskiweek.com\/wp\/uploads\/2019\/06\/EGSW-Dateless-Black-02b.png","contentUrl":"https:\/\/cdn.europeangayskiweek.com\/wp\/uploads\/2019\/06\/EGSW-Dateless-Black-02b.png","width":1346,"height":442,"caption":"European Gay Ski Week"},"image":{"@id":"https:\/\/2020.europeangayskiweek.com\/#\/schema\/logo\/image\/"}}]}},"_links":{"self":[{"href":"https:\/\/2020.europeangayskiweek.com\/fr\/wp-json\/wp\/v2\/pages\/13566"}],"collection":[{"href":"https:\/\/2020.europeangayskiweek.com\/fr\/wp-json\/wp\/v2\/pages"}],"about":[{"href":"https:\/\/2020.europeangayskiweek.com\/fr\/wp-json\/wp\/v2\/types\/page"}],"author":[{"embeddable":true,"href":"https:\/\/2020.europeangayskiweek.com\/fr\/wp-json\/wp\/v2\/users\/10"}],"replies":[{"embeddable":true,"href":"https:\/\/2020.europeangayskiweek.com\/fr\/wp-json\/wp\/v2\/comments?post=13566"}],"version-history":[{"count":6,"href":"https:\/\/2020.europeangayskiweek.com\/fr\/wp-json\/wp\/v2\/pages\/13566\/revisions"}],"predecessor-version":[{"id":14130,"href":"https:\/\/2020.europeangayskiweek.com\/fr\/wp-json\/wp\/v2\/pages\/13566\/revisions\/14130"}],"wp:attachment":[{"href":"https:\/\/2020.europeangayskiweek.com\/fr\/wp-json\/wp\/v2\/media?parent=13566"}],"curies":[{"name":"wp","href":"https:\/\/api.w.org\/{rel}","templated":true}]}}